{"id":916,"date":"2025-05-07T09:47:34","date_gmt":"2025-05-07T07:47:34","guid":{"rendered":"https:\/\/www.biennale-photo-mulhouse.com\/2026en\/?page_id=916"},"modified":"2026-03-30T12:11:02","modified_gmt":"2026-03-30T10:11:02","slug":"press-area","status":"publish","type":"page","link":"https:\/\/www.biennale-photo-mulhouse.com\/2026en\/press-area\/","title":{"rendered":"Press area"},"content":{"rendered":"<p><span class=\"small\"><strong>EN \u2b62 <a href=\"https:\/\/www.biennale-photo-mulhouse.com\/2026\/espace-presse\/\">FR<\/a><\/strong><\/span><\/p>\n<h1>Press area\u00a0<\/h1>\n<p><span class=\"theme_color\"><strong>Press kit :\u00a0<\/strong><\/span><\/p>\n<p><a class=\"btn pdf\" href=\"https:\/\/www.biennale-photo-mulhouse.com\/2026en\/wp-content\/uploads\/sites\/9\/2026\/03\/DP-BPM-2026-EN.pdf\">Press kit 2026 BPM<\/a><\/p>\n<p><span class=\"theme_color\"><strong>Press releases :\u00a0<\/strong><\/span><\/p>\n<p><a class=\"btn pdf\" href=\"https:\/\/www.biennale-photo-mulhouse.com\/2026en\/wp-content\/uploads\/sites\/9\/2025\/05\/Communique-Altiplano-BPM-MAC-2705.pdf\">Press release, <em>Altiplano <\/em>exhibition (in French)<\/a><\/p>\n<p class=\"offsetted with_color_arrow\"><a class=\"btn pdf\" href=\"https:\/\/www.biennale-photo-mulhouse.com\/2026en\/wp-content\/uploads\/sites\/9\/2026\/03\/CP-BPM-2026-EN.pdf\">Press release 2026 BPM &#8211; February<\/a><\/p>\n<hr \/>\n<p><strong><span class=\"title_font\">Press contact :<\/span> <\/strong><\/p>\n<p class=\"cancel_mt\">Ma\u00efta St\u00e9b\u00e9\u00a0<\/p>\n<p class=\"cancel_mt\"><a href=\"mailto:biennale.photo.mulhouse.presse@gmail.com\">biennale.photo.mulhouse.presse@gmail.com<\/a><\/p>\n<p><span class=\"theme_color\"><strong>Visuals available on request<\/strong><\/span><\/p>\n","protected":false},"excerpt":{"rendered":"<p>EN \u2b62 FR Press area\u00a0 Press kit :\u00a0 Press kit 2026 BPM Press releases :\u00a0 Press release, Altiplano exhibition (in French) Press release 2026 BPM &#8211; February Press contact : Ma\u00efta St\u00e9b\u00e9\u00a0 biennale.photo.mulhouse.presse@gmail.com Visuals available on request<\/p>\n","protected":false},"author":3,"featured_media":0,"parent":0,"menu_order":0,"comment_status":"closed","ping_status":"closed","template":"","meta":{"footnotes":""},"categories":[1],"class_list":["post-916","page","type-page","status-publish","hentry","category-non-classe"],"acf":{"photo_gallery":{"gallery":[[{"id":1018,"title":"Conque, 2022, impression pigmentaire sur papier baryte\u0301, encadre\u0301, verre muse\u0301e, 112 x 150 cm, Ed. 3 + 2 EA","caption":"Manuela Marques, <i>Conque <\/i>, 2022","full_image_url":"https:\/\/www.biennale-photo-mulhouse.com\/2026en\/wp-content\/uploads\/sites\/9\/2025\/08\/Conque-2022-impression-pigmentaire-sur-papier-baryte-encadre-verre-musee-112-x-150-cm-Ed.-3-2-EA-.jpg","thumbnail_image_url":"https:\/\/www.biennale-photo-mulhouse.com\/2026en\/wp-content\/uploads\/sites\/9\/2025\/08\/Conque-2022-impression-pigmentaire-sur-papier-baryte-encadre-verre-musee-112-x-150-cm-Ed.-3-2-EA-.jpg","large_srcset":"https:\/\/www.biennale-photo-mulhouse.com\/2026en\/wp-content\/uploads\/sites\/9\/2025\/08\/Conque-2022-impression-pigmentaire-sur-papier-baryte-encadre-verre-musee-112-x-150-cm-Ed.-3-2-EA-.jpg 2126w, https:\/\/www.biennale-photo-mulhouse.com\/2026en\/wp-content\/uploads\/sites\/9\/2025\/08\/Conque-2022-impression-pigmentaire-sur-papier-baryte-encadre-verre-musee-112-x-150-cm-Ed.-3-2-EA--768x573.jpg 768w, https:\/\/www.biennale-photo-mulhouse.com\/2026en\/wp-content\/uploads\/sites\/9\/2025\/08\/Conque-2022-impression-pigmentaire-sur-papier-baryte-encadre-verre-musee-112-x-150-cm-Ed.-3-2-EA--1536x1147.jpg 1536w, https:\/\/www.biennale-photo-mulhouse.com\/2026en\/wp-content\/uploads\/sites\/9\/2025\/08\/Conque-2022-impression-pigmentaire-sur-papier-baryte-encadre-verre-musee-112-x-150-cm-Ed.-3-2-EA--2048x1529.jpg 2048w","medium_srcset":"https:\/\/www.biennale-photo-mulhouse.com\/2026en\/wp-content\/uploads\/sites\/9\/2025\/08\/Conque-2022-impression-pigmentaire-sur-papier-baryte-encadre-verre-musee-112-x-150-cm-Ed.-3-2-EA-.jpg 2126w, https:\/\/www.biennale-photo-mulhouse.com\/2026en\/wp-content\/uploads\/sites\/9\/2025\/08\/Conque-2022-impression-pigmentaire-sur-papier-baryte-encadre-verre-musee-112-x-150-cm-Ed.-3-2-EA--768x573.jpg 768w, https:\/\/www.biennale-photo-mulhouse.com\/2026en\/wp-content\/uploads\/sites\/9\/2025\/08\/Conque-2022-impression-pigmentaire-sur-papier-baryte-encadre-verre-musee-112-x-150-cm-Ed.-3-2-EA--1536x1147.jpg 1536w, https:\/\/www.biennale-photo-mulhouse.com\/2026en\/wp-content\/uploads\/sites\/9\/2025\/08\/Conque-2022-impression-pigmentaire-sur-papier-baryte-encadre-verre-musee-112-x-150-cm-Ed.-3-2-EA--2048x1529.jpg 2048w","media_details":{"width":2126,"height":1587,"sizes":{"medium_large":{"file":"Conque-2022-impression-pigmentaire-sur-papier-baryte-encadre-verre-musee-112-x-150-cm-Ed.-3-2-EA--768x573.jpg","width":768,"height":573,"mime-type":"image\/jpeg","filesize":61143,"source_url":"https:\/\/www.biennale-photo-mulhouse.com\/2026en\/wp-content\/uploads\/sites\/9\/2025\/08\/Conque-2022-impression-pigmentaire-sur-papier-baryte-encadre-verre-musee-112-x-150-cm-Ed.-3-2-EA--768x573.jpg"},"1536x1536":{"file":"Conque-2022-impression-pigmentaire-sur-papier-baryte-encadre-verre-musee-112-x-150-cm-Ed.-3-2-EA--1536x1147.jpg","width":1536,"height":1147,"mime-type":"image\/jpeg","filesize":166893,"source_url":"https:\/\/www.biennale-photo-mulhouse.com\/2026en\/wp-content\/uploads\/sites\/9\/2025\/08\/Conque-2022-impression-pigmentaire-sur-papier-baryte-encadre-verre-musee-112-x-150-cm-Ed.-3-2-EA--1536x1147.jpg"},"2048x2048":{"file":"Conque-2022-impression-pigmentaire-sur-papier-baryte-encadre-verre-musee-112-x-150-cm-Ed.-3-2-EA--2048x1529.jpg","width":2048,"height":1529,"mime-type":"image\/jpeg","filesize":274470,"source_url":"https:\/\/www.biennale-photo-mulhouse.com\/2026en\/wp-content\/uploads\/sites\/9\/2025\/08\/Conque-2022-impression-pigmentaire-sur-papier-baryte-encadre-verre-musee-112-x-150-cm-Ed.-3-2-EA--2048x1529.jpg"}}},"alt_text":"","url":"","target":""}]]}},"yoast_head":"<!-- This site is optimized with the Yoast SEO plugin v21.9.1 - https:\/\/yoast.com\/wordpress\/plugins\/seo\/ -->\n<title>Press area - 2026 Mulhouse Photography Biennial<\/title>\n<meta name=\"description\" content=\"Find press releases and press kits for BPM - Biennale de la Photographie de Mulhouse. Visuals are available on request.\" \/>\n<meta name=\"robots\" content=\"index, follow, max-snippet:-1, max-image-preview:large, max-video-preview:-1\" \/>\n<link rel=\"canonical\" href=\"https:\/\/www.biennale-photo-mulhouse.com\/2026en\/press-area\/\" \/>\n<meta property=\"og:locale\" content=\"fr_FR\" \/>\n<meta property=\"og:type\" content=\"article\" \/>\n<meta property=\"og:title\" content=\"Press area - 2026 Mulhouse Photography Biennial\" \/>\n<meta property=\"og:description\" content=\"Find press releases and press kits for BPM - Biennale de la Photographie de Mulhouse. Visuals are available on request.\" \/>\n<meta property=\"og:url\" content=\"https:\/\/www.biennale-photo-mulhouse.com\/2026en\/press-area\/\" \/>\n<meta property=\"og:site_name\" content=\"2026 Mulhouse Photography Biennial\" \/>\n<meta property=\"article:publisher\" content=\"https:\/\/www.facebook.com\/BiennaleDeLaPhotographieDeMulhouse\" \/>\n<meta property=\"article:modified_time\" content=\"2026-03-30T10:11:02+00:00\" \/>\n<meta name=\"twitter:card\" content=\"summary_large_image\" \/>\n<meta name=\"twitter:label1\" content=\"Dur\u00e9e de lecture estim\u00e9e\" \/>\n\t<meta name=\"twitter:data1\" content=\"1 minute\" \/>\n<script type=\"application\/ld+json\" class=\"yoast-schema-graph\">{\"@context\":\"https:\/\/schema.org\",\"@graph\":[{\"@type\":\"WebPage\",\"@id\":\"https:\/\/www.biennale-photo-mulhouse.com\/2026en\/press-area\/\",\"url\":\"https:\/\/www.biennale-photo-mulhouse.com\/2026en\/press-area\/\",\"name\":\"Press area - 2026 Mulhouse Photography Biennial\",\"isPartOf\":{\"@id\":\"https:\/\/www.biennale-photo-mulhouse.com\/2026en\/#website\"},\"datePublished\":\"2025-05-07T07:47:34+00:00\",\"dateModified\":\"2026-03-30T10:11:02+00:00\",\"description\":\"Find press releases and press kits for BPM - Biennale de la Photographie de Mulhouse. Visuals are available on request.\",\"breadcrumb\":{\"@id\":\"https:\/\/www.biennale-photo-mulhouse.com\/2026en\/press-area\/#breadcrumb\"},\"inLanguage\":\"fr-FR\",\"potentialAction\":[{\"@type\":\"ReadAction\",\"target\":[\"https:\/\/www.biennale-photo-mulhouse.com\/2026en\/press-area\/\"]}]},{\"@type\":\"BreadcrumbList\",\"@id\":\"https:\/\/www.biennale-photo-mulhouse.com\/2026en\/press-area\/#breadcrumb\",\"itemListElement\":[{\"@type\":\"ListItem\",\"position\":1,\"name\":\"Accueil\",\"item\":\"https:\/\/www.biennale-photo-mulhouse.com\/2026en\/\"},{\"@type\":\"ListItem\",\"position\":2,\"name\":\"Press area\"}]},{\"@type\":\"WebSite\",\"@id\":\"https:\/\/www.biennale-photo-mulhouse.com\/2026en\/#website\",\"url\":\"https:\/\/www.biennale-photo-mulhouse.com\/2026en\/\",\"name\":\"Biennale de la Photographie de Mulhouse\",\"description\":\"\",\"potentialAction\":[{\"@type\":\"SearchAction\",\"target\":{\"@type\":\"EntryPoint\",\"urlTemplate\":\"https:\/\/www.biennale-photo-mulhouse.com\/2026en\/?s={search_term_string}\"},\"query-input\":\"required name=search_term_string\"}],\"inLanguage\":\"fr-FR\"}]}<\/script>\n<!-- \/ Yoast SEO plugin. -->","yoast_head_json":{"title":"Press area - 2026 Mulhouse Photography Biennial","description":"Find press releases and press kits for BPM - Biennale de la Photographie de Mulhouse. Visuals are available on request.","robots":{"index":"index","follow":"follow","max-snippet":"max-snippet:-1","max-image-preview":"max-image-preview:large","max-video-preview":"max-video-preview:-1"},"canonical":"https:\/\/www.biennale-photo-mulhouse.com\/2026en\/press-area\/","og_locale":"fr_FR","og_type":"article","og_title":"Press area - 2026 Mulhouse Photography Biennial","og_description":"Find press releases and press kits for BPM - Biennale de la Photographie de Mulhouse. Visuals are available on request.","og_url":"https:\/\/www.biennale-photo-mulhouse.com\/2026en\/press-area\/","og_site_name":"2026 Mulhouse Photography Biennial","article_publisher":"https:\/\/www.facebook.com\/BiennaleDeLaPhotographieDeMulhouse","article_modified_time":"2026-03-30T10:11:02+00:00","twitter_card":"summary_large_image","twitter_misc":{"Dur\u00e9e de lecture estim\u00e9e":"1 minute"},"schema":{"@context":"https:\/\/schema.org","@graph":[{"@type":"WebPage","@id":"https:\/\/www.biennale-photo-mulhouse.com\/2026en\/press-area\/","url":"https:\/\/www.biennale-photo-mulhouse.com\/2026en\/press-area\/","name":"Press area - 2026 Mulhouse Photography Biennial","isPartOf":{"@id":"https:\/\/www.biennale-photo-mulhouse.com\/2026en\/#website"},"datePublished":"2025-05-07T07:47:34+00:00","dateModified":"2026-03-30T10:11:02+00:00","description":"Find press releases and press kits for BPM - Biennale de la Photographie de Mulhouse. Visuals are available on request.","breadcrumb":{"@id":"https:\/\/www.biennale-photo-mulhouse.com\/2026en\/press-area\/#breadcrumb"},"inLanguage":"fr-FR","potentialAction":[{"@type":"ReadAction","target":["https:\/\/www.biennale-photo-mulhouse.com\/2026en\/press-area\/"]}]},{"@type":"BreadcrumbList","@id":"https:\/\/www.biennale-photo-mulhouse.com\/2026en\/press-area\/#breadcrumb","itemListElement":[{"@type":"ListItem","position":1,"name":"Accueil","item":"https:\/\/www.biennale-photo-mulhouse.com\/2026en\/"},{"@type":"ListItem","position":2,"name":"Press area"}]},{"@type":"WebSite","@id":"https:\/\/www.biennale-photo-mulhouse.com\/2026en\/#website","url":"https:\/\/www.biennale-photo-mulhouse.com\/2026en\/","name":"Biennale de la Photographie de Mulhouse","description":"","potentialAction":[{"@type":"SearchAction","target":{"@type":"EntryPoint","urlTemplate":"https:\/\/www.biennale-photo-mulhouse.com\/2026en\/?s={search_term_string}"},"query-input":"required name=search_term_string"}],"inLanguage":"fr-FR"}]}},"_links":{"self":[{"href":"https:\/\/www.biennale-photo-mulhouse.com\/2026en\/wp-json\/wp\/v2\/pages\/916","targetHints":{"allow":["GET"]}}],"collection":[{"href":"https:\/\/www.biennale-photo-mulhouse.com\/2026en\/wp-json\/wp\/v2\/pages"}],"about":[{"href":"https:\/\/www.biennale-photo-mulhouse.com\/2026en\/wp-json\/wp\/v2\/types\/page"}],"author":[{"embeddable":true,"href":"https:\/\/www.biennale-photo-mulhouse.com\/2026en\/wp-json\/wp\/v2\/users\/3"}],"replies":[{"embeddable":true,"href":"https:\/\/www.biennale-photo-mulhouse.com\/2026en\/wp-json\/wp\/v2\/comments?post=916"}],"version-history":[{"count":14,"href":"https:\/\/www.biennale-photo-mulhouse.com\/2026en\/wp-json\/wp\/v2\/pages\/916\/revisions"}],"predecessor-version":[{"id":1251,"href":"https:\/\/www.biennale-photo-mulhouse.com\/2026en\/wp-json\/wp\/v2\/pages\/916\/revisions\/1251"}],"wp:attachment":[{"href":"https:\/\/www.biennale-photo-mulhouse.com\/2026en\/wp-json\/wp\/v2\/media?parent=916"}],"wp:term":[{"taxonomy":"category","embeddable":true,"href":"https:\/\/www.biennale-photo-mulhouse.com\/2026en\/wp-json\/wp\/v2\/categories?post=916"}],"curies":[{"name":"wp","href":"https:\/\/api.w.org\/{rel}","templated":true}]}}