{"id":898,"date":"2025-04-08T17:57:22","date_gmt":"2025-04-08T15:57:22","guid":{"rendered":"https:\/\/www.biennale-photo-mulhouse.com\/2026en\/?page_id=898"},"modified":"2026-05-06T10:19:48","modified_gmt":"2026-05-06T08:19:48","slug":"2026-theme","status":"publish","type":"page","link":"https:\/\/www.biennale-photo-mulhouse.com\/2026en\/2026-theme\/","title":{"rendered":"2026 Theme"},"content":{"rendered":"<p><strong><span class=\"small\">EN\u2b62 <a href=\"https:\/\/www.biennale-photo-mulhouse.com\/2026\/thematique-2026\/\">FR<\/a>\u00a0<\/span><\/strong><\/p>\n<h1>Biennale de la photographie de mulhouse 2026\u00a0<br \/>\n<span class=\"theme_color\"><em>SEDIMENTATION(S)<\/em> <\/span><\/h1>\n<p class=\"cancel_mt\"><span class=\"title_font\">June 5 &#8211; July 5, 2026\u00a0<br \/>\n<\/span><span class=\"theme_color\">Opening days on June 5-6-7<\/span><\/p>\n<p>In 2026, the 7th edition of the BPM &#8211; Biennale de la Photographie de Mulhouse invites to explore geological and mental geographies, drawing on the notions of sedimentation, matter-flux, and the plasticity of collective and individual memories.<\/p>\n<p>This theme is linked to the location of the city of Mulhouse in Alsace, where the festival is taking place. 33 million years ago, the Alsace plain was a seabed. The sea deposited thick layers of limestone and marl what now is Mulhouse. This perpetual action of combined flux and sediment, this animate geological organism, propagates a living collective, cultural history of a region and its inhabitants in its topographical expression, as a backdrop to innumerable lives. Its inhabitants excavate it for shelter, mineral resources, and to explore their own histories and narratives over the millennia.<\/p>\n<p>In the same way as these sedimentation phenomena, the BPM&rsquo;s 2026 edition brings together photographers who explore the past, interested in excavations both geological and memorial. Mining, excavating, and digging serve as methodologies of investigation, enabling the exploration of both Earth and mind. The exhibitions intertwine individual and collective stories, both human and non-human.<\/p>\n<hr \/>\n<p><strong><span class=\"theme_color\">Through 12 exhibitions, the 2026 BPM presents the works of :<\/span><\/strong><\/p>\n<p class=\"offsetted with_color_arrow\">Ga\u00eblle Delort, Marilia Destot, R\u0131fat G\u00f6belez, Bernard Guillot, Pauline Hisbacq, Sangyon Joo, Eugenie Shinkle, Roselyne Titaud, Jenia Fridlyand, Sue-Elie Andrade D\u00e9, Elsa Beaumont, Marjolein Blom, Sarah Braeck, Ella Bryant, Yuki Furusawa, Chiara Goia, Jess Gough, Susann Carmen Jagodzinska, Zach Knott, Ruth Lauer Manenti, Artur Le\u00e3o, Jessica Lennan, Sergio Lovati, Anne Moca\u00ebr, Yvette Monahan, Fernande Petitdemange, Julie Rochereau, Angela Tozzi, Ali Uchida, Alyssa Warren, Theo Zeal, Mahmoud Alhaj, Adji Dieye, Jennifer Douzenel, Eric Gyamfi, Kapwani Kiwanga, George Mahashe, Otobong Nkanga, Leonard Pongo, Tiago Casanova, Rebecca Bowring, Eleonora Calvelli, Fran\u00e7ois Jonquet, Katya Lesiv, Natalie Malisse, Ulf Lundin, Margot Wallard, Jean-Claude Figenwald, Pablo Castilla, Manuela Marques, Sandra Eades, Gisoo Kim, Lilly Lulay, Dalmonia Rognean, Wenke Seemann<\/p>\n<p class=\"offsetted with_color_arrow\">and that of students of the Grand Est Region&rsquo;s Art Schools who are taking photography classes with Constance Nouvel, Estefania Penafiel-Loaiza, Delphine Gatinois, Andrea Keen, Laurent Montaron, Anne Immel\u00e9, Isabelle Le Minh<\/p>\n<hr \/>\n<h2>PRESENTATION BYTHE ARTISTIC DIRECTOR,<br \/>\n<span class=\"theme_color\">ANNE IMMEL\u00c9<\/span><\/h2>\n<p>\u201cThe 12 exhibitions in this edition offer different approaches to the phenomena of sedimentation. Since its invention, photography has been doubly linked to these processes: not only because it sources its own chemistry from minerals, but also because photography, memory, and archives operate according to a logic of stratification.<\/p>\n<p>Sedimentation is not static; it is a dynamic phenomenon in a state of constant transformation. The exhibitions in this edition were conceived in the same way, designed as an active, effervescent medium. Sedimentation is an active phase; stratification is its result. In the same way, photography facilitates this transition. Hiroshi Sugimoto noted that \u2018taking a photograph is fossilizing the present.\u2019<\/p>\n<p class=\"offsetted with_color_diamond\"><strong><span class=\"theme_color\">Stories of rocks, multiple timeframes<\/span><\/strong><\/p>\n<p>Rocks, caves, cliffs, and various geological formations have inspired photographers since the invention of photography. They also allow contemporary photographers to explore different materialities and installations.<\/p>\n<p>The exhibition <span class=\"theme_color\"><em>Sedimentation(s) \u2013 A Constellation<\/em><\/span> (Museum of Fine Arts) takes as its starting point a fascination with the mineral world. It will be an evolving exhibition: photographs from the Nic\u00e9phore Ni\u00e9pce Museum will gradually be incorporated into the display throughout the exhibition. <strong>Eugenie Shinkle<\/strong> and <strong>Marilia Destot<\/strong> develop images that measure up to geological time to create fragmented works, whose<br \/>\ncreation process proceeds through layers of memory and vision. Through a documentary approach to natural cavities, <strong>Ga\u00eblle Delort<\/strong> explores the depths of the world.<\/p>\n<p>In this vein, <strong>Pablo Castilla<\/strong> (Parks on the Banks of the Ill) explores the connections between human and geological timeframes. By creating images imbued with telluric forces, <strong>Manuela Marques<\/strong> (French Cultural Center Freiburg) forges a unique relationship with the places she photographs, bringing to light various layers of perception and creating a dialogue between historical, geographical, and scientific data.<br \/>\nFrom the cliffs of the English coast to marble quarries, through a variety of approaches, the<span class=\"theme_color\"><em> PEP<\/em><\/span> exhibition (Grand\u2019Rue Library) presents a strong geological dimension in the photographs of <strong>Jessica Lennan, Zach Knott, Fernande Petitdemange, Artur Le\u00e3o, Jess Gough, Chiara Goia, Sergio Lovati,<\/strong> and<strong> Angela Tozzi<\/strong>. Meanwhile, <strong>Yvette Monahan <\/strong>and <strong>Sarah Braeck<\/strong> explore submerged geologies beneath the catalyst of sedimentation that is the ocean.<\/p>\n<p class=\"offsetted with_color_diamond\"><span class=\"theme_color\"><strong>Buried memories &amp; materialities<\/strong><\/span><\/p>\n<p>Several exhibitions explore individual and collective memories\u2014buried and sometimes forgotten. The photographic series by <strong>Rebecca Bowring, Eleonora Calvelli, Fran\u00e7ois Jonquet, Katya Lesiv, Ulf Lundin, Natalie Malisse <\/strong>and<strong> Margot Wallard<\/strong>, brought together in the exhibition <em><span class=\"theme_color\">Bruissements<\/span> (Whispers)<\/em> (Europe Tower), are rooted in the domestic space, surfacing relationships and memories from the family often transparent to the naked eye. These themes are also explored in the <span class=\"theme_color\"><em>PEP<\/em><\/span> exhibition (Grand\u2019Rue Library). Among the 22 photographers featured, the photographs by <strong>Sue-\u00c9lie Andrade-De, Yuki Furusawa, Susann Carmen Jagodzi\u0144ska<\/strong> and <strong>Ruth Lauer Manenti<\/strong> explore intergenerational family ties, often encompassing deep-seated joy &amp; turmoil that carries through the human body. Personal memories\u2014whether of family, friends, or specific places\u2014are sometimes preserved from oblivion through photography, as is the case in the very different photographic approaches of <strong>Alyssa Warren, Theo Zeal, Ella Bryant, Elsa Beaumont, Anne Moca\u00ebr, Ali Uchida, Julie Rochereau, <\/strong>and<strong> Marjolein Blom<\/strong>.<\/p>\n<p>Bringing together <strong>Adji Dieye, Jennifer Douzenel, Eric Gyamfi, Kapwani Kiwanga, George <\/strong><strong>Mahashe, Otobong Nkanga, <\/strong>and <strong>L\u00e9onard Pongo<\/strong>, the exhibition <span class=\"theme_color\"><em>Settled<\/em><\/span> (La Filature) revisits the archival framework in light of history but also its gaps, exploring the modes of visibility and invisibility that permeate our era. <strong>Adji Dieye\u2019<\/strong>s installation blends personal archives from contemporary Senegal with national archives from the colonial era. <strong>Otobong Nkanga<\/strong>\u2019s installation <em>Taste of Stone<\/em> functions as a series of stories of bodies and sensations centered around a stone. The emphasis on the materiality of images and slow modes of production is also evident in the exhibition <span class=\"theme_color\"><em>Sediments of Memory<\/em> <\/span>(Morat-Hallen), which brings together works by <strong>Sandra Eades, Gisoo Kim, Lilly Lulay, Dalmonia Rognean, <\/strong>and <strong>Wenke Seemann.<\/strong> Like <strong>Lilly Lulay,<\/strong> these artists transform photographs using needles and thread, scissors, and glue, and combine them with other images.<\/p>\n<p>By creating a constellation of images, <strong>Sangyon Joo<\/strong> (Museum of Fine Arts) invites viewers to navigate their personal memory, moving through fragmented perceptions and natural landscapes. Through a keen observation of domestic and public spaces, <strong>Roselyne Titaud<\/strong> (Museum of Fine Arts and Europe Tower) reveals everyday objects\u2014sometimes passed down from generation to generation\u2014as well as the intertwining of forms, stories, and reconfigurations.<\/p>\n<p class=\"offsetted with_color_diamond\"><span class=\"theme_color\"><strong>Civilizations, mediterranean histories, and beyond\u2026<\/strong><\/span><\/p>\n<p>Several exhibitions explore issues related to territory and civilization. Drawing on the myth of Medusa, <strong>Tiago Casanova<\/strong> (Saint-Jean Chapel) weaves together stories of the contemporary Mediterranean, while <strong>Bernard Guillot, Pauline Hisbacq,<\/strong> and <strong>R\u0131fat G\u00f6belez<\/strong> (Museum of Fine Arts) ground their photographic narratives in a dialogue with Mediterranean antiquity. By photographing rock fragments from the European and African continents, then folding the images to bring them together, <strong>Kapwani Kiwanga<\/strong> (La Filature) offers a reflection on deep time, migration, and territorial transformations.<\/p>\n<p>For her first exhibition in France, <strong>Jenia Fridlyand<\/strong> (Museum of Fine Arts) has immersed herself in the inherently unpredictable environment of the island of Cuba. Her exhibition <span class=\"theme_color\"><em>Limits of Control<\/em><\/span> explores an aesthetic of sedimentation, rooted in the very fabric of a chaotic reality steeped in history.<\/p>\n<p>A retrospective traces 50 years of <strong>Jean-Claude Figenwald\u2019<\/strong>s career as a photojournalist (Le S\u00e9choir). The exhibition interweaves different scales: that of the street where the photographer lives in Paris and that of the various countries and continents he has traversed, with his sequences punctuated by the major political events of recent decades.<\/p>\n<p>Finally, the public spaces of Mulhouse showcase diverse visions of students from the art schools from the Grand Est region and Studio Images \u2013 Phnom Penh. Among these emerging practices, the exploration of photography\u2019s origins has been highlighted through the use of film photography and reimagined traditional techniques.<\/p>\n<p>The opening days on June 5, 6, and 7 will offer the opportunity to discover these 12 exhibitions in the presence of the photographers and curators, and to share approaches to contemporary photography.<\/p>\n<p>Another medium for photography\u2014The photobook &#8211; a powerful vehicle for the weaving of memories &#8211; is also in the spotlight during this opening weekend, through discussions and a photo book fair at the Museum of Fine Arts.<\/p>\n<p>A big thank you to the artists, guest curators and publishers, and our partner venues and teams.<\/p>\n<p>I wish you all a wonderful 2026 edition.\u201d<\/p>\n<p class=\"img_caption\">Anne Immel\u00e9, artistic director<\/p>\n","protected":false},"excerpt":{"rendered":"<p>EN\u2b62 FR\u00a0 Biennale de la photographie de mulhouse 2026\u00a0 SEDIMENTATION(S) June 5 &#8211; July 5, 2026\u00a0 Opening days on June 5-6-7 In 2026, the 7th edition of the BPM &#8211; Biennale de la Photographie de Mulhouse invites to explore geological and mental geographies, drawing on the notions of sedimentation, matter-flux, and the plasticity of collective [&hellip;]<\/p>\n","protected":false},"author":3,"featured_media":0,"parent":0,"menu_order":0,"comment_status":"closed","ping_status":"closed","template":"","meta":{"footnotes":""},"categories":[1],"class_list":["post-898","page","type-page","status-publish","hentry","category-non-classe"],"acf":{"photo_gallery":{"gallery":[[{"id":1089,"title":"03_2025_MariliaDestot_MEMORYSCAPES_Sedimentations_ed1-5_web","caption":"Marilia Destot, <i>S\u00e9dimentations<\/i> de la s\u00e9rie <i>Memoryscapes<\/i>, 2025 \u00a9 Courtesy galerie Sit Down.","full_image_url":"https:\/\/www.biennale-photo-mulhouse.com\/2026en\/wp-content\/uploads\/sites\/9\/2026\/02\/03_2025_MariliaDestot_MEMORYSCAPES_Sedimentations_ed1-5_web.jpg","thumbnail_image_url":"https:\/\/www.biennale-photo-mulhouse.com\/2026en\/wp-content\/uploads\/sites\/9\/2026\/02\/03_2025_MariliaDestot_MEMORYSCAPES_Sedimentations_ed1-5_web.jpg","large_srcset":"https:\/\/www.biennale-photo-mulhouse.com\/2026en\/wp-content\/uploads\/sites\/9\/2026\/02\/03_2025_MariliaDestot_MEMORYSCAPES_Sedimentations_ed1-5_web.jpg 1665w, https:\/\/www.biennale-photo-mulhouse.com\/2026en\/wp-content\/uploads\/sites\/9\/2026\/02\/03_2025_MariliaDestot_MEMORYSCAPES_Sedimentations_ed1-5_web-768x523.jpg 768w, https:\/\/www.biennale-photo-mulhouse.com\/2026en\/wp-content\/uploads\/sites\/9\/2026\/02\/03_2025_MariliaDestot_MEMORYSCAPES_Sedimentations_ed1-5_web-1536x1046.jpg 1536w","medium_srcset":"https:\/\/www.biennale-photo-mulhouse.com\/2026en\/wp-content\/uploads\/sites\/9\/2026\/02\/03_2025_MariliaDestot_MEMORYSCAPES_Sedimentations_ed1-5_web.jpg 1665w, https:\/\/www.biennale-photo-mulhouse.com\/2026en\/wp-content\/uploads\/sites\/9\/2026\/02\/03_2025_MariliaDestot_MEMORYSCAPES_Sedimentations_ed1-5_web-768x523.jpg 768w, https:\/\/www.biennale-photo-mulhouse.com\/2026en\/wp-content\/uploads\/sites\/9\/2026\/02\/03_2025_MariliaDestot_MEMORYSCAPES_Sedimentations_ed1-5_web-1536x1046.jpg 1536w","media_details":{"width":1665,"height":1134,"sizes":{"medium_large":{"file":"03_2025_MariliaDestot_MEMORYSCAPES_Sedimentations_ed1-5_web-768x523.jpg","width":768,"height":523,"mime-type":"image\/jpeg","filesize":96589,"source_url":"https:\/\/www.biennale-photo-mulhouse.com\/2026en\/wp-content\/uploads\/sites\/9\/2026\/02\/03_2025_MariliaDestot_MEMORYSCAPES_Sedimentations_ed1-5_web-768x523.jpg"},"1536x1536":{"file":"03_2025_MariliaDestot_MEMORYSCAPES_Sedimentations_ed1-5_web-1536x1046.jpg","width":1536,"height":1046,"mime-type":"image\/jpeg","filesize":324554,"source_url":"https:\/\/www.biennale-photo-mulhouse.com\/2026en\/wp-content\/uploads\/sites\/9\/2026\/02\/03_2025_MariliaDestot_MEMORYSCAPES_Sedimentations_ed1-5_web-1536x1046.jpg"}}},"alt_text":"","url":"","target":""}]]}},"yoast_head":"<!-- This site is optimized with the Yoast SEO plugin v21.9.1 - https:\/\/yoast.com\/wordpress\/plugins\/seo\/ -->\n<title>2026 Theme - 2026 Mulhouse Photography Biennial<\/title>\n<meta name=\"description\" content=\"In June 2026, the 7th edition of the BPM - Biennale de la Photographie de Mulhouse invites to explore geological and mental geographies\" \/>\n<meta name=\"robots\" content=\"index, follow, max-snippet:-1, max-image-preview:large, max-video-preview:-1\" \/>\n<link rel=\"canonical\" href=\"https:\/\/www.biennale-photo-mulhouse.com\/2026en\/2026-theme\/\" \/>\n<meta property=\"og:locale\" content=\"fr_FR\" \/>\n<meta property=\"og:type\" content=\"article\" \/>\n<meta property=\"og:title\" content=\"2026 Theme - 2026 Mulhouse Photography Biennial\" \/>\n<meta property=\"og:description\" content=\"In June 2026, the 7th edition of the BPM - Biennale de la Photographie de Mulhouse invites to explore geological and mental geographies\" \/>\n<meta property=\"og:url\" content=\"https:\/\/www.biennale-photo-mulhouse.com\/2026en\/2026-theme\/\" \/>\n<meta property=\"og:site_name\" content=\"2026 Mulhouse Photography Biennial\" \/>\n<meta property=\"article:publisher\" content=\"https:\/\/www.facebook.com\/BiennaleDeLaPhotographieDeMulhouse\" \/>\n<meta property=\"article:modified_time\" content=\"2026-05-06T08:19:48+00:00\" \/>\n<meta name=\"twitter:card\" content=\"summary_large_image\" \/>\n<meta name=\"twitter:label1\" content=\"Dur\u00e9e de lecture estim\u00e9e\" \/>\n\t<meta name=\"twitter:data1\" content=\"8 minutes\" \/>\n<script type=\"application\/ld+json\" class=\"yoast-schema-graph\">{\"@context\":\"https:\/\/schema.org\",\"@graph\":[{\"@type\":\"WebPage\",\"@id\":\"https:\/\/www.biennale-photo-mulhouse.com\/2026en\/2026-theme\/\",\"url\":\"https:\/\/www.biennale-photo-mulhouse.com\/2026en\/2026-theme\/\",\"name\":\"2026 Theme - 2026 Mulhouse Photography Biennial\",\"isPartOf\":{\"@id\":\"https:\/\/www.biennale-photo-mulhouse.com\/2026en\/#website\"},\"datePublished\":\"2025-04-08T15:57:22+00:00\",\"dateModified\":\"2026-05-06T08:19:48+00:00\",\"description\":\"In June 2026, the 7th edition of the BPM - Biennale de la Photographie de Mulhouse invites to explore geological and mental geographies\",\"breadcrumb\":{\"@id\":\"https:\/\/www.biennale-photo-mulhouse.com\/2026en\/2026-theme\/#breadcrumb\"},\"inLanguage\":\"fr-FR\",\"potentialAction\":[{\"@type\":\"ReadAction\",\"target\":[\"https:\/\/www.biennale-photo-mulhouse.com\/2026en\/2026-theme\/\"]}]},{\"@type\":\"BreadcrumbList\",\"@id\":\"https:\/\/www.biennale-photo-mulhouse.com\/2026en\/2026-theme\/#breadcrumb\",\"itemListElement\":[{\"@type\":\"ListItem\",\"position\":1,\"name\":\"Accueil\",\"item\":\"https:\/\/www.biennale-photo-mulhouse.com\/2026en\/\"},{\"@type\":\"ListItem\",\"position\":2,\"name\":\"2026 Theme\"}]},{\"@type\":\"WebSite\",\"@id\":\"https:\/\/www.biennale-photo-mulhouse.com\/2026en\/#website\",\"url\":\"https:\/\/www.biennale-photo-mulhouse.com\/2026en\/\",\"name\":\"Biennale de la Photographie de Mulhouse\",\"description\":\"\",\"potentialAction\":[{\"@type\":\"SearchAction\",\"target\":{\"@type\":\"EntryPoint\",\"urlTemplate\":\"https:\/\/www.biennale-photo-mulhouse.com\/2026en\/?s={search_term_string}\"},\"query-input\":\"required name=search_term_string\"}],\"inLanguage\":\"fr-FR\"}]}<\/script>\n<!-- \/ Yoast SEO plugin. -->","yoast_head_json":{"title":"2026 Theme - 2026 Mulhouse Photography Biennial","description":"In June 2026, the 7th edition of the BPM - Biennale de la Photographie de Mulhouse invites to explore geological and mental geographies","robots":{"index":"index","follow":"follow","max-snippet":"max-snippet:-1","max-image-preview":"max-image-preview:large","max-video-preview":"max-video-preview:-1"},"canonical":"https:\/\/www.biennale-photo-mulhouse.com\/2026en\/2026-theme\/","og_locale":"fr_FR","og_type":"article","og_title":"2026 Theme - 2026 Mulhouse Photography Biennial","og_description":"In June 2026, the 7th edition of the BPM - Biennale de la Photographie de Mulhouse invites to explore geological and mental geographies","og_url":"https:\/\/www.biennale-photo-mulhouse.com\/2026en\/2026-theme\/","og_site_name":"2026 Mulhouse Photography Biennial","article_publisher":"https:\/\/www.facebook.com\/BiennaleDeLaPhotographieDeMulhouse","article_modified_time":"2026-05-06T08:19:48+00:00","twitter_card":"summary_large_image","twitter_misc":{"Dur\u00e9e de lecture estim\u00e9e":"8 minutes"},"schema":{"@context":"https:\/\/schema.org","@graph":[{"@type":"WebPage","@id":"https:\/\/www.biennale-photo-mulhouse.com\/2026en\/2026-theme\/","url":"https:\/\/www.biennale-photo-mulhouse.com\/2026en\/2026-theme\/","name":"2026 Theme - 2026 Mulhouse Photography Biennial","isPartOf":{"@id":"https:\/\/www.biennale-photo-mulhouse.com\/2026en\/#website"},"datePublished":"2025-04-08T15:57:22+00:00","dateModified":"2026-05-06T08:19:48+00:00","description":"In June 2026, the 7th edition of the BPM - Biennale de la Photographie de Mulhouse invites to explore geological and mental geographies","breadcrumb":{"@id":"https:\/\/www.biennale-photo-mulhouse.com\/2026en\/2026-theme\/#breadcrumb"},"inLanguage":"fr-FR","potentialAction":[{"@type":"ReadAction","target":["https:\/\/www.biennale-photo-mulhouse.com\/2026en\/2026-theme\/"]}]},{"@type":"BreadcrumbList","@id":"https:\/\/www.biennale-photo-mulhouse.com\/2026en\/2026-theme\/#breadcrumb","itemListElement":[{"@type":"ListItem","position":1,"name":"Accueil","item":"https:\/\/www.biennale-photo-mulhouse.com\/2026en\/"},{"@type":"ListItem","position":2,"name":"2026 Theme"}]},{"@type":"WebSite","@id":"https:\/\/www.biennale-photo-mulhouse.com\/2026en\/#website","url":"https:\/\/www.biennale-photo-mulhouse.com\/2026en\/","name":"Biennale de la Photographie de Mulhouse","description":"","potentialAction":[{"@type":"SearchAction","target":{"@type":"EntryPoint","urlTemplate":"https:\/\/www.biennale-photo-mulhouse.com\/2026en\/?s={search_term_string}"},"query-input":"required name=search_term_string"}],"inLanguage":"fr-FR"}]}},"_links":{"self":[{"href":"https:\/\/www.biennale-photo-mulhouse.com\/2026en\/wp-json\/wp\/v2\/pages\/898","targetHints":{"allow":["GET"]}}],"collection":[{"href":"https:\/\/www.biennale-photo-mulhouse.com\/2026en\/wp-json\/wp\/v2\/pages"}],"about":[{"href":"https:\/\/www.biennale-photo-mulhouse.com\/2026en\/wp-json\/wp\/v2\/types\/page"}],"author":[{"embeddable":true,"href":"https:\/\/www.biennale-photo-mulhouse.com\/2026en\/wp-json\/wp\/v2\/users\/3"}],"replies":[{"embeddable":true,"href":"https:\/\/www.biennale-photo-mulhouse.com\/2026en\/wp-json\/wp\/v2\/comments?post=898"}],"version-history":[{"count":15,"href":"https:\/\/www.biennale-photo-mulhouse.com\/2026en\/wp-json\/wp\/v2\/pages\/898\/revisions"}],"predecessor-version":[{"id":1317,"href":"https:\/\/www.biennale-photo-mulhouse.com\/2026en\/wp-json\/wp\/v2\/pages\/898\/revisions\/1317"}],"wp:attachment":[{"href":"https:\/\/www.biennale-photo-mulhouse.com\/2026en\/wp-json\/wp\/v2\/media?parent=898"}],"wp:term":[{"taxonomy":"category","embeddable":true,"href":"https:\/\/www.biennale-photo-mulhouse.com\/2026en\/wp-json\/wp\/v2\/categories?post=898"}],"curies":[{"name":"wp","href":"https:\/\/api.w.org\/{rel}","templated":true}]}}