{"id":515,"date":"2024-06-26T13:50:34","date_gmt":"2024-06-26T11:50:34","guid":{"rendered":"https:\/\/www.biennale-photo-mulhouse.com\/2026en\/?page_id=515"},"modified":"2025-07-09T15:11:07","modified_gmt":"2025-07-09T13:11:07","slug":"bpm-biennale-de-la-photographie-de-mulhouse","status":"publish","type":"page","link":"https:\/\/www.biennale-photo-mulhouse.com\/2026en\/bpm-biennale-de-la-photographie-de-mulhouse\/","title":{"rendered":"BPM &#8211; Biennale de la Photographie de Mulhouse"},"content":{"rendered":"<p><strong><span class=\"small\">ENG \u2b62 <a href=\"https:\/\/www.biennale-photo-mulhouse.com\/2026\/la-bpm-biennale-de-la-photographie-de-mulhouse\/\">FR<\/a><\/span><\/strong><\/p>\n<h1>BPM &#8211; Biennale de la photographie de mulhouse<\/h1>\n<p class=\"offsetted\">\u201c<span class=\"theme_color\">The BPM aims to show contemporary photographic practice in a state of perpetual movement and questioning. The way that photography navigates the contemporary realm\u00a0 is one of the main axioms of the program: its relationship to the evolution of the medium, but also to the ecological, social and economic context.<\/span>\u201d<\/p>\n<p class=\"offsetted\">Anne Immel\u00e9, artistic director<\/p>\n<p>The BPM is a festival that gives a place to photographers&rsquo; singular visions of our world and, in this sense, supports contemporary creation. In addition to promoting cross-border exchanges and greater respect for our environment, the festival regularly welcomes artists in residence, enabling them to pursue their research or produce new works. The BPM has a dual vocation: to open up the photographic spectrum to the international arena, while detecting and promoting emerging photography.<\/p>\n<p>Six editions of the festival have already taken place, each featuring a dozen exhibitions in and around Mulhouse. The festival has been deployed in numerous cultural and patrimonial venues ( Fine Arts Museum, Printing on Clothes Museum, Grand&rsquo;Rue Library, Filature Gallery, Saint-Jean Chapel, Europe Tower, etc.) as well as in public spaces (along the banks of the Ill river and the Marne-Rhine canal, on the forecourt of Mulhouse railway station).<\/p>\n<p>Mulhouse, a land of migration with a strategic position on the Upper Rhine, a young and cosmopolitan city, offers a unique setting for this event, which is now firmly rooted in its territory and supported by the City of Mulhouse, the DRAC Grand Est, the R\u00e9gion Grand Est, the Collectivit\u00e9 Europ\u00e9enne d&rsquo;Alsace, and the German city of Freiburg im Breisgau.<\/p>\n","protected":false},"excerpt":{"rendered":"<p>ENG \u2b62 FR BPM &#8211; Biennale de la photographie de mulhouse \u201cThe BPM aims to show contemporary photographic practice in a state of perpetual movement and questioning. The way that photography navigates the contemporary realm\u00a0 is one of the main axioms of the program: its relationship to the evolution of the medium, but also to [&hellip;]<\/p>\n","protected":false},"author":3,"featured_media":0,"parent":0,"menu_order":0,"comment_status":"closed","ping_status":"closed","template":"","meta":{"footnotes":""},"categories":[1],"class_list":["post-515","page","type-page","status-publish","hentry","category-non-classe"],"acf":{"photo_gallery":{"gallery":[[{"id":982,"title":"DSC08984(1)","caption":"Vue de l'exposition <i>Altiplano<\/i>, 2025","full_image_url":"https:\/\/www.biennale-photo-mulhouse.com\/2026en\/wp-content\/uploads\/sites\/9\/2025\/06\/DSC089841-scaled.jpg","thumbnail_image_url":"https:\/\/www.biennale-photo-mulhouse.com\/2026en\/wp-content\/uploads\/sites\/9\/2025\/06\/DSC089841-scaled.jpg","large_srcset":"https:\/\/www.biennale-photo-mulhouse.com\/2026en\/wp-content\/uploads\/sites\/9\/2025\/06\/DSC089841-scaled.jpg 2560w, https:\/\/www.biennale-photo-mulhouse.com\/2026en\/wp-content\/uploads\/sites\/9\/2025\/06\/DSC089841-768x510.jpg 768w, https:\/\/www.biennale-photo-mulhouse.com\/2026en\/wp-content\/uploads\/sites\/9\/2025\/06\/DSC089841-1536x1019.jpg 1536w, https:\/\/www.biennale-photo-mulhouse.com\/2026en\/wp-content\/uploads\/sites\/9\/2025\/06\/DSC089841-2048x1359.jpg 2048w","medium_srcset":"https:\/\/www.biennale-photo-mulhouse.com\/2026en\/wp-content\/uploads\/sites\/9\/2025\/06\/DSC089841-scaled.jpg 2560w, https:\/\/www.biennale-photo-mulhouse.com\/2026en\/wp-content\/uploads\/sites\/9\/2025\/06\/DSC089841-768x510.jpg 768w, https:\/\/www.biennale-photo-mulhouse.com\/2026en\/wp-content\/uploads\/sites\/9\/2025\/06\/DSC089841-1536x1019.jpg 1536w, https:\/\/www.biennale-photo-mulhouse.com\/2026en\/wp-content\/uploads\/sites\/9\/2025\/06\/DSC089841-2048x1359.jpg 2048w","media_details":{"width":2560,"height":1699,"sizes":{"medium_large":{"file":"DSC089841-768x510.jpg","width":768,"height":510,"mime-type":"image\/jpeg","filesize":105966,"source_url":"https:\/\/www.biennale-photo-mulhouse.com\/2026en\/wp-content\/uploads\/sites\/9\/2025\/06\/DSC089841-768x510.jpg"},"1536x1536":{"file":"DSC089841-1536x1019.jpg","width":1536,"height":1019,"mime-type":"image\/jpeg","filesize":397389,"source_url":"https:\/\/www.biennale-photo-mulhouse.com\/2026en\/wp-content\/uploads\/sites\/9\/2025\/06\/DSC089841-1536x1019.jpg"},"2048x2048":{"file":"DSC089841-2048x1359.jpg","width":2048,"height":1359,"mime-type":"image\/jpeg","filesize":660110,"source_url":"https:\/\/www.biennale-photo-mulhouse.com\/2026en\/wp-content\/uploads\/sites\/9\/2025\/06\/DSC089841-2048x1359.jpg"}}},"alt_text":"","url":"","target":""}]]}},"yoast_head":"<!-- This site is optimized with the Yoast SEO plugin v21.9.1 - https:\/\/yoast.com\/wordpress\/plugins\/seo\/ -->\n<title>BPM - Biennale de la Photographie de Mulhouse - 2026 Mulhouse Photography Biennial<\/title>\n<meta name=\"description\" content=\"The BPM is a festival that gives a place to photographers&#039; singular visions of our world and, in this sense, supports contemporary creation.\" \/>\n<meta name=\"robots\" content=\"index, follow, max-snippet:-1, max-image-preview:large, max-video-preview:-1\" \/>\n<link rel=\"canonical\" href=\"https:\/\/www.biennale-photo-mulhouse.com\/2026en\/bpm-biennale-de-la-photographie-de-mulhouse\/\" \/>\n<meta property=\"og:locale\" content=\"fr_FR\" \/>\n<meta property=\"og:type\" content=\"article\" \/>\n<meta property=\"og:title\" content=\"BPM - Biennale de la Photographie de Mulhouse - 2026 Mulhouse Photography Biennial\" \/>\n<meta property=\"og:description\" content=\"The BPM is a festival that gives a place to photographers&#039; singular visions of our world and, in this sense, supports contemporary creation.\" \/>\n<meta property=\"og:url\" content=\"https:\/\/www.biennale-photo-mulhouse.com\/2026en\/bpm-biennale-de-la-photographie-de-mulhouse\/\" \/>\n<meta property=\"og:site_name\" content=\"2026 Mulhouse Photography Biennial\" \/>\n<meta property=\"article:publisher\" content=\"https:\/\/www.facebook.com\/BiennaleDeLaPhotographieDeMulhouse\" \/>\n<meta property=\"article:modified_time\" content=\"2025-07-09T13:11:07+00:00\" \/>\n<meta name=\"twitter:card\" content=\"summary_large_image\" \/>\n<meta name=\"twitter:label1\" content=\"Dur\u00e9e de lecture estim\u00e9e\" \/>\n\t<meta name=\"twitter:data1\" content=\"2 minutes\" \/>\n<script type=\"application\/ld+json\" class=\"yoast-schema-graph\">{\"@context\":\"https:\/\/schema.org\",\"@graph\":[{\"@type\":\"WebPage\",\"@id\":\"https:\/\/www.biennale-photo-mulhouse.com\/2026en\/bpm-biennale-de-la-photographie-de-mulhouse\/\",\"url\":\"https:\/\/www.biennale-photo-mulhouse.com\/2026en\/bpm-biennale-de-la-photographie-de-mulhouse\/\",\"name\":\"BPM - Biennale de la Photographie de Mulhouse - 2026 Mulhouse Photography Biennial\",\"isPartOf\":{\"@id\":\"https:\/\/www.biennale-photo-mulhouse.com\/2026en\/#website\"},\"datePublished\":\"2024-06-26T11:50:34+00:00\",\"dateModified\":\"2025-07-09T13:11:07+00:00\",\"description\":\"The BPM is a festival that gives a place to photographers' singular visions of our world and, in this sense, supports contemporary creation.\",\"breadcrumb\":{\"@id\":\"https:\/\/www.biennale-photo-mulhouse.com\/2026en\/bpm-biennale-de-la-photographie-de-mulhouse\/#breadcrumb\"},\"inLanguage\":\"fr-FR\",\"potentialAction\":[{\"@type\":\"ReadAction\",\"target\":[\"https:\/\/www.biennale-photo-mulhouse.com\/2026en\/bpm-biennale-de-la-photographie-de-mulhouse\/\"]}]},{\"@type\":\"BreadcrumbList\",\"@id\":\"https:\/\/www.biennale-photo-mulhouse.com\/2026en\/bpm-biennale-de-la-photographie-de-mulhouse\/#breadcrumb\",\"itemListElement\":[{\"@type\":\"ListItem\",\"position\":1,\"name\":\"Accueil\",\"item\":\"https:\/\/www.biennale-photo-mulhouse.com\/2026en\/\"},{\"@type\":\"ListItem\",\"position\":2,\"name\":\"BPM &#8211; Biennale de la Photographie de Mulhouse\"}]},{\"@type\":\"WebSite\",\"@id\":\"https:\/\/www.biennale-photo-mulhouse.com\/2026en\/#website\",\"url\":\"https:\/\/www.biennale-photo-mulhouse.com\/2026en\/\",\"name\":\"Biennale de la Photographie de Mulhouse\",\"description\":\"\",\"potentialAction\":[{\"@type\":\"SearchAction\",\"target\":{\"@type\":\"EntryPoint\",\"urlTemplate\":\"https:\/\/www.biennale-photo-mulhouse.com\/2026en\/?s={search_term_string}\"},\"query-input\":\"required name=search_term_string\"}],\"inLanguage\":\"fr-FR\"}]}<\/script>\n<!-- \/ Yoast SEO plugin. -->","yoast_head_json":{"title":"BPM - Biennale de la Photographie de Mulhouse - 2026 Mulhouse Photography Biennial","description":"The BPM is a festival that gives a place to photographers' singular visions of our world and, in this sense, supports contemporary creation.","robots":{"index":"index","follow":"follow","max-snippet":"max-snippet:-1","max-image-preview":"max-image-preview:large","max-video-preview":"max-video-preview:-1"},"canonical":"https:\/\/www.biennale-photo-mulhouse.com\/2026en\/bpm-biennale-de-la-photographie-de-mulhouse\/","og_locale":"fr_FR","og_type":"article","og_title":"BPM - Biennale de la Photographie de Mulhouse - 2026 Mulhouse Photography Biennial","og_description":"The BPM is a festival that gives a place to photographers' singular visions of our world and, in this sense, supports contemporary creation.","og_url":"https:\/\/www.biennale-photo-mulhouse.com\/2026en\/bpm-biennale-de-la-photographie-de-mulhouse\/","og_site_name":"2026 Mulhouse Photography Biennial","article_publisher":"https:\/\/www.facebook.com\/BiennaleDeLaPhotographieDeMulhouse","article_modified_time":"2025-07-09T13:11:07+00:00","twitter_card":"summary_large_image","twitter_misc":{"Dur\u00e9e de lecture estim\u00e9e":"2 minutes"},"schema":{"@context":"https:\/\/schema.org","@graph":[{"@type":"WebPage","@id":"https:\/\/www.biennale-photo-mulhouse.com\/2026en\/bpm-biennale-de-la-photographie-de-mulhouse\/","url":"https:\/\/www.biennale-photo-mulhouse.com\/2026en\/bpm-biennale-de-la-photographie-de-mulhouse\/","name":"BPM - Biennale de la Photographie de Mulhouse - 2026 Mulhouse Photography Biennial","isPartOf":{"@id":"https:\/\/www.biennale-photo-mulhouse.com\/2026en\/#website"},"datePublished":"2024-06-26T11:50:34+00:00","dateModified":"2025-07-09T13:11:07+00:00","description":"The BPM is a festival that gives a place to photographers' singular visions of our world and, in this sense, supports contemporary creation.","breadcrumb":{"@id":"https:\/\/www.biennale-photo-mulhouse.com\/2026en\/bpm-biennale-de-la-photographie-de-mulhouse\/#breadcrumb"},"inLanguage":"fr-FR","potentialAction":[{"@type":"ReadAction","target":["https:\/\/www.biennale-photo-mulhouse.com\/2026en\/bpm-biennale-de-la-photographie-de-mulhouse\/"]}]},{"@type":"BreadcrumbList","@id":"https:\/\/www.biennale-photo-mulhouse.com\/2026en\/bpm-biennale-de-la-photographie-de-mulhouse\/#breadcrumb","itemListElement":[{"@type":"ListItem","position":1,"name":"Accueil","item":"https:\/\/www.biennale-photo-mulhouse.com\/2026en\/"},{"@type":"ListItem","position":2,"name":"BPM &#8211; Biennale de la Photographie de Mulhouse"}]},{"@type":"WebSite","@id":"https:\/\/www.biennale-photo-mulhouse.com\/2026en\/#website","url":"https:\/\/www.biennale-photo-mulhouse.com\/2026en\/","name":"Biennale de la Photographie de Mulhouse","description":"","potentialAction":[{"@type":"SearchAction","target":{"@type":"EntryPoint","urlTemplate":"https:\/\/www.biennale-photo-mulhouse.com\/2026en\/?s={search_term_string}"},"query-input":"required name=search_term_string"}],"inLanguage":"fr-FR"}]}},"_links":{"self":[{"href":"https:\/\/www.biennale-photo-mulhouse.com\/2026en\/wp-json\/wp\/v2\/pages\/515","targetHints":{"allow":["GET"]}}],"collection":[{"href":"https:\/\/www.biennale-photo-mulhouse.com\/2026en\/wp-json\/wp\/v2\/pages"}],"about":[{"href":"https:\/\/www.biennale-photo-mulhouse.com\/2026en\/wp-json\/wp\/v2\/types\/page"}],"author":[{"embeddable":true,"href":"https:\/\/www.biennale-photo-mulhouse.com\/2026en\/wp-json\/wp\/v2\/users\/3"}],"replies":[{"embeddable":true,"href":"https:\/\/www.biennale-photo-mulhouse.com\/2026en\/wp-json\/wp\/v2\/comments?post=515"}],"version-history":[{"count":14,"href":"https:\/\/www.biennale-photo-mulhouse.com\/2026en\/wp-json\/wp\/v2\/pages\/515\/revisions"}],"predecessor-version":[{"id":1013,"href":"https:\/\/www.biennale-photo-mulhouse.com\/2026en\/wp-json\/wp\/v2\/pages\/515\/revisions\/1013"}],"wp:attachment":[{"href":"https:\/\/www.biennale-photo-mulhouse.com\/2026en\/wp-json\/wp\/v2\/media?parent=515"}],"wp:term":[{"taxonomy":"category","embeddable":true,"href":"https:\/\/www.biennale-photo-mulhouse.com\/2026en\/wp-json\/wp\/v2\/categories?post=515"}],"curies":[{"name":"wp","href":"https:\/\/api.w.org\/{rel}","templated":true}]}}