{"id":1217,"date":"2026-03-27T14:01:55","date_gmt":"2026-03-27T13:01:55","guid":{"rendered":"https:\/\/www.biennale-photo-mulhouse.com\/2026en\/?page_id=1217"},"modified":"2026-04-24T11:50:34","modified_gmt":"2026-04-24T09:50:34","slug":"if-someone-had-told-me-my-lives-as-a-photographer-jean-claude-figenwald","status":"publish","type":"page","link":"https:\/\/www.biennale-photo-mulhouse.com\/2026en\/if-someone-had-told-me-my-lives-as-a-photographer-jean-claude-figenwald\/","title":{"rendered":"If Someone Had Told Me: My Lives as a Photographer, Jean-Claude Figenwald"},"content":{"rendered":"<p><span class=\"small\"><strong>EN\u00a0 \u2b62 <a href=\"https:\/\/www.biennale-photo-mulhouse.com\/2026\/si-on-mavait-dit-mes-vies-de-photographe-jean-claude-figenwald\/\">FR<\/a><\/strong><\/span><\/p>\n<h1><span class=\"theme_color\"><em>Si on m\u2019avait dit. Mes vies de photographe<br \/>\n<span class=\"small\">(If Someone Had Told Me: My Lives as a Photographer)<\/span><br \/>\n<\/em><\/span><\/h1>\n<h2>Jean-Claude Figenwald<\/h2>\n<p class=\"offsetted\"><strong>Le S\u00e9choir, Mulhouse<\/strong><br \/>\n<span class=\"theme_color\">June 6 &#8211; July 5<\/span><br \/>\n<span class=\"theme_color\">saturday &amp; sunday from 14 p.m. to 6 p.m.\u00a0<\/span><br \/>\n<strong><span class=\"theme_color\">Inaugural guided tour on Sunday June 7 at 10 a.m.<\/span><\/strong><\/p>\n<p>This retrospective exhibition traces the five-decade career of photojournalist Jean-Claude Figenwald. After growing up in Mulhouse, he moved to Paris and became a staff reporter, working for various magazines while continuing his personal projects. His photographs reflect a relentless and personal gaze on reality, attentive to people, the environment, society, and current events. This photographer\u2019s professional and personal journey has taken him, over nearly fifty years, from the intimacy of his Parisian street to the wider world. An uninterrupted journey that has yielded images on a multitude of subjects.<\/p>\n<p><strong>Exhibition organized in partnership with Mulhouse Art Contemporain<\/strong><\/p>\n<p><em>A self-taught photographer, Jean-Claude Figenwald learned photography at the Gamma and Magnum agencies in the mid-1970s. His first assignment was for the L.A. Times, for which he photographed fashion shows in the early 1980s. A recipient of the Air France-City of Paris Fellowship in 1983 and a freelancer for the Associated Press in Paris, he joined L\u2019Express to cover political, economic, and cultural life in Paris and throughout France. G\u00e9rard Rancinan hired him at his agency to produce magazine-style reports abroad, after which he joined Disney to document the construction of the future Marne-la-Vall\u00e9e park. In the mid-1990s, he worked for a new generation of magazines\u2014Citizen K, L\u2019Optimum, Glamour, Id\u00e9at, GQ, and Milk\u2014which gave him the opportunity to travel the world while developing an original photographic style. He completed a residency in 2002\u20132003 at La Filature in Mulhouse for an exhibition on community gardens. He is also the author of a book, <\/em><span class=\"theme_color\">Comme il m\u2019a \u00e9t\u00e9 donn\u00e9. Mes vies de photographe<\/span><em> (As It Was Given to Me: My Lives as a Photographer), published by M\u00e9diapop in May 2026.<\/em><\/p>\n<p><a href=\"https:\/\/jeanclaudefigenwald.com\/\">jeanclaudefigenwald.com<\/a><\/p>\n<p><img loading=\"lazy\" decoding=\"async\" class=\"alignnone size-full wp-image-1221\" src=\"https:\/\/www.biennale-photo-mulhouse.com\/2026en\/wp-content\/uploads\/sites\/9\/2026\/03\/Jean-Claude-Fingenwald-New-York-1981-BD.jpg\" alt=\"\" width=\"782\" height=\"1134\" srcset=\"https:\/\/www.biennale-photo-mulhouse.com\/2026en\/wp-content\/uploads\/sites\/9\/2026\/03\/Jean-Claude-Fingenwald-New-York-1981-BD.jpg 782w, https:\/\/www.biennale-photo-mulhouse.com\/2026en\/wp-content\/uploads\/sites\/9\/2026\/03\/Jean-Claude-Fingenwald-New-York-1981-BD-768x1114.jpg 768w\" sizes=\"auto, (max-width: 782px) 100vw, 782px\" \/><\/p>\n<p class=\"img_caption\">Jean-Claude Figenwald, New-York, 1981<img loading=\"lazy\" decoding=\"async\" class=\"alignnone size-large wp-image-1222\" src=\"https:\/\/www.biennale-photo-mulhouse.com\/2026en\/wp-content\/uploads\/sites\/9\/2026\/03\/Jean-Claude-Fingenwald-Russie-2002.jpg\" alt=\"\" width=\"1124\" height=\"1134\" srcset=\"https:\/\/www.biennale-photo-mulhouse.com\/2026en\/wp-content\/uploads\/sites\/9\/2026\/03\/Jean-Claude-Fingenwald-Russie-2002.jpg 1124w, https:\/\/www.biennale-photo-mulhouse.com\/2026en\/wp-content\/uploads\/sites\/9\/2026\/03\/Jean-Claude-Fingenwald-Russie-2002-768x775.jpg 768w\" sizes=\"auto, (max-width: 1124px) 100vw, 1124px\" \/><\/p>\n<p class=\"img_caption\">Jean-Claude Figenwald, Russie, 2002<\/p>\n","protected":false},"excerpt":{"rendered":"<p>EN\u00a0 \u2b62 FR Si on m\u2019avait dit. Mes vies de photographe (If Someone Had Told Me: My Lives as a Photographer) Jean-Claude Figenwald Le S\u00e9choir, Mulhouse June 6 &#8211; July 5 saturday &amp; sunday from 14 p.m. to 6 p.m.\u00a0 Inaugural guided tour on Sunday June 7 at 10 a.m. This retrospective exhibition traces the [&hellip;]<\/p>\n","protected":false},"author":3,"featured_media":0,"parent":0,"menu_order":0,"comment_status":"closed","ping_status":"closed","template":"","meta":{"footnotes":""},"categories":[1],"class_list":["post-1217","page","type-page","status-publish","hentry","category-non-classe"],"acf":{"photo_gallery":{"gallery":[[{"id":1219,"title":"Jean-Claude-Fingenwald-MIAMI-ATLANTA-2002-BD","caption":"Jean-Claude Figenwald, Miam, Atlanta, 2002","full_image_url":"https:\/\/www.biennale-photo-mulhouse.com\/2026en\/wp-content\/uploads\/sites\/9\/2026\/03\/Jean-Claude-Fingenwald-MIAMI-ATLANTA-2002-BD.jpg","thumbnail_image_url":"https:\/\/www.biennale-photo-mulhouse.com\/2026en\/wp-content\/uploads\/sites\/9\/2026\/03\/Jean-Claude-Fingenwald-MIAMI-ATLANTA-2002-BD.jpg","large_srcset":"https:\/\/www.biennale-photo-mulhouse.com\/2026en\/wp-content\/uploads\/sites\/9\/2026\/03\/Jean-Claude-Fingenwald-MIAMI-ATLANTA-2002-BD.jpg 1134w, https:\/\/www.biennale-photo-mulhouse.com\/2026en\/wp-content\/uploads\/sites\/9\/2026\/03\/Jean-Claude-Fingenwald-MIAMI-ATLANTA-2002-BD-768x506.jpg 768w","medium_srcset":"https:\/\/www.biennale-photo-mulhouse.com\/2026en\/wp-content\/uploads\/sites\/9\/2026\/03\/Jean-Claude-Fingenwald-MIAMI-ATLANTA-2002-BD.jpg 1134w, https:\/\/www.biennale-photo-mulhouse.com\/2026en\/wp-content\/uploads\/sites\/9\/2026\/03\/Jean-Claude-Fingenwald-MIAMI-ATLANTA-2002-BD-768x506.jpg 768w","media_details":{"width":1134,"height":747,"sizes":{"medium_large":{"file":"Jean-Claude-Fingenwald-MIAMI-ATLANTA-2002-BD-768x506.jpg","width":768,"height":506,"mime-type":"image\/jpeg","filesize":98697,"source_url":"https:\/\/www.biennale-photo-mulhouse.com\/2026en\/wp-content\/uploads\/sites\/9\/2026\/03\/Jean-Claude-Fingenwald-MIAMI-ATLANTA-2002-BD-768x506.jpg"}}},"alt_text":"","url":"","target":""}]]}},"yoast_head":"<!-- This site is optimized with the Yoast SEO plugin v21.9.1 - https:\/\/yoast.com\/wordpress\/plugins\/seo\/ -->\n<title>If Someone Had Told Me: My Lives as a Photographer, Jean-Claude Figenwald - 2026 Mulhouse Photography Biennial<\/title>\n<meta name=\"description\" content=\"This retrospective exhibition traces the five-decade career of photojournalist Jean-Claude Figenwald.\" \/>\n<meta name=\"robots\" content=\"index, follow, max-snippet:-1, max-image-preview:large, max-video-preview:-1\" \/>\n<link rel=\"canonical\" href=\"https:\/\/www.biennale-photo-mulhouse.com\/2026en\/if-someone-had-told-me-my-lives-as-a-photographer-jean-claude-figenwald\/\" \/>\n<meta property=\"og:locale\" content=\"fr_FR\" \/>\n<meta property=\"og:type\" content=\"article\" \/>\n<meta property=\"og:title\" content=\"If Someone Had Told Me: My Lives as a Photographer, Jean-Claude Figenwald - 2026 Mulhouse Photography Biennial\" \/>\n<meta property=\"og:description\" content=\"This retrospective exhibition traces the five-decade career of photojournalist Jean-Claude Figenwald.\" \/>\n<meta property=\"og:url\" content=\"https:\/\/www.biennale-photo-mulhouse.com\/2026en\/if-someone-had-told-me-my-lives-as-a-photographer-jean-claude-figenwald\/\" \/>\n<meta property=\"og:site_name\" content=\"2026 Mulhouse Photography Biennial\" \/>\n<meta property=\"article:publisher\" content=\"https:\/\/www.facebook.com\/BiennaleDeLaPhotographieDeMulhouse\" \/>\n<meta property=\"article:modified_time\" content=\"2026-04-24T09:50:34+00:00\" \/>\n<meta property=\"og:image\" content=\"https:\/\/www.biennale-photo-mulhouse.com\/2026en\/wp-content\/uploads\/sites\/9\/2026\/03\/Jean-Claude-Fingenwald-New-York-1981-BD.jpg\" \/>\n<meta name=\"twitter:card\" content=\"summary_large_image\" \/>\n<meta name=\"twitter:label1\" content=\"Dur\u00e9e de lecture estim\u00e9e\" \/>\n\t<meta name=\"twitter:data1\" content=\"3 minutes\" \/>\n<script type=\"application\/ld+json\" class=\"yoast-schema-graph\">{\"@context\":\"https:\/\/schema.org\",\"@graph\":[{\"@type\":\"WebPage\",\"@id\":\"https:\/\/www.biennale-photo-mulhouse.com\/2026en\/if-someone-had-told-me-my-lives-as-a-photographer-jean-claude-figenwald\/\",\"url\":\"https:\/\/www.biennale-photo-mulhouse.com\/2026en\/if-someone-had-told-me-my-lives-as-a-photographer-jean-claude-figenwald\/\",\"name\":\"If Someone Had Told Me: My Lives as a Photographer, Jean-Claude Figenwald - 2026 Mulhouse Photography Biennial\",\"isPartOf\":{\"@id\":\"https:\/\/www.biennale-photo-mulhouse.com\/2026en\/#website\"},\"datePublished\":\"2026-03-27T13:01:55+00:00\",\"dateModified\":\"2026-04-24T09:50:34+00:00\",\"description\":\"This retrospective exhibition traces the five-decade career of photojournalist Jean-Claude Figenwald.\",\"breadcrumb\":{\"@id\":\"https:\/\/www.biennale-photo-mulhouse.com\/2026en\/if-someone-had-told-me-my-lives-as-a-photographer-jean-claude-figenwald\/#breadcrumb\"},\"inLanguage\":\"fr-FR\",\"potentialAction\":[{\"@type\":\"ReadAction\",\"target\":[\"https:\/\/www.biennale-photo-mulhouse.com\/2026en\/if-someone-had-told-me-my-lives-as-a-photographer-jean-claude-figenwald\/\"]}]},{\"@type\":\"BreadcrumbList\",\"@id\":\"https:\/\/www.biennale-photo-mulhouse.com\/2026en\/if-someone-had-told-me-my-lives-as-a-photographer-jean-claude-figenwald\/#breadcrumb\",\"itemListElement\":[{\"@type\":\"ListItem\",\"position\":1,\"name\":\"Accueil\",\"item\":\"https:\/\/www.biennale-photo-mulhouse.com\/2026en\/\"},{\"@type\":\"ListItem\",\"position\":2,\"name\":\"If Someone Had Told Me: My Lives as a Photographer, Jean-Claude Figenwald\"}]},{\"@type\":\"WebSite\",\"@id\":\"https:\/\/www.biennale-photo-mulhouse.com\/2026en\/#website\",\"url\":\"https:\/\/www.biennale-photo-mulhouse.com\/2026en\/\",\"name\":\"Biennale de la Photographie de Mulhouse\",\"description\":\"\",\"potentialAction\":[{\"@type\":\"SearchAction\",\"target\":{\"@type\":\"EntryPoint\",\"urlTemplate\":\"https:\/\/www.biennale-photo-mulhouse.com\/2026en\/?s={search_term_string}\"},\"query-input\":\"required name=search_term_string\"}],\"inLanguage\":\"fr-FR\"}]}<\/script>\n<!-- \/ Yoast SEO plugin. -->","yoast_head_json":{"title":"If Someone Had Told Me: My Lives as a Photographer, Jean-Claude Figenwald - 2026 Mulhouse Photography Biennial","description":"This retrospective exhibition traces the five-decade career of photojournalist Jean-Claude Figenwald.","robots":{"index":"index","follow":"follow","max-snippet":"max-snippet:-1","max-image-preview":"max-image-preview:large","max-video-preview":"max-video-preview:-1"},"canonical":"https:\/\/www.biennale-photo-mulhouse.com\/2026en\/if-someone-had-told-me-my-lives-as-a-photographer-jean-claude-figenwald\/","og_locale":"fr_FR","og_type":"article","og_title":"If Someone Had Told Me: My Lives as a Photographer, Jean-Claude Figenwald - 2026 Mulhouse Photography Biennial","og_description":"This retrospective exhibition traces the five-decade career of photojournalist Jean-Claude Figenwald.","og_url":"https:\/\/www.biennale-photo-mulhouse.com\/2026en\/if-someone-had-told-me-my-lives-as-a-photographer-jean-claude-figenwald\/","og_site_name":"2026 Mulhouse Photography Biennial","article_publisher":"https:\/\/www.facebook.com\/BiennaleDeLaPhotographieDeMulhouse","article_modified_time":"2026-04-24T09:50:34+00:00","og_image":[{"url":"https:\/\/www.biennale-photo-mulhouse.com\/2026en\/wp-content\/uploads\/sites\/9\/2026\/03\/Jean-Claude-Fingenwald-New-York-1981-BD.jpg"}],"twitter_card":"summary_large_image","twitter_misc":{"Dur\u00e9e de lecture estim\u00e9e":"3 minutes"},"schema":{"@context":"https:\/\/schema.org","@graph":[{"@type":"WebPage","@id":"https:\/\/www.biennale-photo-mulhouse.com\/2026en\/if-someone-had-told-me-my-lives-as-a-photographer-jean-claude-figenwald\/","url":"https:\/\/www.biennale-photo-mulhouse.com\/2026en\/if-someone-had-told-me-my-lives-as-a-photographer-jean-claude-figenwald\/","name":"If Someone Had Told Me: My Lives as a Photographer, Jean-Claude Figenwald - 2026 Mulhouse Photography Biennial","isPartOf":{"@id":"https:\/\/www.biennale-photo-mulhouse.com\/2026en\/#website"},"datePublished":"2026-03-27T13:01:55+00:00","dateModified":"2026-04-24T09:50:34+00:00","description":"This retrospective exhibition traces the five-decade career of photojournalist Jean-Claude Figenwald.","breadcrumb":{"@id":"https:\/\/www.biennale-photo-mulhouse.com\/2026en\/if-someone-had-told-me-my-lives-as-a-photographer-jean-claude-figenwald\/#breadcrumb"},"inLanguage":"fr-FR","potentialAction":[{"@type":"ReadAction","target":["https:\/\/www.biennale-photo-mulhouse.com\/2026en\/if-someone-had-told-me-my-lives-as-a-photographer-jean-claude-figenwald\/"]}]},{"@type":"BreadcrumbList","@id":"https:\/\/www.biennale-photo-mulhouse.com\/2026en\/if-someone-had-told-me-my-lives-as-a-photographer-jean-claude-figenwald\/#breadcrumb","itemListElement":[{"@type":"ListItem","position":1,"name":"Accueil","item":"https:\/\/www.biennale-photo-mulhouse.com\/2026en\/"},{"@type":"ListItem","position":2,"name":"If Someone Had Told Me: My Lives as a Photographer, Jean-Claude Figenwald"}]},{"@type":"WebSite","@id":"https:\/\/www.biennale-photo-mulhouse.com\/2026en\/#website","url":"https:\/\/www.biennale-photo-mulhouse.com\/2026en\/","name":"Biennale de la Photographie de Mulhouse","description":"","potentialAction":[{"@type":"SearchAction","target":{"@type":"EntryPoint","urlTemplate":"https:\/\/www.biennale-photo-mulhouse.com\/2026en\/?s={search_term_string}"},"query-input":"required name=search_term_string"}],"inLanguage":"fr-FR"}]}},"_links":{"self":[{"href":"https:\/\/www.biennale-photo-mulhouse.com\/2026en\/wp-json\/wp\/v2\/pages\/1217","targetHints":{"allow":["GET"]}}],"collection":[{"href":"https:\/\/www.biennale-photo-mulhouse.com\/2026en\/wp-json\/wp\/v2\/pages"}],"about":[{"href":"https:\/\/www.biennale-photo-mulhouse.com\/2026en\/wp-json\/wp\/v2\/types\/page"}],"author":[{"embeddable":true,"href":"https:\/\/www.biennale-photo-mulhouse.com\/2026en\/wp-json\/wp\/v2\/users\/3"}],"replies":[{"embeddable":true,"href":"https:\/\/www.biennale-photo-mulhouse.com\/2026en\/wp-json\/wp\/v2\/comments?post=1217"}],"version-history":[{"count":6,"href":"https:\/\/www.biennale-photo-mulhouse.com\/2026en\/wp-json\/wp\/v2\/pages\/1217\/revisions"}],"predecessor-version":[{"id":1303,"href":"https:\/\/www.biennale-photo-mulhouse.com\/2026en\/wp-json\/wp\/v2\/pages\/1217\/revisions\/1303"}],"wp:attachment":[{"href":"https:\/\/www.biennale-photo-mulhouse.com\/2026en\/wp-json\/wp\/v2\/media?parent=1217"}],"wp:term":[{"taxonomy":"category","embeddable":true,"href":"https:\/\/www.biennale-photo-mulhouse.com\/2026en\/wp-json\/wp\/v2\/categories?post=1217"}],"curies":[{"name":"wp","href":"https:\/\/api.w.org\/{rel}","templated":true}]}}