{"id":1198,"date":"2026-03-27T13:21:09","date_gmt":"2026-03-27T12:21:09","guid":{"rendered":"https:\/\/www.biennale-photo-mulhouse.com\/2026en\/?page_id=1198"},"modified":"2026-05-06T16:24:19","modified_gmt":"2026-05-06T14:24:19","slug":"pep-x-bpm-sedimentations","status":"publish","type":"page","link":"https:\/\/www.biennale-photo-mulhouse.com\/2026en\/pep-x-bpm-sedimentations\/","title":{"rendered":"PEP x BPM : Sedimentation(s)"},"content":{"rendered":"<p><span class=\"small\"><strong>EN \u2b62 <a href=\"https:\/\/www.biennale-photo-mulhouse.com\/2026\/pep-x-bpm-sedimentations\/\">FR<\/a><\/strong> <\/span><\/p>\n<h1><em><span class=\"theme_color\">PEP x BPM : Sedimentation(s)<\/span> <\/em><\/h1>\n<h2>Sue-Elie Andrade D\u00e9, Elsa Beaumont, Marjolein Blom, Sarah Braeck, Ella Bryant, Yuki Furusawa, Chiara Goia, Jess Gough, Susann Carmen Jagodzinska, Zach Knott, Ruth Lauer Manenti, Artur Le\u00e3o, Jessica Lennan, Sergio Lovati, Anne Moca\u00ebr, Yvette Monahan, Fernande Petitdemange, Julie Rochereau, Angela Tozzi, Ali Uchida, Alyssa Warren, Theo Zeal<\/h2>\n<p class=\"offsetted\"><strong>Grand\u2019Rue Library, Mulhouse<\/strong><br \/>\n<span class=\"theme_color\">June 5 &#8211; July 4\u00a0<\/span><br \/>\n<span class=\"theme_color\">Tuesday through Friday from 10 a.m. to 12 a.m. and from 1:30 p.m. to 6:30 p.m., Saturday from 10 a.m. to 5:30 p.m, and Sunday June 7 from 1.30 to 6.30 p.m.<\/span><br \/>\n<strong><span class=\"theme_color\">Opening on saturday June 6 at 6 p.m.<\/span><\/strong><\/p>\n<p class=\"offsetted with_arrow\">Curators : B\u00e9n\u00e9dicte Blondeau, Anne Immel\u00e9<\/p>\n<p>For their second collaboration, following an international open call, <a href=\"https:\/\/www.pep.photography\/\">PEP \u2013 Photographic Exploration Project<\/a> and the BPM &#8211; Biennale de la Photographie de Mulhouse present a group exhibition centered on the concept of sedimentation(s), linking time, memory, and accumulation\u2014whether social, natural, or personal. The 22 selected artists explore the layering of strata in unique ways\u2014whether human, geological, biological, or emotional traces\u2014revealing how this process shapes our perception of places, bodies, and lived experiences.<\/p>\n<p>In the social and urban sphere, <strong>Elsa Beaumont<\/strong> documents the vulnerable lives and social history of a shelter, where tensions between the interior and exterior build up, leaving behind sensitive human layers in her images. <strong>Julie Rochereau<\/strong> focuses on the entropic sedimentation of a landscape, using fragile and experimental images to capture the transformation of a forested wasteland in Romainville, where natural layers and human interventions overlap and fade away. <strong>Anne Moca\u00ebr<\/strong>, for her part, explores the superimposition of ruins, memories, and urban projects in a neighborhood of Casablanca on the verge of disappearing, revealing through photography the material and emotional traces of a community in transition.<\/p>\n<p><strong>Jess Gough<\/strong> explores matter and extraction in limestone quarries, amidst fossils, human traces, and natural accumulations. <strong>Fernande Petitdemange<\/strong> photographs historical fossils to reveal the strata of time within mineral matter, while <strong>Chiara Goia<\/strong> superimposes archival images and contemporary landscapes in Carrara to uncover the layered memory of marble extraction and its communities.<\/p>\n<p><strong>Marjolein Blom<\/strong> examines cultural memory and archives by documenting the disappearance of a bookstore and the accumulated fragments of books and papers, materializing the stratification of places.<\/p>\n<p>The intimate and the layers of family trauma form another axis of sedimentation. <strong>Sue-\u00c9lie Andrade-De<\/strong> transforms the loss of a pregnancy into visual and performative layers, similar to the slow formation of mountains. <strong>Yuki Furusawa<\/strong> photographs her grandmother\u2019s house before its demolition, revealing how objects and spaces accumulate memories and intergenerational bonds. <strong>Susann Carmen Jagodzi\u0144ska<\/strong> traces memory and trauma across three generations, where past, present, and future intertwine in the body and consciousness. <strong>Ruth Lauer Manenti<\/strong>, meanwhile, documents grief and familial transmission, reassembling visual fragments to prolong the presence of those who have passed.<\/p>\n<p>Other artists connect family to landscape and geology. <strong>Alyssa Warren<\/strong> layers family memory, natural landscape, and analog processes to shape sensitive narratives and identities. <strong>Zach Knott<\/strong> connects geology and family heritage in the Mendip Hills, where natural and personal strata intersect. <strong>Artur Le\u00e3o<\/strong> maps subterranean strata and ancestral sites to explore trauma and mystical intuitions. <strong>Theo Zeal<\/strong> layers memories, reconstructed landscapes, and material traces to create a tactile narrative about memory and illness, while Ella Bryant materializes fragile psychological states as strata on photographic paper. In her work, <strong>Ali Uchida<\/strong> explores Tsushima Island, where buried memories settle in the mountains, the sea, the paths, and the houses, forming thin layers of light that slowly slip into the unconscious.<\/p>\n<p>Geology as human memory is a central theme in <strong>Sergio Lovati<\/strong>\u2019s work, where mountains and fissures become palimpsests of time and transformation. <strong>Jessica Lennan<\/strong> superimposes rock strata and traces of pigment to create a dialogue between landscape and perception. <strong>Angela Tozzi<\/strong>, meanwhile, documents the melting of the Rh\u00f4ne Glacier, where layers of ice, scars, and human interventions become symbols of memory and resistance in the face of climate change.<\/p>\n<p>In marine environments, <strong>Yvette Monahan<\/strong> demonstrates how fish bodies accumulate memory and ecological conditions, while <strong>Sarah Braeck<\/strong> brings to light the carbon cycles sequestered by brown algae, layering scientific and gestural elements to reveal the memory and transformation of ecosystems.<\/p>\n<p>Through these different approaches, sedimentation unfolds as a poetic and conceptual tool for thinking about accumulation, erasure, and continuity, revealing the layers that make up our world\u2014whether human, natural, or emotional.<\/p>\n<p>&nbsp;<\/p>\n<p class=\"img_caption\"><img loading=\"lazy\" decoding=\"async\" class=\"alignnone size-full wp-image-1200\" src=\"https:\/\/www.biennale-photo-mulhouse.com\/2026en\/wp-content\/uploads\/sites\/9\/2026\/03\/Knott_5.jpeg\" alt=\"\" width=\"1280\" height=\"1024\" srcset=\"https:\/\/www.biennale-photo-mulhouse.com\/2026en\/wp-content\/uploads\/sites\/9\/2026\/03\/Knott_5.jpeg 1280w, https:\/\/www.biennale-photo-mulhouse.com\/2026en\/wp-content\/uploads\/sites\/9\/2026\/03\/Knott_5-768x614.jpeg 768w\" sizes=\"auto, (max-width: 1280px) 100vw, 1280px\" \/>Zach Knott, <em>The Rule Of Three<\/em>, 2024 &#8211; en cours<\/p>\n<p><img loading=\"lazy\" decoding=\"async\" class=\"alignnone size-large wp-image-1201\" src=\"https:\/\/www.biennale-photo-mulhouse.com\/2026en\/wp-content\/uploads\/sites\/9\/2026\/03\/PEP-Blom_08.jpg\" alt=\"\" width=\"1850\" height=\"1321\" srcset=\"https:\/\/www.biennale-photo-mulhouse.com\/2026en\/wp-content\/uploads\/sites\/9\/2026\/03\/PEP-Blom_08.jpg 1850w, https:\/\/www.biennale-photo-mulhouse.com\/2026en\/wp-content\/uploads\/sites\/9\/2026\/03\/PEP-Blom_08-768x548.jpg 768w, https:\/\/www.biennale-photo-mulhouse.com\/2026en\/wp-content\/uploads\/sites\/9\/2026\/03\/PEP-Blom_08-1536x1097.jpg 1536w\" sizes=\"auto, (max-width: 1850px) 100vw, 1850px\" \/><\/p>\n<p class=\"img_caption\">Marjolein Blom, <em>Shelves<\/em>, 2024<\/p>\n","protected":false},"excerpt":{"rendered":"<p>EN \u2b62 FR PEP x BPM : Sedimentation(s) Sue-Elie Andrade D\u00e9, Elsa Beaumont, Marjolein Blom, Sarah Braeck, Ella Bryant, Yuki Furusawa, Chiara Goia, Jess Gough, Susann Carmen Jagodzinska, Zach Knott, Ruth Lauer Manenti, Artur Le\u00e3o, Jessica Lennan, Sergio Lovati, Anne Moca\u00ebr, Yvette Monahan, Fernande Petitdemange, Julie Rochereau, Angela Tozzi, Ali Uchida, Alyssa Warren, Theo Zeal [&hellip;]<\/p>\n","protected":false},"author":3,"featured_media":0,"parent":0,"menu_order":0,"comment_status":"closed","ping_status":"closed","template":"","meta":{"footnotes":""},"categories":[1],"class_list":["post-1198","page","type-page","status-publish","hentry","category-non-classe"],"acf":{"photo_gallery":{"gallery":[[{"id":1090,"title":"LauerManenti_10","caption":"Ruth Lauer Manenti, <i>4 Sides of The Table<\/i>, 2022-2024","full_image_url":"https:\/\/www.biennale-photo-mulhouse.com\/2026en\/wp-content\/uploads\/sites\/9\/2026\/02\/LauerManenti_10.jpg","thumbnail_image_url":"https:\/\/www.biennale-photo-mulhouse.com\/2026en\/wp-content\/uploads\/sites\/9\/2026\/02\/LauerManenti_10.jpg","large_srcset":"https:\/\/www.biennale-photo-mulhouse.com\/2026en\/wp-content\/uploads\/sites\/9\/2026\/02\/LauerManenti_10.jpg 1800w, https:\/\/www.biennale-photo-mulhouse.com\/2026en\/wp-content\/uploads\/sites\/9\/2026\/02\/LauerManenti_10-768x614.jpg 768w, https:\/\/www.biennale-photo-mulhouse.com\/2026en\/wp-content\/uploads\/sites\/9\/2026\/02\/LauerManenti_10-1536x1229.jpg 1536w","medium_srcset":"https:\/\/www.biennale-photo-mulhouse.com\/2026en\/wp-content\/uploads\/sites\/9\/2026\/02\/LauerManenti_10.jpg 1800w, https:\/\/www.biennale-photo-mulhouse.com\/2026en\/wp-content\/uploads\/sites\/9\/2026\/02\/LauerManenti_10-768x614.jpg 768w, https:\/\/www.biennale-photo-mulhouse.com\/2026en\/wp-content\/uploads\/sites\/9\/2026\/02\/LauerManenti_10-1536x1229.jpg 1536w","media_details":{"width":1800,"height":1440,"sizes":{"medium_large":{"file":"LauerManenti_10-768x614.jpg","width":768,"height":614,"mime-type":"image\/jpeg","filesize":43063,"source_url":"https:\/\/www.biennale-photo-mulhouse.com\/2026en\/wp-content\/uploads\/sites\/9\/2026\/02\/LauerManenti_10-768x614.jpg"},"1536x1536":{"file":"LauerManenti_10-1536x1229.jpg","width":1536,"height":1229,"mime-type":"image\/jpeg","filesize":91074,"source_url":"https:\/\/www.biennale-photo-mulhouse.com\/2026en\/wp-content\/uploads\/sites\/9\/2026\/02\/LauerManenti_10-1536x1229.jpg"}}},"alt_text":"","url":"","target":""}]]}},"yoast_head":"<!-- This site is optimized with the Yoast SEO plugin v21.9.1 - https:\/\/yoast.com\/wordpress\/plugins\/seo\/ -->\n<title>PEP x BPM : Sedimentation(s) - 2026 Mulhouse Photography Biennial<\/title>\n<meta name=\"description\" content=\"For their second collaboration, PEP and the BPM present a group exhibition centered on the concept of sedimentation(s)\" \/>\n<meta name=\"robots\" content=\"index, follow, max-snippet:-1, max-image-preview:large, max-video-preview:-1\" \/>\n<link rel=\"canonical\" href=\"https:\/\/www.biennale-photo-mulhouse.com\/2026en\/pep-x-bpm-sedimentations\/\" \/>\n<meta property=\"og:locale\" content=\"fr_FR\" \/>\n<meta property=\"og:type\" content=\"article\" \/>\n<meta property=\"og:title\" content=\"PEP x BPM : Sedimentation(s) - 2026 Mulhouse Photography Biennial\" \/>\n<meta property=\"og:description\" content=\"For their second collaboration, PEP and the BPM present a group exhibition centered on the concept of sedimentation(s)\" \/>\n<meta property=\"og:url\" content=\"https:\/\/www.biennale-photo-mulhouse.com\/2026en\/pep-x-bpm-sedimentations\/\" \/>\n<meta property=\"og:site_name\" content=\"2026 Mulhouse Photography Biennial\" \/>\n<meta property=\"article:publisher\" content=\"https:\/\/www.facebook.com\/BiennaleDeLaPhotographieDeMulhouse\" \/>\n<meta property=\"article:modified_time\" content=\"2026-05-06T14:24:19+00:00\" \/>\n<meta property=\"og:image\" content=\"https:\/\/www.biennale-photo-mulhouse.com\/2026en\/wp-content\/uploads\/sites\/9\/2026\/03\/Knott_5.jpeg\" \/>\n<meta name=\"twitter:card\" content=\"summary_large_image\" \/>\n<meta name=\"twitter:label1\" content=\"Dur\u00e9e de lecture estim\u00e9e\" \/>\n\t<meta name=\"twitter:data1\" content=\"5 minutes\" \/>\n<script type=\"application\/ld+json\" class=\"yoast-schema-graph\">{\"@context\":\"https:\/\/schema.org\",\"@graph\":[{\"@type\":\"WebPage\",\"@id\":\"https:\/\/www.biennale-photo-mulhouse.com\/2026en\/pep-x-bpm-sedimentations\/\",\"url\":\"https:\/\/www.biennale-photo-mulhouse.com\/2026en\/pep-x-bpm-sedimentations\/\",\"name\":\"PEP x BPM : Sedimentation(s) - 2026 Mulhouse Photography Biennial\",\"isPartOf\":{\"@id\":\"https:\/\/www.biennale-photo-mulhouse.com\/2026en\/#website\"},\"datePublished\":\"2026-03-27T12:21:09+00:00\",\"dateModified\":\"2026-05-06T14:24:19+00:00\",\"description\":\"For their second collaboration, PEP and the BPM present a group exhibition centered on the concept of sedimentation(s)\",\"breadcrumb\":{\"@id\":\"https:\/\/www.biennale-photo-mulhouse.com\/2026en\/pep-x-bpm-sedimentations\/#breadcrumb\"},\"inLanguage\":\"fr-FR\",\"potentialAction\":[{\"@type\":\"ReadAction\",\"target\":[\"https:\/\/www.biennale-photo-mulhouse.com\/2026en\/pep-x-bpm-sedimentations\/\"]}]},{\"@type\":\"BreadcrumbList\",\"@id\":\"https:\/\/www.biennale-photo-mulhouse.com\/2026en\/pep-x-bpm-sedimentations\/#breadcrumb\",\"itemListElement\":[{\"@type\":\"ListItem\",\"position\":1,\"name\":\"Accueil\",\"item\":\"https:\/\/www.biennale-photo-mulhouse.com\/2026en\/\"},{\"@type\":\"ListItem\",\"position\":2,\"name\":\"PEP x BPM : Sedimentation(s)\"}]},{\"@type\":\"WebSite\",\"@id\":\"https:\/\/www.biennale-photo-mulhouse.com\/2026en\/#website\",\"url\":\"https:\/\/www.biennale-photo-mulhouse.com\/2026en\/\",\"name\":\"Biennale de la Photographie de Mulhouse\",\"description\":\"\",\"potentialAction\":[{\"@type\":\"SearchAction\",\"target\":{\"@type\":\"EntryPoint\",\"urlTemplate\":\"https:\/\/www.biennale-photo-mulhouse.com\/2026en\/?s={search_term_string}\"},\"query-input\":\"required name=search_term_string\"}],\"inLanguage\":\"fr-FR\"}]}<\/script>\n<!-- \/ Yoast SEO plugin. -->","yoast_head_json":{"title":"PEP x BPM : Sedimentation(s) - 2026 Mulhouse Photography Biennial","description":"For their second collaboration, PEP and the BPM present a group exhibition centered on the concept of sedimentation(s)","robots":{"index":"index","follow":"follow","max-snippet":"max-snippet:-1","max-image-preview":"max-image-preview:large","max-video-preview":"max-video-preview:-1"},"canonical":"https:\/\/www.biennale-photo-mulhouse.com\/2026en\/pep-x-bpm-sedimentations\/","og_locale":"fr_FR","og_type":"article","og_title":"PEP x BPM : Sedimentation(s) - 2026 Mulhouse Photography Biennial","og_description":"For their second collaboration, PEP and the BPM present a group exhibition centered on the concept of sedimentation(s)","og_url":"https:\/\/www.biennale-photo-mulhouse.com\/2026en\/pep-x-bpm-sedimentations\/","og_site_name":"2026 Mulhouse Photography Biennial","article_publisher":"https:\/\/www.facebook.com\/BiennaleDeLaPhotographieDeMulhouse","article_modified_time":"2026-05-06T14:24:19+00:00","og_image":[{"url":"https:\/\/www.biennale-photo-mulhouse.com\/2026en\/wp-content\/uploads\/sites\/9\/2026\/03\/Knott_5.jpeg"}],"twitter_card":"summary_large_image","twitter_misc":{"Dur\u00e9e de lecture estim\u00e9e":"5 minutes"},"schema":{"@context":"https:\/\/schema.org","@graph":[{"@type":"WebPage","@id":"https:\/\/www.biennale-photo-mulhouse.com\/2026en\/pep-x-bpm-sedimentations\/","url":"https:\/\/www.biennale-photo-mulhouse.com\/2026en\/pep-x-bpm-sedimentations\/","name":"PEP x BPM : Sedimentation(s) - 2026 Mulhouse Photography Biennial","isPartOf":{"@id":"https:\/\/www.biennale-photo-mulhouse.com\/2026en\/#website"},"datePublished":"2026-03-27T12:21:09+00:00","dateModified":"2026-05-06T14:24:19+00:00","description":"For their second collaboration, PEP and the BPM present a group exhibition centered on the concept of sedimentation(s)","breadcrumb":{"@id":"https:\/\/www.biennale-photo-mulhouse.com\/2026en\/pep-x-bpm-sedimentations\/#breadcrumb"},"inLanguage":"fr-FR","potentialAction":[{"@type":"ReadAction","target":["https:\/\/www.biennale-photo-mulhouse.com\/2026en\/pep-x-bpm-sedimentations\/"]}]},{"@type":"BreadcrumbList","@id":"https:\/\/www.biennale-photo-mulhouse.com\/2026en\/pep-x-bpm-sedimentations\/#breadcrumb","itemListElement":[{"@type":"ListItem","position":1,"name":"Accueil","item":"https:\/\/www.biennale-photo-mulhouse.com\/2026en\/"},{"@type":"ListItem","position":2,"name":"PEP x BPM : Sedimentation(s)"}]},{"@type":"WebSite","@id":"https:\/\/www.biennale-photo-mulhouse.com\/2026en\/#website","url":"https:\/\/www.biennale-photo-mulhouse.com\/2026en\/","name":"Biennale de la Photographie de Mulhouse","description":"","potentialAction":[{"@type":"SearchAction","target":{"@type":"EntryPoint","urlTemplate":"https:\/\/www.biennale-photo-mulhouse.com\/2026en\/?s={search_term_string}"},"query-input":"required name=search_term_string"}],"inLanguage":"fr-FR"}]}},"_links":{"self":[{"href":"https:\/\/www.biennale-photo-mulhouse.com\/2026en\/wp-json\/wp\/v2\/pages\/1198","targetHints":{"allow":["GET"]}}],"collection":[{"href":"https:\/\/www.biennale-photo-mulhouse.com\/2026en\/wp-json\/wp\/v2\/pages"}],"about":[{"href":"https:\/\/www.biennale-photo-mulhouse.com\/2026en\/wp-json\/wp\/v2\/types\/page"}],"author":[{"embeddable":true,"href":"https:\/\/www.biennale-photo-mulhouse.com\/2026en\/wp-json\/wp\/v2\/users\/3"}],"replies":[{"embeddable":true,"href":"https:\/\/www.biennale-photo-mulhouse.com\/2026en\/wp-json\/wp\/v2\/comments?post=1198"}],"version-history":[{"count":5,"href":"https:\/\/www.biennale-photo-mulhouse.com\/2026en\/wp-json\/wp\/v2\/pages\/1198\/revisions"}],"predecessor-version":[{"id":1319,"href":"https:\/\/www.biennale-photo-mulhouse.com\/2026en\/wp-json\/wp\/v2\/pages\/1198\/revisions\/1319"}],"wp:attachment":[{"href":"https:\/\/www.biennale-photo-mulhouse.com\/2026en\/wp-json\/wp\/v2\/media?parent=1198"}],"wp:term":[{"taxonomy":"category","embeddable":true,"href":"https:\/\/www.biennale-photo-mulhouse.com\/2026en\/wp-json\/wp\/v2\/categories?post=1198"}],"curies":[{"name":"wp","href":"https:\/\/api.w.org\/{rel}","templated":true}]}}