{"id":1077,"date":"2026-02-24T10:52:14","date_gmt":"2026-02-24T09:52:14","guid":{"rendered":"https:\/\/www.biennale-photo-mulhouse.com\/2026en\/?page_id=1077"},"modified":"2026-04-01T15:59:27","modified_gmt":"2026-04-01T13:59:27","slug":"all-the-exhibitions","status":"publish","type":"page","link":"https:\/\/www.biennale-photo-mulhouse.com\/2026en\/all-the-exhibitions\/","title":{"rendered":"All the exhibitions"},"content":{"rendered":"<p><strong><span class=\"small\">EN \u2b62 <a href=\"https:\/\/www.biennale-photo-mulhouse.com\/2026\/toutes-les-expositions\/\">FR<\/a><\/span><\/strong><\/p>\n<h1><span class=\"theme_color\">All the exhibitions<\/span><\/h1>\n<h2 class=\"cancel_mt\">of the 2026 BPM\u00a0<\/h2>\n<p>All exhibitions at the BPM &#8211; Biennale de la Photographie de Mulhouse are free to the public.<\/p>\n<p><img loading=\"lazy\" decoding=\"async\" class=\"alignnone size-full wp-image-1153\" src=\"https:\/\/www.biennale-photo-mulhouse.com\/2026en\/wp-content\/uploads\/sites\/9\/2026\/03\/carte-A3-scaled.jpg\" alt=\"\" width=\"2560\" height=\"1570\" srcset=\"https:\/\/www.biennale-photo-mulhouse.com\/2026en\/wp-content\/uploads\/sites\/9\/2026\/03\/carte-A3-scaled.jpg 2560w, https:\/\/www.biennale-photo-mulhouse.com\/2026en\/wp-content\/uploads\/sites\/9\/2026\/03\/carte-A3-768x471.jpg 768w, https:\/\/www.biennale-photo-mulhouse.com\/2026en\/wp-content\/uploads\/sites\/9\/2026\/03\/carte-A3-1536x942.jpg 1536w, https:\/\/www.biennale-photo-mulhouse.com\/2026en\/wp-content\/uploads\/sites\/9\/2026\/03\/carte-A3-2048x1256.jpg 2048w\" sizes=\"auto, (max-width: 2560px) 100vw, 2560px\" \/><\/p>\n<p class=\"offsetted with_color_diamond\"><em><strong><span class=\"theme_color\">1. <a href=\"https:\/\/www.biennale-photo-mulhouse.com\/2026en\/sedimentations-a-constellation\/\">S\u00e9dimentation(s) &#8211; une constellation<\/a><\/span> <\/strong>(Sedimentation(s) &#8211; a constellation)<\/em><br \/>\n<span class=\"small\"><strong>Fine Arts Museum, Mulhouse<\/strong><\/span><br \/>\n<span class=\"small\"><strong>June 5 &#8211; September 20\u00a0<br \/>\n<\/strong><strong>Every day (except Tuesday and public holidays) from 10 a.m. to 1 p.m. and from 2 p.m. to 6 p.m.<\/strong><\/span><br \/>\nGa\u00eblle Delort, Marilia Destot, R\u0131fat G\u00f6belez, Bernard Guillot, Pauline Hisbacq, Sangyon Joo, Eugenie Shinkle, Roselyne Titaud with the photographs from the Nic\u00e9phore Ni\u00e9pce Museum\u2019s collection<br \/>\nCurator : Anne Immel\u00e9<\/p>\n<p class=\"offsetted with_color_diamond\"><span class=\"theme_color\"><strong><em>2. <a href=\"https:\/\/www.biennale-photo-mulhouse.com\/2026en\/limits-of-control-jenia-fridlyand\/\">Limits of control<\/a><\/em><\/strong><\/span><br \/>\n<span class=\"small\"><strong>Fine Arts Museum, Mulhouse<\/strong><\/span><br \/>\n<span class=\"small\"><strong>June 5 &#8211; September 20<br \/>\nEvery day (except Tuesday and public holidays) from 10 a.m. to 1 p.m. and from 2 p.m. to 6 p.m.\u00a0<\/strong><\/span><br \/>\nJenia Fridlyand<br \/>\nCurator : Nigel Baldacchino<\/p>\n<p class=\"offsetted with_color_diamond\"><em><span class=\"theme_color\"><strong>3.<a href=\"https:\/\/www.biennale-photo-mulhouse.com\/2026en\/pep-x-bpm-sedimentations\/\"> PEP x BPM : Sedimentation(s)<\/a><\/strong><\/span><\/em><br \/>\n<span class=\"small\"><strong>Grand&rsquo;Rue Library, Mulhouse<\/strong><\/span><br \/>\n<span class=\"small\"><strong>June 5 &#8211; July 4<br \/>\n<\/strong><strong>Tuesday through Friday from 10 a.m. to 12 a.m. and from 1:30 p.m. to 6:30 p.m., Saturday from 10 a.m. to 5:30 p.m.<\/strong><\/span><br \/>\nSue-Elie Andrade D\u00e9, Elsa Beaumont, Marjolein Blom, Sarah Braeck, Ella Bryant, Yuki Furusawa, Chiara Goia, Jess Gough, Susann Carmen Jagodzinska, Zach Knott, Ruth Lauer Manenti, Artur Le\u00e3o, Jessica Lennan, Sergio Lovati, Anne Moca\u00ebr, Yvette Monahan, Fernande Petitdemange, Julie Rochereau, Angela Tozzi, Ali Uchida, Alyssa Warren, Theo Zeal<br \/>\nCurators : B\u00e9n\u00e9dicte Blondeau et Anne Immel\u00e9<\/p>\n<p class=\"offsetted with_color_diamond\"><span class=\"theme_color\"><strong><em>4. <a href=\"https:\/\/www.biennale-photo-mulhouse.com\/2026en\/which-way-the-wind-blows-tiago-casanova\/\">Which way the wind blows<\/a><\/em><\/strong><\/span><br \/>\n<span class=\"small\"><strong>Saint-Jean Chapel, Mulhouse<\/strong><\/span><br \/>\n<span class=\"small\"><strong>June 6 &#8211; July 5<br \/>\n<\/strong><strong>Saturday and sunday from 2 to 6 p.m.\u00a0<\/strong><\/span><br \/>\nTiago Casanova<\/p>\n<p class=\"offsetted with_color_diamond\"><em><span class=\"theme_color\"><strong>5. <a href=\"https:\/\/www.biennale-photo-mulhouse.com\/2026en\/settled\/\">Settled<\/a><\/strong><\/span><\/em><br \/>\n<span class=\"small\"><strong>La Filature, Mulhouse<\/strong><\/span><br \/>\n<span class=\"small\"><strong>May 16 &#8211; July 11<br \/>\n<\/strong><strong>Tuesday through Saturday from 1 p.m. to 6 p.m., Sunday from 2 p.m. to 6 p.m. (closed on Sundays in July), and on performance nights<\/strong><\/span><br \/>\nAdji Dieye, Jennifer Douzenel, Eric Gyamfi, Kapwani Kiwanga, George Mahashe, Otobong Nkanga, Leonard Pongo<br \/>\nCurator: Ange-Fr\u00e9d\u00e9ric Koffi<br \/>\nCoproduction : La Filature, Sc\u00e8ne nationale de Mulhouse \/ BPM &#8211; Biennale de la Photographie de Mulhouse<\/p>\n<p class=\"offsetted with_color_diamond\"><span class=\"theme_color\"><em><strong>6. <a href=\"https:\/\/www.biennale-photo-mulhouse.com\/2026en\/bruissements-whispers\/\">Bruissements <\/a><\/strong><\/em><\/span><em>(Whispers)<\/em><br \/>\n<span class=\"small\"><strong>La KunstTurm, Europe Tower (14th floor), Mulhouse<\/strong><\/span><br \/>\n<span class=\"small\"><strong>June 6 &#8211; July 5\u00a0<br \/>\n<\/strong><strong>Saturday and sunday from 2 to 6 p.m.\u00a0<\/strong><\/span><br \/>\nRebecca Bowring, Eleonora Calvelli, Fran\u00e7ois Jonquet, Katya Lesiv, Natalie Malisse, Ulf Lundin, Margot Wallard<br \/>\nCurator : Magali Avezou<\/p>\n<p class=\"offsetted with_color_diamond\"><span class=\"theme_color\"><em><strong>7. <a href=\"https:\/\/www.biennale-photo-mulhouse.com\/2026en\/am-lowentor-roselyne-titaud\/\">Am L\u00f6wentor<\/a><\/strong><\/em><\/span><br \/>\n<span class=\"small\"><strong>Entrance hall of the Europe Tower, Mulhouse<\/strong><\/span><br \/>\n<span class=\"small\"><strong>June 5- July 5\u00a0<\/strong><\/span><br \/>\nRoselyne Titaud<\/p>\n<p class=\"offsetted with_color_diamond\"><span class=\"theme_color\"><strong><em>8. <a href=\"https:\/\/www.biennale-photo-mulhouse.com\/2026en\/if-someone-had-told-me-my-lives-as-a-photographer-jean-claude-figenwald\/\">Si on m\u2019avait dit. Mes vies de photographe<\/a> <\/em><\/strong><\/span><em>(If someone had told me. My lives as a photographer)<\/em><br \/>\n<strong><span class=\"small\">Le S\u00e9choir, Mulhouse<\/span><\/strong><br \/>\n<strong><span class=\"small\">June 6 &#8211; July 5<br \/>\nSaturday and sunday from 2 to 6 p.m.\u00a0<\/span><\/strong><br \/>\nJean-Claude Figenwald<br \/>\nExhibition produced in collaboration with Mulhouse Art Contemporain<\/p>\n<p class=\"offsetted with_color_diamond\"><a href=\"https:\/\/www.biennale-photo-mulhouse.com\/2026en\/pablo-castilla-altiplano\/\"><span class=\"theme_color\"><strong><em>9. Altiplano<\/em><\/strong><\/span><\/a><br \/>\n<span class=\"small\"><strong>Berges de l&rsquo;Ill\/Quai des Cigognes (near \u00ab\u00a0la Maison des Berges\u00a0\u00bb), Mulhouse<\/strong><\/span><br \/>\n<span class=\"small\"><strong>June 2025 &#8211; \u0083 July 2026<\/strong><\/span><br \/>\nPablo Castilla<br \/>\nExhibition produced in collaboration with Mulhouse Art Contemporain<\/p>\n<p class=\"offsetted with_color_diamond\"><span class=\"theme_color\"><em><strong>10. <a href=\"https:\/\/www.biennale-photo-mulhouse.com\/2026en\/cardinal-point-v\/\">Point Cardinal V<\/a> <\/strong><\/em><\/span><em>(Cardinal Point V)<\/em><br \/>\n<span class=\"small\"><strong>Along the Rhine canal (opposite MISE) and on the forecourt Adrien Zeller (in front of the train station), Mulhouse<\/strong><\/span><br \/>\n<span class=\"small\"><strong>June 5 &#8211; July 5<\/strong><\/span><br \/>\nWith and by the students from the Grand Est Region\u2019s Art Schools and their photography teachers : Constance Nouvel, Delphine Gatinois, Andrea Keen, Laurent Montaron, Anne Immel\u00e9, Isabelle Le Minh<\/p>\n<p class=\"offsetted with_color_diamond\"><span class=\"theme_color\"><strong><em>11. <a href=\"https:\/\/www.biennale-photo-mulhouse.com\/2026en\/scope-of-transformations-manuela-marques\/\">P\u00e9rim\u00e8tre de transformations<\/a> <\/em><\/strong><\/span><em>(Scope of transformations)<\/em><br \/>\n<span class=\"small\"><strong>French Cultural Center Freiburg, Freiburg im Breisgau<\/strong><\/span><br \/>\n<span class=\"small\"><strong>May 8 -\u0083 September 4<br \/>\nMonday from 10 a.m. to 5:15 p.m., tuesday to thursday from 9 a.m. to\u00a0 5:15 p.m., saturday from 9 a.m. to 1:45 p.m.\u00a0<\/strong><\/span><br \/>\nManuela Marques<\/p>\n<p class=\"offsetted with_color_diamond\"><span class=\"theme_color\"><strong><em>12. <a href=\"https:\/\/www.biennale-photo-mulhouse.com\/2026en\/sediments-of-memory\/\">S\u00e9diments de m\u00e9moire<\/a> <\/em><\/strong><\/span><em>(S\u00e9diments of memory)<\/em><br \/>\n<span class=\"small\"><strong>St\u00e4dtische Galerie Freiburg, the Morat Hallen, Freiburg im Breisgau<\/strong><\/span><br \/>\n<span class=\"small\"><strong>May 22 &#8211; July 5 <\/strong><\/span>\u00a0<br \/>\n<span class=\"small\"><strong>Thursday and Friday from 4 p.m. to 7:00 p.m., Saturday and Sunday from 11 a.m. to 5 p.m., closed on (German) public holidays<\/strong><\/span><br \/>\nSandra Eades, Gisoo Kim, Lilly Lulay, Dalmonia Rognean, Wenke Seemann<br \/>\nCurators : Camille Rey et Eva Kallenberger<\/p>\n","protected":false},"excerpt":{"rendered":"<p>EN \u2b62 FR All the exhibitions of the 2026 BPM\u00a0 All exhibitions at the BPM &#8211; Biennale de la Photographie de Mulhouse are free to the public. 1. S\u00e9dimentation(s) &#8211; une constellation (Sedimentation(s) &#8211; a constellation) Fine Arts Museum, Mulhouse June 5 &#8211; September 20\u00a0 Every day (except Tuesday and public holidays) from 10 a.m. [&hellip;]<\/p>\n","protected":false},"author":3,"featured_media":0,"parent":0,"menu_order":0,"comment_status":"closed","ping_status":"closed","template":"","meta":{"footnotes":""},"categories":[1],"class_list":["post-1077","page","type-page","status-publish","hentry","category-non-classe"],"acf":{"photo_gallery":{"gallery":[[{"id":1084,"title":"Jonquetforage 092 VOID 2023","caption":"Fran\u00e7ois Jonquet, <i>Forage<\/i>, 2023","full_image_url":"https:\/\/www.biennale-photo-mulhouse.com\/2026en\/wp-content\/uploads\/sites\/9\/2026\/02\/Jonquetforage-092-VOID-2023.jpg","thumbnail_image_url":"https:\/\/www.biennale-photo-mulhouse.com\/2026en\/wp-content\/uploads\/sites\/9\/2026\/02\/Jonquetforage-092-VOID-2023.jpg","large_srcset":"https:\/\/www.biennale-photo-mulhouse.com\/2026en\/wp-content\/uploads\/sites\/9\/2026\/02\/Jonquetforage-092-VOID-2023.jpg 876w, https:\/\/www.biennale-photo-mulhouse.com\/2026en\/wp-content\/uploads\/sites\/9\/2026\/02\/Jonquetforage-092-VOID-2023-768x604.jpg 768w","medium_srcset":"https:\/\/www.biennale-photo-mulhouse.com\/2026en\/wp-content\/uploads\/sites\/9\/2026\/02\/Jonquetforage-092-VOID-2023.jpg 876w, https:\/\/www.biennale-photo-mulhouse.com\/2026en\/wp-content\/uploads\/sites\/9\/2026\/02\/Jonquetforage-092-VOID-2023-768x604.jpg 768w","media_details":{"width":876,"height":689,"sizes":{"medium_large":{"file":"Jonquetforage-092-VOID-2023-768x604.jpg","width":768,"height":604,"mime-type":"image\/jpeg","filesize":148816,"source_url":"https:\/\/www.biennale-photo-mulhouse.com\/2026en\/wp-content\/uploads\/sites\/9\/2026\/02\/Jonquetforage-092-VOID-2023-768x604.jpg"}}},"alt_text":"","url":"","target":""}]]}},"yoast_head":"<!-- This site is optimized with the Yoast SEO plugin v21.9.1 - https:\/\/yoast.com\/wordpress\/plugins\/seo\/ -->\n<title>All the exhibitions - 2026 Mulhouse Photography Biennial<\/title>\n<meta name=\"description\" content=\"All exhibitions at the BPM - Biennale de la Photographie de Mulhouse are free to the public.\" \/>\n<meta name=\"robots\" content=\"index, follow, max-snippet:-1, max-image-preview:large, max-video-preview:-1\" \/>\n<link rel=\"canonical\" href=\"https:\/\/www.biennale-photo-mulhouse.com\/2026en\/all-the-exhibitions\/\" \/>\n<meta property=\"og:locale\" content=\"fr_FR\" \/>\n<meta property=\"og:type\" content=\"article\" \/>\n<meta property=\"og:title\" content=\"All the exhibitions - 2026 Mulhouse Photography Biennial\" \/>\n<meta property=\"og:description\" content=\"All exhibitions at the BPM - Biennale de la Photographie de Mulhouse are free to the public.\" \/>\n<meta property=\"og:url\" content=\"https:\/\/www.biennale-photo-mulhouse.com\/2026en\/all-the-exhibitions\/\" \/>\n<meta property=\"og:site_name\" content=\"2026 Mulhouse Photography Biennial\" \/>\n<meta property=\"article:publisher\" content=\"https:\/\/www.facebook.com\/BiennaleDeLaPhotographieDeMulhouse\" \/>\n<meta property=\"article:modified_time\" content=\"2026-04-01T13:59:27+00:00\" \/>\n<meta property=\"og:image\" content=\"https:\/\/www.biennale-photo-mulhouse.com\/2026en\/wp-content\/uploads\/sites\/9\/2026\/03\/carte-A3-scaled.jpg\" \/>\n<meta name=\"twitter:card\" content=\"summary_large_image\" \/>\n<meta name=\"twitter:label1\" content=\"Dur\u00e9e de lecture estim\u00e9e\" \/>\n\t<meta name=\"twitter:data1\" content=\"4 minutes\" \/>\n<script type=\"application\/ld+json\" class=\"yoast-schema-graph\">{\"@context\":\"https:\/\/schema.org\",\"@graph\":[{\"@type\":\"WebPage\",\"@id\":\"https:\/\/www.biennale-photo-mulhouse.com\/2026en\/all-the-exhibitions\/\",\"url\":\"https:\/\/www.biennale-photo-mulhouse.com\/2026en\/all-the-exhibitions\/\",\"name\":\"All the exhibitions - 2026 Mulhouse Photography Biennial\",\"isPartOf\":{\"@id\":\"https:\/\/www.biennale-photo-mulhouse.com\/2026en\/#website\"},\"datePublished\":\"2026-02-24T09:52:14+00:00\",\"dateModified\":\"2026-04-01T13:59:27+00:00\",\"description\":\"All exhibitions at the BPM - Biennale de la Photographie de Mulhouse are free to the public.\",\"breadcrumb\":{\"@id\":\"https:\/\/www.biennale-photo-mulhouse.com\/2026en\/all-the-exhibitions\/#breadcrumb\"},\"inLanguage\":\"fr-FR\",\"potentialAction\":[{\"@type\":\"ReadAction\",\"target\":[\"https:\/\/www.biennale-photo-mulhouse.com\/2026en\/all-the-exhibitions\/\"]}]},{\"@type\":\"BreadcrumbList\",\"@id\":\"https:\/\/www.biennale-photo-mulhouse.com\/2026en\/all-the-exhibitions\/#breadcrumb\",\"itemListElement\":[{\"@type\":\"ListItem\",\"position\":1,\"name\":\"Accueil\",\"item\":\"https:\/\/www.biennale-photo-mulhouse.com\/2026en\/\"},{\"@type\":\"ListItem\",\"position\":2,\"name\":\"All the exhibitions\"}]},{\"@type\":\"WebSite\",\"@id\":\"https:\/\/www.biennale-photo-mulhouse.com\/2026en\/#website\",\"url\":\"https:\/\/www.biennale-photo-mulhouse.com\/2026en\/\",\"name\":\"Biennale de la Photographie de Mulhouse\",\"description\":\"\",\"potentialAction\":[{\"@type\":\"SearchAction\",\"target\":{\"@type\":\"EntryPoint\",\"urlTemplate\":\"https:\/\/www.biennale-photo-mulhouse.com\/2026en\/?s={search_term_string}\"},\"query-input\":\"required name=search_term_string\"}],\"inLanguage\":\"fr-FR\"}]}<\/script>\n<!-- \/ Yoast SEO plugin. -->","yoast_head_json":{"title":"All the exhibitions - 2026 Mulhouse Photography Biennial","description":"All exhibitions at the BPM - Biennale de la Photographie de Mulhouse are free to the public.","robots":{"index":"index","follow":"follow","max-snippet":"max-snippet:-1","max-image-preview":"max-image-preview:large","max-video-preview":"max-video-preview:-1"},"canonical":"https:\/\/www.biennale-photo-mulhouse.com\/2026en\/all-the-exhibitions\/","og_locale":"fr_FR","og_type":"article","og_title":"All the exhibitions - 2026 Mulhouse Photography Biennial","og_description":"All exhibitions at the BPM - Biennale de la Photographie de Mulhouse are free to the public.","og_url":"https:\/\/www.biennale-photo-mulhouse.com\/2026en\/all-the-exhibitions\/","og_site_name":"2026 Mulhouse Photography Biennial","article_publisher":"https:\/\/www.facebook.com\/BiennaleDeLaPhotographieDeMulhouse","article_modified_time":"2026-04-01T13:59:27+00:00","og_image":[{"url":"https:\/\/www.biennale-photo-mulhouse.com\/2026en\/wp-content\/uploads\/sites\/9\/2026\/03\/carte-A3-scaled.jpg"}],"twitter_card":"summary_large_image","twitter_misc":{"Dur\u00e9e de lecture estim\u00e9e":"4 minutes"},"schema":{"@context":"https:\/\/schema.org","@graph":[{"@type":"WebPage","@id":"https:\/\/www.biennale-photo-mulhouse.com\/2026en\/all-the-exhibitions\/","url":"https:\/\/www.biennale-photo-mulhouse.com\/2026en\/all-the-exhibitions\/","name":"All the exhibitions - 2026 Mulhouse Photography Biennial","isPartOf":{"@id":"https:\/\/www.biennale-photo-mulhouse.com\/2026en\/#website"},"datePublished":"2026-02-24T09:52:14+00:00","dateModified":"2026-04-01T13:59:27+00:00","description":"All exhibitions at the BPM - Biennale de la Photographie de Mulhouse are free to the public.","breadcrumb":{"@id":"https:\/\/www.biennale-photo-mulhouse.com\/2026en\/all-the-exhibitions\/#breadcrumb"},"inLanguage":"fr-FR","potentialAction":[{"@type":"ReadAction","target":["https:\/\/www.biennale-photo-mulhouse.com\/2026en\/all-the-exhibitions\/"]}]},{"@type":"BreadcrumbList","@id":"https:\/\/www.biennale-photo-mulhouse.com\/2026en\/all-the-exhibitions\/#breadcrumb","itemListElement":[{"@type":"ListItem","position":1,"name":"Accueil","item":"https:\/\/www.biennale-photo-mulhouse.com\/2026en\/"},{"@type":"ListItem","position":2,"name":"All the exhibitions"}]},{"@type":"WebSite","@id":"https:\/\/www.biennale-photo-mulhouse.com\/2026en\/#website","url":"https:\/\/www.biennale-photo-mulhouse.com\/2026en\/","name":"Biennale de la Photographie de Mulhouse","description":"","potentialAction":[{"@type":"SearchAction","target":{"@type":"EntryPoint","urlTemplate":"https:\/\/www.biennale-photo-mulhouse.com\/2026en\/?s={search_term_string}"},"query-input":"required name=search_term_string"}],"inLanguage":"fr-FR"}]}},"_links":{"self":[{"href":"https:\/\/www.biennale-photo-mulhouse.com\/2026en\/wp-json\/wp\/v2\/pages\/1077","targetHints":{"allow":["GET"]}}],"collection":[{"href":"https:\/\/www.biennale-photo-mulhouse.com\/2026en\/wp-json\/wp\/v2\/pages"}],"about":[{"href":"https:\/\/www.biennale-photo-mulhouse.com\/2026en\/wp-json\/wp\/v2\/types\/page"}],"author":[{"embeddable":true,"href":"https:\/\/www.biennale-photo-mulhouse.com\/2026en\/wp-json\/wp\/v2\/users\/3"}],"replies":[{"embeddable":true,"href":"https:\/\/www.biennale-photo-mulhouse.com\/2026en\/wp-json\/wp\/v2\/comments?post=1077"}],"version-history":[{"count":13,"href":"https:\/\/www.biennale-photo-mulhouse.com\/2026en\/wp-json\/wp\/v2\/pages\/1077\/revisions"}],"predecessor-version":[{"id":1278,"href":"https:\/\/www.biennale-photo-mulhouse.com\/2026en\/wp-json\/wp\/v2\/pages\/1077\/revisions\/1278"}],"wp:attachment":[{"href":"https:\/\/www.biennale-photo-mulhouse.com\/2026en\/wp-json\/wp\/v2\/media?parent=1077"}],"wp:term":[{"taxonomy":"category","embeddable":true,"href":"https:\/\/www.biennale-photo-mulhouse.com\/2026en\/wp-json\/wp\/v2\/categories?post=1077"}],"curies":[{"name":"wp","href":"https:\/\/api.w.org\/{rel}","templated":true}]}}