{"id":1061,"date":"2026-01-20T11:24:34","date_gmt":"2026-01-20T10:24:34","guid":{"rendered":"https:\/\/www.biennale-photo-mulhouse.com\/2026en\/?page_id=1061"},"modified":"2026-03-30T12:17:18","modified_gmt":"2026-03-30T10:17:18","slug":"curators","status":"publish","type":"page","link":"https:\/\/www.biennale-photo-mulhouse.com\/2026en\/curators\/","title":{"rendered":"Curators"},"content":{"rendered":"<p><strong><span class=\"small\">EN \u2b62 <a href=\"https:\/\/www.biennale-photo-mulhouse.com\/2026\/commissaires-dexposition\/\">FR<\/a><\/span><\/strong><\/p>\n<h2><span class=\"theme_color\">curators<\/span><\/h2>\n<p>Under the artistic direction of Anne Immel\u00e9, the exhibitions for the 2026 edition of the BPM &#8211; Biennale de la Photographie de Mulhouse were conceived and organized by associate curators.<\/p>\n<p>This diversity of perspectives allows the theme, <em>Sedimentation(s)<\/em>, to be explored from multiple angles.<\/p>\n<p class=\"offsetted with_color_arrow\"><strong><span class=\"theme_color\">Discover their portraits!<\/span> <\/strong><\/p>\n<h2>Anne immel\u00e9<\/h2>\n<p><img loading=\"lazy\" decoding=\"async\" class=\"alignnone size-full wp-image-1067\" src=\"https:\/\/www.biennale-photo-mulhouse.com\/2026en\/wp-content\/uploads\/sites\/9\/2026\/01\/portraits-commissaires6-scaled.jpg\" alt=\"\" width=\"2048\" height=\"2560\" srcset=\"https:\/\/www.biennale-photo-mulhouse.com\/2026en\/wp-content\/uploads\/sites\/9\/2026\/01\/portraits-commissaires6-scaled.jpg 2048w, https:\/\/www.biennale-photo-mulhouse.com\/2026en\/wp-content\/uploads\/sites\/9\/2026\/01\/portraits-commissaires6-768x960.jpg 768w, https:\/\/www.biennale-photo-mulhouse.com\/2026en\/wp-content\/uploads\/sites\/9\/2026\/01\/portraits-commissaires6-1229x1536.jpg 1229w, https:\/\/www.biennale-photo-mulhouse.com\/2026en\/wp-content\/uploads\/sites\/9\/2026\/01\/portraits-commissaires6-1638x2048.jpg 1638w\" sizes=\"auto, (max-width: 2048px) 100vw, 2048px\" \/><\/p>\n<p>Anne Immel\u00e9 holds a PhD in art and is a photographer, photography professor at HEAR, and exhibition curator. Her work explores the interplay between memory, territory, and hospitality. Her work explores the links between memory, territory, and hospitality, and her images, which are both poetic and politically engaged, question the notions of refuge and displacement. Her images are regularly exhibited, as was in 2025 the case at the Mad\u00e9 gallery, as part of the FLOW festival, and at Le Cri des Lumi\u00e8res. She is the author of several books and articles, notably published in Art Press. She founded the BPM &#8211; Biennale de la Photographie de Mulhouse, for which she works as artistic director and curator of certain exhibitions. Her curatorial work is often based on a spatial understanding of places and the association of photographs with one another.<\/p>\n<h2>magali avezou<\/h2>\n<p><img loading=\"lazy\" decoding=\"async\" class=\"alignnone size-full wp-image-1063\" src=\"https:\/\/www.biennale-photo-mulhouse.com\/2026en\/wp-content\/uploads\/sites\/9\/2026\/01\/portraits-commissaires2-scaled.jpg\" alt=\"\" width=\"2048\" height=\"2560\" srcset=\"https:\/\/www.biennale-photo-mulhouse.com\/2026en\/wp-content\/uploads\/sites\/9\/2026\/01\/portraits-commissaires2-scaled.jpg 2048w, https:\/\/www.biennale-photo-mulhouse.com\/2026en\/wp-content\/uploads\/sites\/9\/2026\/01\/portraits-commissaires2-768x960.jpg 768w, https:\/\/www.biennale-photo-mulhouse.com\/2026en\/wp-content\/uploads\/sites\/9\/2026\/01\/portraits-commissaires2-1229x1536.jpg 1229w, https:\/\/www.biennale-photo-mulhouse.com\/2026en\/wp-content\/uploads\/sites\/9\/2026\/01\/portraits-commissaires2-1638x2048.jpg 1638w\" sizes=\"auto, (max-width: 2048px) 100vw, 2048px\" \/><\/p>\n<p>Magali Avezou is a curator specializing in photography. She is interested in the status of contemporary images and books as media, and designs hybrid curatorial and mediation projects. She has collaborated with Manifesta, Flowers Gallery, and Rencontres d\u2019Arles, and contributes to editorial projects in terms of design and writing. She is an associate lecturer at IED (Milan) and Sciences Po (Aix-en-Provence) and regularly speaks at European schools and universities. Magali Avezou is a member of C.E.A.<\/p>\n<h2>nigel baldacchino<\/h2>\n<p><img loading=\"lazy\" decoding=\"async\" class=\"alignnone size-full wp-image-1065\" src=\"https:\/\/www.biennale-photo-mulhouse.com\/2026en\/wp-content\/uploads\/sites\/9\/2026\/01\/portraits-commissaires4-scaled.jpg\" alt=\"\" width=\"2048\" height=\"2560\" srcset=\"https:\/\/www.biennale-photo-mulhouse.com\/2026en\/wp-content\/uploads\/sites\/9\/2026\/01\/portraits-commissaires4-scaled.jpg 2048w, https:\/\/www.biennale-photo-mulhouse.com\/2026en\/wp-content\/uploads\/sites\/9\/2026\/01\/portraits-commissaires4-768x960.jpg 768w, https:\/\/www.biennale-photo-mulhouse.com\/2026en\/wp-content\/uploads\/sites\/9\/2026\/01\/portraits-commissaires4-1229x1536.jpg 1229w, https:\/\/www.biennale-photo-mulhouse.com\/2026en\/wp-content\/uploads\/sites\/9\/2026\/01\/portraits-commissaires4-1638x2048.jpg 1638w\" sizes=\"auto, (max-width: 2048px) 100vw, 2048px\" \/><\/p>\n<p>Nigel Baldacchino is an artist and designer based in Malta (EU) whose practice spans photography, sound, text, and spatial design. With Anne Immel\u00e9 and B\u00e9n\u00e9dicte Blondeau, he co-founded the photography-centred itinerant exhibition project <em>those eyes &#8211; these eyes &#8211; they fade<\/em>, which exhibits photographers whose work tends to highlight the looking over the looked-at, and is often driven by personal reflections on witnessing and relating to one\u2019s immediate &amp; extended surroundings. After taking care of the exhibition &amp; lighting design of the main pavilion at the first edition of the MaltaBiennale featuring more than 70 artists, Baldacchino co-founded <em>DAMS<\/em> together with Brian J. Farrugia &#8211; a design and manufacturing company specialising in custom furniture, fitouts &amp; exhibition design. His photography has been exhibited in numerous collective shows internationally, and in 2025 he had his first solo photography exhibition <em>Promise Litter<\/em> at Datz Museum of Art.<\/p>\n<h2>b\u00e9n\u00e9dicte blondeau<\/h2>\n<p><img loading=\"lazy\" decoding=\"async\" class=\"alignnone size-full wp-image-1062\" src=\"https:\/\/www.biennale-photo-mulhouse.com\/2026en\/wp-content\/uploads\/sites\/9\/2026\/01\/portraits-commissaires-scaled.jpg\" alt=\"\" width=\"2048\" height=\"2560\" srcset=\"https:\/\/www.biennale-photo-mulhouse.com\/2026en\/wp-content\/uploads\/sites\/9\/2026\/01\/portraits-commissaires-scaled.jpg 2048w, https:\/\/www.biennale-photo-mulhouse.com\/2026en\/wp-content\/uploads\/sites\/9\/2026\/01\/portraits-commissaires-768x960.jpg 768w, https:\/\/www.biennale-photo-mulhouse.com\/2026en\/wp-content\/uploads\/sites\/9\/2026\/01\/portraits-commissaires-1229x1536.jpg 1229w, https:\/\/www.biennale-photo-mulhouse.com\/2026en\/wp-content\/uploads\/sites\/9\/2026\/01\/portraits-commissaires-1638x2048.jpg 1638w\" sizes=\"auto, (max-width: 2048px) 100vw, 2048px\" \/><\/p>\n<p>Born in La Louvi\u00e8re, Belgium, B\u00e9n\u00e9dicte Blondeau studied photography in Ghent and Lisbon, obtaining a master&rsquo;s degree in applied communication from IHECS in Brussels. She has participated in various exhibitions and conferences across Europe and her work has been published in numerous international magazines. In 2019, her first photo book, <em>Ce qu\u2019il reste<\/em>, was published by Portuguese publisher XYZ Books. Her first solo exhibition was presented in 2021 at Photoforum Pasquart in Switzerland. XYZ Books then published <em>Ondes<\/em>, her second photo book, which was the subject of several exhibitions in Europe in 2024 and 2025. Alongside her photography, B\u00e9n\u00e9dicte Blondeau has made documentary films and is now an exhibition curator at PEP &#8211; Photographic Exploration Project, which she founded in Berlin in 2019. Since its creation, PEP has held exhibitions in Berlin, Brussels, Lisbon, Mulhouse, and the Ardennes, in collaboration with various partner institutions.<\/p>\n<h2>ange-fr\u00e9d\u00e9ric koffi<\/h2>\n<p><img loading=\"lazy\" decoding=\"async\" class=\"alignnone size-full wp-image-1066\" src=\"https:\/\/www.biennale-photo-mulhouse.com\/2026en\/wp-content\/uploads\/sites\/9\/2026\/01\/portraits-commissaires5-scaled.jpg\" alt=\"\" width=\"2048\" height=\"2560\" srcset=\"https:\/\/www.biennale-photo-mulhouse.com\/2026en\/wp-content\/uploads\/sites\/9\/2026\/01\/portraits-commissaires5-scaled.jpg 2048w, https:\/\/www.biennale-photo-mulhouse.com\/2026en\/wp-content\/uploads\/sites\/9\/2026\/01\/portraits-commissaires5-768x960.jpg 768w, https:\/\/www.biennale-photo-mulhouse.com\/2026en\/wp-content\/uploads\/sites\/9\/2026\/01\/portraits-commissaires5-1229x1536.jpg 1229w, https:\/\/www.biennale-photo-mulhouse.com\/2026en\/wp-content\/uploads\/sites\/9\/2026\/01\/portraits-commissaires5-1638x2048.jpg 1638w\" sizes=\"auto, (max-width: 2048px) 100vw, 2048px\" \/><\/p>\n<p>Ange-Fr\u00e9d\u00e9ric Koffi was born in Korhogo, in northern C\u00f4te d\u2019Ivoire. His work explores the complex articulations of movement, travel, and wandering in the history and practice of photography. He applies contemporary postcolonial reflections through various forms and devices in the public sphere to generate social impact. His practice freely crosses disciplines as diverse as political history, exhibition history, anthropology, and design. A graduate of the Sorbonne, the Haute \u00c9cole des Arts du Rhin (HEAR), the \u00c9cole Cantonale d&rsquo;Art de Lausanne (ECAL), and the University of the Western Cape (UWC), Ange-Fr\u00e9d\u00e9ric was the winner of the FOAM 2022 prize (Amsterdam) and named Art Critic\/Curator Laureate 2026 by the ADIAF. He has been a resident at Zeitz MOCAA (Cape Town) in 2022, a resident at Black Rock Senegal in 2024, and a resident at the Zinsou Foundation (Ouidah) in 2025. In 2025, he curated <em>FANON antinomies<\/em> at Something Art Space (Abidjan). Ange-Fr\u00e9d\u00e9ric Koffi has been involved with the BPM &#8211; Biennale de la Photographie de Mulhouse since 2016, notably for the programming during the Photobook Days.<\/p>\n<h2>camille rey &amp; eva kallenberger<\/h2>\n<p><img loading=\"lazy\" decoding=\"async\" class=\"alignnone size-full wp-image-1064\" src=\"https:\/\/www.biennale-photo-mulhouse.com\/2026en\/wp-content\/uploads\/sites\/9\/2026\/01\/portraits-commissaires3-scaled.jpg\" alt=\"\" width=\"2048\" height=\"2560\" srcset=\"https:\/\/www.biennale-photo-mulhouse.com\/2026en\/wp-content\/uploads\/sites\/9\/2026\/01\/portraits-commissaires3-scaled.jpg 2048w, https:\/\/www.biennale-photo-mulhouse.com\/2026en\/wp-content\/uploads\/sites\/9\/2026\/01\/portraits-commissaires3-768x960.jpg 768w, https:\/\/www.biennale-photo-mulhouse.com\/2026en\/wp-content\/uploads\/sites\/9\/2026\/01\/portraits-commissaires3-1229x1536.jpg 1229w, https:\/\/www.biennale-photo-mulhouse.com\/2026en\/wp-content\/uploads\/sites\/9\/2026\/01\/portraits-commissaires3-1638x2048.jpg 1638w\" sizes=\"auto, (max-width: 2048px) 100vw, 2048px\" \/><\/p>\n<p>Camille Rey, born in Paris in 2000, is a young Franco-German curator who trained at the \u00c9cole du Louvre and Heidelberg University, where she obtained a master&rsquo;s degree in art history and museology. She currently works at the Museum f\u00fcr Neue Kunst in Freiburg im Breisgau. Specializing in marginal art, she is particularly interested in asylum art and so-called \u201cnaive\u201d art. Committed to cultural dialogue between France and Germany, Camille Rey develops this link through her exhibitions (<em>Berlin Bouillancourt Baroque: Christopher von Gruben<\/em>, BPM &#8211; Biennale de la Photographie de Mulhouse in Freiburg in 2026), her research (thesis at the \u00c9cole du Louvre on German photographer Gis\u00e8le Freund), and her work (partnership between the Museum f\u00fcr Neue Kunst in Freiburg and the Mus\u00e9e international d&rsquo;Art na\u00eff Anatole Jakovsky in Nice).<\/p>\n<p>Born in 2000, Eva Kallenberger works as a curatorial assistant at the Museum f\u00fcr Neue Kunst in Freiburg im Breisgau, Germany. She studied art history and cultural theories and practices in Karlsruhe and T\u00fcbingen, focusing on modern and contemporary art. Her interests and research are focused on practices of recycling and reworking in art history \u2013 adding new layers to found footage, or using materials from other artists, adding new textures and meanings to an already existing piece.\u00a0<\/p>\n<p>&nbsp;<\/p>\n","protected":false},"excerpt":{"rendered":"<p>EN \u2b62 FR curators Under the artistic direction of Anne Immel\u00e9, the exhibitions for the 2026 edition of the BPM &#8211; Biennale de la Photographie de Mulhouse were conceived and organized by associate curators. This diversity of perspectives allows the theme, Sedimentation(s), to be explored from multiple angles. Discover their portraits! Anne immel\u00e9 Anne Immel\u00e9 [&hellip;]<\/p>\n","protected":false},"author":3,"featured_media":0,"parent":0,"menu_order":0,"comment_status":"closed","ping_status":"closed","template":"","meta":{"footnotes":""},"categories":[1],"class_list":["post-1061","page","type-page","status-publish","hentry","category-non-classe"],"acf":{"photo_gallery":{"gallery":[[{"id":1068,"title":"03_2025_MariliaDestot_MEMORYSCAPES_Sedimentations_ed1-5_web","caption":"Marilia Destot, <i>S\u00e9dimentations<\/i> from the series <i>Memoryscapes<\/i>, 2025 \u00a9 Courtesy galerie Sit Down.","full_image_url":"https:\/\/www.biennale-photo-mulhouse.com\/2026en\/wp-content\/uploads\/sites\/9\/2026\/01\/03_2025_MariliaDestot_MEMORYSCAPES_Sedimentations_ed1-5_web.jpg","thumbnail_image_url":"https:\/\/www.biennale-photo-mulhouse.com\/2026en\/wp-content\/uploads\/sites\/9\/2026\/01\/03_2025_MariliaDestot_MEMORYSCAPES_Sedimentations_ed1-5_web.jpg","large_srcset":"https:\/\/www.biennale-photo-mulhouse.com\/2026en\/wp-content\/uploads\/sites\/9\/2026\/01\/03_2025_MariliaDestot_MEMORYSCAPES_Sedimentations_ed1-5_web.jpg 1665w, https:\/\/www.biennale-photo-mulhouse.com\/2026en\/wp-content\/uploads\/sites\/9\/2026\/01\/03_2025_MariliaDestot_MEMORYSCAPES_Sedimentations_ed1-5_web-768x523.jpg 768w, https:\/\/www.biennale-photo-mulhouse.com\/2026en\/wp-content\/uploads\/sites\/9\/2026\/01\/03_2025_MariliaDestot_MEMORYSCAPES_Sedimentations_ed1-5_web-1536x1046.jpg 1536w","medium_srcset":"https:\/\/www.biennale-photo-mulhouse.com\/2026en\/wp-content\/uploads\/sites\/9\/2026\/01\/03_2025_MariliaDestot_MEMORYSCAPES_Sedimentations_ed1-5_web.jpg 1665w, https:\/\/www.biennale-photo-mulhouse.com\/2026en\/wp-content\/uploads\/sites\/9\/2026\/01\/03_2025_MariliaDestot_MEMORYSCAPES_Sedimentations_ed1-5_web-768x523.jpg 768w, https:\/\/www.biennale-photo-mulhouse.com\/2026en\/wp-content\/uploads\/sites\/9\/2026\/01\/03_2025_MariliaDestot_MEMORYSCAPES_Sedimentations_ed1-5_web-1536x1046.jpg 1536w","media_details":{"width":1665,"height":1134,"sizes":{"medium_large":{"file":"03_2025_MariliaDestot_MEMORYSCAPES_Sedimentations_ed1-5_web-768x523.jpg","width":768,"height":523,"mime-type":"image\/jpeg","filesize":96589,"source_url":"https:\/\/www.biennale-photo-mulhouse.com\/2026en\/wp-content\/uploads\/sites\/9\/2026\/01\/03_2025_MariliaDestot_MEMORYSCAPES_Sedimentations_ed1-5_web-768x523.jpg"},"1536x1536":{"file":"03_2025_MariliaDestot_MEMORYSCAPES_Sedimentations_ed1-5_web-1536x1046.jpg","width":1536,"height":1046,"mime-type":"image\/jpeg","filesize":324554,"source_url":"https:\/\/www.biennale-photo-mulhouse.com\/2026en\/wp-content\/uploads\/sites\/9\/2026\/01\/03_2025_MariliaDestot_MEMORYSCAPES_Sedimentations_ed1-5_web-1536x1046.jpg"}}},"alt_text":"","url":"","target":""}]]}},"yoast_head":"<!-- This site is optimized with the Yoast SEO plugin v21.9.1 - https:\/\/yoast.com\/wordpress\/plugins\/seo\/ -->\n<title>Curators - 2026 Mulhouse Photography Biennial<\/title>\n<meta name=\"description\" content=\"Under the artistic direction of Anne Immel\u00e9, the exhibitions for the 2026 festival were conceived and organized by associate curators.\" \/>\n<meta name=\"robots\" content=\"index, follow, max-snippet:-1, max-image-preview:large, max-video-preview:-1\" \/>\n<link rel=\"canonical\" href=\"https:\/\/www.biennale-photo-mulhouse.com\/2026en\/curators\/\" \/>\n<meta property=\"og:locale\" content=\"fr_FR\" \/>\n<meta property=\"og:type\" content=\"article\" \/>\n<meta property=\"og:title\" content=\"Curators - 2026 Mulhouse Photography Biennial\" \/>\n<meta property=\"og:description\" content=\"Under the artistic direction of Anne Immel\u00e9, the exhibitions for the 2026 festival were conceived and organized by associate curators.\" \/>\n<meta property=\"og:url\" content=\"https:\/\/www.biennale-photo-mulhouse.com\/2026en\/curators\/\" \/>\n<meta property=\"og:site_name\" content=\"2026 Mulhouse Photography Biennial\" \/>\n<meta property=\"article:publisher\" content=\"https:\/\/www.facebook.com\/BiennaleDeLaPhotographieDeMulhouse\" \/>\n<meta property=\"article:modified_time\" content=\"2026-03-30T10:17:18+00:00\" \/>\n<meta property=\"og:image\" content=\"https:\/\/www.biennale-photo-mulhouse.com\/2026en\/wp-content\/uploads\/sites\/9\/2026\/01\/portraits-commissaires6-scaled.jpg\" \/>\n<meta name=\"twitter:card\" content=\"summary_large_image\" \/>\n<meta name=\"twitter:label1\" content=\"Dur\u00e9e de lecture estim\u00e9e\" \/>\n\t<meta name=\"twitter:data1\" content=\"7 minutes\" \/>\n<script type=\"application\/ld+json\" class=\"yoast-schema-graph\">{\"@context\":\"https:\/\/schema.org\",\"@graph\":[{\"@type\":\"WebPage\",\"@id\":\"https:\/\/www.biennale-photo-mulhouse.com\/2026en\/curators\/\",\"url\":\"https:\/\/www.biennale-photo-mulhouse.com\/2026en\/curators\/\",\"name\":\"Curators - 2026 Mulhouse Photography Biennial\",\"isPartOf\":{\"@id\":\"https:\/\/www.biennale-photo-mulhouse.com\/2026en\/#website\"},\"datePublished\":\"2026-01-20T10:24:34+00:00\",\"dateModified\":\"2026-03-30T10:17:18+00:00\",\"description\":\"Under the artistic direction of Anne Immel\u00e9, the exhibitions for the 2026 festival were conceived and organized by associate curators.\",\"breadcrumb\":{\"@id\":\"https:\/\/www.biennale-photo-mulhouse.com\/2026en\/curators\/#breadcrumb\"},\"inLanguage\":\"fr-FR\",\"potentialAction\":[{\"@type\":\"ReadAction\",\"target\":[\"https:\/\/www.biennale-photo-mulhouse.com\/2026en\/curators\/\"]}]},{\"@type\":\"BreadcrumbList\",\"@id\":\"https:\/\/www.biennale-photo-mulhouse.com\/2026en\/curators\/#breadcrumb\",\"itemListElement\":[{\"@type\":\"ListItem\",\"position\":1,\"name\":\"Accueil\",\"item\":\"https:\/\/www.biennale-photo-mulhouse.com\/2026en\/\"},{\"@type\":\"ListItem\",\"position\":2,\"name\":\"Curators\"}]},{\"@type\":\"WebSite\",\"@id\":\"https:\/\/www.biennale-photo-mulhouse.com\/2026en\/#website\",\"url\":\"https:\/\/www.biennale-photo-mulhouse.com\/2026en\/\",\"name\":\"Biennale de la Photographie de Mulhouse\",\"description\":\"\",\"potentialAction\":[{\"@type\":\"SearchAction\",\"target\":{\"@type\":\"EntryPoint\",\"urlTemplate\":\"https:\/\/www.biennale-photo-mulhouse.com\/2026en\/?s={search_term_string}\"},\"query-input\":\"required name=search_term_string\"}],\"inLanguage\":\"fr-FR\"}]}<\/script>\n<!-- \/ Yoast SEO plugin. -->","yoast_head_json":{"title":"Curators - 2026 Mulhouse Photography Biennial","description":"Under the artistic direction of Anne Immel\u00e9, the exhibitions for the 2026 festival were conceived and organized by associate curators.","robots":{"index":"index","follow":"follow","max-snippet":"max-snippet:-1","max-image-preview":"max-image-preview:large","max-video-preview":"max-video-preview:-1"},"canonical":"https:\/\/www.biennale-photo-mulhouse.com\/2026en\/curators\/","og_locale":"fr_FR","og_type":"article","og_title":"Curators - 2026 Mulhouse Photography Biennial","og_description":"Under the artistic direction of Anne Immel\u00e9, the exhibitions for the 2026 festival were conceived and organized by associate curators.","og_url":"https:\/\/www.biennale-photo-mulhouse.com\/2026en\/curators\/","og_site_name":"2026 Mulhouse Photography Biennial","article_publisher":"https:\/\/www.facebook.com\/BiennaleDeLaPhotographieDeMulhouse","article_modified_time":"2026-03-30T10:17:18+00:00","og_image":[{"url":"https:\/\/www.biennale-photo-mulhouse.com\/2026en\/wp-content\/uploads\/sites\/9\/2026\/01\/portraits-commissaires6-scaled.jpg"}],"twitter_card":"summary_large_image","twitter_misc":{"Dur\u00e9e de lecture estim\u00e9e":"7 minutes"},"schema":{"@context":"https:\/\/schema.org","@graph":[{"@type":"WebPage","@id":"https:\/\/www.biennale-photo-mulhouse.com\/2026en\/curators\/","url":"https:\/\/www.biennale-photo-mulhouse.com\/2026en\/curators\/","name":"Curators - 2026 Mulhouse Photography Biennial","isPartOf":{"@id":"https:\/\/www.biennale-photo-mulhouse.com\/2026en\/#website"},"datePublished":"2026-01-20T10:24:34+00:00","dateModified":"2026-03-30T10:17:18+00:00","description":"Under the artistic direction of Anne Immel\u00e9, the exhibitions for the 2026 festival were conceived and organized by associate curators.","breadcrumb":{"@id":"https:\/\/www.biennale-photo-mulhouse.com\/2026en\/curators\/#breadcrumb"},"inLanguage":"fr-FR","potentialAction":[{"@type":"ReadAction","target":["https:\/\/www.biennale-photo-mulhouse.com\/2026en\/curators\/"]}]},{"@type":"BreadcrumbList","@id":"https:\/\/www.biennale-photo-mulhouse.com\/2026en\/curators\/#breadcrumb","itemListElement":[{"@type":"ListItem","position":1,"name":"Accueil","item":"https:\/\/www.biennale-photo-mulhouse.com\/2026en\/"},{"@type":"ListItem","position":2,"name":"Curators"}]},{"@type":"WebSite","@id":"https:\/\/www.biennale-photo-mulhouse.com\/2026en\/#website","url":"https:\/\/www.biennale-photo-mulhouse.com\/2026en\/","name":"Biennale de la Photographie de Mulhouse","description":"","potentialAction":[{"@type":"SearchAction","target":{"@type":"EntryPoint","urlTemplate":"https:\/\/www.biennale-photo-mulhouse.com\/2026en\/?s={search_term_string}"},"query-input":"required name=search_term_string"}],"inLanguage":"fr-FR"}]}},"_links":{"self":[{"href":"https:\/\/www.biennale-photo-mulhouse.com\/2026en\/wp-json\/wp\/v2\/pages\/1061","targetHints":{"allow":["GET"]}}],"collection":[{"href":"https:\/\/www.biennale-photo-mulhouse.com\/2026en\/wp-json\/wp\/v2\/pages"}],"about":[{"href":"https:\/\/www.biennale-photo-mulhouse.com\/2026en\/wp-json\/wp\/v2\/types\/page"}],"author":[{"embeddable":true,"href":"https:\/\/www.biennale-photo-mulhouse.com\/2026en\/wp-json\/wp\/v2\/users\/3"}],"replies":[{"embeddable":true,"href":"https:\/\/www.biennale-photo-mulhouse.com\/2026en\/wp-json\/wp\/v2\/comments?post=1061"}],"version-history":[{"count":7,"href":"https:\/\/www.biennale-photo-mulhouse.com\/2026en\/wp-json\/wp\/v2\/pages\/1061\/revisions"}],"predecessor-version":[{"id":1252,"href":"https:\/\/www.biennale-photo-mulhouse.com\/2026en\/wp-json\/wp\/v2\/pages\/1061\/revisions\/1252"}],"wp:attachment":[{"href":"https:\/\/www.biennale-photo-mulhouse.com\/2026en\/wp-json\/wp\/v2\/media?parent=1061"}],"wp:term":[{"taxonomy":"category","embeddable":true,"href":"https:\/\/www.biennale-photo-mulhouse.com\/2026en\/wp-json\/wp\/v2\/categories?post=1061"}],"curies":[{"name":"wp","href":"https:\/\/api.w.org\/{rel}","templated":true}]}}