{"id":909,"date":"2025-04-25T16:35:15","date_gmt":"2025-04-25T14:35:15","guid":{"rendered":"https:\/\/www.biennale-photo-mulhouse.com\/2026\/?page_id=909"},"modified":"2026-03-24T09:52:52","modified_gmt":"2026-03-24T08:52:52","slug":"lagrandisseur-direction-artistique","status":"publish","type":"page","link":"https:\/\/www.biennale-photo-mulhouse.com\/2026\/lagrandisseur-direction-artistique\/","title":{"rendered":"L&rsquo;Agrandisseur \/ Direction artistique \/ \u00c9quipe"},"content":{"rendered":"<p><strong><span class=\"small\">FR \u2b62<a href=\"https:\/\/www.biennale-photo-mulhouse.com\/2026en\/lagrandisseur-art-direction\/\"> ENG<\/a><\/span><\/strong><\/p>\n<h1><span class=\"theme_color\">l&rsquo;agrandisseur<\/span><\/h1>\n<p>Cr\u00e9\u00e9e \u00e0 Mulhouse en novembre 2010 par Jean-Yves Gu\u00e9nier et Anne Immel\u00e9, l\u2019association l\u2019Agrandisseur organise des expositions, des rencontres, des r\u00e9sidences et des ateliers avec des photographes et des professionnel\u00b7les de l\u2019image. L\u2019association impulse un questionnement sur le m\u00e9dium photographique, ses transformations et ses usages dans le champ de l\u2019art contemporain. Son activit\u00e9 principale est l\u2019organisation de la BPM &#8211; Biennale de la Photographie de Mulhouse.\u00a0<\/p>\n<p>L\u2019association l\u2019Agrandisseur est membre du R\u00e9seau L U X et du r\u00e9seau Plan d\u2019Est.<\/p>\n<h2><span class=\"small\">Adh\u00e9sion<\/span><\/h2>\n<p>En adh\u00e9rant \u00e0 l&rsquo;Agrandisseur, vous manifestez votre soutien \u00e0 ses activit\u00e9s telles que l&rsquo;organisation de la Biennale de la Photographie de Mulhouse.<br \/>\nL&rsquo;adh\u00e9sion \u00e0 l&rsquo;association vous donne \u00e9galement l&rsquo;opportunit\u00e9 de vous investir activement dans ses projets.<\/p>\n<p>&nbsp;<\/p>\n<p><iframe id=\"haWidget\" style=\"width: 100%; height: 70px; border: none;\" src=\"https:\/\/www.helloasso.com\/associations\/l-agrandisseur\/adhesions\/adhesion-2026\/widget-bouton\"><\/iframe><\/p>\n<hr \/>\n<h1><span class=\"theme_color\">Direction artistique<\/span><\/h1>\n<p><img loading=\"lazy\" decoding=\"async\" class=\"alignnone size-full wp-image-1102\" src=\"https:\/\/www.biennale-photo-mulhouse.com\/2026\/wp-content\/uploads\/sites\/7\/2026\/01\/portraits-commissaires6-scaled.jpg\" alt=\"\" width=\"2048\" height=\"2560\" srcset=\"https:\/\/www.biennale-photo-mulhouse.com\/2026\/wp-content\/uploads\/sites\/7\/2026\/01\/portraits-commissaires6-scaled.jpg 2048w, https:\/\/www.biennale-photo-mulhouse.com\/2026\/wp-content\/uploads\/sites\/7\/2026\/01\/portraits-commissaires6-768x960.jpg 768w, https:\/\/www.biennale-photo-mulhouse.com\/2026\/wp-content\/uploads\/sites\/7\/2026\/01\/portraits-commissaires6-1229x1536.jpg 1229w, https:\/\/www.biennale-photo-mulhouse.com\/2026\/wp-content\/uploads\/sites\/7\/2026\/01\/portraits-commissaires6-1638x2048.jpg 1638w\" sizes=\"auto, (max-width: 2048px) 100vw, 2048px\" \/><\/p>\n<p>Anne Immel\u00e9 est photographe et Docteure en art. Son travail de curatrice est souvent fond\u00e9 sur une compr\u00e9hension spatiale des lieux et sur l\u2019association des photographies entre elles, en t\u00e9moigne l\u2019exposition <em>those eyes, these eyes, they fade<\/em> (Galerie Valletta Contemporary, Malte, 2022). Ses recherches curatoriales d\u00e9coulent d\u2019une th\u00e8se intitul\u00e9e <em>Constellations photographiques<\/em>, soutenue en 2007 \u00e0 l\u2019Universit\u00e9 de Strasbourg et publi\u00e9e par M\u00e9diapop \u00c9ditions en 2015. Son int\u00e9r\u00eat concernant les enjeux de l\u2019exposition dans le champ de la photographie contemporaine se refl\u00e8te \u00e9galement dans des articles publi\u00e9s dans le magazine Art Press. <br \/>\nPhotographe, elle est l\u2019auteure de plusieurs livres, dont <em>WIR<\/em> avec le philosophe Jean-Luc Nancy aux \u00e9ditions Filigrane, <em>Oublie Oublie<\/em>, et <em>Jardins du Riesthal<\/em>, parus chez M\u00e9diapop en 2020 et 2022. Son travail photographique est r\u00e9guli\u00e8rement expos\u00e9 comme en 2025 \u00e0 la galerie Mad\u00e9, au sein du festival FLOW ou au Cri des Lumi\u00e8res. Son r\u00e9cent projet <em>Melita, \u05de\u05dc\u05d8 \u2212ml\u1e6d, Refuge<\/em> explore la condition migratoire contemporaine en M\u00e9diterran\u00e9e, en la reliant \u00e0 la qu\u00eate ancestrale du refuge. Soutenu par l\u2019aide \u00e0 la photo documentaire du CNAP, ce projet s\u2019est concr\u00e9tis\u00e9 en 2024, par diff\u00e9rentes expositions durant la Biennale d\u2019art contemporain de Malte, \u00e0 Palerme (programme SUITES du CNAP), durant le festival Jaou \u00e0 Tunis, et \u00e0 Stimultania, structure porteuse du projet \u00e0 Strasbourg. En 2025, elle participe au projet URNA, pavillon maltais \u00e0 la Biennale du Design de Londres, elle est invit\u00e9e en r\u00e9sidence au DATZ Museum (Cor\u00e9e du Sud).<br \/>\nEnseignante \u00e0 la HEAR, Haute \u00e9cole des arts du Rhin, elle vit et travaille \u00e0 Mulhouse.<\/p>\n<p><a href=\"http:\/\/www.anneimmele.fr\/\" target=\"_blank\" rel=\"noopener\">http:\/\/www.anneimmele.fr\/<\/a><\/p>\n<hr \/>\n<h2><span class=\"theme_color\">\u00c9quipe<\/span><\/h2>\n<p class=\"offsetted with_color_diamond\"><span class=\"theme_color\"><strong>\u00c9quipe du festival\u00a0<\/strong><\/span><\/p>\n<p>Pr\u00e9sident : Fran\u00e7ois Diserens<br \/>\nVice-pr\u00e9sident : Jean-Yves Gu\u00e9nier<br \/>\nSecr\u00e9taire : Nathalie Fabian <br \/>\nTr\u00e9sorier et coordinateur technique : Pierre Soignon<br \/>\nDirectrice artistique : Anne Immel\u00e9<br \/>\nSc\u00e9nographe : Nigel Baldacchino<br \/>\nM\u00e9diateur : Nicolas B\u00e9zard <br \/>\nGraphiste : Mei Yang<br \/>\nStagiaires : \u00c9milie Barral, Cl\u00e9mence Picard, \u00c9lie Regazzoni<br \/>\nPrestataires de production : Laurent et Sophie Weigel (Le R\u00e9verb\u00e8re Motoco), Pr\u00e9vel<\/p>\n<p class=\"offsetted with_color_diamond\"><span class=\"theme_color\"><strong>Commissaires associ\u00e9\u00b7es\u00a0<\/strong><\/span><\/p>\n<p>Magali Avezou, Nigel Baldacchino, B\u00e9n\u00e9dicte Blondeau, Ange-Fr\u00e9d\u00e9ric Koffi, Eva Kallenberger et Camille Rey<\/p>\n<p class=\"offsetted with_color_diamond\"><strong><span class=\"theme_color\">\u00c9quipes des lieux d&rsquo;exposition et structures associ\u00e9es<\/span>\u00a0<\/strong><\/p>\n<p class=\"offsetted with_arrow\"><strong>Mus\u00e9e des Beaux-Arts de Mulhouse<\/strong><br \/>\nDirectrice : Isabelle Dubois-Brinkmann<br \/>\nCharg\u00e9e d\u2019administration : Sabine Malmasson<br \/>\nCharg\u00e9e de conservation, des expositions et de communication : C\u00e9cilia Lodato<br \/>\nR\u00e9gisseurs: Lionel Pinero, Francis George<br \/>\nResponsable des publics: Edith Saurel<br \/>\nCharg\u00e9e de m\u00e9diation : \u00c9milie George<\/p>\n<p class=\"offsetted with_arrow\"><strong>Biblioth\u00e8que Grand&rsquo;Rue<\/strong><br \/>\nDirecteur: Julien Barthe<br \/>\nConservateur: Micha\u00ebl Guggenbuhl<br \/>\nAdjointe du patrimoine : Catherine Stoltz<br \/>\nR\u00e9gisseur: Sylvain Flory<br \/>\nCharg\u00e9e de communication : R\u00e9gine Heintz<\/p>\n<p class=\"offsetted with_arrow\"><strong>La Filature, Sc\u00e8ne Nationale<\/strong><br \/>\nDirecteur: Beno\u00eet Andr\u00e9<br \/>\nSecr\u00e9taire g\u00e9n\u00e9rale : Elisa Beardmore<br \/>\nCharg\u00e9e de production : Emmanuelle Biehler<br \/>\nProgrammatrice de la galerie : Emmanuelle Walter<br \/>\nCharg\u00e9e des relations presse : \u00c9milie Gagneur<\/p>\n<p class=\"offsetted with_arrow\"><strong>La KunstTurm<\/strong><br \/>\nG\u00e9rants: Svenja et Mark L\u00fcdemann<\/p>\n<p class=\"offsetted with_arrow\"><strong>Le S\u00e9choir<\/strong><br \/>\nPr\u00e9sidente, administratrice et charg\u00e9e de communication : Sandrine Stahl<br \/>\nTr\u00e9sorier et administrateur: Matthieu Stahl<\/p>\n<p class=\"offsetted with_arrow\"><strong>Mulhouse Art Contemporain<\/strong><br \/>\nPr\u00e9sident : Dominique Bannwarth<\/p>\n<p class=\"offsetted with_arrow\"><strong>Centre Culturel Fran\u00e7ais Freiburg<\/strong><br \/>\nDirectrice : Florence Dancoisne<br \/>\nAssistante culture : Clara Dierks<\/p>\n<p class=\"offsetted with_arrow\"><strong>Ville de Fribourg-en-Brisgau<\/strong><br \/>\nAssistantes curatoriales: Eva Kallenberger et Camille Rey<\/p>\n<p><span class=\"theme_color\"><strong>Sans oublier les nombreux partenaires de chaque projet !<\/strong><\/span><\/p>\n","protected":false},"excerpt":{"rendered":"<p>FR \u2b62 ENG l&rsquo;agrandisseur Cr\u00e9\u00e9e \u00e0 Mulhouse en novembre 2010 par Jean-Yves Gu\u00e9nier et Anne Immel\u00e9, l\u2019association l\u2019Agrandisseur organise des expositions, des rencontres, des r\u00e9sidences et des ateliers avec des photographes et des professionnel\u00b7les de l\u2019image. L\u2019association impulse un questionnement sur le m\u00e9dium photographique, ses transformations et ses usages dans le champ de l\u2019art contemporain. [&hellip;]<\/p>\n","protected":false},"author":3,"featured_media":0,"parent":0,"menu_order":0,"comment_status":"closed","ping_status":"closed","template":"","meta":{"footnotes":""},"categories":[1],"class_list":["post-909","page","type-page","status-publish","hentry","category-non-classe"],"acf":{"photo_gallery":{"gallery":[[{"id":1117,"title":"_DSF5537 copie","caption":"","full_image_url":"https:\/\/www.biennale-photo-mulhouse.com\/2026\/wp-content\/uploads\/sites\/7\/2026\/01\/DSF5537-copie-scaled.jpg","thumbnail_image_url":"https:\/\/www.biennale-photo-mulhouse.com\/2026\/wp-content\/uploads\/sites\/7\/2026\/01\/DSF5537-copie-scaled.jpg","large_srcset":"https:\/\/www.biennale-photo-mulhouse.com\/2026\/wp-content\/uploads\/sites\/7\/2026\/01\/DSF5537-copie-scaled.jpg 2560w, https:\/\/www.biennale-photo-mulhouse.com\/2026\/wp-content\/uploads\/sites\/7\/2026\/01\/DSF5537-copie-768x512.jpg 768w, https:\/\/www.biennale-photo-mulhouse.com\/2026\/wp-content\/uploads\/sites\/7\/2026\/01\/DSF5537-copie-1536x1024.jpg 1536w, https:\/\/www.biennale-photo-mulhouse.com\/2026\/wp-content\/uploads\/sites\/7\/2026\/01\/DSF5537-copie-2048x1365.jpg 2048w","medium_srcset":"https:\/\/www.biennale-photo-mulhouse.com\/2026\/wp-content\/uploads\/sites\/7\/2026\/01\/DSF5537-copie-scaled.jpg 2560w, https:\/\/www.biennale-photo-mulhouse.com\/2026\/wp-content\/uploads\/sites\/7\/2026\/01\/DSF5537-copie-768x512.jpg 768w, https:\/\/www.biennale-photo-mulhouse.com\/2026\/wp-content\/uploads\/sites\/7\/2026\/01\/DSF5537-copie-1536x1024.jpg 1536w, https:\/\/www.biennale-photo-mulhouse.com\/2026\/wp-content\/uploads\/sites\/7\/2026\/01\/DSF5537-copie-2048x1365.jpg 2048w","media_details":{"width":2560,"height":1707,"sizes":{"medium_large":{"file":"DSF5537-copie-768x512.jpg","width":768,"height":512,"mime-type":"image\/jpeg","filesize":135510,"source_url":"https:\/\/www.biennale-photo-mulhouse.com\/2026\/wp-content\/uploads\/sites\/7\/2026\/01\/DSF5537-copie-768x512.jpg"},"1536x1536":{"file":"DSF5537-copie-1536x1024.jpg","width":1536,"height":1024,"mime-type":"image\/jpeg","filesize":274310,"source_url":"https:\/\/www.biennale-photo-mulhouse.com\/2026\/wp-content\/uploads\/sites\/7\/2026\/01\/DSF5537-copie-1536x1024.jpg"},"2048x2048":{"file":"DSF5537-copie-2048x1365.jpg","width":2048,"height":1365,"mime-type":"image\/jpeg","filesize":390410,"source_url":"https:\/\/www.biennale-photo-mulhouse.com\/2026\/wp-content\/uploads\/sites\/7\/2026\/01\/DSF5537-copie-2048x1365.jpg"}}},"alt_text":"","url":"","target":""}]]}},"yoast_head":"<!-- This site is optimized with the Yoast SEO plugin v21.9.1 - https:\/\/yoast.com\/wordpress\/plugins\/seo\/ -->\n<title>L&#039;Agrandisseur \/ Direction artistique \/ \u00c9quipe - BPM 2026 - Biennale de la Photographie de Mulhouse 2026<\/title>\n<meta name=\"description\" content=\"L&#039;activit\u00e9 principale de l&#039;association l&#039;Agrandisseur est l\u2019organisation de la Biennale de la Photographie de Mulhouse\" \/>\n<meta name=\"robots\" content=\"index, follow, max-snippet:-1, max-image-preview:large, max-video-preview:-1\" \/>\n<link rel=\"canonical\" href=\"https:\/\/www.biennale-photo-mulhouse.com\/2026\/lagrandisseur-direction-artistique\/\" \/>\n<meta property=\"og:locale\" content=\"fr_FR\" \/>\n<meta property=\"og:type\" content=\"article\" \/>\n<meta property=\"og:title\" content=\"L&#039;Agrandisseur \/ Direction artistique \/ \u00c9quipe - BPM 2026 - Biennale de la Photographie de Mulhouse 2026\" \/>\n<meta property=\"og:description\" content=\"L&#039;activit\u00e9 principale de l&#039;association l&#039;Agrandisseur est l\u2019organisation de la Biennale de la Photographie de Mulhouse\" \/>\n<meta property=\"og:url\" content=\"https:\/\/www.biennale-photo-mulhouse.com\/2026\/lagrandisseur-direction-artistique\/\" \/>\n<meta property=\"og:site_name\" content=\"BPM 2026 - Biennale de la Photographie de Mulhouse 2026\" \/>\n<meta property=\"article:publisher\" content=\"https:\/\/www.facebook.com\/BiennaleDeLaPhotographieDeMulhouse\" \/>\n<meta property=\"article:modified_time\" content=\"2026-03-24T08:52:52+00:00\" \/>\n<meta property=\"og:image\" content=\"https:\/\/www.biennale-photo-mulhouse.com\/2026\/wp-content\/uploads\/sites\/7\/2026\/01\/portraits-commissaires6-scaled.jpg\" \/>\n<meta name=\"twitter:card\" content=\"summary_large_image\" \/>\n<meta name=\"twitter:label1\" content=\"Dur\u00e9e de lecture estim\u00e9e\" \/>\n\t<meta name=\"twitter:data1\" content=\"4 minutes\" \/>\n<script type=\"application\/ld+json\" class=\"yoast-schema-graph\">{\"@context\":\"https:\/\/schema.org\",\"@graph\":[{\"@type\":\"WebPage\",\"@id\":\"https:\/\/www.biennale-photo-mulhouse.com\/2026\/lagrandisseur-direction-artistique\/\",\"url\":\"https:\/\/www.biennale-photo-mulhouse.com\/2026\/lagrandisseur-direction-artistique\/\",\"name\":\"L'Agrandisseur \/ Direction artistique \/ \u00c9quipe - BPM 2026 - Biennale de la Photographie de Mulhouse 2026\",\"isPartOf\":{\"@id\":\"https:\/\/www.biennale-photo-mulhouse.com\/2026\/#website\"},\"datePublished\":\"2025-04-25T14:35:15+00:00\",\"dateModified\":\"2026-03-24T08:52:52+00:00\",\"description\":\"L'activit\u00e9 principale de l'association l'Agrandisseur est l\u2019organisation de la Biennale de la Photographie de Mulhouse\",\"breadcrumb\":{\"@id\":\"https:\/\/www.biennale-photo-mulhouse.com\/2026\/lagrandisseur-direction-artistique\/#breadcrumb\"},\"inLanguage\":\"fr-FR\",\"potentialAction\":[{\"@type\":\"ReadAction\",\"target\":[\"https:\/\/www.biennale-photo-mulhouse.com\/2026\/lagrandisseur-direction-artistique\/\"]}]},{\"@type\":\"BreadcrumbList\",\"@id\":\"https:\/\/www.biennale-photo-mulhouse.com\/2026\/lagrandisseur-direction-artistique\/#breadcrumb\",\"itemListElement\":[{\"@type\":\"ListItem\",\"position\":1,\"name\":\"Accueil\",\"item\":\"https:\/\/www.biennale-photo-mulhouse.com\/2026\/\"},{\"@type\":\"ListItem\",\"position\":2,\"name\":\"L&rsquo;Agrandisseur \/ Direction artistique \/ \u00c9quipe\"}]},{\"@type\":\"WebSite\",\"@id\":\"https:\/\/www.biennale-photo-mulhouse.com\/2026\/#website\",\"url\":\"https:\/\/www.biennale-photo-mulhouse.com\/2026\/\",\"name\":\"Biennale de la Photographie de Mulhouse\",\"description\":\"\",\"potentialAction\":[{\"@type\":\"SearchAction\",\"target\":{\"@type\":\"EntryPoint\",\"urlTemplate\":\"https:\/\/www.biennale-photo-mulhouse.com\/2026\/?s={search_term_string}\"},\"query-input\":\"required name=search_term_string\"}],\"inLanguage\":\"fr-FR\"}]}<\/script>\n<!-- \/ Yoast SEO plugin. -->","yoast_head_json":{"title":"L'Agrandisseur \/ Direction artistique \/ \u00c9quipe - BPM 2026 - Biennale de la Photographie de Mulhouse 2026","description":"L'activit\u00e9 principale de l'association l'Agrandisseur est l\u2019organisation de la Biennale de la Photographie de Mulhouse","robots":{"index":"index","follow":"follow","max-snippet":"max-snippet:-1","max-image-preview":"max-image-preview:large","max-video-preview":"max-video-preview:-1"},"canonical":"https:\/\/www.biennale-photo-mulhouse.com\/2026\/lagrandisseur-direction-artistique\/","og_locale":"fr_FR","og_type":"article","og_title":"L'Agrandisseur \/ Direction artistique \/ \u00c9quipe - BPM 2026 - Biennale de la Photographie de Mulhouse 2026","og_description":"L'activit\u00e9 principale de l'association l'Agrandisseur est l\u2019organisation de la Biennale de la Photographie de Mulhouse","og_url":"https:\/\/www.biennale-photo-mulhouse.com\/2026\/lagrandisseur-direction-artistique\/","og_site_name":"BPM 2026 - Biennale de la Photographie de Mulhouse 2026","article_publisher":"https:\/\/www.facebook.com\/BiennaleDeLaPhotographieDeMulhouse","article_modified_time":"2026-03-24T08:52:52+00:00","og_image":[{"url":"https:\/\/www.biennale-photo-mulhouse.com\/2026\/wp-content\/uploads\/sites\/7\/2026\/01\/portraits-commissaires6-scaled.jpg"}],"twitter_card":"summary_large_image","twitter_misc":{"Dur\u00e9e de lecture estim\u00e9e":"4 minutes"},"schema":{"@context":"https:\/\/schema.org","@graph":[{"@type":"WebPage","@id":"https:\/\/www.biennale-photo-mulhouse.com\/2026\/lagrandisseur-direction-artistique\/","url":"https:\/\/www.biennale-photo-mulhouse.com\/2026\/lagrandisseur-direction-artistique\/","name":"L'Agrandisseur \/ Direction artistique \/ \u00c9quipe - BPM 2026 - Biennale de la Photographie de Mulhouse 2026","isPartOf":{"@id":"https:\/\/www.biennale-photo-mulhouse.com\/2026\/#website"},"datePublished":"2025-04-25T14:35:15+00:00","dateModified":"2026-03-24T08:52:52+00:00","description":"L'activit\u00e9 principale de l'association l'Agrandisseur est l\u2019organisation de la Biennale de la Photographie de Mulhouse","breadcrumb":{"@id":"https:\/\/www.biennale-photo-mulhouse.com\/2026\/lagrandisseur-direction-artistique\/#breadcrumb"},"inLanguage":"fr-FR","potentialAction":[{"@type":"ReadAction","target":["https:\/\/www.biennale-photo-mulhouse.com\/2026\/lagrandisseur-direction-artistique\/"]}]},{"@type":"BreadcrumbList","@id":"https:\/\/www.biennale-photo-mulhouse.com\/2026\/lagrandisseur-direction-artistique\/#breadcrumb","itemListElement":[{"@type":"ListItem","position":1,"name":"Accueil","item":"https:\/\/www.biennale-photo-mulhouse.com\/2026\/"},{"@type":"ListItem","position":2,"name":"L&rsquo;Agrandisseur \/ Direction artistique \/ \u00c9quipe"}]},{"@type":"WebSite","@id":"https:\/\/www.biennale-photo-mulhouse.com\/2026\/#website","url":"https:\/\/www.biennale-photo-mulhouse.com\/2026\/","name":"Biennale de la Photographie de Mulhouse","description":"","potentialAction":[{"@type":"SearchAction","target":{"@type":"EntryPoint","urlTemplate":"https:\/\/www.biennale-photo-mulhouse.com\/2026\/?s={search_term_string}"},"query-input":"required name=search_term_string"}],"inLanguage":"fr-FR"}]}},"_links":{"self":[{"href":"https:\/\/www.biennale-photo-mulhouse.com\/2026\/wp-json\/wp\/v2\/pages\/909","targetHints":{"allow":["GET"]}}],"collection":[{"href":"https:\/\/www.biennale-photo-mulhouse.com\/2026\/wp-json\/wp\/v2\/pages"}],"about":[{"href":"https:\/\/www.biennale-photo-mulhouse.com\/2026\/wp-json\/wp\/v2\/types\/page"}],"author":[{"embeddable":true,"href":"https:\/\/www.biennale-photo-mulhouse.com\/2026\/wp-json\/wp\/v2\/users\/3"}],"replies":[{"embeddable":true,"href":"https:\/\/www.biennale-photo-mulhouse.com\/2026\/wp-json\/wp\/v2\/comments?post=909"}],"version-history":[{"count":14,"href":"https:\/\/www.biennale-photo-mulhouse.com\/2026\/wp-json\/wp\/v2\/pages\/909\/revisions"}],"predecessor-version":[{"id":1219,"href":"https:\/\/www.biennale-photo-mulhouse.com\/2026\/wp-json\/wp\/v2\/pages\/909\/revisions\/1219"}],"wp:attachment":[{"href":"https:\/\/www.biennale-photo-mulhouse.com\/2026\/wp-json\/wp\/v2\/media?parent=909"}],"wp:term":[{"taxonomy":"category","embeddable":true,"href":"https:\/\/www.biennale-photo-mulhouse.com\/2026\/wp-json\/wp\/v2\/categories?post=909"}],"curies":[{"name":"wp","href":"https:\/\/api.w.org\/{rel}","templated":true}]}}