{"id":898,"date":"2025-04-08T17:57:22","date_gmt":"2025-04-08T15:57:22","guid":{"rendered":"https:\/\/www.biennale-photo-mulhouse.com\/2026\/?page_id=898"},"modified":"2026-04-09T10:43:30","modified_gmt":"2026-04-09T08:43:30","slug":"thematique-2026","status":"publish","type":"page","link":"https:\/\/www.biennale-photo-mulhouse.com\/2026\/thematique-2026\/","title":{"rendered":"Th\u00e9matique 2026"},"content":{"rendered":"<p><strong><span class=\"small\">FR \u2b62 <a href=\"https:\/\/www.biennale-photo-mulhouse.com\/2026en\/2026-theme\/\">EN<\/a><\/span><\/strong><\/p>\n<h1>biennale de la photographie de mulhouse 2026<br \/>\n<span class=\"theme_color\"><em>S\u00c9DIMENTATION(S)<\/em><\/span><\/h1>\n<p class=\"cancel_mt\"><span class=\"title_font\">\u00a05 juin &#8211; 5 juillet 2026\u00a0<\/span><\/p>\n<p class=\"cancel_mt\"><span class=\"theme_color\">Journ\u00e9es inaugurales les 5-6-7 juin\u00a0<\/span><\/p>\n<p>En 2026, la 7\u00e8me \u00e9dition de la BPM-Biennale de la Photographie de Mulhouse invite \u00e0 explorer des g\u00e9ographies terrestres et mentales, en s&rsquo;appuyant sur des notions de s\u00e9dimentation, de stratification, de mati\u00e8re-flux et de plasticit\u00e9 des m\u00e9moires collectives et individuelles.<\/p>\n<p>La th\u00e9matique est li\u00e9e \u00e0 la situation g\u00e9ographique de Mulhouse, ville du festival. Il y a 33 millions d&rsquo;ann\u00e9es, la plaine d\u2019Alsace \u00e9tait un fond marin. Cette mer a d\u00e9pos\u00e9 d\u2019\u00e9paisses couches de calcaires et de marnes autour de Mulhouse. Cette action perp\u00e9tuelle de flux et de s\u00e9diments combin\u00e9s, cet organisme g\u00e9ologique vivant a marqu\u00e9 le territoire et ses habitant\u00b7es dans son expression topographique, en toile de fond de nombreuses vies. Ces ph\u00e9nom\u00e8nes de s\u00e9dimentation participent d\u2019une histoire vivante, collective et culturelle. Les habitant\u00b7es les exploitent comme ressources min\u00e9rales, pour cr\u00e9er leurs abris, mais aussi pour explorer leurs propres histoires et r\u00e9cits au fil des mill\u00e9naires.<\/p>\n<p>\u00c0 l\u2019instar de ces ph\u00e9nom\u00e8nes de s\u00e9dimentation, cette 7\u00e8me \u00e9dition de la BPM r\u00e9unit des photographes qui explorent le pass\u00e9, int\u00e9ress\u00e9\u00b7es par les excavations g\u00e9ologiques tout autant que m\u00e9morielles. Miner, excaver, fouiller sont autant de m\u00e9thodologies d\u2019investigation, permettant l\u2019exploration de la terre mais aussi de l\u2019esprit. Les expositions entrelacent les narrations collectives et les interconnexions entre les histoires individuelles et collectives, humaines et non humaines.<\/p>\n<hr \/>\n<p><strong><span class=\"theme_color\">\u00c0 travers 12 expositions, la BPM 2026 pr\u00e9sente les \u0153uvres de :<\/span><\/strong><\/p>\n<p class=\"offsetted with_color_arrow\">Ga\u00eblle Delort, Marilia Destot, R\u0131fat G\u00f6belez, Bernard Guillot, Pauline Hisbacq, Sangyon Joo, Eugenie Shinkle, Roselyne Titaud, Jenia Fridlyand, Sue-Elie Andrade D\u00e9, Elsa Beaumont, Marjolein Blom, Sarah Braeck, Ella Bryant, Yuki Furusawa, Chiara Goia, Jess Gough, Susann Carmen Jagodzinska, Zach Knott, Ruth Lauer Manenti, Artur Le\u00e3o, Jessica Lennan, Sergio Lovati, Anne Moca\u00ebr, Yvette Monahan, Fernande Petitdemange, Julie Rochereau, Angela Tozzi, Ali Uchida, Alyssa Warren, Theo Zeal, Adji Dieye, Jennifer Douzenel, Eric Gyamfi, Kapwani Kiwanga, George Mahashe, Otobong Nkanga, Leonard Pongo, Tiago Casanova, Rebecca Bowring, Eleonora Calvelli, Fran\u00e7ois Jonquet, Katya Lesiv, Natalie Malisse, Ulf Lundin, Margot Wallard, Jean-Claude Figenwald, Pablo Castilla, Manuela Marques, Sandra Eades, Gisoo Kim, Lilly Lulay, Dalmonia Rognean, Wenke Seemann<\/p>\n<p class=\"offsetted with_color_arrow\">et celles des \u00e9tudiant\u00b7es des \u00c9coles Sup\u00e9rieures d\u2019Art du Grand Est suivant les cours de photographie de Constance Nouvel, Estefan\u00eda Pe\u00f1afiel-Loaiza, Delphine Gatinois, Andrea Keen, Laurent Montaron, Anne Immel\u00e9, Isabelle Le Minh<\/p>\n<hr \/>\n<h2>Pr\u00e9sentation par la directrice artistique<br \/>\n<span class=\"theme_color\">Anne immel\u00e9<\/span><\/h2>\n<p>\u00ab Les 12 expositions de cette \u00e9dition proposent diff\u00e9rentes approches des ph\u00e9nom\u00e8nes de s\u00e9dimentation. Depuis son invention, la photographie est doublement li\u00e9e \u00e0 ces processus, \u00e0 la fois car elle puise sa propre chimie dans les minerais, mais aussi parce que photographie, m\u00e9moire et archives fonctionnent selon une logique de stratification.<\/p>\n<p>La s\u00e9dimentation n\u2019est pas fig\u00e9e, c\u2019est un ph\u00e9nom\u00e8ne dynamique, en transformation. Les expositions de cette \u00e9dition ont \u00e9t\u00e9 con\u00e7ues de la m\u00eame mani\u00e8re, en \u00e9tant pens\u00e9es comme un m\u00e9dium actif, en effervescence. La s\u00e9dimentation est une phase agissante, la stratification en est une r\u00e9sultante. De la m\u00eame mani\u00e8re, la photographie op\u00e8re ce passage. Hiroshi Sugimoto indiquait que \u201cprendre une photo c\u2019est fossiliser le pr\u00e9sent.\u201d<\/p>\n<p class=\"offsetted with_color_diamond\"><em><span class=\"theme_color\"><strong>Histoires de roches, temporalit\u00e9s plurielles<\/strong><\/span><\/em><\/p>\n<p>Les roches, les grottes, les falaises et les diff\u00e9rentes formations g\u00e9ologiques inspirent les photographes depuis l\u2019invention de la discipline. Elles permettent aussi aux photographes contemporain\u00b7es d\u2019explorer diff\u00e9rentes mat\u00e9rialit\u00e9s et installations.<\/p>\n<p>L\u2019exposition <span class=\"theme_color\"><em>S\u00e9dimentation(s) \u2013 une constellation<\/em><\/span> (Mus\u00e9e des Beaux-Arts) a pour point de d\u00e9part la fascination vis-\u00e0-vis du monde min\u00e9ral. Elle sera \u00e9volutive : les photographies issues du Mus\u00e9e Nic\u00e9phore Ni\u00e9pce viendront progressivement s\u2019y s\u00e9dimenter tout au long de l\u2019exposition. <strong>Eugenie Shinkle<\/strong> et <strong>Marilia Destot<\/strong> y d\u00e9veloppent des images qui se mesurent au temps g\u00e9ologique pour cr\u00e9er des \u0153uvres fragment\u00e9es, dont le processus de fabrication proc\u00e8de par strates m\u00e9morielles et visuelles. Dans une approche documentaire des cavit\u00e9s naturelles, <strong>Ga\u00eblle Delort<\/strong> explore la profondeur du monde.<\/p>\n<p>Dans cette continuit\u00e9, <strong>Pablo Castilla (<\/strong>Parc des Berges de l\u2019Ill) explore les r\u00e9sonances entre des temporalit\u00e9s humaines et g\u00e9ologiques. Cr\u00e9ant des images travers\u00e9es par des puissances telluriques, <strong>Manuela Marques<\/strong> (Centre Culturel Fran\u00e7ais Freiburg) noue une relation singuli\u00e8re avec les territoires qu\u2019elle photographie, rendant visible les diff\u00e9rentes strates de perception, faisant dialoguer donn\u00e9es historiques, g\u00e9ographiques et scientifiques.<\/p>\n<p>Des falaises des c\u00f4tes anglaises aux carri\u00e8res de marbre, \u00e0 travers des approches tr\u00e8s diff\u00e9rentes, nous retrouvons une dimension g\u00e9ologique forte dans l\u2019exposition PEP (Biblioth\u00e8que Grand\u2019Rue) avec les photographies de<strong> Jessica Lennan, Zach Knott, Fernande Petitdemange, Artur Le\u00e3o, Jess Gough, Chiara Goia, Sergio Lovati <\/strong>et<strong> Angela Tozzi<\/strong>. Quant \u00e0 elles, <strong>Yvette Monahan <\/strong>et <strong>Sarah Braeck <\/strong>vont sonder les fonds marins.<\/p>\n<p class=\"offsetted with_color_diamond\"><span class=\"theme_color\"><em>M\u00e9moires enfouies &amp; mat\u00e9rialit\u00e9s<\/em><\/span><\/p>\n<p>Plusieurs expositions questionnent les m\u00e9moires individuelles ou collectives, enfouies, parfois oubli\u00e9es. Les s\u00e9ries photographiques de <strong>Rebecca Bowring, Eleonora Calvelli, Fran\u00e7ois Jonquet, Katya Lesiv, Ulf Lundin, Natalie Malisse et Margot Wallard<\/strong> r\u00e9unies dans l\u2019exposition <span class=\"theme_color\"><em>Bruissements<\/em><\/span> (Tour de l\u2019Europe) s\u2019ancrent dans l\u2019espace de la domesticit\u00e9, pour y faire revenir \u00e0 la surface, des relations et souvenirs de la sph\u00e8re familiale, parfois invisibles depuis l\u2019ext\u00e9rieur. Ces enjeux se d\u00e9ploient aussi dans l\u2019exposition <span class=\"theme_color\"><em>PEP<\/em><\/span> (Biblioth\u00e8que Grand\u2019Rue). Parmi les 22 photographes expos\u00e9\u00b7es, les photographies de <strong>Sue-\u00c9lie Andrade-De, Yuki Furusawa, Susann Carmen Jagodzi\u0144ska, Ruth Lauer Manenti<\/strong> explorent les liens de filiation interg\u00e9n\u00e9rationnels, parfois traumatiques. Les m\u00e9moires individuelles, familiales, amicales, ou li\u00e9es \u00e0 des lieux sp\u00e9cifiques sont parfois sauv\u00e9es de l\u2019oubli par la photographie, comme cela est le cas dans les approches photographiques tr\u00e8s diff\u00e9rentes de <strong>Alyssa Warren, Theo Zeal, Ella Bryant, Elsa Beaumont, Anne Moca\u00ebr, Ali Uchida, Julie Rochereau, Marjolein Blom.<\/strong><\/p>\n<p>R\u00e9unissant <strong>Adji Dieye, Jennifer Douzenel, Eric Gyamfi, Kapwani Kiwanga, George Mahashe, Otobong Nkanga et L\u00e9onard Pongo<\/strong>, l\u2019exposition <span class=\"theme_color\"><em>Settled<\/em><\/span> (La Filature) revisite le cadre archivistique au regard de l\u2019Histoire mais aussi de ses lacunes, explorant les modes de visibilit\u00e9 et d\u2019invisibilit\u00e9 qui traversent notre \u00e9poque. L\u2019oeuvre installative d\u2019<strong>Adji Dieye<\/strong> m\u00eale archives personnelles du S\u00e9n\u00e9gal contemporain et archives nationales de l\u2019\u00e9poque coloniale. L\u2019installation <em>Taste of stone<\/em> d\u2019<strong>Otobong Nkanga<\/strong> fonctionne comme une s\u00e9rie d\u2019histoires de corps et de sensations autour d\u2019une pierre. L\u2019on retrouve l\u2019importance donn\u00e9e \u00e0 la mat\u00e9rialit\u00e9 des images, \u00e0 des modes de production lents dans l\u2019exposition <span class=\"theme_color\"><em>S\u00e9diments de m\u00e9moire<\/em><\/span> (Morat-Hallen), o\u00f9 sont r\u00e9unies les \u0153uvres de <strong>Sandra Eades, Gisoo Kim, Lilly Lulay, Dalmonia <\/strong><strong>Rognean et Wenke Seemann<\/strong>. \u00c0 l\u2019instar de la pratique de <strong>Lilly Lulay<\/strong>, ces artistes transforment les photographies, \u00e0 l\u2019aide d\u2019aiguilles et de fil, de ciseaux et de colle, et les combinent \u00e0 d\u2019autres prises de vue.<\/p>\n<p>Par la cr\u00e9ation d\u2019une constellation d\u2019images, <strong>Sangyon Joo<\/strong> (Mus\u00e9e des Beaux-Arts) invite \u00e0 naviguer dans sa m\u00e9moire personnelle, \u00e0 se mouvoir dans des perceptions fragment\u00e9es et dans des territoires naturels. \u00c0 travers une observation aigu\u00eb d\u2019espaces domestiques et publics, <strong>Roselyne Titaud<\/strong> (Mus\u00e9e des Beaux-Arts et Tour de l\u2019Europe) r\u00e9v\u00e8le des objets du quotidien, parfois transmis de g\u00e9n\u00e9ration en g\u00e9n\u00e9ration, ainsi que des enchev\u00eatrements de formes, d\u2019histoires et de reconstitutions.<\/p>\n<p class=\"offsetted with_color_diamond\"><span class=\"theme_color\"><em>Civilisations, histoires m\u00e9diterran\u00e9ennes, et au-del\u00e0\u2026<\/em><\/span><\/p>\n<p>Plusieurs expositions interrogent des enjeux territoriaux et civilisationnels. Partant du mythe de M\u00e9duse, <strong>Tiago Casanova<\/strong> (Chapelle Saint-Jean) croise les histoires de la M\u00e9diterran\u00e9e contemporaine, <strong>Bernard Guillot, Pauline Hisbacq ou R\u0131fat G\u00f6belez<\/strong> (Mus\u00e9e des Beaux-Arts) ancrent leurs r\u00e9cits photographiques dans un dialogue avec l\u2019Antiquit\u00e9 m\u00e9diterran\u00e9enne. En photographiant des fragments rocheux provenant<br \/>\ndes continents Europ\u00e9en et Africain, puis en pliant les images pour les faire se rencontrer, <strong>Kapwani Kiwanga<\/strong> (La Filature) propose une r\u00e9flexion sur le temps profond, les migrations et les transformations territoriales.<\/p>\n<p>Pour sa premi\u00e8re exposition en France, <strong>Jenia Fridlyand<\/strong> (Mus\u00e9e des Beaux-Arts) s\u2019est immerg\u00e9e dans l\u2019environnement intrins\u00e8quement al\u00e9atoire de l\u2019\u00eele de Cuba. Son exposition <span class=\"theme_color\"><em>Limits of Control<\/em> <\/span>d\u00e9veloppe une esth\u00e9tique de la s\u00e9dimentation, dans la mati\u00e8re m\u00eame d\u2019un r\u00e9el chaotique, habit\u00e9 par l\u2019histoire.<\/p>\n<p>Une r\u00e9trospective retrace 50 ann\u00e9es de la carri\u00e8re de photographe-reporter de <strong>Jean-Claude Figenwald<\/strong> (Le S\u00e9choir). L\u2019exposition entrelace diff\u00e9rentes \u00e9chelles, celle de la rue o\u00f9 habite le photographe \u00e0 Paris, celle des diff\u00e9rents pays et continents travers\u00e9s, ses s\u00e9quences \u00e9tant scand\u00e9es par les grands \u00e9v\u00e9nements politiques des derni\u00e8res d\u00e9cennies.<\/p>\n<p>Enfin, dans l\u2019espace public mulhousien se d\u00e9ploient les visions diversifi\u00e9es des \u00e9tudiant\u00b7es des \u00c9coles Sup\u00e9rieures d\u2019Art du Grand Est et de l\u2019\u00e9cole Studio Images &#8211; Phnom Penh. Parmi ces pratiques \u00e9mergentes, l\u2019exploration des origines de la photographie a \u00e9t\u00e9 favoris\u00e9e avec l\u2019usage de la photographie argentique ou de techniques anciennes revisit\u00e9es.<\/p>\n<p>Les journ\u00e9es inaugurales des 5, 6 et 7 juin seront l\u2019occasion de d\u00e9couvrir ces 12 expositions en pr\u00e9sence des photographes et des commissaires, de partager des approches diversifi\u00e9es de la photographie contemporaine. Autre espace de d\u00e9ploiement de la photographie, formidable vecteur de s\u00e9dimentations, le livre photo est aussi \u00e0 l\u2019honneur lors de ce week-end d\u2019ouverture, \u00e0 travers des discussions et d\u2019un march\u00e9<br \/>\ndu livre photo au Mus\u00e9e des Beaux-Arts. Un grand merci aux artistes, aux commissaires et \u00e9diteurs invit\u00e9s, aux lieux et \u00e9quipes partenaires.<\/p>\n<p>Je vous souhaite une belle \u00e9dition 2026. \u00bb<\/p>\n<p>Anne Immel\u00e9, Directrice artistique<\/p>\n","protected":false},"excerpt":{"rendered":"<p>FR \u2b62 EN biennale de la photographie de mulhouse 2026 S\u00c9DIMENTATION(S) \u00a05 juin &#8211; 5 juillet 2026\u00a0 Journ\u00e9es inaugurales les 5-6-7 juin\u00a0 En 2026, la 7\u00e8me \u00e9dition de la BPM-Biennale de la Photographie de Mulhouse invite \u00e0 explorer des g\u00e9ographies terrestres et mentales, en s&rsquo;appuyant sur des notions de s\u00e9dimentation, de stratification, de mati\u00e8re-flux et [&hellip;]<\/p>\n","protected":false},"author":3,"featured_media":0,"parent":0,"menu_order":0,"comment_status":"closed","ping_status":"closed","template":"","meta":{"footnotes":""},"categories":[1],"class_list":["post-898","page","type-page","status-publish","hentry","category-non-classe"],"acf":{"photo_gallery":{"gallery":[[{"id":1197,"title":"Knott_5","caption":"Zach Knott, <i>The Rule Of Three <\/i>, 2024 - en cours","full_image_url":"https:\/\/www.biennale-photo-mulhouse.com\/2026\/wp-content\/uploads\/sites\/7\/2026\/03\/Knott_5.jpeg","thumbnail_image_url":"https:\/\/www.biennale-photo-mulhouse.com\/2026\/wp-content\/uploads\/sites\/7\/2026\/03\/Knott_5.jpeg","large_srcset":"https:\/\/www.biennale-photo-mulhouse.com\/2026\/wp-content\/uploads\/sites\/7\/2026\/03\/Knott_5.jpeg 1280w, https:\/\/www.biennale-photo-mulhouse.com\/2026\/wp-content\/uploads\/sites\/7\/2026\/03\/Knott_5-768x614.jpeg 768w","medium_srcset":"https:\/\/www.biennale-photo-mulhouse.com\/2026\/wp-content\/uploads\/sites\/7\/2026\/03\/Knott_5.jpeg 1280w, https:\/\/www.biennale-photo-mulhouse.com\/2026\/wp-content\/uploads\/sites\/7\/2026\/03\/Knott_5-768x614.jpeg 768w","media_details":{"width":1280,"height":1024,"sizes":{"medium_large":{"file":"Knott_5-768x614.jpeg","width":768,"height":614,"mime-type":"image\/jpeg","filesize":93668,"source_url":"https:\/\/www.biennale-photo-mulhouse.com\/2026\/wp-content\/uploads\/sites\/7\/2026\/03\/Knott_5-768x614.jpeg"}}},"alt_text":"","url":"","target":""}]]}},"yoast_head":"<!-- This site is optimized with the Yoast SEO plugin v21.9.1 - https:\/\/yoast.com\/wordpress\/plugins\/seo\/ -->\n<title>Th\u00e9matique 2026 - BPM 2026 - Biennale de la Photographie de Mulhouse 2026<\/title>\n<meta name=\"description\" content=\"En 2026, la 7\u00e8me \u00e9dition de la Biennale de la Photographie de Mulhouse invite \u00e0 explorer des g\u00e9ographies terrestres et mentales.\" \/>\n<meta name=\"robots\" content=\"index, follow, max-snippet:-1, max-image-preview:large, max-video-preview:-1\" \/>\n<link rel=\"canonical\" href=\"https:\/\/www.biennale-photo-mulhouse.com\/2026\/thematique-2026\/\" \/>\n<meta property=\"og:locale\" content=\"fr_FR\" \/>\n<meta property=\"og:type\" content=\"article\" \/>\n<meta property=\"og:title\" content=\"Th\u00e9matique 2026 - BPM 2026 - Biennale de la Photographie de Mulhouse 2026\" \/>\n<meta property=\"og:description\" content=\"En 2026, la 7\u00e8me \u00e9dition de la Biennale de la Photographie de Mulhouse invite \u00e0 explorer des g\u00e9ographies terrestres et mentales.\" \/>\n<meta property=\"og:url\" content=\"https:\/\/www.biennale-photo-mulhouse.com\/2026\/thematique-2026\/\" \/>\n<meta property=\"og:site_name\" content=\"BPM 2026 - Biennale de la Photographie de Mulhouse 2026\" \/>\n<meta property=\"article:publisher\" content=\"https:\/\/www.facebook.com\/BiennaleDeLaPhotographieDeMulhouse\" \/>\n<meta property=\"article:modified_time\" content=\"2026-04-09T08:43:30+00:00\" \/>\n<meta name=\"twitter:card\" content=\"summary_large_image\" \/>\n<meta name=\"twitter:label1\" content=\"Dur\u00e9e de lecture estim\u00e9e\" \/>\n\t<meta name=\"twitter:data1\" content=\"8 minutes\" \/>\n<script type=\"application\/ld+json\" class=\"yoast-schema-graph\">{\"@context\":\"https:\/\/schema.org\",\"@graph\":[{\"@type\":\"WebPage\",\"@id\":\"https:\/\/www.biennale-photo-mulhouse.com\/2026\/thematique-2026\/\",\"url\":\"https:\/\/www.biennale-photo-mulhouse.com\/2026\/thematique-2026\/\",\"name\":\"Th\u00e9matique 2026 - BPM 2026 - Biennale de la Photographie de Mulhouse 2026\",\"isPartOf\":{\"@id\":\"https:\/\/www.biennale-photo-mulhouse.com\/2026\/#website\"},\"datePublished\":\"2025-04-08T15:57:22+00:00\",\"dateModified\":\"2026-04-09T08:43:30+00:00\",\"description\":\"En 2026, la 7\u00e8me \u00e9dition de la Biennale de la Photographie de Mulhouse invite \u00e0 explorer des g\u00e9ographies terrestres et mentales.\",\"breadcrumb\":{\"@id\":\"https:\/\/www.biennale-photo-mulhouse.com\/2026\/thematique-2026\/#breadcrumb\"},\"inLanguage\":\"fr-FR\",\"potentialAction\":[{\"@type\":\"ReadAction\",\"target\":[\"https:\/\/www.biennale-photo-mulhouse.com\/2026\/thematique-2026\/\"]}]},{\"@type\":\"BreadcrumbList\",\"@id\":\"https:\/\/www.biennale-photo-mulhouse.com\/2026\/thematique-2026\/#breadcrumb\",\"itemListElement\":[{\"@type\":\"ListItem\",\"position\":1,\"name\":\"Accueil\",\"item\":\"https:\/\/www.biennale-photo-mulhouse.com\/2026\/\"},{\"@type\":\"ListItem\",\"position\":2,\"name\":\"Th\u00e9matique 2026\"}]},{\"@type\":\"WebSite\",\"@id\":\"https:\/\/www.biennale-photo-mulhouse.com\/2026\/#website\",\"url\":\"https:\/\/www.biennale-photo-mulhouse.com\/2026\/\",\"name\":\"Biennale de la Photographie de Mulhouse\",\"description\":\"\",\"potentialAction\":[{\"@type\":\"SearchAction\",\"target\":{\"@type\":\"EntryPoint\",\"urlTemplate\":\"https:\/\/www.biennale-photo-mulhouse.com\/2026\/?s={search_term_string}\"},\"query-input\":\"required name=search_term_string\"}],\"inLanguage\":\"fr-FR\"}]}<\/script>\n<!-- \/ Yoast SEO plugin. -->","yoast_head_json":{"title":"Th\u00e9matique 2026 - BPM 2026 - Biennale de la Photographie de Mulhouse 2026","description":"En 2026, la 7\u00e8me \u00e9dition de la Biennale de la Photographie de Mulhouse invite \u00e0 explorer des g\u00e9ographies terrestres et mentales.","robots":{"index":"index","follow":"follow","max-snippet":"max-snippet:-1","max-image-preview":"max-image-preview:large","max-video-preview":"max-video-preview:-1"},"canonical":"https:\/\/www.biennale-photo-mulhouse.com\/2026\/thematique-2026\/","og_locale":"fr_FR","og_type":"article","og_title":"Th\u00e9matique 2026 - BPM 2026 - Biennale de la Photographie de Mulhouse 2026","og_description":"En 2026, la 7\u00e8me \u00e9dition de la Biennale de la Photographie de Mulhouse invite \u00e0 explorer des g\u00e9ographies terrestres et mentales.","og_url":"https:\/\/www.biennale-photo-mulhouse.com\/2026\/thematique-2026\/","og_site_name":"BPM 2026 - Biennale de la Photographie de Mulhouse 2026","article_publisher":"https:\/\/www.facebook.com\/BiennaleDeLaPhotographieDeMulhouse","article_modified_time":"2026-04-09T08:43:30+00:00","twitter_card":"summary_large_image","twitter_misc":{"Dur\u00e9e de lecture estim\u00e9e":"8 minutes"},"schema":{"@context":"https:\/\/schema.org","@graph":[{"@type":"WebPage","@id":"https:\/\/www.biennale-photo-mulhouse.com\/2026\/thematique-2026\/","url":"https:\/\/www.biennale-photo-mulhouse.com\/2026\/thematique-2026\/","name":"Th\u00e9matique 2026 - BPM 2026 - Biennale de la Photographie de Mulhouse 2026","isPartOf":{"@id":"https:\/\/www.biennale-photo-mulhouse.com\/2026\/#website"},"datePublished":"2025-04-08T15:57:22+00:00","dateModified":"2026-04-09T08:43:30+00:00","description":"En 2026, la 7\u00e8me \u00e9dition de la Biennale de la Photographie de Mulhouse invite \u00e0 explorer des g\u00e9ographies terrestres et mentales.","breadcrumb":{"@id":"https:\/\/www.biennale-photo-mulhouse.com\/2026\/thematique-2026\/#breadcrumb"},"inLanguage":"fr-FR","potentialAction":[{"@type":"ReadAction","target":["https:\/\/www.biennale-photo-mulhouse.com\/2026\/thematique-2026\/"]}]},{"@type":"BreadcrumbList","@id":"https:\/\/www.biennale-photo-mulhouse.com\/2026\/thematique-2026\/#breadcrumb","itemListElement":[{"@type":"ListItem","position":1,"name":"Accueil","item":"https:\/\/www.biennale-photo-mulhouse.com\/2026\/"},{"@type":"ListItem","position":2,"name":"Th\u00e9matique 2026"}]},{"@type":"WebSite","@id":"https:\/\/www.biennale-photo-mulhouse.com\/2026\/#website","url":"https:\/\/www.biennale-photo-mulhouse.com\/2026\/","name":"Biennale de la Photographie de Mulhouse","description":"","potentialAction":[{"@type":"SearchAction","target":{"@type":"EntryPoint","urlTemplate":"https:\/\/www.biennale-photo-mulhouse.com\/2026\/?s={search_term_string}"},"query-input":"required name=search_term_string"}],"inLanguage":"fr-FR"}]}},"_links":{"self":[{"href":"https:\/\/www.biennale-photo-mulhouse.com\/2026\/wp-json\/wp\/v2\/pages\/898","targetHints":{"allow":["GET"]}}],"collection":[{"href":"https:\/\/www.biennale-photo-mulhouse.com\/2026\/wp-json\/wp\/v2\/pages"}],"about":[{"href":"https:\/\/www.biennale-photo-mulhouse.com\/2026\/wp-json\/wp\/v2\/types\/page"}],"author":[{"embeddable":true,"href":"https:\/\/www.biennale-photo-mulhouse.com\/2026\/wp-json\/wp\/v2\/users\/3"}],"replies":[{"embeddable":true,"href":"https:\/\/www.biennale-photo-mulhouse.com\/2026\/wp-json\/wp\/v2\/comments?post=898"}],"version-history":[{"count":12,"href":"https:\/\/www.biennale-photo-mulhouse.com\/2026\/wp-json\/wp\/v2\/pages\/898\/revisions"}],"predecessor-version":[{"id":1370,"href":"https:\/\/www.biennale-photo-mulhouse.com\/2026\/wp-json\/wp\/v2\/pages\/898\/revisions\/1370"}],"wp:attachment":[{"href":"https:\/\/www.biennale-photo-mulhouse.com\/2026\/wp-json\/wp\/v2\/media?parent=898"}],"wp:term":[{"taxonomy":"category","embeddable":true,"href":"https:\/\/www.biennale-photo-mulhouse.com\/2026\/wp-json\/wp\/v2\/categories?post=898"}],"curies":[{"name":"wp","href":"https:\/\/api.w.org\/{rel}","templated":true}]}}