{"id":893,"date":"2025-04-08T14:42:20","date_gmt":"2025-04-08T12:42:20","guid":{"rendered":"https:\/\/www.biennale-photo-mulhouse.com\/2026\/?page_id=893"},"modified":"2025-06-26T15:12:55","modified_gmt":"2025-06-26T13:12:55","slug":"appel-a-candidature-sedimentations","status":"publish","type":"page","link":"https:\/\/www.biennale-photo-mulhouse.com\/2026\/appel-a-candidature-sedimentations\/","title":{"rendered":"Appel \u00e0 candidature, S\u00e9dimentation(s)"},"content":{"rendered":"<p><strong><span class=\"small\">FR \u2b62 <a href=\"https:\/\/www.biennale-photo-mulhouse.com\/2026en\/open-call-sedimentations\/\">ENG<\/a><\/span><\/strong><\/p>\n<h1><span class=\"theme_color\">APpel \u00e0 candidature, s\u00e9dimentation(s)<\/span><\/h1>\n<p>En f\u00e9vrier 2025, la Biennale de la Photographie de Mulhouse et Mulhouse Art Contemporain ont lanc\u00e9 un appel \u00e0 candidature pour une exposition individuelle. Celle-ci aura lieu de juin 2025 \u00e0 juillet 2026 dans l\u2019espace public d\u2019un parc urbain \u00e0 Mulhouse et fera partie de la programmation de la 7\u00e8me \u00e9dition de la BPM, <span class=\"theme_color\"><em>S\u00e9dimentation(s)<\/em><\/span>. Lors des pr\u00e9c\u00e9dentes \u00e9ditions du festival, ce lieu a accueilli les photographies de C\u00e9line Clanet, Jessica Auer, Manon Lanjou\u00e8re, David de Beyter, Geert Goiris, Matthew Genitempo, Rebecca Topakian\u2026<\/p>\n<p>L&rsquo;appel invitait \u00e0 participer les photographes qui explorent le pass\u00e9 et le pr\u00e9sent, ceux et celles int\u00e9ress\u00e9\u00b7es par les excavations g\u00e9ologiques tout autant que m\u00e9morielles. \u00c9taient demand\u00e9s des travaux qui parcourent des g\u00e9ographies terrestres et mentales, en s&rsquo;appuyant sur des notions de s\u00e9dimentation, de stratification, de mati\u00e8re-flux, et de plasticit\u00e9 des m\u00e9moires collectives et individuelles. Les propositions pouvaient entrelacer les histoires individuelles et collectives, humaines et non humaines.<\/p>\n<p>Le jury \u00e9tait compos\u00e9 de :<\/p>\n<p class=\"offsetted with_color_arrow\">&#8211; Aur\u00e9lia Marcadier, historienne de l\u2019art, directrice de PhotoSaintGermain, membre des Filles de la Photo<br \/>\n&#8211; Matthieu Leli\u00e8vre, historien de l\u2019art et commissaire d\u2019expositions, responsable du service des collections du Mus\u00e9e d\u2019Art Contemporain de Lyon<br \/>\n&#8211; Terri Weifenbach, photographe<br \/>\n&#8211; Philippe Schweyer, \u00e9diteur chez M\u00e9diapop<br \/>\n&#8211; Dominique Bannwarth, pr\u00e9sident de Mulhouse Art Contemporain<br \/>\n&#8211; Anne Immel\u00e9, docteure en art, directrice artistique de la BPM<\/p>\n<p><img loading=\"lazy\" decoding=\"async\" class=\"alignnone size-full wp-image-841\" src=\"https:\/\/www.biennale-photo-mulhouse.com\/2026\/wp-content\/uploads\/sites\/7\/2025\/03\/Open-Call-Pascal-Amoyel.jpg\" alt=\"\" width=\"1748\" height=\"2220\" srcset=\"https:\/\/www.biennale-photo-mulhouse.com\/2026\/wp-content\/uploads\/sites\/7\/2025\/03\/Open-Call-Pascal-Amoyel.jpg 1748w, https:\/\/www.biennale-photo-mulhouse.com\/2026\/wp-content\/uploads\/sites\/7\/2025\/03\/Open-Call-Pascal-Amoyel-768x975.jpg 768w, https:\/\/www.biennale-photo-mulhouse.com\/2026\/wp-content\/uploads\/sites\/7\/2025\/03\/Open-Call-Pascal-Amoyel-1209x1536.jpg 1209w, https:\/\/www.biennale-photo-mulhouse.com\/2026\/wp-content\/uploads\/sites\/7\/2025\/03\/Open-Call-Pascal-Amoyel-1613x2048.jpg 1613w\" sizes=\"auto, (max-width: 1748px) 100vw, 1748px\" \/><\/p>\n<h2>finalistes<\/h2>\n<p>Parmi les 386 propositions re\u00e7ues, 20 artistes ont \u00e9t\u00e9 pr\u00e9s\u00e9lectionn\u00e9\u00b7es :\u00a0<\/p>\n<p class=\"offsetted with_color_diamond\">Sophie Alyz, Alex Cabrera , Lucas Castel, Pablo Castilla, Fran\u00e7ois Deladerri\u00e8re, Marilia Destot, Marjorie Gosset, Julie Hasco\u00ebt, Ilanit Illouz, Helen Jones, Fran\u00e7ois Jonquet, Coline Jourdan, Ruth Lauer-Manenti, Duy-Phuong Le Nguyen, Yvette Monahan, Chrystel Mukeba, Dalmonia Rognean, Alnis Stakle, Roselyne Titaud, Margot Wallard<\/p>\n<p>Nous saluons la grande qualit\u00e9 de leurs dossiers, ainsi que leur r\u00e9sonance avec le th\u00e8me de la prochaine \u00e9dition de la Biennale de la Photographie de Mulhouse.\u00a0 Bravo \u00e0 elles et eux, ainsi qu\u2019\u00e0 tous\u00b7tes les candidat\u00b7es de l\u2019appel !<\/p>\n<h2>laur\u00e9at<\/h2>\n<p><strong> Pablo Castilla a \u00e9t\u00e9 d\u00e9sign\u00e9 laur\u00e9at de l\u2019appel \u00e0 candidature, avec sa s\u00e9rie <em>Altiplano. <br \/>\n<\/em><\/strong><\/p>\n<p><strong>Vernissage de l&rsquo;exposition le dimanche 15 juin 2025 \u00e0 11h !<\/strong> <br \/>\nBerges de l\u2019Ill\/ Quai des Cigognes, Mulhouse (autour de la Maison des Berges)<\/p>\n<p>L\u2019Altiplano est l\u2019une des r\u00e9gions les moins peupl\u00e9es du sud de l\u2019Espagne, une zone vaste et aride que le photographe explore depuis 2015. Aujourd\u2019hui d\u00e9sertifi\u00e9, ce territoire accueillait il y a plusieurs millions d\u2019ann\u00e9es un \u00e9cosyst\u00e8me d\u2019une richesse absolue. Des fouilles arch\u00e9ologiques ont permis d\u2019y mettre au jour les traces d\u2019esp\u00e8ces animales d\u00e9sormais disparues mais aussi celles des premi\u00e8res communaut\u00e9s humaines install\u00e9es en Europe. Guid\u00e9 par un chaman dans le monde souterrain autant que spirituel, Pablo Castilla a souhait\u00e9 mettre en dialogue le paysage de surface avec cette autre strate de r\u00e9alit\u00e9.\u00a0<\/p>\n<p><em> N\u00e9 en Espagne en 1980, Pablo Castilla vit et travaille en Norv\u00e8ge. Son travail photographique, cin\u00e9matographique ou de performance se situe dans l\u2019exploration directe de la r\u00e9alit\u00e9 selon un langage documentaire. Il est actuellement conservateur de la photographie \u00e0 la Biblioth\u00e8que Nationale de Norv\u00e8ge et m\u00e8ne un projet pour la pr\u00e9servation de photographies d\u2019observation solaire.\u00a0<\/em><\/p>\n<p><img loading=\"lazy\" decoding=\"async\" class=\"alignnone size-full wp-image-861\" src=\"https:\/\/www.biennale-photo-mulhouse.com\/2026\/wp-content\/uploads\/sites\/7\/2025\/04\/Altiplano_4.jpg\" alt=\"\" width=\"2000\" height=\"1607\" srcset=\"https:\/\/www.biennale-photo-mulhouse.com\/2026\/wp-content\/uploads\/sites\/7\/2025\/04\/Altiplano_4.jpg 2000w, https:\/\/www.biennale-photo-mulhouse.com\/2026\/wp-content\/uploads\/sites\/7\/2025\/04\/Altiplano_4-768x617.jpg 768w, https:\/\/www.biennale-photo-mulhouse.com\/2026\/wp-content\/uploads\/sites\/7\/2025\/04\/Altiplano_4-1536x1234.jpg 1536w\" sizes=\"auto, (max-width: 2000px) 100vw, 2000px\" \/><\/p>\n<p class=\"img_caption\">Pablo Castilla,<em> Altiplano<\/em><\/p>\n","protected":false},"excerpt":{"rendered":"<p>FR \u2b62 ENG APpel \u00e0 candidature, s\u00e9dimentation(s) En f\u00e9vrier 2025, la Biennale de la Photographie de Mulhouse et Mulhouse Art Contemporain ont lanc\u00e9 un appel \u00e0 candidature pour une exposition individuelle. Celle-ci aura lieu de juin 2025 \u00e0 juillet 2026 dans l\u2019espace public d\u2019un parc urbain \u00e0 Mulhouse et fera partie de la programmation de [&hellip;]<\/p>\n","protected":false},"author":3,"featured_media":0,"parent":0,"menu_order":0,"comment_status":"closed","ping_status":"closed","template":"","meta":{"footnotes":""},"categories":[1],"class_list":["post-893","page","type-page","status-publish","hentry","category-non-classe"],"acf":{"photo_gallery":{"gallery":[[{"id":835,"title":"Vue d'exposition sur les Berges de l'Ill, 2024, photographie de Paul Gaffney \u00a9 Malo le Bayon","caption":"Vue d'exposition sur les Berges de l'Ill, 2024, photographie de Paul Gaffney \u00a9 Malo le Bayon","full_image_url":"https:\/\/www.biennale-photo-mulhouse.com\/2026\/wp-content\/uploads\/sites\/7\/2025\/03\/EXPO_BERGES_DE_LILL_BPM_2024_@MALO_LE_BAYON-1-scaled.jpg","thumbnail_image_url":"https:\/\/www.biennale-photo-mulhouse.com\/2026\/wp-content\/uploads\/sites\/7\/2025\/03\/EXPO_BERGES_DE_LILL_BPM_2024_@MALO_LE_BAYON-1-scaled.jpg","large_srcset":"https:\/\/www.biennale-photo-mulhouse.com\/2026\/wp-content\/uploads\/sites\/7\/2025\/03\/EXPO_BERGES_DE_LILL_BPM_2024_@MALO_LE_BAYON-1-scaled.jpg 2560w, https:\/\/www.biennale-photo-mulhouse.com\/2026\/wp-content\/uploads\/sites\/7\/2025\/03\/EXPO_BERGES_DE_LILL_BPM_2024_@MALO_LE_BAYON-1-768x512.jpg 768w, https:\/\/www.biennale-photo-mulhouse.com\/2026\/wp-content\/uploads\/sites\/7\/2025\/03\/EXPO_BERGES_DE_LILL_BPM_2024_@MALO_LE_BAYON-1-1536x1024.jpg 1536w, https:\/\/www.biennale-photo-mulhouse.com\/2026\/wp-content\/uploads\/sites\/7\/2025\/03\/EXPO_BERGES_DE_LILL_BPM_2024_@MALO_LE_BAYON-1-2048x1365.jpg 2048w","medium_srcset":"https:\/\/www.biennale-photo-mulhouse.com\/2026\/wp-content\/uploads\/sites\/7\/2025\/03\/EXPO_BERGES_DE_LILL_BPM_2024_@MALO_LE_BAYON-1-scaled.jpg 2560w, https:\/\/www.biennale-photo-mulhouse.com\/2026\/wp-content\/uploads\/sites\/7\/2025\/03\/EXPO_BERGES_DE_LILL_BPM_2024_@MALO_LE_BAYON-1-768x512.jpg 768w, https:\/\/www.biennale-photo-mulhouse.com\/2026\/wp-content\/uploads\/sites\/7\/2025\/03\/EXPO_BERGES_DE_LILL_BPM_2024_@MALO_LE_BAYON-1-1536x1024.jpg 1536w, https:\/\/www.biennale-photo-mulhouse.com\/2026\/wp-content\/uploads\/sites\/7\/2025\/03\/EXPO_BERGES_DE_LILL_BPM_2024_@MALO_LE_BAYON-1-2048x1365.jpg 2048w","media_details":{"width":2560,"height":1707,"sizes":{"medium_large":{"file":"EXPO_BERGES_DE_LILL_BPM_2024_@MALO_LE_BAYON-1-768x512.jpg","width":768,"height":512,"mime-type":"image\/jpeg","filesize":145765,"source_url":"https:\/\/www.biennale-photo-mulhouse.com\/2026\/wp-content\/uploads\/sites\/7\/2025\/03\/EXPO_BERGES_DE_LILL_BPM_2024_@MALO_LE_BAYON-1-768x512.jpg"},"1536x1536":{"file":"EXPO_BERGES_DE_LILL_BPM_2024_@MALO_LE_BAYON-1-1536x1024.jpg","width":1536,"height":1024,"mime-type":"image\/jpeg","filesize":540992,"source_url":"https:\/\/www.biennale-photo-mulhouse.com\/2026\/wp-content\/uploads\/sites\/7\/2025\/03\/EXPO_BERGES_DE_LILL_BPM_2024_@MALO_LE_BAYON-1-1536x1024.jpg"},"2048x2048":{"file":"EXPO_BERGES_DE_LILL_BPM_2024_@MALO_LE_BAYON-1-2048x1365.jpg","width":2048,"height":1365,"mime-type":"image\/jpeg","filesize":926086,"source_url":"https:\/\/www.biennale-photo-mulhouse.com\/2026\/wp-content\/uploads\/sites\/7\/2025\/03\/EXPO_BERGES_DE_LILL_BPM_2024_@MALO_LE_BAYON-1-2048x1365.jpg"}}},"alt_text":"","url":"","target":""}]]}},"yoast_head":"<!-- This site is optimized with the Yoast SEO plugin v21.9.1 - https:\/\/yoast.com\/wordpress\/plugins\/seo\/ -->\n<title>Appel \u00e0 candidature, S\u00e9dimentation(s) - BPM 2026 - Biennale de la Photographie de Mulhouse 2026<\/title>\n<meta name=\"description\" content=\"En f\u00e9vrier 2025, la BPM et Mulhouse Art Contemporain ont lanc\u00e9 un appel \u00e0 candidature pour une exposition individuelle.\" \/>\n<meta name=\"robots\" content=\"index, follow, max-snippet:-1, max-image-preview:large, max-video-preview:-1\" \/>\n<link rel=\"canonical\" href=\"https:\/\/www.biennale-photo-mulhouse.com\/2026\/appel-a-candidature-sedimentations\/\" \/>\n<meta property=\"og:locale\" content=\"fr_FR\" \/>\n<meta property=\"og:type\" content=\"article\" \/>\n<meta property=\"og:title\" content=\"Appel \u00e0 candidature, S\u00e9dimentation(s) - BPM 2026 - Biennale de la Photographie de Mulhouse 2026\" \/>\n<meta property=\"og:description\" content=\"En f\u00e9vrier 2025, la BPM et Mulhouse Art Contemporain ont lanc\u00e9 un appel \u00e0 candidature pour une exposition individuelle.\" \/>\n<meta property=\"og:url\" content=\"https:\/\/www.biennale-photo-mulhouse.com\/2026\/appel-a-candidature-sedimentations\/\" \/>\n<meta property=\"og:site_name\" content=\"BPM 2026 - Biennale de la Photographie de Mulhouse 2026\" \/>\n<meta property=\"article:publisher\" content=\"https:\/\/www.facebook.com\/BiennaleDeLaPhotographieDeMulhouse\" \/>\n<meta property=\"article:modified_time\" content=\"2025-06-26T13:12:55+00:00\" \/>\n<meta property=\"og:image\" content=\"https:\/\/www.biennale-photo-mulhouse.com\/2026\/wp-content\/uploads\/sites\/7\/2025\/03\/Open-Call-Pascal-Amoyel.jpg\" \/>\n<meta name=\"twitter:card\" content=\"summary_large_image\" \/>\n<meta name=\"twitter:label1\" content=\"Dur\u00e9e de lecture estim\u00e9e\" \/>\n\t<meta name=\"twitter:data1\" content=\"3 minutes\" \/>\n<script type=\"application\/ld+json\" class=\"yoast-schema-graph\">{\"@context\":\"https:\/\/schema.org\",\"@graph\":[{\"@type\":\"WebPage\",\"@id\":\"https:\/\/www.biennale-photo-mulhouse.com\/2026\/appel-a-candidature-sedimentations\/\",\"url\":\"https:\/\/www.biennale-photo-mulhouse.com\/2026\/appel-a-candidature-sedimentations\/\",\"name\":\"Appel \u00e0 candidature, S\u00e9dimentation(s) - BPM 2026 - Biennale de la Photographie de Mulhouse 2026\",\"isPartOf\":{\"@id\":\"https:\/\/www.biennale-photo-mulhouse.com\/2026\/#website\"},\"datePublished\":\"2025-04-08T12:42:20+00:00\",\"dateModified\":\"2025-06-26T13:12:55+00:00\",\"description\":\"En f\u00e9vrier 2025, la BPM et Mulhouse Art Contemporain ont lanc\u00e9 un appel \u00e0 candidature pour une exposition individuelle.\",\"breadcrumb\":{\"@id\":\"https:\/\/www.biennale-photo-mulhouse.com\/2026\/appel-a-candidature-sedimentations\/#breadcrumb\"},\"inLanguage\":\"fr-FR\",\"potentialAction\":[{\"@type\":\"ReadAction\",\"target\":[\"https:\/\/www.biennale-photo-mulhouse.com\/2026\/appel-a-candidature-sedimentations\/\"]}]},{\"@type\":\"BreadcrumbList\",\"@id\":\"https:\/\/www.biennale-photo-mulhouse.com\/2026\/appel-a-candidature-sedimentations\/#breadcrumb\",\"itemListElement\":[{\"@type\":\"ListItem\",\"position\":1,\"name\":\"Accueil\",\"item\":\"https:\/\/www.biennale-photo-mulhouse.com\/2026\/\"},{\"@type\":\"ListItem\",\"position\":2,\"name\":\"Appel \u00e0 candidature, S\u00e9dimentation(s)\"}]},{\"@type\":\"WebSite\",\"@id\":\"https:\/\/www.biennale-photo-mulhouse.com\/2026\/#website\",\"url\":\"https:\/\/www.biennale-photo-mulhouse.com\/2026\/\",\"name\":\"Biennale de la Photographie de Mulhouse\",\"description\":\"\",\"potentialAction\":[{\"@type\":\"SearchAction\",\"target\":{\"@type\":\"EntryPoint\",\"urlTemplate\":\"https:\/\/www.biennale-photo-mulhouse.com\/2026\/?s={search_term_string}\"},\"query-input\":\"required name=search_term_string\"}],\"inLanguage\":\"fr-FR\"}]}<\/script>\n<!-- \/ Yoast SEO plugin. -->","yoast_head_json":{"title":"Appel \u00e0 candidature, S\u00e9dimentation(s) - BPM 2026 - Biennale de la Photographie de Mulhouse 2026","description":"En f\u00e9vrier 2025, la BPM et Mulhouse Art Contemporain ont lanc\u00e9 un appel \u00e0 candidature pour une exposition individuelle.","robots":{"index":"index","follow":"follow","max-snippet":"max-snippet:-1","max-image-preview":"max-image-preview:large","max-video-preview":"max-video-preview:-1"},"canonical":"https:\/\/www.biennale-photo-mulhouse.com\/2026\/appel-a-candidature-sedimentations\/","og_locale":"fr_FR","og_type":"article","og_title":"Appel \u00e0 candidature, S\u00e9dimentation(s) - BPM 2026 - Biennale de la Photographie de Mulhouse 2026","og_description":"En f\u00e9vrier 2025, la BPM et Mulhouse Art Contemporain ont lanc\u00e9 un appel \u00e0 candidature pour une exposition individuelle.","og_url":"https:\/\/www.biennale-photo-mulhouse.com\/2026\/appel-a-candidature-sedimentations\/","og_site_name":"BPM 2026 - Biennale de la Photographie de Mulhouse 2026","article_publisher":"https:\/\/www.facebook.com\/BiennaleDeLaPhotographieDeMulhouse","article_modified_time":"2025-06-26T13:12:55+00:00","og_image":[{"url":"https:\/\/www.biennale-photo-mulhouse.com\/2026\/wp-content\/uploads\/sites\/7\/2025\/03\/Open-Call-Pascal-Amoyel.jpg"}],"twitter_card":"summary_large_image","twitter_misc":{"Dur\u00e9e de lecture estim\u00e9e":"3 minutes"},"schema":{"@context":"https:\/\/schema.org","@graph":[{"@type":"WebPage","@id":"https:\/\/www.biennale-photo-mulhouse.com\/2026\/appel-a-candidature-sedimentations\/","url":"https:\/\/www.biennale-photo-mulhouse.com\/2026\/appel-a-candidature-sedimentations\/","name":"Appel \u00e0 candidature, S\u00e9dimentation(s) - BPM 2026 - Biennale de la Photographie de Mulhouse 2026","isPartOf":{"@id":"https:\/\/www.biennale-photo-mulhouse.com\/2026\/#website"},"datePublished":"2025-04-08T12:42:20+00:00","dateModified":"2025-06-26T13:12:55+00:00","description":"En f\u00e9vrier 2025, la BPM et Mulhouse Art Contemporain ont lanc\u00e9 un appel \u00e0 candidature pour une exposition individuelle.","breadcrumb":{"@id":"https:\/\/www.biennale-photo-mulhouse.com\/2026\/appel-a-candidature-sedimentations\/#breadcrumb"},"inLanguage":"fr-FR","potentialAction":[{"@type":"ReadAction","target":["https:\/\/www.biennale-photo-mulhouse.com\/2026\/appel-a-candidature-sedimentations\/"]}]},{"@type":"BreadcrumbList","@id":"https:\/\/www.biennale-photo-mulhouse.com\/2026\/appel-a-candidature-sedimentations\/#breadcrumb","itemListElement":[{"@type":"ListItem","position":1,"name":"Accueil","item":"https:\/\/www.biennale-photo-mulhouse.com\/2026\/"},{"@type":"ListItem","position":2,"name":"Appel \u00e0 candidature, S\u00e9dimentation(s)"}]},{"@type":"WebSite","@id":"https:\/\/www.biennale-photo-mulhouse.com\/2026\/#website","url":"https:\/\/www.biennale-photo-mulhouse.com\/2026\/","name":"Biennale de la Photographie de Mulhouse","description":"","potentialAction":[{"@type":"SearchAction","target":{"@type":"EntryPoint","urlTemplate":"https:\/\/www.biennale-photo-mulhouse.com\/2026\/?s={search_term_string}"},"query-input":"required name=search_term_string"}],"inLanguage":"fr-FR"}]}},"_links":{"self":[{"href":"https:\/\/www.biennale-photo-mulhouse.com\/2026\/wp-json\/wp\/v2\/pages\/893","targetHints":{"allow":["GET"]}}],"collection":[{"href":"https:\/\/www.biennale-photo-mulhouse.com\/2026\/wp-json\/wp\/v2\/pages"}],"about":[{"href":"https:\/\/www.biennale-photo-mulhouse.com\/2026\/wp-json\/wp\/v2\/types\/page"}],"author":[{"embeddable":true,"href":"https:\/\/www.biennale-photo-mulhouse.com\/2026\/wp-json\/wp\/v2\/users\/3"}],"replies":[{"embeddable":true,"href":"https:\/\/www.biennale-photo-mulhouse.com\/2026\/wp-json\/wp\/v2\/comments?post=893"}],"version-history":[{"count":5,"href":"https:\/\/www.biennale-photo-mulhouse.com\/2026\/wp-json\/wp\/v2\/pages\/893\/revisions"}],"predecessor-version":[{"id":988,"href":"https:\/\/www.biennale-photo-mulhouse.com\/2026\/wp-json\/wp\/v2\/pages\/893\/revisions\/988"}],"wp:attachment":[{"href":"https:\/\/www.biennale-photo-mulhouse.com\/2026\/wp-json\/wp\/v2\/media?parent=893"}],"wp:term":[{"taxonomy":"category","embeddable":true,"href":"https:\/\/www.biennale-photo-mulhouse.com\/2026\/wp-json\/wp\/v2\/categories?post=893"}],"curies":[{"name":"wp","href":"https:\/\/api.w.org\/{rel}","templated":true}]}}