{"id":1325,"date":"2026-03-27T14:28:30","date_gmt":"2026-03-27T13:28:30","guid":{"rendered":"https:\/\/www.biennale-photo-mulhouse.com\/2026\/?page_id=1325"},"modified":"2026-04-15T16:19:14","modified_gmt":"2026-04-15T14:19:14","slug":"point-cardinal-v","status":"publish","type":"page","link":"https:\/\/www.biennale-photo-mulhouse.com\/2026\/point-cardinal-v\/","title":{"rendered":"Point Cardinal V"},"content":{"rendered":"<p><span class=\"small\"><strong>FR \u2b62 <a href=\"https:\/\/www.biennale-photo-mulhouse.com\/2026en\/cardinal-point-v\/\">EN<\/a><\/strong><\/span><\/p>\n<h1><span class=\"theme_color\"><em>Point Cardinal V<\/em><\/span><\/h1>\n<h2>Avec et par les \u00e9tudiant\u00b7es des \u00c9coles Sup\u00e9rieures d\u2019Art du Grand Est et leurs professeur\u00b7es de photographie<\/h2>\n<p class=\"offsetted\"><strong>Le long du Canal du Rh\u00f4ne au Rhin, face au Mus\u00e9e de l\u2019Impression sur \u00c9toffes (entr\u00e9e vers le quai du canal au croisement de l\u2019Avenue du G\u00e9n\u00e9ral Leclerc et de la rue des Bonnes Gens)<br \/>\net sur le parvis Adrien Zeller (\u00e0 c\u00f4t\u00e9 de la gare), Mulhouse<\/strong><br \/>\n<span class=\"theme_color\">5 juin &#8211; 5 juillet <\/span><br \/>\n<span class=\"theme_color\">24h\/24<\/span><br \/>\n<strong><span class=\"theme_color\">Visite inaugurale le vendredi 5 juin \u00e0 16 h<\/span><\/strong><\/p>\n<p>Sous forme d&rsquo;affichage le long des quais du canal et sur le parvis de la gare, l&rsquo;exposition pr\u00e9sente 80 affiches de photographies d&rsquo;\u00e9tudiant\u00b7es r\u00e9alis\u00e9es dans le cadre des cours de Constance Nouvel, Estefan\u00eda Pe\u00f1afiel-Loaiza et Delphine Gatinois (\u00c9SAL Metz et \u00c9pinal), d&rsquo;Andrea Keen (ENSAD Nancy), de Laurent Montaron (ESAD de Reims), d\u2019Isabelle Le Minh et d&rsquo;Anne Immel\u00e9 (HEAR Strasbourg-Mulhouse). Durant l&rsquo;ann\u00e9e 2025-2026, les \u00e9tudiant\u00b7es ont travaill\u00e9 \u00e0 partir de la th\u00e9matique de la BPM 2026, <em>S\u00e9dimentation(s<\/em>). Il en r\u00e9sulte une diversit\u00e9 de propositions t\u00e9moignant de la vitalit\u00e9 de la jeune cr\u00e9ation.<\/p>\n<p>Dans le cadre d&rsquo;une collaboration entre la HEAR, l&rsquo;Institut fran\u00e7ais du Cambodge et l&rsquo;\u00e9cole Studio Images \u00e0 Phnom Penh &#8211; le seul \u00e9tablissement d&rsquo;enseignement sup\u00e9rieur exclusivement d\u00e9di\u00e9 \u00e0 l&rsquo;enseignement de la photographie dans tout le sud-est asiatique -, des \u00e9tudiant\u00b7es cambodgien\u00b7es ont \u00e9galement \u00e9t\u00e9 invit\u00e9\u00b7es \u00e0 r\u00e9fl\u00e9chir sur la th\u00e9matique du festival. Six d&rsquo;entre elles et eux participent exceptionnellement \u00e0 l&rsquo;exposition <span class=\"theme_color\"><em>Point Cardinal V<\/em> <\/span>au c\u00f4t\u00e9 des \u00e9tudiant\u00b7es des \u00e9coles sup\u00e9rieures d&rsquo;art du Grand Est.\u00a0<\/p>\n<p><strong>L\u2019accrochage sur le parvis a \u00e9t\u00e9 r\u00e9alis\u00e9 gr\u00e2ce au m\u00e9c\u00e9nat de JCDecaux.<\/strong><\/p>\n<p><img loading=\"lazy\" decoding=\"async\" class=\"alignnone size-full wp-image-1329\" src=\"https:\/\/www.biennale-photo-mulhouse.com\/2026\/wp-content\/uploads\/sites\/7\/2026\/03\/Pauline-Carre-Mine-dargent-HEAR-Mulhouse-scaled.jpg\" alt=\"\" width=\"1707\" height=\"2560\" srcset=\"https:\/\/www.biennale-photo-mulhouse.com\/2026\/wp-content\/uploads\/sites\/7\/2026\/03\/Pauline-Carre-Mine-dargent-HEAR-Mulhouse-scaled.jpg 1707w, https:\/\/www.biennale-photo-mulhouse.com\/2026\/wp-content\/uploads\/sites\/7\/2026\/03\/Pauline-Carre-Mine-dargent-HEAR-Mulhouse-768x1152.jpg 768w, https:\/\/www.biennale-photo-mulhouse.com\/2026\/wp-content\/uploads\/sites\/7\/2026\/03\/Pauline-Carre-Mine-dargent-HEAR-Mulhouse-1024x1536.jpg 1024w, https:\/\/www.biennale-photo-mulhouse.com\/2026\/wp-content\/uploads\/sites\/7\/2026\/03\/Pauline-Carre-Mine-dargent-HEAR-Mulhouse-1365x2048.jpg 1365w\" sizes=\"auto, (max-width: 1707px) 100vw, 1707px\" \/><\/p>\n<p class=\"img_caption\">Pauline Carr\u00e9, <em>Mine d\u2019argent<\/em>, HEAR Mulhouse<\/p>\n<p class=\"img_caption\">\u00a0<\/p>\n<p><strong>L\u2019exposition pr\u00e9sente le travail des :<\/strong><\/p>\n<p class=\"offsetted with_color_diamond\"><em>\u00e9tudiant\u00b7es de la HEAR Mulhouse<\/em> : Margarita Asylgaraeva, \u00c9milie Barral, Andr\u00e9a Besset, Pauline Carre, Camille Challier, Laurine Cratchley, Dana\u00e9 Kamitsis, Bertille Ranchin, Pierre-Olivier Smadja, Yi Zhou<\/p>\n<p class=\"offsetted with_color_diamond\"><em>\u00e9tudiant\u00b7es de la HEAR Strasbourg<\/em> :\u00a0 Elvira Alvarez-Fernandez, Alice Claudel, Tess Duffau-Bruy\u00e8re, Thomas Gallardo-Ledezma, Reem Jamal, B\u00e9n\u00e9dicte Lalo, No\u00e9mie Massol-Rai,\u00a0\u00c9lie Regazzoni Wimmer, Zo\u00e9 Schlindwein<\/p>\n<p class=\"offsetted with_color_diamond\"><em>\u00e9tudiant\u00b7es de l\u2019\u00c9SAL Metz :\u00a0<\/em>L\u00e9a Coutant, Lisandre Crochet, Charly Gillet, Aloona Godard, Ga\u00ebl Guilbert, Eva Gresson, Ma\u00e9 Idaczyk, Tehani Klein, Eike Llamas, Madeleine Rieffel, Max Romaniuk, Sarah-Line Sayasithsena, Tiane Yao, Xiaonan Wang, Jiayi Zou<\/p>\n<p class=\"offsetted with_color_diamond\"><em>\u00e9tudiant\u00b7es de l\u2019\u00c9SAL \u00c9pinal<\/em> : \u00a0Emeline Aumont, Pauline Bastid, Illona Baue, Judith Cattan, Lou Darnaudet, Louison Javel, Cl\u00e9mence Picard, Lila Poulain, Ad\u00e8le Santin, Anton Struts, Chlo\u00e9 Vallery-Radot<\/p>\n<p class=\"offsetted with_color_diamond\"><em>\u00e9tudiant\u00b7es de l\u2019ENSAD Nancy<\/em> : Basile Bord, Cl\u00e9mence Chotin, Gabrielle Combe, Lison Kinder, Lisa Logeard, Ash Mialot, Aline Neri, Elisa Peccolo, Emma Thiebaut, Nilufar Zaribaf<\/p>\n<p class=\"offsetted with_color_diamond\"><em>\u00e9tudiant\u00b7es de l\u2019ESAD Reims<\/em> : Chlo\u00e9 Assouad, Thadd\u00e9e Batifol-Flasseur, Mathieu Bernard, Emma Bonnet, Elane Boutier, Milo Butta, Aeryn Cordonnier, May le Guevel-Lopez,\u00a0 Zara Jubica, Chlo\u00e9 Lavillauroy, Cl\u00e9mence Lottin, Salom\u00e9 Mattlin, Charli Torossian<\/p>\n<p class=\"offsetted with_color_diamond\"><em> \u00e9tudiant\u00b7es de l\u2019\u00e9cole Studio Images \u00e0 Phnom Penh<\/em> : Minea Chham, Kimhong Chhen, Samnang Chum, Reaksa Im, So Thern Keng<\/p>\n<p class=\"img_caption\">\u00a0<\/p>\n<p><img loading=\"lazy\" decoding=\"async\" class=\"alignnone size-full wp-image-1360\" src=\"https:\/\/www.biennale-photo-mulhouse.com\/2026\/wp-content\/uploads\/sites\/7\/2026\/04\/BPM-Metz-SAYASITHSENA_SarahLine-BD.jpg\" alt=\"\" width=\"850\" height=\"567\" srcset=\"https:\/\/www.biennale-photo-mulhouse.com\/2026\/wp-content\/uploads\/sites\/7\/2026\/04\/BPM-Metz-SAYASITHSENA_SarahLine-BD.jpg 850w, https:\/\/www.biennale-photo-mulhouse.com\/2026\/wp-content\/uploads\/sites\/7\/2026\/04\/BPM-Metz-SAYASITHSENA_SarahLine-BD-768x512.jpg 768w\" sizes=\"auto, (max-width: 850px) 100vw, 850px\" \/><\/p>\n<p class=\"img_caption\">Sarah-Line Sayasithsena, \u00c9SAL Metz<\/p>\n<p class=\"img_caption\">\u00a0<\/p>\n<hr \/>\n<h2>Le projet vu par<br \/>\n<span class=\"theme_color\">Laurent montaron\u00a0<\/span><\/h2>\n<p>\u00ab\u00a0Le projet d\u2019atelier photographique men\u00e9 avec les \u00e9tudiant\u00b7e\u00b7s de deuxi\u00e8me et troisi\u00e8me ann\u00e9es de l\u2019ESAD de Reims avait pour dessein de lier \u00e0 l\u2019exp\u00e9rimentation la relecture des proc\u00e9d\u00e9s d\u2019apparition de l\u2019image. Il s\u2019inscrit dans une exploration des origines de la photographie, en revisitant certaines de ses techniques fondatrices.<\/p>\n<p>Notre d\u00e9marche s\u2019est appuy\u00e9e sur une approche o\u00f9 l\u2019apprentissage na\u00eet de l\u2019exp\u00e9rience et de l\u2019observation des ph\u00e9nom\u00e8nes. \u00c0 travers l\u2019atelier, l\u2019id\u00e9e \u00e9tait de valoriser le processus autant que le r\u00e9sultat, et de mettre en lumi\u00e8re les produits de la pratique ainsi que les accidents, envisag\u00e9s comme des \u00e9tapes constitutives de l\u2019apprentissage.<\/p>\n<p>L\u2019atelier a ainsi d\u00e9but\u00e9 par la construction de cam\u00e9ras obscura, premi\u00e8re \u00e9tape permettant d\u2019appr\u00e9hender les principes fondamentaux de la formation de l\u2019image. Cette phase exp\u00e9rimentale s\u2019est prolong\u00e9e par une s\u00e9rie de prises de vue r\u00e9alis\u00e9es en studio avec une chambre folding 4\u00d75. Les photographies ont \u00e9t\u00e9 r\u00e9alis\u00e9es en noir et blanc \u00e0 partir de n\u00e9gatifs Fomapan, pellicules produites par FOMA Bohemia, fabricant historique fond\u00e9 en 1921 en R\u00e9publique tch\u00e8que.<\/p>\n<p>Les films ont \u00e9t\u00e9 d\u00e9velopp\u00e9s selon le proc\u00e9d\u00e9 du caffenol, une chimie photographique alternative, non toxique et \u00e9cologique, \u00e0 base de caf\u00e9. Les images ont ensuite \u00e9t\u00e9 num\u00e9ris\u00e9es, avant une phase de post-production consistant \u00e0 \u00e9quilibrer les niveaux de lumi\u00e8re et \u00e0 nettoyer les poussi\u00e8res et imperfections, certaines marques du processus ayant toutefois \u00e9t\u00e9 volontairement conserv\u00e9es.<\/p>\n<p>L\u2019ensemble a enfin donn\u00e9 lieu \u00e0 la r\u00e9alisation de tirages sur dos bleu produits au sein de l\u2019\u00e9cole.<\/p>\n<p>Le choix des sujets photographi\u00e9s a \u00e9t\u00e9 laiss\u00e9 libre aux \u00e9tudiant\u00b7e\u00b7s, afin de permettre \u00e0 chacun\u00b7e d\u2019explorer, \u00e0 travers ce dispositif technique et exp\u00e9rimental, son propre rapport \u00e0 l\u2019image.\u00a0\u00bb<\/p>\n<p>&nbsp;<\/p>\n<p class=\"img_caption\">Laurent Montaron, professeur de photographie, ESAD REIMS<\/p>\n<p>&nbsp;<\/p>\n<p class=\"img_caption\"><img loading=\"lazy\" decoding=\"async\" class=\"alignnone size-full wp-image-1328\" src=\"https:\/\/www.biennale-photo-mulhouse.com\/2026\/wp-content\/uploads\/sites\/7\/2026\/03\/Milo-Butta-ESAD-Reims-scaled.jpg\" alt=\"\" width=\"2048\" height=\"2560\" srcset=\"https:\/\/www.biennale-photo-mulhouse.com\/2026\/wp-content\/uploads\/sites\/7\/2026\/03\/Milo-Butta-ESAD-Reims-scaled.jpg 2048w, https:\/\/www.biennale-photo-mulhouse.com\/2026\/wp-content\/uploads\/sites\/7\/2026\/03\/Milo-Butta-ESAD-Reims-768x960.jpg 768w, https:\/\/www.biennale-photo-mulhouse.com\/2026\/wp-content\/uploads\/sites\/7\/2026\/03\/Milo-Butta-ESAD-Reims-1229x1536.jpg 1229w, https:\/\/www.biennale-photo-mulhouse.com\/2026\/wp-content\/uploads\/sites\/7\/2026\/03\/Milo-Butta-ESAD-Reims-1638x2048.jpg 1638w\" sizes=\"auto, (max-width: 2048px) 100vw, 2048px\" \/><\/p>\n<p class=\"img_caption\">Milo Butta, ESAD Reims<\/p>\n","protected":false},"excerpt":{"rendered":"<p>FR \u2b62 EN Point Cardinal V Avec et par les \u00e9tudiant\u00b7es des \u00c9coles Sup\u00e9rieures d\u2019Art du Grand Est et leurs professeur\u00b7es de photographie Le long du Canal du Rh\u00f4ne au Rhin, face au Mus\u00e9e de l\u2019Impression sur \u00c9toffes (entr\u00e9e vers le quai du canal au croisement de l\u2019Avenue du G\u00e9n\u00e9ral Leclerc et de la rue [&hellip;]<\/p>\n","protected":false},"author":3,"featured_media":0,"parent":0,"menu_order":0,"comment_status":"closed","ping_status":"closed","template":"","meta":{"footnotes":""},"categories":[1],"class_list":["post-1325","page","type-page","status-publish","hentry","category-non-classe"],"acf":{"photo_gallery":{"gallery":[[{"id":1326,"title":"nilufar zaribaf_nancy_300dpi","caption":"Nilufar Zaribaf, ENSAD Nancy","full_image_url":"https:\/\/www.biennale-photo-mulhouse.com\/2026\/wp-content\/uploads\/sites\/7\/2026\/03\/nilufar-zaribaf_nancy_300dpi.jpg","thumbnail_image_url":"https:\/\/www.biennale-photo-mulhouse.com\/2026\/wp-content\/uploads\/sites\/7\/2026\/03\/nilufar-zaribaf_nancy_300dpi.jpg","large_srcset":"https:\/\/www.biennale-photo-mulhouse.com\/2026\/wp-content\/uploads\/sites\/7\/2026\/03\/nilufar-zaribaf_nancy_300dpi.jpg 1772w, https:\/\/www.biennale-photo-mulhouse.com\/2026\/wp-content\/uploads\/sites\/7\/2026\/03\/nilufar-zaribaf_nancy_300dpi-768x536.jpg 768w, https:\/\/www.biennale-photo-mulhouse.com\/2026\/wp-content\/uploads\/sites\/7\/2026\/03\/nilufar-zaribaf_nancy_300dpi-1536x1072.jpg 1536w","medium_srcset":"https:\/\/www.biennale-photo-mulhouse.com\/2026\/wp-content\/uploads\/sites\/7\/2026\/03\/nilufar-zaribaf_nancy_300dpi.jpg 1772w, https:\/\/www.biennale-photo-mulhouse.com\/2026\/wp-content\/uploads\/sites\/7\/2026\/03\/nilufar-zaribaf_nancy_300dpi-768x536.jpg 768w, https:\/\/www.biennale-photo-mulhouse.com\/2026\/wp-content\/uploads\/sites\/7\/2026\/03\/nilufar-zaribaf_nancy_300dpi-1536x1072.jpg 1536w","media_details":{"width":1772,"height":1237,"sizes":{"medium_large":{"file":"nilufar-zaribaf_nancy_300dpi-768x536.jpg","width":768,"height":536,"mime-type":"image\/jpeg","filesize":58447,"source_url":"https:\/\/www.biennale-photo-mulhouse.com\/2026\/wp-content\/uploads\/sites\/7\/2026\/03\/nilufar-zaribaf_nancy_300dpi-768x536.jpg"},"1536x1536":{"file":"nilufar-zaribaf_nancy_300dpi-1536x1072.jpg","width":1536,"height":1072,"mime-type":"image\/jpeg","filesize":187184,"source_url":"https:\/\/www.biennale-photo-mulhouse.com\/2026\/wp-content\/uploads\/sites\/7\/2026\/03\/nilufar-zaribaf_nancy_300dpi-1536x1072.jpg"}}},"alt_text":"","url":"","target":""}]]}},"yoast_head":"<!-- This site is optimized with the Yoast SEO plugin v21.9.1 - https:\/\/yoast.com\/wordpress\/plugins\/seo\/ -->\n<title>Point Cardinal V - BPM 2026 - Biennale de la Photographie de Mulhouse 2026<\/title>\n<meta name=\"description\" content=\"Sous forme d&#039;affichage le long des quais du canal et sur le parvis de la gare, l&#039;exposition pr\u00e9sente 80 photographies d&#039;\u00e9tudiant\u00b7es.\" \/>\n<meta name=\"robots\" content=\"index, follow, max-snippet:-1, max-image-preview:large, max-video-preview:-1\" \/>\n<link rel=\"canonical\" href=\"https:\/\/www.biennale-photo-mulhouse.com\/2026\/point-cardinal-v\/\" \/>\n<meta property=\"og:locale\" content=\"fr_FR\" \/>\n<meta property=\"og:type\" content=\"article\" \/>\n<meta property=\"og:title\" content=\"Point Cardinal V - BPM 2026 - Biennale de la Photographie de Mulhouse 2026\" \/>\n<meta property=\"og:description\" content=\"Sous forme d&#039;affichage le long des quais du canal et sur le parvis de la gare, l&#039;exposition pr\u00e9sente 80 photographies d&#039;\u00e9tudiant\u00b7es.\" \/>\n<meta property=\"og:url\" content=\"https:\/\/www.biennale-photo-mulhouse.com\/2026\/point-cardinal-v\/\" \/>\n<meta property=\"og:site_name\" content=\"BPM 2026 - Biennale de la Photographie de Mulhouse 2026\" \/>\n<meta property=\"article:publisher\" content=\"https:\/\/www.facebook.com\/BiennaleDeLaPhotographieDeMulhouse\" \/>\n<meta property=\"article:modified_time\" content=\"2026-04-15T14:19:14+00:00\" \/>\n<meta property=\"og:image\" content=\"https:\/\/www.biennale-photo-mulhouse.com\/2026\/wp-content\/uploads\/sites\/7\/2026\/03\/Pauline-Carre-Mine-dargent-HEAR-Mulhouse-scaled.jpg\" \/>\n<meta name=\"twitter:card\" content=\"summary_large_image\" \/>\n<meta name=\"twitter:label1\" content=\"Dur\u00e9e de lecture estim\u00e9e\" \/>\n\t<meta name=\"twitter:data1\" content=\"5 minutes\" \/>\n<script type=\"application\/ld+json\" class=\"yoast-schema-graph\">{\"@context\":\"https:\/\/schema.org\",\"@graph\":[{\"@type\":\"WebPage\",\"@id\":\"https:\/\/www.biennale-photo-mulhouse.com\/2026\/point-cardinal-v\/\",\"url\":\"https:\/\/www.biennale-photo-mulhouse.com\/2026\/point-cardinal-v\/\",\"name\":\"Point Cardinal V - BPM 2026 - Biennale de la Photographie de Mulhouse 2026\",\"isPartOf\":{\"@id\":\"https:\/\/www.biennale-photo-mulhouse.com\/2026\/#website\"},\"datePublished\":\"2026-03-27T13:28:30+00:00\",\"dateModified\":\"2026-04-15T14:19:14+00:00\",\"description\":\"Sous forme d'affichage le long des quais du canal et sur le parvis de la gare, l'exposition pr\u00e9sente 80 photographies d'\u00e9tudiant\u00b7es.\",\"breadcrumb\":{\"@id\":\"https:\/\/www.biennale-photo-mulhouse.com\/2026\/point-cardinal-v\/#breadcrumb\"},\"inLanguage\":\"fr-FR\",\"potentialAction\":[{\"@type\":\"ReadAction\",\"target\":[\"https:\/\/www.biennale-photo-mulhouse.com\/2026\/point-cardinal-v\/\"]}]},{\"@type\":\"BreadcrumbList\",\"@id\":\"https:\/\/www.biennale-photo-mulhouse.com\/2026\/point-cardinal-v\/#breadcrumb\",\"itemListElement\":[{\"@type\":\"ListItem\",\"position\":1,\"name\":\"Accueil\",\"item\":\"https:\/\/www.biennale-photo-mulhouse.com\/2026\/\"},{\"@type\":\"ListItem\",\"position\":2,\"name\":\"Point Cardinal V\"}]},{\"@type\":\"WebSite\",\"@id\":\"https:\/\/www.biennale-photo-mulhouse.com\/2026\/#website\",\"url\":\"https:\/\/www.biennale-photo-mulhouse.com\/2026\/\",\"name\":\"Biennale de la Photographie de Mulhouse\",\"description\":\"\",\"potentialAction\":[{\"@type\":\"SearchAction\",\"target\":{\"@type\":\"EntryPoint\",\"urlTemplate\":\"https:\/\/www.biennale-photo-mulhouse.com\/2026\/?s={search_term_string}\"},\"query-input\":\"required name=search_term_string\"}],\"inLanguage\":\"fr-FR\"}]}<\/script>\n<!-- \/ Yoast SEO plugin. -->","yoast_head_json":{"title":"Point Cardinal V - BPM 2026 - Biennale de la Photographie de Mulhouse 2026","description":"Sous forme d'affichage le long des quais du canal et sur le parvis de la gare, l'exposition pr\u00e9sente 80 photographies d'\u00e9tudiant\u00b7es.","robots":{"index":"index","follow":"follow","max-snippet":"max-snippet:-1","max-image-preview":"max-image-preview:large","max-video-preview":"max-video-preview:-1"},"canonical":"https:\/\/www.biennale-photo-mulhouse.com\/2026\/point-cardinal-v\/","og_locale":"fr_FR","og_type":"article","og_title":"Point Cardinal V - BPM 2026 - Biennale de la Photographie de Mulhouse 2026","og_description":"Sous forme d'affichage le long des quais du canal et sur le parvis de la gare, l'exposition pr\u00e9sente 80 photographies d'\u00e9tudiant\u00b7es.","og_url":"https:\/\/www.biennale-photo-mulhouse.com\/2026\/point-cardinal-v\/","og_site_name":"BPM 2026 - Biennale de la Photographie de Mulhouse 2026","article_publisher":"https:\/\/www.facebook.com\/BiennaleDeLaPhotographieDeMulhouse","article_modified_time":"2026-04-15T14:19:14+00:00","og_image":[{"url":"https:\/\/www.biennale-photo-mulhouse.com\/2026\/wp-content\/uploads\/sites\/7\/2026\/03\/Pauline-Carre-Mine-dargent-HEAR-Mulhouse-scaled.jpg"}],"twitter_card":"summary_large_image","twitter_misc":{"Dur\u00e9e de lecture estim\u00e9e":"5 minutes"},"schema":{"@context":"https:\/\/schema.org","@graph":[{"@type":"WebPage","@id":"https:\/\/www.biennale-photo-mulhouse.com\/2026\/point-cardinal-v\/","url":"https:\/\/www.biennale-photo-mulhouse.com\/2026\/point-cardinal-v\/","name":"Point Cardinal V - BPM 2026 - Biennale de la Photographie de Mulhouse 2026","isPartOf":{"@id":"https:\/\/www.biennale-photo-mulhouse.com\/2026\/#website"},"datePublished":"2026-03-27T13:28:30+00:00","dateModified":"2026-04-15T14:19:14+00:00","description":"Sous forme d'affichage le long des quais du canal et sur le parvis de la gare, l'exposition pr\u00e9sente 80 photographies d'\u00e9tudiant\u00b7es.","breadcrumb":{"@id":"https:\/\/www.biennale-photo-mulhouse.com\/2026\/point-cardinal-v\/#breadcrumb"},"inLanguage":"fr-FR","potentialAction":[{"@type":"ReadAction","target":["https:\/\/www.biennale-photo-mulhouse.com\/2026\/point-cardinal-v\/"]}]},{"@type":"BreadcrumbList","@id":"https:\/\/www.biennale-photo-mulhouse.com\/2026\/point-cardinal-v\/#breadcrumb","itemListElement":[{"@type":"ListItem","position":1,"name":"Accueil","item":"https:\/\/www.biennale-photo-mulhouse.com\/2026\/"},{"@type":"ListItem","position":2,"name":"Point Cardinal V"}]},{"@type":"WebSite","@id":"https:\/\/www.biennale-photo-mulhouse.com\/2026\/#website","url":"https:\/\/www.biennale-photo-mulhouse.com\/2026\/","name":"Biennale de la Photographie de Mulhouse","description":"","potentialAction":[{"@type":"SearchAction","target":{"@type":"EntryPoint","urlTemplate":"https:\/\/www.biennale-photo-mulhouse.com\/2026\/?s={search_term_string}"},"query-input":"required name=search_term_string"}],"inLanguage":"fr-FR"}]}},"_links":{"self":[{"href":"https:\/\/www.biennale-photo-mulhouse.com\/2026\/wp-json\/wp\/v2\/pages\/1325","targetHints":{"allow":["GET"]}}],"collection":[{"href":"https:\/\/www.biennale-photo-mulhouse.com\/2026\/wp-json\/wp\/v2\/pages"}],"about":[{"href":"https:\/\/www.biennale-photo-mulhouse.com\/2026\/wp-json\/wp\/v2\/types\/page"}],"author":[{"embeddable":true,"href":"https:\/\/www.biennale-photo-mulhouse.com\/2026\/wp-json\/wp\/v2\/users\/3"}],"replies":[{"embeddable":true,"href":"https:\/\/www.biennale-photo-mulhouse.com\/2026\/wp-json\/wp\/v2\/comments?post=1325"}],"version-history":[{"count":10,"href":"https:\/\/www.biennale-photo-mulhouse.com\/2026\/wp-json\/wp\/v2\/pages\/1325\/revisions"}],"predecessor-version":[{"id":1381,"href":"https:\/\/www.biennale-photo-mulhouse.com\/2026\/wp-json\/wp\/v2\/pages\/1325\/revisions\/1381"}],"wp:attachment":[{"href":"https:\/\/www.biennale-photo-mulhouse.com\/2026\/wp-json\/wp\/v2\/media?parent=1325"}],"wp:term":[{"taxonomy":"category","embeddable":true,"href":"https:\/\/www.biennale-photo-mulhouse.com\/2026\/wp-json\/wp\/v2\/categories?post=1325"}],"curies":[{"name":"wp","href":"https:\/\/api.w.org\/{rel}","templated":true}]}}