{"id":1318,"date":"2026-03-27T13:56:28","date_gmt":"2026-03-27T12:56:28","guid":{"rendered":"https:\/\/www.biennale-photo-mulhouse.com\/2026\/?page_id=1318"},"modified":"2026-04-24T11:49:17","modified_gmt":"2026-04-24T09:49:17","slug":"si-on-mavait-dit-mes-vies-de-photographe-jean-claude-figenwald","status":"publish","type":"page","link":"https:\/\/www.biennale-photo-mulhouse.com\/2026\/si-on-mavait-dit-mes-vies-de-photographe-jean-claude-figenwald\/","title":{"rendered":"Si on m\u2019avait dit. Mes vies de photographe, Jean-Claude Figenwald"},"content":{"rendered":"<p><strong><span class=\"small\">FR \u2b62 <a href=\"https:\/\/www.biennale-photo-mulhouse.com\/2026en\/if-someone-had-told-me-my-lives-as-a-photographer-jean-claude-figenwald\/\">EN<\/a><\/span><\/strong><\/p>\n<h1><span class=\"theme_color\"><em>Si on m\u2019avait dit. Mes vies de photographe<\/em><\/span><\/h1>\n<h2>Jean-Claude Figenwald<\/h2>\n<p class=\"offsetted\"><strong>Le S\u00e9choir, Mulhouse<\/strong><br \/>\n<span class=\"theme_color\">6 juin &#8211; 5 juillet <\/span><br \/>\n<span class=\"theme_color\">samedi et dimanche de 14h \u00e0 18h<\/span><br \/>\n<strong><span class=\"theme_color\">Visite inaugurale le dimanche 7 juin \u00e0 10h<\/span> <\/strong><\/p>\n<p>Cette exposition r\u00e9trospective retrace cinq d\u00e9cennies de carri\u00e8re du photographe-reporter Jean-Claude Figenwald. Apr\u00e8s avoir grandi \u00e0 Mulhouse, il s\u2019installe \u00e0 Paris et devient grand reporter, travaillant pour diff\u00e9rents magazines tout en poursuivant son travail personnel. Ses photographies rel\u00e8vent d\u2019un regard incessant et personnel sur le r\u00e9el, attentif aux humains, \u00e0 l\u2019environnement, \u00e0 la soci\u00e9t\u00e9, \u00e0 l\u2019actualit\u00e9. L\u2019itin\u00e9rance professionnelle et personnelle de ce photographe l\u2019a men\u00e9, durant pr\u00e8s de cinquante ans, de l\u2019intimit\u00e9 de sa rue parisienne au vaste monde. Un voyage ininterrompu entra\u00eenant dans son sillage des images sur une multitude de sujets.<\/p>\n<p><strong>Exposition r\u00e9alis\u00e9e en partenariat avec Mulhouse Art Contemporain<\/strong><\/p>\n<p><em>Autodidacte, Jean-Claude Figenwald a appris la photographie au sein des agences Gamma et Magnum au milieu des ann\u00e9es 1970. Sa premi\u00e8re commande est pour le <\/em>L.A.Times<em>, pour lequel, au d\u00e9but des ann\u00e9es 1980, il photographie les d\u00e9fil\u00e9s de mode. Laur\u00e9at de la Bourse Air France Ville de Paris en 1983, pigiste \u00e0 l\u2019Associated Press Paris, il int\u00e8gre L\u2019Express pour couvrir la vie politique, \u00e9conomique et culturelle, \u00e0 Paris et en France. G\u00e9rard Rancinan l\u2019engage dans son agence pour faire des reportages magazine \u00e0 l\u2019\u00e9tranger, puis il rejoint Disney pour documenter la construction du futur parc de Marne-la- Vall\u00e9e. Au milieu des ann\u00e9es 1990, il travaille pour une nouvelle g\u00e9n\u00e9ration de magazines <\/em>Citizen K, L\u2019Optimum, Glamour, Id\u00e9at, GQ, Milk<em> qui lui donnent l\u2019opportunit\u00e9 de parcourir le monde en pratiquant une \u00e9criture photographique originale. Il<\/em><br \/>\n<em>effectue une r\u00e9sidence en 2002-2003 \u00e0 la Filature de Mulhouse pour une exposition sur les jardins ouvriers. Il est \u00e9galement l\u2019auteur d\u2019un livre <\/em><span class=\"theme_color\">Comme il m\u2019a \u00e9t\u00e9 donn\u00e9. Mes vies de photographe<\/span><em>, paru aux \u00e9ditions M\u00e9diapop en mai 2026.<\/em><\/p>\n<p><a href=\"https:\/\/jeanclaudefigenwald.com\/\">jeanclaudefigenwald.com<\/a><\/p>\n<p><img loading=\"lazy\" decoding=\"async\" class=\"alignnone size-full wp-image-1321\" src=\"https:\/\/www.biennale-photo-mulhouse.com\/2026\/wp-content\/uploads\/sites\/7\/2026\/03\/Jean-Claude-Fingenwald-New-York-1981-BD.jpg\" alt=\"\" width=\"782\" height=\"1134\" srcset=\"https:\/\/www.biennale-photo-mulhouse.com\/2026\/wp-content\/uploads\/sites\/7\/2026\/03\/Jean-Claude-Fingenwald-New-York-1981-BD.jpg 782w, https:\/\/www.biennale-photo-mulhouse.com\/2026\/wp-content\/uploads\/sites\/7\/2026\/03\/Jean-Claude-Fingenwald-New-York-1981-BD-768x1114.jpg 768w\" sizes=\"auto, (max-width: 782px) 100vw, 782px\" \/><\/p>\n<p class=\"img_caption\">Jean-Claude Figenwald, New-York, 1981<img loading=\"lazy\" decoding=\"async\" class=\"alignnone size-large wp-image-1322\" src=\"https:\/\/www.biennale-photo-mulhouse.com\/2026\/wp-content\/uploads\/sites\/7\/2026\/03\/Jean-Claude-Fingenwald-Russie-2002.jpg\" alt=\"\" width=\"1124\" height=\"1134\" srcset=\"https:\/\/www.biennale-photo-mulhouse.com\/2026\/wp-content\/uploads\/sites\/7\/2026\/03\/Jean-Claude-Fingenwald-Russie-2002.jpg 1124w, https:\/\/www.biennale-photo-mulhouse.com\/2026\/wp-content\/uploads\/sites\/7\/2026\/03\/Jean-Claude-Fingenwald-Russie-2002-768x775.jpg 768w\" sizes=\"auto, (max-width: 1124px) 100vw, 1124px\" \/><\/p>\n<p class=\"img_caption\">Jean-Claude Figenwald, Russie, 2002<\/p>\n","protected":false},"excerpt":{"rendered":"<p>FR \u2b62 EN Si on m\u2019avait dit. Mes vies de photographe Jean-Claude Figenwald Le S\u00e9choir, Mulhouse 6 juin &#8211; 5 juillet samedi et dimanche de 14h \u00e0 18h Visite inaugurale le dimanche 7 juin \u00e0 10h Cette exposition r\u00e9trospective retrace cinq d\u00e9cennies de carri\u00e8re du photographe-reporter Jean-Claude Figenwald. Apr\u00e8s avoir grandi \u00e0 Mulhouse, il s\u2019installe [&hellip;]<\/p>\n","protected":false},"author":3,"featured_media":0,"parent":0,"menu_order":0,"comment_status":"closed","ping_status":"closed","template":"","meta":{"footnotes":""},"categories":[1],"class_list":["post-1318","page","type-page","status-publish","hentry","category-non-classe"],"acf":{"photo_gallery":{"gallery":[[{"id":1319,"title":"Jean-Claude-Fingenwald-MIAMI-ATLANTA-2002-BD","caption":"Jean-Claude Figenwald, Miam, Atlanta, 2002","full_image_url":"https:\/\/www.biennale-photo-mulhouse.com\/2026\/wp-content\/uploads\/sites\/7\/2026\/03\/Jean-Claude-Fingenwald-MIAMI-ATLANTA-2002-BD.jpg","thumbnail_image_url":"https:\/\/www.biennale-photo-mulhouse.com\/2026\/wp-content\/uploads\/sites\/7\/2026\/03\/Jean-Claude-Fingenwald-MIAMI-ATLANTA-2002-BD.jpg","large_srcset":"https:\/\/www.biennale-photo-mulhouse.com\/2026\/wp-content\/uploads\/sites\/7\/2026\/03\/Jean-Claude-Fingenwald-MIAMI-ATLANTA-2002-BD.jpg 1134w, https:\/\/www.biennale-photo-mulhouse.com\/2026\/wp-content\/uploads\/sites\/7\/2026\/03\/Jean-Claude-Fingenwald-MIAMI-ATLANTA-2002-BD-768x506.jpg 768w","medium_srcset":"https:\/\/www.biennale-photo-mulhouse.com\/2026\/wp-content\/uploads\/sites\/7\/2026\/03\/Jean-Claude-Fingenwald-MIAMI-ATLANTA-2002-BD.jpg 1134w, https:\/\/www.biennale-photo-mulhouse.com\/2026\/wp-content\/uploads\/sites\/7\/2026\/03\/Jean-Claude-Fingenwald-MIAMI-ATLANTA-2002-BD-768x506.jpg 768w","media_details":{"width":1134,"height":747,"sizes":{"medium_large":{"file":"Jean-Claude-Fingenwald-MIAMI-ATLANTA-2002-BD-768x506.jpg","width":768,"height":506,"mime-type":"image\/jpeg","filesize":98697,"source_url":"https:\/\/www.biennale-photo-mulhouse.com\/2026\/wp-content\/uploads\/sites\/7\/2026\/03\/Jean-Claude-Fingenwald-MIAMI-ATLANTA-2002-BD-768x506.jpg"}}},"alt_text":"","url":"","target":""}]]}},"yoast_head":"<!-- This site is optimized with the Yoast SEO plugin v21.9.1 - https:\/\/yoast.com\/wordpress\/plugins\/seo\/ -->\n<title>Si on m\u2019avait dit. Mes vies de photographe, Jean-Claude Figenwald - BPM 2026 - Biennale de la Photographie de Mulhouse 2026<\/title>\n<meta name=\"description\" content=\"Cette exposition r\u00e9trospective retrace cinq d\u00e9cennies de carri\u00e8re du photographe-reporter Jean-Claude Figenwald.\" \/>\n<meta name=\"robots\" content=\"index, follow, max-snippet:-1, max-image-preview:large, max-video-preview:-1\" \/>\n<link rel=\"canonical\" href=\"https:\/\/www.biennale-photo-mulhouse.com\/2026\/si-on-mavait-dit-mes-vies-de-photographe-jean-claude-figenwald\/\" \/>\n<meta property=\"og:locale\" content=\"fr_FR\" \/>\n<meta property=\"og:type\" content=\"article\" \/>\n<meta property=\"og:title\" content=\"Si on m\u2019avait dit. Mes vies de photographe, Jean-Claude Figenwald - BPM 2026 - Biennale de la Photographie de Mulhouse 2026\" \/>\n<meta property=\"og:description\" content=\"Cette exposition r\u00e9trospective retrace cinq d\u00e9cennies de carri\u00e8re du photographe-reporter Jean-Claude Figenwald.\" \/>\n<meta property=\"og:url\" content=\"https:\/\/www.biennale-photo-mulhouse.com\/2026\/si-on-mavait-dit-mes-vies-de-photographe-jean-claude-figenwald\/\" \/>\n<meta property=\"og:site_name\" content=\"BPM 2026 - Biennale de la Photographie de Mulhouse 2026\" \/>\n<meta property=\"article:publisher\" content=\"https:\/\/www.facebook.com\/BiennaleDeLaPhotographieDeMulhouse\" \/>\n<meta property=\"article:modified_time\" content=\"2026-04-24T09:49:17+00:00\" \/>\n<meta property=\"og:image\" content=\"https:\/\/www.biennale-photo-mulhouse.com\/2026\/wp-content\/uploads\/sites\/7\/2026\/03\/Jean-Claude-Fingenwald-New-York-1981-BD.jpg\" \/>\n<meta name=\"twitter:card\" content=\"summary_large_image\" \/>\n<meta name=\"twitter:label1\" content=\"Dur\u00e9e de lecture estim\u00e9e\" \/>\n\t<meta name=\"twitter:data1\" content=\"3 minutes\" \/>\n<script type=\"application\/ld+json\" class=\"yoast-schema-graph\">{\"@context\":\"https:\/\/schema.org\",\"@graph\":[{\"@type\":\"WebPage\",\"@id\":\"https:\/\/www.biennale-photo-mulhouse.com\/2026\/si-on-mavait-dit-mes-vies-de-photographe-jean-claude-figenwald\/\",\"url\":\"https:\/\/www.biennale-photo-mulhouse.com\/2026\/si-on-mavait-dit-mes-vies-de-photographe-jean-claude-figenwald\/\",\"name\":\"Si on m\u2019avait dit. Mes vies de photographe, Jean-Claude Figenwald - BPM 2026 - Biennale de la Photographie de Mulhouse 2026\",\"isPartOf\":{\"@id\":\"https:\/\/www.biennale-photo-mulhouse.com\/2026\/#website\"},\"datePublished\":\"2026-03-27T12:56:28+00:00\",\"dateModified\":\"2026-04-24T09:49:17+00:00\",\"description\":\"Cette exposition r\u00e9trospective retrace cinq d\u00e9cennies de carri\u00e8re du photographe-reporter Jean-Claude Figenwald.\",\"breadcrumb\":{\"@id\":\"https:\/\/www.biennale-photo-mulhouse.com\/2026\/si-on-mavait-dit-mes-vies-de-photographe-jean-claude-figenwald\/#breadcrumb\"},\"inLanguage\":\"fr-FR\",\"potentialAction\":[{\"@type\":\"ReadAction\",\"target\":[\"https:\/\/www.biennale-photo-mulhouse.com\/2026\/si-on-mavait-dit-mes-vies-de-photographe-jean-claude-figenwald\/\"]}]},{\"@type\":\"BreadcrumbList\",\"@id\":\"https:\/\/www.biennale-photo-mulhouse.com\/2026\/si-on-mavait-dit-mes-vies-de-photographe-jean-claude-figenwald\/#breadcrumb\",\"itemListElement\":[{\"@type\":\"ListItem\",\"position\":1,\"name\":\"Accueil\",\"item\":\"https:\/\/www.biennale-photo-mulhouse.com\/2026\/\"},{\"@type\":\"ListItem\",\"position\":2,\"name\":\"Si on m\u2019avait dit. Mes vies de photographe, Jean-Claude Figenwald\"}]},{\"@type\":\"WebSite\",\"@id\":\"https:\/\/www.biennale-photo-mulhouse.com\/2026\/#website\",\"url\":\"https:\/\/www.biennale-photo-mulhouse.com\/2026\/\",\"name\":\"Biennale de la Photographie de Mulhouse\",\"description\":\"\",\"potentialAction\":[{\"@type\":\"SearchAction\",\"target\":{\"@type\":\"EntryPoint\",\"urlTemplate\":\"https:\/\/www.biennale-photo-mulhouse.com\/2026\/?s={search_term_string}\"},\"query-input\":\"required name=search_term_string\"}],\"inLanguage\":\"fr-FR\"}]}<\/script>\n<!-- \/ Yoast SEO plugin. -->","yoast_head_json":{"title":"Si on m\u2019avait dit. Mes vies de photographe, Jean-Claude Figenwald - BPM 2026 - Biennale de la Photographie de Mulhouse 2026","description":"Cette exposition r\u00e9trospective retrace cinq d\u00e9cennies de carri\u00e8re du photographe-reporter Jean-Claude Figenwald.","robots":{"index":"index","follow":"follow","max-snippet":"max-snippet:-1","max-image-preview":"max-image-preview:large","max-video-preview":"max-video-preview:-1"},"canonical":"https:\/\/www.biennale-photo-mulhouse.com\/2026\/si-on-mavait-dit-mes-vies-de-photographe-jean-claude-figenwald\/","og_locale":"fr_FR","og_type":"article","og_title":"Si on m\u2019avait dit. Mes vies de photographe, Jean-Claude Figenwald - BPM 2026 - Biennale de la Photographie de Mulhouse 2026","og_description":"Cette exposition r\u00e9trospective retrace cinq d\u00e9cennies de carri\u00e8re du photographe-reporter Jean-Claude Figenwald.","og_url":"https:\/\/www.biennale-photo-mulhouse.com\/2026\/si-on-mavait-dit-mes-vies-de-photographe-jean-claude-figenwald\/","og_site_name":"BPM 2026 - Biennale de la Photographie de Mulhouse 2026","article_publisher":"https:\/\/www.facebook.com\/BiennaleDeLaPhotographieDeMulhouse","article_modified_time":"2026-04-24T09:49:17+00:00","og_image":[{"url":"https:\/\/www.biennale-photo-mulhouse.com\/2026\/wp-content\/uploads\/sites\/7\/2026\/03\/Jean-Claude-Fingenwald-New-York-1981-BD.jpg"}],"twitter_card":"summary_large_image","twitter_misc":{"Dur\u00e9e de lecture estim\u00e9e":"3 minutes"},"schema":{"@context":"https:\/\/schema.org","@graph":[{"@type":"WebPage","@id":"https:\/\/www.biennale-photo-mulhouse.com\/2026\/si-on-mavait-dit-mes-vies-de-photographe-jean-claude-figenwald\/","url":"https:\/\/www.biennale-photo-mulhouse.com\/2026\/si-on-mavait-dit-mes-vies-de-photographe-jean-claude-figenwald\/","name":"Si on m\u2019avait dit. Mes vies de photographe, Jean-Claude Figenwald - BPM 2026 - Biennale de la Photographie de Mulhouse 2026","isPartOf":{"@id":"https:\/\/www.biennale-photo-mulhouse.com\/2026\/#website"},"datePublished":"2026-03-27T12:56:28+00:00","dateModified":"2026-04-24T09:49:17+00:00","description":"Cette exposition r\u00e9trospective retrace cinq d\u00e9cennies de carri\u00e8re du photographe-reporter Jean-Claude Figenwald.","breadcrumb":{"@id":"https:\/\/www.biennale-photo-mulhouse.com\/2026\/si-on-mavait-dit-mes-vies-de-photographe-jean-claude-figenwald\/#breadcrumb"},"inLanguage":"fr-FR","potentialAction":[{"@type":"ReadAction","target":["https:\/\/www.biennale-photo-mulhouse.com\/2026\/si-on-mavait-dit-mes-vies-de-photographe-jean-claude-figenwald\/"]}]},{"@type":"BreadcrumbList","@id":"https:\/\/www.biennale-photo-mulhouse.com\/2026\/si-on-mavait-dit-mes-vies-de-photographe-jean-claude-figenwald\/#breadcrumb","itemListElement":[{"@type":"ListItem","position":1,"name":"Accueil","item":"https:\/\/www.biennale-photo-mulhouse.com\/2026\/"},{"@type":"ListItem","position":2,"name":"Si on m\u2019avait dit. Mes vies de photographe, Jean-Claude Figenwald"}]},{"@type":"WebSite","@id":"https:\/\/www.biennale-photo-mulhouse.com\/2026\/#website","url":"https:\/\/www.biennale-photo-mulhouse.com\/2026\/","name":"Biennale de la Photographie de Mulhouse","description":"","potentialAction":[{"@type":"SearchAction","target":{"@type":"EntryPoint","urlTemplate":"https:\/\/www.biennale-photo-mulhouse.com\/2026\/?s={search_term_string}"},"query-input":"required name=search_term_string"}],"inLanguage":"fr-FR"}]}},"_links":{"self":[{"href":"https:\/\/www.biennale-photo-mulhouse.com\/2026\/wp-json\/wp\/v2\/pages\/1318","targetHints":{"allow":["GET"]}}],"collection":[{"href":"https:\/\/www.biennale-photo-mulhouse.com\/2026\/wp-json\/wp\/v2\/pages"}],"about":[{"href":"https:\/\/www.biennale-photo-mulhouse.com\/2026\/wp-json\/wp\/v2\/types\/page"}],"author":[{"embeddable":true,"href":"https:\/\/www.biennale-photo-mulhouse.com\/2026\/wp-json\/wp\/v2\/users\/3"}],"replies":[{"embeddable":true,"href":"https:\/\/www.biennale-photo-mulhouse.com\/2026\/wp-json\/wp\/v2\/comments?post=1318"}],"version-history":[{"count":5,"href":"https:\/\/www.biennale-photo-mulhouse.com\/2026\/wp-json\/wp\/v2\/pages\/1318\/revisions"}],"predecessor-version":[{"id":1401,"href":"https:\/\/www.biennale-photo-mulhouse.com\/2026\/wp-json\/wp\/v2\/pages\/1318\/revisions\/1401"}],"wp:attachment":[{"href":"https:\/\/www.biennale-photo-mulhouse.com\/2026\/wp-json\/wp\/v2\/media?parent=1318"}],"wp:term":[{"taxonomy":"category","embeddable":true,"href":"https:\/\/www.biennale-photo-mulhouse.com\/2026\/wp-json\/wp\/v2\/categories?post=1318"}],"curies":[{"name":"wp","href":"https:\/\/api.w.org\/{rel}","templated":true}]}}