{"id":1311,"date":"2026-03-27T13:36:39","date_gmt":"2026-03-27T12:36:39","guid":{"rendered":"https:\/\/www.biennale-photo-mulhouse.com\/2026\/?page_id=1311"},"modified":"2026-04-24T11:47:10","modified_gmt":"2026-04-24T09:47:10","slug":"am-lowentor-roselyne-titaud","status":"publish","type":"page","link":"https:\/\/www.biennale-photo-mulhouse.com\/2026\/am-lowentor-roselyne-titaud\/","title":{"rendered":"Am L\u00f6wentor, Roselyne Titaud"},"content":{"rendered":"<p><span class=\"small\"><strong>FR \u2b62 <a href=\"https:\/\/www.biennale-photo-mulhouse.com\/2026en\/am-lowentor-roselyne-titaud\/\">EN<\/a><\/strong><\/span><\/p>\n<h1><em><span class=\"theme_color\">Am L\u00f6wentor<\/span><\/em><\/h1>\n<h2>Roselyne Titaud<\/h2>\n<p class=\"offsetted\"><strong>Hall de la Tour de l\u2019Europe, Mulhouse<\/strong><br \/>\n<span class=\"theme_color\">5 juin &#8211; 5 juillet <\/span><br \/>\n<span class=\"theme_color\"><strong>Vernissage le samedi 6 juin \u00e0 10h<\/strong><\/span><\/p>\n<p>Dans la s\u00e9rie <span class=\"theme_color\"><em>Am L\u00f6wentor<\/em><\/span>, Roselyne Titaud pose son regard sur l\u2019espace mus\u00e9al. Elle se concentre tout particuli\u00e8rement sur les dioramas, ces mises en sc\u00e8ne d\u2019un monde vivant actuel ou r\u00e9volu. Par leur interm\u00e9diaire, le mus\u00e9e devient une reconstitution fictive de la nature, qui a pour but de permettre une exp\u00e9rience et une imagination diff\u00e9r\u00e9es de celle-ci. Ces images d\u2019\u00e9cosyst\u00e8mes fig\u00e9s font \u00e9cho \u00e0 d\u2019autres travaux de l\u2019artiste compos\u00e9s de photographies d\u2019int\u00e9rieurs, de vitrines ou de v\u00e9g\u00e9taux. La forme naturelle sert \u00e0 \u00e9tablir un lien \u00e9l\u00e9mentaire entre l\u2019espace int\u00e9rieur am\u00e9nag\u00e9 et l\u2019espace ext\u00e9rieur suppos\u00e9 naturel. La vitrine, elle, propose une r\u00e9flexion sur la construction de la m\u00e9moire, de nos souvenirs et de la distance qui nous en s\u00e9pare.<\/p>\n<p><em>Roselyne Titaud obtient son dipl\u00f4me des Beaux-Arts en 2001, puis vit et travaille plusieurs ann\u00e9es \u00e0 Saint-\u00c9tienne. Elle expose en France, notamment au MAC de Lyon \u00e0 Grenoble et \u00e0 Arles. En 2009\u20132010, une r\u00e9sidence \u00e0 l\u2019Akademie Schloss Solitude \u00e0 Stuttgart marque un tournant : elle s\u2019installe \u00e0 Berlin, o\u00f9 elle restera quinze ans. Cette exp\u00e9rience lui vaut une reconnaissance, entre autres, du MAM de Berlin et de la SK Stiftung \u00e0 Cologne. Enrichie de ce parcours, elle s\u2019installe \u00e0 Paris en f\u00e9vrier 2025 o\u00f9 elle expose aussit\u00f4t la s\u00e9rie <\/em><span class=\"theme_color\">Cosmologies <\/span><em>aux ateliers Herm\u00e8s (collection dont elle fait partie) \u00e0 Pantin.<\/em><\/p>\n<p><a href=\"https:\/\/roselynetitaud.fr\/\">roselynetitaud.fr<\/a><\/p>\n<p><img loading=\"lazy\" decoding=\"async\" class=\"alignnone size-full wp-image-1315\" src=\"https:\/\/www.biennale-photo-mulhouse.com\/2026\/wp-content\/uploads\/sites\/7\/2026\/03\/Am-Lowentor01_72.jpeg\" alt=\"\" width=\"709\" height=\"709\" \/><\/p>\n<p class=\"img_caption\">Roselyne Titaud,<em> Am L\u00f6wentor<\/em>, 2009<\/p>\n","protected":false},"excerpt":{"rendered":"<p>FR \u2b62 EN Am L\u00f6wentor Roselyne Titaud Hall de la Tour de l\u2019Europe, Mulhouse 5 juin &#8211; 5 juillet Vernissage le samedi 6 juin \u00e0 10h Dans la s\u00e9rie Am L\u00f6wentor, Roselyne Titaud pose son regard sur l\u2019espace mus\u00e9al. Elle se concentre tout particuli\u00e8rement sur les dioramas, ces mises en sc\u00e8ne d\u2019un monde vivant actuel [&hellip;]<\/p>\n","protected":false},"author":3,"featured_media":0,"parent":0,"menu_order":0,"comment_status":"closed","ping_status":"closed","template":"","meta":{"footnotes":""},"categories":[1],"class_list":["post-1311","page","type-page","status-publish","hentry","category-non-classe"],"acf":{"photo_gallery":{"gallery":[[{"id":1314,"title":"Am L\u00f6wentor04_72","caption":"Roselyne Titaud, <i>Am L\u00f6wentor<\/i>, 2009","full_image_url":"https:\/\/www.biennale-photo-mulhouse.com\/2026\/wp-content\/uploads\/sites\/7\/2026\/03\/Am-Lowentor04_72.jpeg","thumbnail_image_url":"https:\/\/www.biennale-photo-mulhouse.com\/2026\/wp-content\/uploads\/sites\/7\/2026\/03\/Am-Lowentor04_72.jpeg","large_srcset":"https:\/\/www.biennale-photo-mulhouse.com\/2026\/wp-content\/uploads\/sites\/7\/2026\/03\/Am-Lowentor04_72.jpeg 850w, https:\/\/www.biennale-photo-mulhouse.com\/2026\/wp-content\/uploads\/sites\/7\/2026\/03\/Am-Lowentor04_72-768x768.jpeg 768w","medium_srcset":"https:\/\/www.biennale-photo-mulhouse.com\/2026\/wp-content\/uploads\/sites\/7\/2026\/03\/Am-Lowentor04_72.jpeg 850w, https:\/\/www.biennale-photo-mulhouse.com\/2026\/wp-content\/uploads\/sites\/7\/2026\/03\/Am-Lowentor04_72-768x768.jpeg 768w","media_details":{"width":850,"height":850,"sizes":{"medium_large":{"file":"Am-Lowentor04_72-768x768.jpeg","width":768,"height":768,"mime-type":"image\/jpeg","filesize":111693,"source_url":"https:\/\/www.biennale-photo-mulhouse.com\/2026\/wp-content\/uploads\/sites\/7\/2026\/03\/Am-Lowentor04_72-768x768.jpeg"}}},"alt_text":"","url":"","target":""}]]}},"yoast_head":"<!-- This site is optimized with the Yoast SEO plugin v21.9.1 - https:\/\/yoast.com\/wordpress\/plugins\/seo\/ -->\n<title>Am L\u00f6wentor, Roselyne Titaud - BPM 2026 - Biennale de la Photographie de Mulhouse 2026<\/title>\n<meta name=\"description\" content=\"Dans Am L\u00f6wentor, Roselyne Titaud pose son regard sur l\u2019espace mus\u00e9al et les dioramas, ces mises en sc\u00e8ne d\u2019un monde vivant actuel ou r\u00e9volu.\" \/>\n<meta name=\"robots\" content=\"index, follow, max-snippet:-1, max-image-preview:large, max-video-preview:-1\" \/>\n<link rel=\"canonical\" href=\"https:\/\/www.biennale-photo-mulhouse.com\/2026\/am-lowentor-roselyne-titaud\/\" \/>\n<meta property=\"og:locale\" content=\"fr_FR\" \/>\n<meta property=\"og:type\" content=\"article\" \/>\n<meta property=\"og:title\" content=\"Am L\u00f6wentor, Roselyne Titaud - BPM 2026 - Biennale de la Photographie de Mulhouse 2026\" \/>\n<meta property=\"og:description\" content=\"Dans Am L\u00f6wentor, Roselyne Titaud pose son regard sur l\u2019espace mus\u00e9al et les dioramas, ces mises en sc\u00e8ne d\u2019un monde vivant actuel ou r\u00e9volu.\" \/>\n<meta property=\"og:url\" content=\"https:\/\/www.biennale-photo-mulhouse.com\/2026\/am-lowentor-roselyne-titaud\/\" \/>\n<meta property=\"og:site_name\" content=\"BPM 2026 - Biennale de la Photographie de Mulhouse 2026\" \/>\n<meta property=\"article:publisher\" content=\"https:\/\/www.facebook.com\/BiennaleDeLaPhotographieDeMulhouse\" \/>\n<meta property=\"article:modified_time\" content=\"2026-04-24T09:47:10+00:00\" \/>\n<meta property=\"og:image\" content=\"https:\/\/www.biennale-photo-mulhouse.com\/2026\/wp-content\/uploads\/sites\/7\/2026\/03\/Am-Lowentor01_72.jpeg\" \/>\n<meta name=\"twitter:card\" content=\"summary_large_image\" \/>\n<meta name=\"twitter:label1\" content=\"Dur\u00e9e de lecture estim\u00e9e\" \/>\n\t<meta name=\"twitter:data1\" content=\"2 minutes\" \/>\n<script type=\"application\/ld+json\" class=\"yoast-schema-graph\">{\"@context\":\"https:\/\/schema.org\",\"@graph\":[{\"@type\":\"WebPage\",\"@id\":\"https:\/\/www.biennale-photo-mulhouse.com\/2026\/am-lowentor-roselyne-titaud\/\",\"url\":\"https:\/\/www.biennale-photo-mulhouse.com\/2026\/am-lowentor-roselyne-titaud\/\",\"name\":\"Am L\u00f6wentor, Roselyne Titaud - BPM 2026 - Biennale de la Photographie de Mulhouse 2026\",\"isPartOf\":{\"@id\":\"https:\/\/www.biennale-photo-mulhouse.com\/2026\/#website\"},\"datePublished\":\"2026-03-27T12:36:39+00:00\",\"dateModified\":\"2026-04-24T09:47:10+00:00\",\"description\":\"Dans Am L\u00f6wentor, Roselyne Titaud pose son regard sur l\u2019espace mus\u00e9al et les dioramas, ces mises en sc\u00e8ne d\u2019un monde vivant actuel ou r\u00e9volu.\",\"breadcrumb\":{\"@id\":\"https:\/\/www.biennale-photo-mulhouse.com\/2026\/am-lowentor-roselyne-titaud\/#breadcrumb\"},\"inLanguage\":\"fr-FR\",\"potentialAction\":[{\"@type\":\"ReadAction\",\"target\":[\"https:\/\/www.biennale-photo-mulhouse.com\/2026\/am-lowentor-roselyne-titaud\/\"]}]},{\"@type\":\"BreadcrumbList\",\"@id\":\"https:\/\/www.biennale-photo-mulhouse.com\/2026\/am-lowentor-roselyne-titaud\/#breadcrumb\",\"itemListElement\":[{\"@type\":\"ListItem\",\"position\":1,\"name\":\"Accueil\",\"item\":\"https:\/\/www.biennale-photo-mulhouse.com\/2026\/\"},{\"@type\":\"ListItem\",\"position\":2,\"name\":\"Am L\u00f6wentor, Roselyne Titaud\"}]},{\"@type\":\"WebSite\",\"@id\":\"https:\/\/www.biennale-photo-mulhouse.com\/2026\/#website\",\"url\":\"https:\/\/www.biennale-photo-mulhouse.com\/2026\/\",\"name\":\"Biennale de la Photographie de Mulhouse\",\"description\":\"\",\"potentialAction\":[{\"@type\":\"SearchAction\",\"target\":{\"@type\":\"EntryPoint\",\"urlTemplate\":\"https:\/\/www.biennale-photo-mulhouse.com\/2026\/?s={search_term_string}\"},\"query-input\":\"required name=search_term_string\"}],\"inLanguage\":\"fr-FR\"}]}<\/script>\n<!-- \/ Yoast SEO plugin. -->","yoast_head_json":{"title":"Am L\u00f6wentor, Roselyne Titaud - BPM 2026 - Biennale de la Photographie de Mulhouse 2026","description":"Dans Am L\u00f6wentor, Roselyne Titaud pose son regard sur l\u2019espace mus\u00e9al et les dioramas, ces mises en sc\u00e8ne d\u2019un monde vivant actuel ou r\u00e9volu.","robots":{"index":"index","follow":"follow","max-snippet":"max-snippet:-1","max-image-preview":"max-image-preview:large","max-video-preview":"max-video-preview:-1"},"canonical":"https:\/\/www.biennale-photo-mulhouse.com\/2026\/am-lowentor-roselyne-titaud\/","og_locale":"fr_FR","og_type":"article","og_title":"Am L\u00f6wentor, Roselyne Titaud - BPM 2026 - Biennale de la Photographie de Mulhouse 2026","og_description":"Dans Am L\u00f6wentor, Roselyne Titaud pose son regard sur l\u2019espace mus\u00e9al et les dioramas, ces mises en sc\u00e8ne d\u2019un monde vivant actuel ou r\u00e9volu.","og_url":"https:\/\/www.biennale-photo-mulhouse.com\/2026\/am-lowentor-roselyne-titaud\/","og_site_name":"BPM 2026 - Biennale de la Photographie de Mulhouse 2026","article_publisher":"https:\/\/www.facebook.com\/BiennaleDeLaPhotographieDeMulhouse","article_modified_time":"2026-04-24T09:47:10+00:00","og_image":[{"url":"https:\/\/www.biennale-photo-mulhouse.com\/2026\/wp-content\/uploads\/sites\/7\/2026\/03\/Am-Lowentor01_72.jpeg"}],"twitter_card":"summary_large_image","twitter_misc":{"Dur\u00e9e de lecture estim\u00e9e":"2 minutes"},"schema":{"@context":"https:\/\/schema.org","@graph":[{"@type":"WebPage","@id":"https:\/\/www.biennale-photo-mulhouse.com\/2026\/am-lowentor-roselyne-titaud\/","url":"https:\/\/www.biennale-photo-mulhouse.com\/2026\/am-lowentor-roselyne-titaud\/","name":"Am L\u00f6wentor, Roselyne Titaud - BPM 2026 - Biennale de la Photographie de Mulhouse 2026","isPartOf":{"@id":"https:\/\/www.biennale-photo-mulhouse.com\/2026\/#website"},"datePublished":"2026-03-27T12:36:39+00:00","dateModified":"2026-04-24T09:47:10+00:00","description":"Dans Am L\u00f6wentor, Roselyne Titaud pose son regard sur l\u2019espace mus\u00e9al et les dioramas, ces mises en sc\u00e8ne d\u2019un monde vivant actuel ou r\u00e9volu.","breadcrumb":{"@id":"https:\/\/www.biennale-photo-mulhouse.com\/2026\/am-lowentor-roselyne-titaud\/#breadcrumb"},"inLanguage":"fr-FR","potentialAction":[{"@type":"ReadAction","target":["https:\/\/www.biennale-photo-mulhouse.com\/2026\/am-lowentor-roselyne-titaud\/"]}]},{"@type":"BreadcrumbList","@id":"https:\/\/www.biennale-photo-mulhouse.com\/2026\/am-lowentor-roselyne-titaud\/#breadcrumb","itemListElement":[{"@type":"ListItem","position":1,"name":"Accueil","item":"https:\/\/www.biennale-photo-mulhouse.com\/2026\/"},{"@type":"ListItem","position":2,"name":"Am L\u00f6wentor, Roselyne Titaud"}]},{"@type":"WebSite","@id":"https:\/\/www.biennale-photo-mulhouse.com\/2026\/#website","url":"https:\/\/www.biennale-photo-mulhouse.com\/2026\/","name":"Biennale de la Photographie de Mulhouse","description":"","potentialAction":[{"@type":"SearchAction","target":{"@type":"EntryPoint","urlTemplate":"https:\/\/www.biennale-photo-mulhouse.com\/2026\/?s={search_term_string}"},"query-input":"required name=search_term_string"}],"inLanguage":"fr-FR"}]}},"_links":{"self":[{"href":"https:\/\/www.biennale-photo-mulhouse.com\/2026\/wp-json\/wp\/v2\/pages\/1311","targetHints":{"allow":["GET"]}}],"collection":[{"href":"https:\/\/www.biennale-photo-mulhouse.com\/2026\/wp-json\/wp\/v2\/pages"}],"about":[{"href":"https:\/\/www.biennale-photo-mulhouse.com\/2026\/wp-json\/wp\/v2\/types\/page"}],"author":[{"embeddable":true,"href":"https:\/\/www.biennale-photo-mulhouse.com\/2026\/wp-json\/wp\/v2\/users\/3"}],"replies":[{"embeddable":true,"href":"https:\/\/www.biennale-photo-mulhouse.com\/2026\/wp-json\/wp\/v2\/comments?post=1311"}],"version-history":[{"count":5,"href":"https:\/\/www.biennale-photo-mulhouse.com\/2026\/wp-json\/wp\/v2\/pages\/1311\/revisions"}],"predecessor-version":[{"id":1399,"href":"https:\/\/www.biennale-photo-mulhouse.com\/2026\/wp-json\/wp\/v2\/pages\/1311\/revisions\/1399"}],"wp:attachment":[{"href":"https:\/\/www.biennale-photo-mulhouse.com\/2026\/wp-json\/wp\/v2\/media?parent=1311"}],"wp:term":[{"taxonomy":"category","embeddable":true,"href":"https:\/\/www.biennale-photo-mulhouse.com\/2026\/wp-json\/wp\/v2\/categories?post=1311"}],"curies":[{"name":"wp","href":"https:\/\/api.w.org\/{rel}","templated":true}]}}