{"id":1224,"date":"2026-03-26T16:33:01","date_gmt":"2026-03-26T15:33:01","guid":{"rendered":"https:\/\/www.biennale-photo-mulhouse.com\/2026\/?page_id=1224"},"modified":"2026-05-12T13:51:05","modified_gmt":"2026-05-12T11:51:05","slug":"journees-inaugurales-5-6-7-juin","status":"publish","type":"page","link":"https:\/\/www.biennale-photo-mulhouse.com\/2026\/journees-inaugurales-5-6-7-juin\/","title":{"rendered":"Journ\u00e9es inaugurales : 5-6-7 juin"},"content":{"rendered":"<p><span class=\"small\"><strong>FR \u2b62 <a href=\"https:\/\/www.biennale-photo-mulhouse.com\/2026en\/opening-days-june-5-6-7\/\">EN<\/a><\/strong><\/span><\/p>\n<h1>Journ\u00e9es inaugurales<\/h1>\n<h2 class=\"cancel_mt\"><span class=\"theme_color\">les 5-6-7 juin<\/span><\/h2>\n<p>Le festival ouvrira officiellement ses portes au public lors d\u2019un week-end inaugural. Ce temps fort de lancement sera l\u2019occasion d\u2019\u00e9v\u00e9nements en pr\u00e9sence des photographes et des commissaires des expositions.<\/p>\n<h2><span class=\"theme_color\">Programme des \u00e9v\u00e8nements\u00a0<\/span><\/h2>\n<p class=\"offsetted with_color_diamond\"><span class=\"theme_color\"><strong>Vendredi 5 juin<\/strong><\/span><\/p>\n<p class=\"cancel_mt\"><em>\u00e0 Fribourg-en-Brisgau et Mulhouse<\/em><\/p>\n<p class=\"offsetted with_arrow\"><strong>10h30, Centre Culturel Fran\u00e7ais Freiburg, Fribourg-en-Brisgau<\/strong> : conversation entre Manuela Marques, artiste, et Nicolas B\u00e9zard, auteur, au sein de l&rsquo;exposition <a href=\"https:\/\/www.biennale-photo-mulhouse.com\/2026\/perimetre-de-transformations-manuela-marques\/\"><em>P\u00e9rim\u00e8tre de transformations<\/em><\/a><br \/>\n\u00c9change suivi d\u2019un brunch<\/p>\n<p class=\"offsetted with_arrow\"><strong>13h30, Morat-Hallen, Fribourg-en-Brisgau<\/strong> : visite guid\u00e9e de<a href=\"https:\/\/www.biennale-photo-mulhouse.com\/2026\/sediments-de-memoire\/\"><em> S\u00e9diments de m\u00e9moire<\/em><\/a> par les commissaires d\u2019exposition<\/p>\n<p class=\"offsetted with_arrow\"><strong>16h, d\u00e9part du parvis Adrien Zeller (\u00e0 droite en sortant de la gare de Mulhouse), puis le long du Canal du Rh\u00f4ne au Rhin, face au MISE<\/strong>\u00a0: visite inaugurale de <a href=\"https:\/\/www.biennale-photo-mulhouse.com\/2026\/point-cardinal-v\/\"><em>Point Cardinal V<\/em> <\/a>par les \u00e9tudiant\u00b7es et leurs professeur\u00b7es<\/p>\n<p class=\"offsetted with_arrow\"><strong>18h30, Mus\u00e9e des Beaux-Arts<\/strong> : <span class=\"theme_color\">lancement officiel du festival<\/span> + vernissage des expositions <a href=\"https:\/\/www.biennale-photo-mulhouse.com\/2026\/sedimentations-une-constellation\/\"><em>S\u00e9dimentation(s)<\/em> <em>&#8211; une constellation<\/em><\/a> et <a href=\"https:\/\/www.biennale-photo-mulhouse.com\/2026\/limits-of-control-jenia-fridlyand\/\"><em>Limits of control<\/em><\/a><\/p>\n<p>&nbsp;<\/p>\n<p class=\"offsetted with_color_diamond\"><span class=\"theme_color\"><strong>Samedi 6 juin<\/strong><\/span><\/p>\n<p class=\"cancel_mt\"><em>\u00e0 Mulhouse\u00a0<\/em><\/p>\n<p class=\"offsetted with_arrow\"><strong>10h, Tour de l\u2019Europe, hall <\/strong>(entr\u00e9e c\u00f4t\u00e9 station de tram)<strong> et La KunstTurm <\/strong>(14e \u00e9tage): vernissages d\u2019<a href=\"https:\/\/www.biennale-photo-mulhouse.com\/2026\/am-lowentor-roselyne-titaud\/\"><em>Am L\u00f6wentor<\/em><\/a> et de <a href=\"https:\/\/www.biennale-photo-mulhouse.com\/2026\/bruissements\/\"><em>Bruissements<\/em><\/a><\/p>\n<p class=\"offsetted with_arrow\"><strong>11h, La Filature<\/strong> : vernissage de <a href=\"https:\/\/www.biennale-photo-mulhouse.com\/2026\/settled\/\"><em>Settled<\/em><\/a><\/p>\n<p class=\"offsetted with_arrow\"><strong>14h &#8211; 17h, Mus\u00e9e des Beaux-Arts<\/strong> : <a href=\"https:\/\/www.biennale-photo-mulhouse.com\/2026\/photobook-days\/\"><em>PHOTOBOOK DAYS<\/em> <\/a>:\u00a0 march\u00e9 du livre photo, discussions publiques, conf\u00e9rences et signatures<\/p>\n<p class=\"offsetted with_arrow\"><strong>17h, Chapelle Saint-Jean<\/strong> : vernissage de <a href=\"https:\/\/www.biennale-photo-mulhouse.com\/2026\/which-way-the-wind-blows-tiago-casanova\/\"><em>Which way the wind blows\u00a0<\/em><\/a><\/p>\n<p class=\"offsetted with_arrow\"><strong>18h, Biblioth\u00e8que Grand\u2019Rue<\/strong> : visite inaugurale et vernissage de <a href=\"https:\/\/www.biennale-photo-mulhouse.com\/2026\/pep-x-bpm-sedimentations\/\"><em>PEP x BPM, S\u00e9dimentation(s)<\/em><\/a><\/p>\n<p>&nbsp;<\/p>\n<p class=\"offsetted with_color_diamond\"><span class=\"theme_color\"><strong>Dimanche 7 juin<\/strong><\/span><\/p>\n<p class=\"cancel_mt\"><em>\u00e0 Mulhouse<\/em><\/p>\n<p class=\"with_arrow offsetted\"><strong>10h, le S\u00e9choir<\/strong> : visite inaugurale de <a href=\"https:\/\/www.biennale-photo-mulhouse.com\/2026\/si-on-mavait-dit-mes-vies-de-photographe-jean-claude-figenwald\/\"><em>Si on m\u2019avait dit. Mes vies de photographe<\/em><\/a><\/p>\n<p class=\"with_arrow offsetted\"><strong>12h, parc Illberg, d\u00e9part de la Maison des Berges<\/strong> : visite guid\u00e9e d\u2019<a href=\"https:\/\/www.biennale-photo-mulhouse.com\/2026\/pablo-castilla-altiplano\/\"><em>Altiplano\u00a0<\/em><\/a><\/p>\n<p class=\"with_arrow offsetted\"><strong>14h-17h, Mus\u00e9e des Beaux-Arts<\/strong> : <a href=\"https:\/\/www.biennale-photo-mulhouse.com\/2026\/photobook-days\/\"><em>PHOTOBOOK DAYS<\/em><\/a> :\u00a0 march\u00e9 du livre photo, discussions publiques, conf\u00e9rences et signatures<\/p>\n<p class=\"offsetted with_arrow\"><strong>15h30-18h30, Biblioth\u00e8que Grand\u2019Rue<\/strong> : visites particuli\u00e8res par la commissaire d\u2019exposition, B\u00e9n\u00e9dicte Blondeau<\/p>\n<p><img loading=\"lazy\" decoding=\"async\" class=\"alignnone size-full wp-image-1276\" src=\"https:\/\/www.biennale-photo-mulhouse.com\/2026\/wp-content\/uploads\/sites\/7\/2026\/03\/01-BPM-archive-edition-2022-scaled.jpeg\" alt=\"\" width=\"2560\" height=\"2560\" srcset=\"https:\/\/www.biennale-photo-mulhouse.com\/2026\/wp-content\/uploads\/sites\/7\/2026\/03\/01-BPM-archive-edition-2022-scaled.jpeg 2560w, https:\/\/www.biennale-photo-mulhouse.com\/2026\/wp-content\/uploads\/sites\/7\/2026\/03\/01-BPM-archive-edition-2022-768x768.jpeg 768w, https:\/\/www.biennale-photo-mulhouse.com\/2026\/wp-content\/uploads\/sites\/7\/2026\/03\/01-BPM-archive-edition-2022-1536x1536.jpeg 1536w, https:\/\/www.biennale-photo-mulhouse.com\/2026\/wp-content\/uploads\/sites\/7\/2026\/03\/01-BPM-archive-edition-2022-2048x2048.jpeg 2048w\" sizes=\"auto, (max-width: 2560px) 100vw, 2560px\" \/><\/p>\n<hr \/>\n<h2><em>PHOTOBOOK DAYS<\/em><\/h2>\n<p class=\"offsetted\"><strong>Mus\u00e9e des Beaux-Arts, Mulhouse<\/strong><br \/>\n<span class=\"theme_color\"><strong>6 &amp; 7 Juin, 14h-17h<\/strong><\/span><\/p>\n<p>Dans le cadre des journ\u00e9es inaugurales du festival, la Biennale de la Photographie de Mulhouse propose deux apr\u00e8s-midis consacr\u00e9es \u00e0 l&rsquo;\u00e9dition de la photographie contemporaine.<\/p>\n<p>Le programme comprend des discussions publiques, des conf\u00e9rences, des pr\u00e9sentations et des signatures de livres refl\u00e9tant la vitalit\u00e9 et la diversit\u00e9 de l&rsquo;\u00e9dition photographique.<\/p>\n<p class=\"offsetted with_color_arrow\"><span class=\"theme_color\"><strong>Le d\u00e9tail du programme des <em>Photobook days<\/em> est disponible sur <a href=\"https:\/\/www.biennale-photo-mulhouse.com\/2026\/photobook-days\/\">cette page <\/a><\/strong><\/span><\/p>\n<p><img loading=\"lazy\" decoding=\"async\" class=\"alignnone size-full wp-image-1277\" src=\"https:\/\/www.biennale-photo-mulhouse.com\/2026\/wp-content\/uploads\/sites\/7\/2026\/03\/IMG_20240915_171656-scaled.jpg\" alt=\"\" width=\"2560\" height=\"1920\" srcset=\"https:\/\/www.biennale-photo-mulhouse.com\/2026\/wp-content\/uploads\/sites\/7\/2026\/03\/IMG_20240915_171656-scaled.jpg 2560w, https:\/\/www.biennale-photo-mulhouse.com\/2026\/wp-content\/uploads\/sites\/7\/2026\/03\/IMG_20240915_171656-768x576.jpg 768w, https:\/\/www.biennale-photo-mulhouse.com\/2026\/wp-content\/uploads\/sites\/7\/2026\/03\/IMG_20240915_171656-1536x1152.jpg 1536w, https:\/\/www.biennale-photo-mulhouse.com\/2026\/wp-content\/uploads\/sites\/7\/2026\/03\/IMG_20240915_171656-2048x1536.jpg 2048w\" sizes=\"auto, (max-width: 2560px) 100vw, 2560px\" \/><\/p>\n","protected":false},"excerpt":{"rendered":"<p>FR \u2b62 EN Journ\u00e9es inaugurales les 5-6-7 juin Le festival ouvrira officiellement ses portes au public lors d\u2019un week-end inaugural. Ce temps fort de lancement sera l\u2019occasion d\u2019\u00e9v\u00e9nements en pr\u00e9sence des photographes et des commissaires des expositions. Programme des \u00e9v\u00e8nements\u00a0 Vendredi 5 juin \u00e0 Fribourg-en-Brisgau et Mulhouse 10h30, Centre Culturel Fran\u00e7ais Freiburg, Fribourg-en-Brisgau : conversation [&hellip;]<\/p>\n","protected":false},"author":3,"featured_media":0,"parent":0,"menu_order":0,"comment_status":"closed","ping_status":"closed","template":"","meta":{"footnotes":""},"categories":[1],"class_list":["post-1224","page","type-page","status-publish","hentry","category-non-classe"],"acf":{"photo_gallery":{"gallery":[[{"id":1274,"title":"_DSF5537 copie","caption":"","full_image_url":"https:\/\/www.biennale-photo-mulhouse.com\/2026\/wp-content\/uploads\/sites\/7\/2026\/03\/DSF5537-copie-scaled.jpg","thumbnail_image_url":"https:\/\/www.biennale-photo-mulhouse.com\/2026\/wp-content\/uploads\/sites\/7\/2026\/03\/DSF5537-copie-scaled.jpg","large_srcset":"https:\/\/www.biennale-photo-mulhouse.com\/2026\/wp-content\/uploads\/sites\/7\/2026\/03\/DSF5537-copie-scaled.jpg 2560w, https:\/\/www.biennale-photo-mulhouse.com\/2026\/wp-content\/uploads\/sites\/7\/2026\/03\/DSF5537-copie-768x512.jpg 768w, https:\/\/www.biennale-photo-mulhouse.com\/2026\/wp-content\/uploads\/sites\/7\/2026\/03\/DSF5537-copie-1536x1024.jpg 1536w, https:\/\/www.biennale-photo-mulhouse.com\/2026\/wp-content\/uploads\/sites\/7\/2026\/03\/DSF5537-copie-2048x1365.jpg 2048w","medium_srcset":"https:\/\/www.biennale-photo-mulhouse.com\/2026\/wp-content\/uploads\/sites\/7\/2026\/03\/DSF5537-copie-scaled.jpg 2560w, https:\/\/www.biennale-photo-mulhouse.com\/2026\/wp-content\/uploads\/sites\/7\/2026\/03\/DSF5537-copie-768x512.jpg 768w, https:\/\/www.biennale-photo-mulhouse.com\/2026\/wp-content\/uploads\/sites\/7\/2026\/03\/DSF5537-copie-1536x1024.jpg 1536w, https:\/\/www.biennale-photo-mulhouse.com\/2026\/wp-content\/uploads\/sites\/7\/2026\/03\/DSF5537-copie-2048x1365.jpg 2048w","media_details":{"width":2560,"height":1707,"sizes":{"medium_large":{"file":"DSF5537-copie-768x512.jpg","width":768,"height":512,"mime-type":"image\/jpeg","filesize":135510,"source_url":"https:\/\/www.biennale-photo-mulhouse.com\/2026\/wp-content\/uploads\/sites\/7\/2026\/03\/DSF5537-copie-768x512.jpg"},"1536x1536":{"file":"DSF5537-copie-1536x1024.jpg","width":1536,"height":1024,"mime-type":"image\/jpeg","filesize":274310,"source_url":"https:\/\/www.biennale-photo-mulhouse.com\/2026\/wp-content\/uploads\/sites\/7\/2026\/03\/DSF5537-copie-1536x1024.jpg"},"2048x2048":{"file":"DSF5537-copie-2048x1365.jpg","width":2048,"height":1365,"mime-type":"image\/jpeg","filesize":390410,"source_url":"https:\/\/www.biennale-photo-mulhouse.com\/2026\/wp-content\/uploads\/sites\/7\/2026\/03\/DSF5537-copie-2048x1365.jpg"}}},"alt_text":"","url":"","target":""}]]}},"yoast_head":"<!-- This site is optimized with the Yoast SEO plugin v21.9.1 - https:\/\/yoast.com\/wordpress\/plugins\/seo\/ -->\n<title>Journ\u00e9es inaugurales : 5-6-7 juin - BPM 2026 - Biennale de la Photographie de Mulhouse 2026<\/title>\n<meta name=\"description\" content=\"Ce temps fort de lancement sera l\u2019occasion d\u2019\u00e9v\u00e9nements en pr\u00e9sence des photographes et des commissaires des expositions.\" \/>\n<meta name=\"robots\" content=\"index, follow, max-snippet:-1, max-image-preview:large, max-video-preview:-1\" \/>\n<link rel=\"canonical\" href=\"https:\/\/www.biennale-photo-mulhouse.com\/2026\/journees-inaugurales-5-6-7-juin\/\" \/>\n<meta property=\"og:locale\" content=\"fr_FR\" \/>\n<meta property=\"og:type\" content=\"article\" \/>\n<meta property=\"og:title\" content=\"Journ\u00e9es inaugurales : 5-6-7 juin - BPM 2026 - Biennale de la Photographie de Mulhouse 2026\" \/>\n<meta property=\"og:description\" content=\"Ce temps fort de lancement sera l\u2019occasion d\u2019\u00e9v\u00e9nements en pr\u00e9sence des photographes et des commissaires des expositions.\" \/>\n<meta property=\"og:url\" content=\"https:\/\/www.biennale-photo-mulhouse.com\/2026\/journees-inaugurales-5-6-7-juin\/\" \/>\n<meta property=\"og:site_name\" content=\"BPM 2026 - Biennale de la Photographie de Mulhouse 2026\" \/>\n<meta property=\"article:publisher\" content=\"https:\/\/www.facebook.com\/BiennaleDeLaPhotographieDeMulhouse\" \/>\n<meta property=\"article:modified_time\" content=\"2026-05-12T11:51:05+00:00\" \/>\n<meta property=\"og:image\" content=\"https:\/\/www.biennale-photo-mulhouse.com\/2026\/wp-content\/uploads\/sites\/7\/2026\/03\/01-BPM-archive-edition-2022-scaled.jpeg\" \/>\n<meta name=\"twitter:card\" content=\"summary_large_image\" \/>\n<meta name=\"twitter:label1\" content=\"Dur\u00e9e de lecture estim\u00e9e\" \/>\n\t<meta name=\"twitter:data1\" content=\"3 minutes\" \/>\n<script type=\"application\/ld+json\" class=\"yoast-schema-graph\">{\"@context\":\"https:\/\/schema.org\",\"@graph\":[{\"@type\":\"WebPage\",\"@id\":\"https:\/\/www.biennale-photo-mulhouse.com\/2026\/journees-inaugurales-5-6-7-juin\/\",\"url\":\"https:\/\/www.biennale-photo-mulhouse.com\/2026\/journees-inaugurales-5-6-7-juin\/\",\"name\":\"Journ\u00e9es inaugurales : 5-6-7 juin - BPM 2026 - Biennale de la Photographie de Mulhouse 2026\",\"isPartOf\":{\"@id\":\"https:\/\/www.biennale-photo-mulhouse.com\/2026\/#website\"},\"datePublished\":\"2026-03-26T15:33:01+00:00\",\"dateModified\":\"2026-05-12T11:51:05+00:00\",\"description\":\"Ce temps fort de lancement sera l\u2019occasion d\u2019\u00e9v\u00e9nements en pr\u00e9sence des photographes et des commissaires des expositions.\",\"breadcrumb\":{\"@id\":\"https:\/\/www.biennale-photo-mulhouse.com\/2026\/journees-inaugurales-5-6-7-juin\/#breadcrumb\"},\"inLanguage\":\"fr-FR\",\"potentialAction\":[{\"@type\":\"ReadAction\",\"target\":[\"https:\/\/www.biennale-photo-mulhouse.com\/2026\/journees-inaugurales-5-6-7-juin\/\"]}]},{\"@type\":\"BreadcrumbList\",\"@id\":\"https:\/\/www.biennale-photo-mulhouse.com\/2026\/journees-inaugurales-5-6-7-juin\/#breadcrumb\",\"itemListElement\":[{\"@type\":\"ListItem\",\"position\":1,\"name\":\"Accueil\",\"item\":\"https:\/\/www.biennale-photo-mulhouse.com\/2026\/\"},{\"@type\":\"ListItem\",\"position\":2,\"name\":\"Journ\u00e9es inaugurales : 5-6-7 juin\"}]},{\"@type\":\"WebSite\",\"@id\":\"https:\/\/www.biennale-photo-mulhouse.com\/2026\/#website\",\"url\":\"https:\/\/www.biennale-photo-mulhouse.com\/2026\/\",\"name\":\"Biennale de la Photographie de Mulhouse\",\"description\":\"\",\"potentialAction\":[{\"@type\":\"SearchAction\",\"target\":{\"@type\":\"EntryPoint\",\"urlTemplate\":\"https:\/\/www.biennale-photo-mulhouse.com\/2026\/?s={search_term_string}\"},\"query-input\":\"required name=search_term_string\"}],\"inLanguage\":\"fr-FR\"}]}<\/script>\n<!-- \/ Yoast SEO plugin. -->","yoast_head_json":{"title":"Journ\u00e9es inaugurales : 5-6-7 juin - BPM 2026 - Biennale de la Photographie de Mulhouse 2026","description":"Ce temps fort de lancement sera l\u2019occasion d\u2019\u00e9v\u00e9nements en pr\u00e9sence des photographes et des commissaires des expositions.","robots":{"index":"index","follow":"follow","max-snippet":"max-snippet:-1","max-image-preview":"max-image-preview:large","max-video-preview":"max-video-preview:-1"},"canonical":"https:\/\/www.biennale-photo-mulhouse.com\/2026\/journees-inaugurales-5-6-7-juin\/","og_locale":"fr_FR","og_type":"article","og_title":"Journ\u00e9es inaugurales : 5-6-7 juin - BPM 2026 - Biennale de la Photographie de Mulhouse 2026","og_description":"Ce temps fort de lancement sera l\u2019occasion d\u2019\u00e9v\u00e9nements en pr\u00e9sence des photographes et des commissaires des expositions.","og_url":"https:\/\/www.biennale-photo-mulhouse.com\/2026\/journees-inaugurales-5-6-7-juin\/","og_site_name":"BPM 2026 - Biennale de la Photographie de Mulhouse 2026","article_publisher":"https:\/\/www.facebook.com\/BiennaleDeLaPhotographieDeMulhouse","article_modified_time":"2026-05-12T11:51:05+00:00","og_image":[{"url":"https:\/\/www.biennale-photo-mulhouse.com\/2026\/wp-content\/uploads\/sites\/7\/2026\/03\/01-BPM-archive-edition-2022-scaled.jpeg"}],"twitter_card":"summary_large_image","twitter_misc":{"Dur\u00e9e de lecture estim\u00e9e":"3 minutes"},"schema":{"@context":"https:\/\/schema.org","@graph":[{"@type":"WebPage","@id":"https:\/\/www.biennale-photo-mulhouse.com\/2026\/journees-inaugurales-5-6-7-juin\/","url":"https:\/\/www.biennale-photo-mulhouse.com\/2026\/journees-inaugurales-5-6-7-juin\/","name":"Journ\u00e9es inaugurales : 5-6-7 juin - BPM 2026 - Biennale de la Photographie de Mulhouse 2026","isPartOf":{"@id":"https:\/\/www.biennale-photo-mulhouse.com\/2026\/#website"},"datePublished":"2026-03-26T15:33:01+00:00","dateModified":"2026-05-12T11:51:05+00:00","description":"Ce temps fort de lancement sera l\u2019occasion d\u2019\u00e9v\u00e9nements en pr\u00e9sence des photographes et des commissaires des expositions.","breadcrumb":{"@id":"https:\/\/www.biennale-photo-mulhouse.com\/2026\/journees-inaugurales-5-6-7-juin\/#breadcrumb"},"inLanguage":"fr-FR","potentialAction":[{"@type":"ReadAction","target":["https:\/\/www.biennale-photo-mulhouse.com\/2026\/journees-inaugurales-5-6-7-juin\/"]}]},{"@type":"BreadcrumbList","@id":"https:\/\/www.biennale-photo-mulhouse.com\/2026\/journees-inaugurales-5-6-7-juin\/#breadcrumb","itemListElement":[{"@type":"ListItem","position":1,"name":"Accueil","item":"https:\/\/www.biennale-photo-mulhouse.com\/2026\/"},{"@type":"ListItem","position":2,"name":"Journ\u00e9es inaugurales : 5-6-7 juin"}]},{"@type":"WebSite","@id":"https:\/\/www.biennale-photo-mulhouse.com\/2026\/#website","url":"https:\/\/www.biennale-photo-mulhouse.com\/2026\/","name":"Biennale de la Photographie de Mulhouse","description":"","potentialAction":[{"@type":"SearchAction","target":{"@type":"EntryPoint","urlTemplate":"https:\/\/www.biennale-photo-mulhouse.com\/2026\/?s={search_term_string}"},"query-input":"required name=search_term_string"}],"inLanguage":"fr-FR"}]}},"_links":{"self":[{"href":"https:\/\/www.biennale-photo-mulhouse.com\/2026\/wp-json\/wp\/v2\/pages\/1224","targetHints":{"allow":["GET"]}}],"collection":[{"href":"https:\/\/www.biennale-photo-mulhouse.com\/2026\/wp-json\/wp\/v2\/pages"}],"about":[{"href":"https:\/\/www.biennale-photo-mulhouse.com\/2026\/wp-json\/wp\/v2\/types\/page"}],"author":[{"embeddable":true,"href":"https:\/\/www.biennale-photo-mulhouse.com\/2026\/wp-json\/wp\/v2\/users\/3"}],"replies":[{"embeddable":true,"href":"https:\/\/www.biennale-photo-mulhouse.com\/2026\/wp-json\/wp\/v2\/comments?post=1224"}],"version-history":[{"count":15,"href":"https:\/\/www.biennale-photo-mulhouse.com\/2026\/wp-json\/wp\/v2\/pages\/1224\/revisions"}],"predecessor-version":[{"id":1423,"href":"https:\/\/www.biennale-photo-mulhouse.com\/2026\/wp-json\/wp\/v2\/pages\/1224\/revisions\/1423"}],"wp:attachment":[{"href":"https:\/\/www.biennale-photo-mulhouse.com\/2026\/wp-json\/wp\/v2\/media?parent=1224"}],"wp:term":[{"taxonomy":"category","embeddable":true,"href":"https:\/\/www.biennale-photo-mulhouse.com\/2026\/wp-json\/wp\/v2\/categories?post=1224"}],"curies":[{"name":"wp","href":"https:\/\/api.w.org\/{rel}","templated":true}]}}