{"id":1206,"date":"2026-03-27T13:23:44","date_gmt":"2026-03-27T12:23:44","guid":{"rendered":"https:\/\/www.biennale-photo-mulhouse.com\/2026\/?page_id=1206"},"modified":"2026-04-24T11:44:43","modified_gmt":"2026-04-24T09:44:43","slug":"which-way-the-wind-blows-tiago-casanova","status":"publish","type":"page","link":"https:\/\/www.biennale-photo-mulhouse.com\/2026\/which-way-the-wind-blows-tiago-casanova\/","title":{"rendered":"Which way the wind blows, Tiago Casanova"},"content":{"rendered":"<p><span class=\"small\"><strong>FR \u2b62 <a href=\"https:\/\/www.biennale-photo-mulhouse.com\/2026en\/which-way-the-wind-blows-tiago-casanova\/\">EN<\/a><\/strong><\/span><\/p>\n<h1><span class=\"theme_color\"><em>Which way the wind blows<\/em><\/span><\/h1>\n<h2>Tiago Casanova<\/h2>\n<p class=\"offsetted\"><strong>Chapelle Saint-Jean, Mulhouse<\/strong><br \/>\n<span class=\"theme_color\">6 juin &#8211; 5 juillet<\/span><br \/>\n<span class=\"theme_color\">samedi et dimanche de 14h \u00e0 18h<\/span><br \/>\n<strong><span class=\"theme_color\">Vernissage le samedi 6 juin \u00e0 17h<\/span><\/strong><\/p>\n<p><span class=\"theme_color\"><em>Which way the wind blows<\/em><\/span> aborde certaines des relations humaines qui existent aujourd&rsquo;hui en M\u00e9diterran\u00e9e, vues depuis un possible futur lointain. Une mer hant\u00e9e par les mythes, les dieux, les l\u00e9gendes, les guerres et les r\u00eaves engloutis, qui est vendue aux touristes comme un paradis idyllique. Une mer divis\u00e9e entre h\u00e9ritage et avenir, entre religions, mythes modernes et anciens, statuts \u00e9conomiques et sociaux. Une mer d\u00e9chir\u00e9e entre touristes,\u00a0 migrant\u00b7es et demandeur\u00b7euses d&rsquo;asile noy\u00e9\u00b7es. Une mer qui est un espace commun mais aussi le th\u00e9\u00e2tre d&rsquo;une crise humanitaire colossale. Cette exposition est un r\u00e9cit visuel sur la crise migratoire qui ne la repr\u00e9sente pas frontalement. Ce projet met l&rsquo;accent sur une soci\u00e9t\u00e9 contemporaine qui choisit d&rsquo;ignorer les preuves visuelles et politiques, pr\u00e9f\u00e9rant croire que les dieux peuvent transformer les gens en pierre.<\/p>\n<p><strong>Cette exposition b\u00e9n\u00e9ficie du soutien de la R\u00e9publique du Portugal et de sa Direction g\u00e9n\u00e9rale des arts.<\/strong><\/p>\n<p><em>Tiago Casanova (Mad\u00e8re, Portugal, 1988) a \u00e9tudi\u00e9 l&rsquo;architecture \u00e0 la Facult\u00e9 d&rsquo;architecture de l&rsquo;Universit\u00e9 de Porto, o\u00f9 il a \u00e9t\u00e9 l&rsquo;un des fondateurs du magazine de photographie <\/em>Scopio <em>en 2010. Il a \u00e9galement \u00e9t\u00e9 l&rsquo;un des fondateurs de la maison d&rsquo;\u00e9dition et librairie XYZ Books en 2013, de A ILHA (galerie et lieu d&rsquo;art) en 2014 et d&rsquo;Est\u00fadio Bulhufas en 2017. Il expose r\u00e9guli\u00e8rement ses \u0153uvres dans des expositions individuelles et collectives depuis 2006. Outre le travail qu&rsquo;il produit dans le cadre de ses recherches et de sa pratique artistique, il m\u00e8ne \u00e9galement une carri\u00e8re professionnelle en tant qu&rsquo;\u00e9diteur, cr\u00e9ateur de livres, commissaire d&rsquo;exposition et sc\u00e9nographe. En 2012, il a re\u00e7u le prix BES Revela\u00e7\u00e3o Photography Award et une mention honorable au Novos Talentos FNAC Fotografia. En 2014, son travail a \u00e9t\u00e9 s\u00e9lectionn\u00e9 parmi les meilleurs \u00e0 Plat(t)form &#8211; Fotomuseum Winterthur, en 2015, il a remport\u00e9 le prix du jury au Festival A3 Bandas \u00e0 Madrid et, plus r\u00e9cemment, en 2025, il a \u00e9t\u00e9 laur\u00e9at des Urbanautica Institute Awards dans la cat\u00e9gorie \u00ab Anthropologie et territoire \u00bb. Il est repr\u00e9sent\u00e9 par la Galeria Carlos Carvalho (Lisbonne).<\/em><\/p>\n<p><a href=\"https:\/\/www.tiagocasanova.com\/\">tiagocasanova.com<\/a><\/p>\n<p><img loading=\"lazy\" decoding=\"async\" class=\"alignnone size-full wp-image-1208\" src=\"https:\/\/www.biennale-photo-mulhouse.com\/2026\/wp-content\/uploads\/sites\/7\/2026\/03\/Casanova-Tiago_Which-way-the-wind-blows_2019_04.jpg\" alt=\"\" width=\"578\" height=\"850\" \/><\/p>\n<p class=\"img_caption\">Tiago Casanova, <em>Which way the wind blows<\/em>, 2019<\/p>\n","protected":false},"excerpt":{"rendered":"<p>FR \u2b62 EN Which way the wind blows Tiago Casanova Chapelle Saint-Jean, Mulhouse 6 juin &#8211; 5 juillet samedi et dimanche de 14h \u00e0 18h Vernissage le samedi 6 juin \u00e0 17h Which way the wind blows aborde certaines des relations humaines qui existent aujourd&rsquo;hui en M\u00e9diterran\u00e9e, vues depuis un possible futur lointain. Une mer [&hellip;]<\/p>\n","protected":false},"author":3,"featured_media":0,"parent":0,"menu_order":0,"comment_status":"closed","ping_status":"closed","template":"","meta":{"footnotes":""},"categories":[1],"class_list":["post-1206","page","type-page","status-publish","hentry","category-non-classe"],"acf":{"photo_gallery":{"gallery":[[{"id":1207,"title":"Casanova Tiago_Which way the wind blows_2019_01","caption":"Tiago Casanova, <i>Which way the wind blows<\/i>,2019","full_image_url":"https:\/\/www.biennale-photo-mulhouse.com\/2026\/wp-content\/uploads\/sites\/7\/2026\/03\/Casanova-Tiago_Which-way-the-wind-blows_2019_01.jpg","thumbnail_image_url":"https:\/\/www.biennale-photo-mulhouse.com\/2026\/wp-content\/uploads\/sites\/7\/2026\/03\/Casanova-Tiago_Which-way-the-wind-blows_2019_01.jpg","large_srcset":"https:\/\/www.biennale-photo-mulhouse.com\/2026\/wp-content\/uploads\/sites\/7\/2026\/03\/Casanova-Tiago_Which-way-the-wind-blows_2019_01.jpg 850w, https:\/\/www.biennale-photo-mulhouse.com\/2026\/wp-content\/uploads\/sites\/7\/2026\/03\/Casanova-Tiago_Which-way-the-wind-blows_2019_01-768x582.jpg 768w","medium_srcset":"https:\/\/www.biennale-photo-mulhouse.com\/2026\/wp-content\/uploads\/sites\/7\/2026\/03\/Casanova-Tiago_Which-way-the-wind-blows_2019_01.jpg 850w, https:\/\/www.biennale-photo-mulhouse.com\/2026\/wp-content\/uploads\/sites\/7\/2026\/03\/Casanova-Tiago_Which-way-the-wind-blows_2019_01-768x582.jpg 768w","media_details":{"width":850,"height":644,"sizes":{"medium_large":{"file":"Casanova-Tiago_Which-way-the-wind-blows_2019_01-768x582.jpg","width":768,"height":582,"mime-type":"image\/jpeg","filesize":100999,"source_url":"https:\/\/www.biennale-photo-mulhouse.com\/2026\/wp-content\/uploads\/sites\/7\/2026\/03\/Casanova-Tiago_Which-way-the-wind-blows_2019_01-768x582.jpg"}}},"alt_text":"","url":"","target":""}]]}},"yoast_head":"<!-- This site is optimized with the Yoast SEO plugin v21.9.1 - https:\/\/yoast.com\/wordpress\/plugins\/seo\/ -->\n<title>Which way the wind blows, Tiago Casanova - BPM 2026 - Biennale de la Photographie de Mulhouse 2026<\/title>\n<meta name=\"description\" content=\"L&#039;exposition aborde certaines des relations humaines qui existent aujourd&#039;hui en M\u00e9diterran\u00e9e, vues depuis un possible futur lointain.\" \/>\n<meta name=\"robots\" content=\"index, follow, max-snippet:-1, max-image-preview:large, max-video-preview:-1\" \/>\n<link rel=\"canonical\" href=\"https:\/\/www.biennale-photo-mulhouse.com\/2026\/which-way-the-wind-blows-tiago-casanova\/\" \/>\n<meta property=\"og:locale\" content=\"fr_FR\" \/>\n<meta property=\"og:type\" content=\"article\" \/>\n<meta property=\"og:title\" content=\"Which way the wind blows, Tiago Casanova - BPM 2026 - Biennale de la Photographie de Mulhouse 2026\" \/>\n<meta property=\"og:description\" content=\"L&#039;exposition aborde certaines des relations humaines qui existent aujourd&#039;hui en M\u00e9diterran\u00e9e, vues depuis un possible futur lointain.\" \/>\n<meta property=\"og:url\" content=\"https:\/\/www.biennale-photo-mulhouse.com\/2026\/which-way-the-wind-blows-tiago-casanova\/\" \/>\n<meta property=\"og:site_name\" content=\"BPM 2026 - Biennale de la Photographie de Mulhouse 2026\" \/>\n<meta property=\"article:publisher\" content=\"https:\/\/www.facebook.com\/BiennaleDeLaPhotographieDeMulhouse\" \/>\n<meta property=\"article:modified_time\" content=\"2026-04-24T09:44:43+00:00\" \/>\n<meta property=\"og:image\" content=\"https:\/\/www.biennale-photo-mulhouse.com\/2026\/wp-content\/uploads\/sites\/7\/2026\/03\/Casanova-Tiago_Which-way-the-wind-blows_2019_04.jpg\" \/>\n<meta name=\"twitter:card\" content=\"summary_large_image\" \/>\n<meta name=\"twitter:label1\" content=\"Dur\u00e9e de lecture estim\u00e9e\" \/>\n\t<meta name=\"twitter:data1\" content=\"3 minutes\" \/>\n<script type=\"application\/ld+json\" class=\"yoast-schema-graph\">{\"@context\":\"https:\/\/schema.org\",\"@graph\":[{\"@type\":\"WebPage\",\"@id\":\"https:\/\/www.biennale-photo-mulhouse.com\/2026\/which-way-the-wind-blows-tiago-casanova\/\",\"url\":\"https:\/\/www.biennale-photo-mulhouse.com\/2026\/which-way-the-wind-blows-tiago-casanova\/\",\"name\":\"Which way the wind blows, Tiago Casanova - BPM 2026 - Biennale de la Photographie de Mulhouse 2026\",\"isPartOf\":{\"@id\":\"https:\/\/www.biennale-photo-mulhouse.com\/2026\/#website\"},\"datePublished\":\"2026-03-27T12:23:44+00:00\",\"dateModified\":\"2026-04-24T09:44:43+00:00\",\"description\":\"L'exposition aborde certaines des relations humaines qui existent aujourd'hui en M\u00e9diterran\u00e9e, vues depuis un possible futur lointain.\",\"breadcrumb\":{\"@id\":\"https:\/\/www.biennale-photo-mulhouse.com\/2026\/which-way-the-wind-blows-tiago-casanova\/#breadcrumb\"},\"inLanguage\":\"fr-FR\",\"potentialAction\":[{\"@type\":\"ReadAction\",\"target\":[\"https:\/\/www.biennale-photo-mulhouse.com\/2026\/which-way-the-wind-blows-tiago-casanova\/\"]}]},{\"@type\":\"BreadcrumbList\",\"@id\":\"https:\/\/www.biennale-photo-mulhouse.com\/2026\/which-way-the-wind-blows-tiago-casanova\/#breadcrumb\",\"itemListElement\":[{\"@type\":\"ListItem\",\"position\":1,\"name\":\"Accueil\",\"item\":\"https:\/\/www.biennale-photo-mulhouse.com\/2026\/\"},{\"@type\":\"ListItem\",\"position\":2,\"name\":\"Which way the wind blows, Tiago Casanova\"}]},{\"@type\":\"WebSite\",\"@id\":\"https:\/\/www.biennale-photo-mulhouse.com\/2026\/#website\",\"url\":\"https:\/\/www.biennale-photo-mulhouse.com\/2026\/\",\"name\":\"Biennale de la Photographie de Mulhouse\",\"description\":\"\",\"potentialAction\":[{\"@type\":\"SearchAction\",\"target\":{\"@type\":\"EntryPoint\",\"urlTemplate\":\"https:\/\/www.biennale-photo-mulhouse.com\/2026\/?s={search_term_string}\"},\"query-input\":\"required name=search_term_string\"}],\"inLanguage\":\"fr-FR\"}]}<\/script>\n<!-- \/ Yoast SEO plugin. -->","yoast_head_json":{"title":"Which way the wind blows, Tiago Casanova - BPM 2026 - Biennale de la Photographie de Mulhouse 2026","description":"L'exposition aborde certaines des relations humaines qui existent aujourd'hui en M\u00e9diterran\u00e9e, vues depuis un possible futur lointain.","robots":{"index":"index","follow":"follow","max-snippet":"max-snippet:-1","max-image-preview":"max-image-preview:large","max-video-preview":"max-video-preview:-1"},"canonical":"https:\/\/www.biennale-photo-mulhouse.com\/2026\/which-way-the-wind-blows-tiago-casanova\/","og_locale":"fr_FR","og_type":"article","og_title":"Which way the wind blows, Tiago Casanova - BPM 2026 - Biennale de la Photographie de Mulhouse 2026","og_description":"L'exposition aborde certaines des relations humaines qui existent aujourd'hui en M\u00e9diterran\u00e9e, vues depuis un possible futur lointain.","og_url":"https:\/\/www.biennale-photo-mulhouse.com\/2026\/which-way-the-wind-blows-tiago-casanova\/","og_site_name":"BPM 2026 - Biennale de la Photographie de Mulhouse 2026","article_publisher":"https:\/\/www.facebook.com\/BiennaleDeLaPhotographieDeMulhouse","article_modified_time":"2026-04-24T09:44:43+00:00","og_image":[{"url":"https:\/\/www.biennale-photo-mulhouse.com\/2026\/wp-content\/uploads\/sites\/7\/2026\/03\/Casanova-Tiago_Which-way-the-wind-blows_2019_04.jpg"}],"twitter_card":"summary_large_image","twitter_misc":{"Dur\u00e9e de lecture estim\u00e9e":"3 minutes"},"schema":{"@context":"https:\/\/schema.org","@graph":[{"@type":"WebPage","@id":"https:\/\/www.biennale-photo-mulhouse.com\/2026\/which-way-the-wind-blows-tiago-casanova\/","url":"https:\/\/www.biennale-photo-mulhouse.com\/2026\/which-way-the-wind-blows-tiago-casanova\/","name":"Which way the wind blows, Tiago Casanova - BPM 2026 - Biennale de la Photographie de Mulhouse 2026","isPartOf":{"@id":"https:\/\/www.biennale-photo-mulhouse.com\/2026\/#website"},"datePublished":"2026-03-27T12:23:44+00:00","dateModified":"2026-04-24T09:44:43+00:00","description":"L'exposition aborde certaines des relations humaines qui existent aujourd'hui en M\u00e9diterran\u00e9e, vues depuis un possible futur lointain.","breadcrumb":{"@id":"https:\/\/www.biennale-photo-mulhouse.com\/2026\/which-way-the-wind-blows-tiago-casanova\/#breadcrumb"},"inLanguage":"fr-FR","potentialAction":[{"@type":"ReadAction","target":["https:\/\/www.biennale-photo-mulhouse.com\/2026\/which-way-the-wind-blows-tiago-casanova\/"]}]},{"@type":"BreadcrumbList","@id":"https:\/\/www.biennale-photo-mulhouse.com\/2026\/which-way-the-wind-blows-tiago-casanova\/#breadcrumb","itemListElement":[{"@type":"ListItem","position":1,"name":"Accueil","item":"https:\/\/www.biennale-photo-mulhouse.com\/2026\/"},{"@type":"ListItem","position":2,"name":"Which way the wind blows, Tiago Casanova"}]},{"@type":"WebSite","@id":"https:\/\/www.biennale-photo-mulhouse.com\/2026\/#website","url":"https:\/\/www.biennale-photo-mulhouse.com\/2026\/","name":"Biennale de la Photographie de Mulhouse","description":"","potentialAction":[{"@type":"SearchAction","target":{"@type":"EntryPoint","urlTemplate":"https:\/\/www.biennale-photo-mulhouse.com\/2026\/?s={search_term_string}"},"query-input":"required name=search_term_string"}],"inLanguage":"fr-FR"}]}},"_links":{"self":[{"href":"https:\/\/www.biennale-photo-mulhouse.com\/2026\/wp-json\/wp\/v2\/pages\/1206","targetHints":{"allow":["GET"]}}],"collection":[{"href":"https:\/\/www.biennale-photo-mulhouse.com\/2026\/wp-json\/wp\/v2\/pages"}],"about":[{"href":"https:\/\/www.biennale-photo-mulhouse.com\/2026\/wp-json\/wp\/v2\/types\/page"}],"author":[{"embeddable":true,"href":"https:\/\/www.biennale-photo-mulhouse.com\/2026\/wp-json\/wp\/v2\/users\/3"}],"replies":[{"embeddable":true,"href":"https:\/\/www.biennale-photo-mulhouse.com\/2026\/wp-json\/wp\/v2\/comments?post=1206"}],"version-history":[{"count":6,"href":"https:\/\/www.biennale-photo-mulhouse.com\/2026\/wp-json\/wp\/v2\/pages\/1206\/revisions"}],"predecessor-version":[{"id":1398,"href":"https:\/\/www.biennale-photo-mulhouse.com\/2026\/wp-json\/wp\/v2\/pages\/1206\/revisions\/1398"}],"wp:attachment":[{"href":"https:\/\/www.biennale-photo-mulhouse.com\/2026\/wp-json\/wp\/v2\/media?parent=1206"}],"wp:term":[{"taxonomy":"category","embeddable":true,"href":"https:\/\/www.biennale-photo-mulhouse.com\/2026\/wp-json\/wp\/v2\/categories?post=1206"}],"curies":[{"name":"wp","href":"https:\/\/api.w.org\/{rel}","templated":true}]}}