{"id":1203,"date":"2026-03-26T14:55:35","date_gmt":"2026-03-26T13:55:35","guid":{"rendered":"https:\/\/www.biennale-photo-mulhouse.com\/2026\/?page_id=1203"},"modified":"2026-05-06T10:16:34","modified_gmt":"2026-05-06T08:16:34","slug":"settled","status":"publish","type":"page","link":"https:\/\/www.biennale-photo-mulhouse.com\/2026\/settled\/","title":{"rendered":"Settled"},"content":{"rendered":"<p><strong><span class=\"small\">FR \u2b62 <a href=\"https:\/\/www.biennale-photo-mulhouse.com\/2026en\/settled\/\">EN<\/a><\/span><\/strong><\/p>\n<h1><span class=\"theme_color\"><em>Settled\u00a0<\/em><\/span><\/h1>\n<h2>Mahmoud Alhaj, Adji Dieye, Jennifer Douzenel, Eric Gyamfi, Kapwani Kiwanga, George Mahashe, Otobong Nkanga, L\u00e9onard Pongo<\/h2>\n<p class=\"offsetted\"><strong>La Filature, Mulhouse<\/strong><br \/>\n<span class=\"theme_color\">16 mai &#8211; 11 juillet<\/span><br \/>\n<span class=\"theme_color\">du mardi au samedi de 13h \u00e0 18h, le dimanche de 14h \u00e0 18h (fermeture les dimanches en juillet), et les soirs de spectacles<\/span><br \/>\n<strong><span class=\"theme_color\"><em>Jeudi 4 juin \u00e0 12h30 : visite guid\u00e9e et repas partag\u00e9 sur inscription au 03 89 36 28 28<\/em><br \/>\nVernissage le samedi 6 juin \u00e0 11h<\/span><\/strong><\/p>\n<p class=\"offsetted with_arrow\">Commissaire d\u2019exposition : Ange-Fr\u00e9d\u00e9ric Koffi\u00a0<\/p>\n<p>L\u2019exposition <span class=\"theme_color\"><em>Settled<\/em> <\/span>propose d\u2019utiliser les processus de s\u00e9dimentation comme m\u00e9taphore des modes de visibilit\u00e9 et d\u2019invisibilit\u00e9 qui traversent notre \u00e9poque. Les strates g\u00e9ologiques sont \u00e0 la fois visibles et enfouies, pr\u00e9sentes et mill\u00e9naires, r\u00e9v\u00e9latrices d\u2019une histoire mais aussi de ses lacunes. Les artistes r\u00e9uni\u00b7es dans cette exposition exploitent cette tension entre ce qui s\u2019accumule et ce qui dispara\u00eet, entre ce qui se montre et ce qui se cache. \u00c0 ce titre, l\u2019exposition s\u2019ancre conceptuellement dans la notion d\u2019ambivalence explor\u00e9e par les recherches actuelles en photographie. Loin d\u2019\u00eatre r\u00e9duite \u00e0 une simple ind\u00e9cision, l\u2019ambivalence y appara\u00eet comme la juxtaposition de positions antagonistes, souvent inconciliables, qui parcourent diff\u00e9rentes strates de notre perception. Cette tension caract\u00e9rise fondamentalement notre rapport \u00e0 l\u2019image photographique: tandis qu\u2019elle permet de d\u00e9voiler et d\u2019archiver le r\u00e9el, elle nous confronte simultan\u00e9ment aux fronti\u00e8res de cette m\u00eame visibilit\u00e9 &#8211; \u00e0 tout ce qui demeure hors-champ, inaccessible ou fuyant.\u00a0<\/p>\n<p><strong>L&rsquo;exposition<span class=\"theme_color\"> <em>Settled<\/em> <\/span>est une coproduction de La Filature, Sc\u00e8ne nationale de Mulhouse et de la Biennale de la Photographie de Mulhouse.<\/strong><\/p>\n<p><img loading=\"lazy\" decoding=\"async\" class=\"alignnone size-full wp-image-1204\" src=\"https:\/\/www.biennale-photo-mulhouse.com\/2026\/wp-content\/uploads\/sites\/7\/2026\/03\/Kapwani-Kiwanga-Subduction-Study-10-2018-\u00a9-Courtesy-de-lartiste-et-de-la-Galerie-Poggi-Paris-scaled.jpeg\" alt=\"\" width=\"2560\" height=\"2309\" srcset=\"https:\/\/www.biennale-photo-mulhouse.com\/2026\/wp-content\/uploads\/sites\/7\/2026\/03\/Kapwani-Kiwanga-Subduction-Study-10-2018-\u00a9-Courtesy-de-lartiste-et-de-la-Galerie-Poggi-Paris-scaled.jpeg 2560w, https:\/\/www.biennale-photo-mulhouse.com\/2026\/wp-content\/uploads\/sites\/7\/2026\/03\/Kapwani-Kiwanga-Subduction-Study-10-2018-\u00a9-Courtesy-de-lartiste-et-de-la-Galerie-Poggi-Paris-768x693.jpeg 768w, https:\/\/www.biennale-photo-mulhouse.com\/2026\/wp-content\/uploads\/sites\/7\/2026\/03\/Kapwani-Kiwanga-Subduction-Study-10-2018-\u00a9-Courtesy-de-lartiste-et-de-la-Galerie-Poggi-Paris-1536x1385.jpeg 1536w, https:\/\/www.biennale-photo-mulhouse.com\/2026\/wp-content\/uploads\/sites\/7\/2026\/03\/Kapwani-Kiwanga-Subduction-Study-10-2018-\u00a9-Courtesy-de-lartiste-et-de-la-Galerie-Poggi-Paris-2048x1847.jpeg 2048w\" sizes=\"auto, (max-width: 2560px) 100vw, 2560px\" \/><\/p>\n<p class=\"img_caption\">Kapwani Kiwanga, <em>Subduction Study #10<\/em>, 2018 \u00a9 Courtesy de l\u2019artiste et de la Galerie Poggi, Paris &#8211; ADAGP<\/p>\n<hr \/>\n<h2>Mahmoud Alhaj<\/h2>\n<p>Mahmoud Alhaj (n\u00e9 en 1990 \u00e0 Gaza) est un artiste plasticien dont la pratique s&rsquo;articule autour d&rsquo;une r\u00e9flexion directe sur la m\u00e9moire, les syst\u00e8mes d&rsquo;oppression et l&rsquo;architecture de la violence. \u00c0 travers la photographie et la vid\u00e9o exp\u00e9rimentale, il s&rsquo;attache \u00e0 d\u00e9construire les archives militaires et les images en basse r\u00e9solution, pour les reconstituer en r\u00e9cits qui remettent en cause les versions officielles. Sa formation en journalisme impr\u00e8gne profond\u00e9ment son \u0153uvre, lui permettant d&rsquo;appliquer une analyse critique des m\u00e9dias \u00e0 sa pratique artistique. Les \u0153uvres vid\u00e9o d&rsquo;Alhaj ont \u00e9t\u00e9 pr\u00e9sent\u00e9es dans de nombreux festivals internationaux, notamment au FID de Marseille (Mention sp\u00e9ciale, 2025), o\u00f9 il a remport\u00e9 le Prix du meilleur court m\u00e9trage au FICPBA en Argentine, ainsi qu&rsquo;au Festival Margenes de Madrid (Mention sp\u00e9ciale) et au Festival du film de Gand en Belgique.<\/p>\n<p><a href=\"https:\/\/www.mahmoudalhaj.com\/\">www.mahmoudalhaj.com<\/a><\/p>\n<h2>Adji Dieye<\/h2>\n<p>N\u00e9e en 1991 \u00e0 Milan, Adji Dieye est une artiste plasticienne qui vit et travaille entre Dakar, Milan et Zurich. Sa pratique interroge les notions de repr\u00e9sentation et d\u2019identit\u00e9 afin d\u2019analyser les structures socio-politiques qui fa\u00e7onnent notre monde globalis\u00e9. En explorant le r\u00f4le de la culture dans la publicit\u00e9, l\u2019architecture et les archives nationales, elle \u00e9tudie les formes esth\u00e9tiques de l\u2019autod\u00e9termination dans des contextes n\u00e9olib\u00e9raux. La photographie occupe une place centrale dans son travail, servant \u00e0 la fois de m\u00e9dium polyvalent et de moyen de remettre en question la \u00ab connaissance \u00bb repr\u00e9sentative et les processus d\u2019alt\u00e9risation dans les soci\u00e9t\u00e9s occidentales et non occidentales. Elle a particip\u00e9 \u00e0 plusieurs biennales internationales, dont la 16e Biennale de Lyon (2022).<\/p>\n<p><a href=\"https:\/\/www.instagram.com\/adjigiagi\/\">instagram.com\/adjigiagi<\/a><\/p>\n<h2>Jennifer Douzenel<\/h2>\n<p>N\u00e9e en France en 1984, Jennifer Douzenel vit et travaille \u00e0 Paris. Son travail, majoritairement des films tourn\u00e9s en voyage mais aussi plus r\u00e9cemment des d\u00e9riv\u00e9s d\u2019images photographiques, saisit le monde dans un instantan\u00e9. Empreintes des enjeux de notre humanit\u00e9, les \u0153uvres contemplatives de l\u2019artiste convoquent l\u2019histoire de la peinture et tentent d\u2019\u00e9veiller notre sensibilit\u00e9 \u00e0 l\u2019ailleurs. Son \u0153uvre interroge les temporalit\u00e9s infimes et les micro-\u00e9v\u00e9nements qui \u00e9chappent ordinairement au regard, formalisant ce que l\u2019on pourrait nommer une esth\u00e9tique de l\u2019intervalle \u2013 travail sur les \u00e9carts entre visible et latent, entre pr\u00e9sence et effacement.Elle a r\u00e9cemment particip\u00e9 au projet <span class=\"theme_color\"><em>Regards du Louvre<\/em> <\/span>(Mus\u00e9e du Louvre), aux expositions<em><span class=\"theme_color\"> L\u2019\u00eele int\u00e9rieure<\/span><\/em> \u00e0 la Fondation Carmignac, <span class=\"theme_color\"><em>Voyage Voyages<\/em><\/span> au MUCEM. Elle est dipl\u00f4m\u00e9e des Beaux-arts de Paris en 2009 et d&rsquo;un doctorat \u00abMesurer le monde \u00bb programme SACRe Beaux-arts de Paris \/ENS en 2017.<\/p>\n<p><a href=\"https:\/\/www.instagram.com\/jenniferdouzenel\/\">instagram.com\/jenniferdouzenel<\/a><\/p>\n<p><img loading=\"lazy\" decoding=\"async\" class=\"size-full wp-image-1260\" src=\"https:\/\/www.biennale-photo-mulhouse.com\/2026\/wp-content\/uploads\/sites\/7\/2026\/03\/Jennifer-Douzenel-2023-Mirage-15.jpg\" alt=\"\" width=\"868\" height=\"579\" srcset=\"https:\/\/www.biennale-photo-mulhouse.com\/2026\/wp-content\/uploads\/sites\/7\/2026\/03\/Jennifer-Douzenel-2023-Mirage-15.jpg 868w, https:\/\/www.biennale-photo-mulhouse.com\/2026\/wp-content\/uploads\/sites\/7\/2026\/03\/Jennifer-Douzenel-2023-Mirage-15-768x512.jpg 768w\" sizes=\"auto, (max-width: 868px) 100vw, 868px\" \/><\/p>\n<p class=\"img_caption\">Jennifer Douzenel, <em>Mirage<\/em>, 2023. Vue de l&rsquo;exposition <em>Hirafen<\/em>, Tunis, 2023\u00a0<\/p>\n<h2>Eric Gyamfi<\/h2>\n<p>N\u00e9 en 1990 au Ghana, Eric Gyamfi est un photographe et artiste qui vit et travaille au Ghana. Il m\u00e8ne une pratique photographique qui examine la fabrique des archives visuelles, les processus de m\u00e9moire sociale et les identit\u00e9s en transformation. Son travail m\u00eale imagerie vernaculaire, proc\u00e9d\u00e9s photographiques alternatifs et enqu\u00eates visuelles au long cours, traitant les corpus photographiques comme des strates vivantes et reconfigurables. Sa pratique, au croisement du documentaire \u00e9largi et de l\u2019exp\u00e9rimentation mat\u00e9rielle, questionne la stabilit\u00e9 de l\u2019image et ses modes de transmission. Son travail a notamment \u00e9t\u00e9 expos\u00e9 lors de la Biennale de Vienne (2021), aux Rencontres de Bamako (2017\/2019). Il est le laur\u00e9at du prix FOAM (2019).<\/p>\n<h2>Kapwani Kiwanga<\/h2>\n<p>N\u00e9e \u00e0 Hamilton, au Canada, Kapwani Kiwanga est une artiste franco-canadienne. Elle d\u00e9veloppe une \u0153uvre transdisciplinaire (installation, photographie, film, sculpture) qui examine les relations entre pouvoir, histoire et mat\u00e9rialit\u00e9, mobilisant des m\u00e9thodes proches de l\u2019enqu\u00eate et de l\u2019ethnographie sp\u00e9culative. Laur\u00e9ate du Prix Marcel Duchamp (2020) et repr\u00e9sentante du Canada \u00e0 la Biennale de Venise (2024), elle a expos\u00e9 au New Museum, \u00e0 la Serpentine Gallery, au Kunsthaus Z\u00fcrich, au MOCA Toronto et dans de nombreuses biennales internationales. Son travail est largement collectionn\u00e9 et a fait l\u2019objet de nombreuses publications.<\/p>\n<p><a href=\"https:\/\/www.kapwanikiwanga.org\/\">kapwanikiwanga.org<\/a><\/p>\n<h2>George Mahashe<\/h2>\n<p>George Mahashe est ma\u00eetre de conf\u00e9rences en Arts \u00e0 l\u2019Universit\u00e9 du Cap, en Afrique du Sud, et artiste. Il anime la plateforme de recherche <span class=\"theme_color\"><em>Defunct Context<\/em><\/span>, qui place la pratique curatoriale au coeur de la d\u00e9marche artistique. Son travail m\u00eale photographie, anthropologie, archives et narration, mettant en avant la transdisciplinarit\u00e9 pour interagir avec les syst\u00e8mes de savoirs autochtones et s\u2019int\u00e9resser \u00e0 la fois \u00e0 leurs pratiques historiques et \u00e9mergentes. Sa d\u00e9marche interroge la performativit\u00e9 sociale de l\u2019image et ses strates historiques, depuis le studio photographique jusqu\u2019aux espaces publics contemporains.<\/p>\n<p><a href=\"http:\/\/georgemahashe.co.za.www31.cpt2.host-h.net\/Home\/\">georgemahashe.co.za<\/a><\/p>\n<h2>Otobong Nkanga<\/h2>\n<p>Otobong Nkanga explore les liens entre extraction, territoires, corps et circulations de mati\u00e8res \u00e0 travers des installations, dessins, performances, textiles et photographies. Son travail met en lumi\u00e8re la s\u00e9dimentation des ressources et des r\u00e9cits, ainsi que les cosmologies affectives qui en d\u00e9coulent. Ses \u0153uvres sont pr\u00e9sentes dans de grandes collections internationales et font l\u2019objet de nombreuses publications. Laur\u00e9ate de distinctions internationales, elle expose r\u00e9guli\u00e8rement son travail comme \u00e0 la Documenta 14 (Kassel 2017), ou dans ses expositions personnelles au Martin-Gropius-Bau (Berlin 2020) ou au Mus\u00e9e d\u2019Art Moderne de la Ville de Paris (2025).<\/p>\n<p><a href=\"https:\/\/www.otobong-nkanga.com\/\">otobong-nkanga.com<\/a><\/p>\n<h2>L\u00e9onard Pongo<\/h2>\n<p>L\u00e9onard Pongo est un artiste plasticien qui vit et travaille entre la R\u00e9publique d\u00e9mocratique du Congo et la Belgique. Sa pratique m\u00eale une approche photographique au design textile, des techniques d\u2019impression exp\u00e9rimentales et des images anim\u00e9es pour cr\u00e9er des installations immersives utilisant divers supports. Partageant son temps entre des projets \u00e0 long terme en RDC, l\u2019enseignement et des commandes, Pongo s\u2019engage \u00e0 accro\u00eetre la visibilit\u00e9 des r\u00e9cits africains. Il est codirecteur de <em>The Photographic Collective<\/em>, une plateforme d\u00e9di\u00e9e \u00e0 soutenir et \u00e0 amplifier les voix des artistes africains, encadre des praticiens \u00e9mergents au MINO Lab Antwerpen et est chercheur associ\u00e9 au sein de Thinking Tools \u00e0 l\u2019Acad\u00e9mie royale des Beaux-Arts d\u2019Anvers.<\/p>\n<p><a href=\"https:\/\/www.lpongo.com\">lpongo.com<\/a><\/p>\n<p><img loading=\"lazy\" decoding=\"async\" class=\"alignnone size-full wp-image-1261\" src=\"https:\/\/www.biennale-photo-mulhouse.com\/2026\/wp-content\/uploads\/sites\/7\/2026\/03\/TFTS-still002-scaled.jpg\" alt=\"\" width=\"2560\" height=\"1600\" srcset=\"https:\/\/www.biennale-photo-mulhouse.com\/2026\/wp-content\/uploads\/sites\/7\/2026\/03\/TFTS-still002-scaled.jpg 2560w, https:\/\/www.biennale-photo-mulhouse.com\/2026\/wp-content\/uploads\/sites\/7\/2026\/03\/TFTS-still002-768x480.jpg 768w, https:\/\/www.biennale-photo-mulhouse.com\/2026\/wp-content\/uploads\/sites\/7\/2026\/03\/TFTS-still002-1536x960.jpg 1536w, https:\/\/www.biennale-photo-mulhouse.com\/2026\/wp-content\/uploads\/sites\/7\/2026\/03\/TFTS-still002-2048x1280.jpg 2048w\" sizes=\"auto, (max-width: 2560px) 100vw, 2560px\" \/><\/p>\n<p class=\"img_caption\">L\u00e9onard Pongo, image issue de la vid\u00e9o <em>Tales from the source<\/em>, 2023<\/p>\n<p>&nbsp;<\/p>\n","protected":false},"excerpt":{"rendered":"<p>FR \u2b62 EN Settled\u00a0 Mahmoud Alhaj, Adji Dieye, Jennifer Douzenel, Eric Gyamfi, Kapwani Kiwanga, George Mahashe, Otobong Nkanga, L\u00e9onard Pongo La Filature, Mulhouse 16 mai &#8211; 11 juillet du mardi au samedi de 13h \u00e0 18h, le dimanche de 14h \u00e0 18h (fermeture les dimanches en juillet), et les soirs de spectacles Jeudi 4 juin [&hellip;]<\/p>\n","protected":false},"author":3,"featured_media":0,"parent":0,"menu_order":0,"comment_status":"closed","ping_status":"closed","template":"","meta":{"footnotes":""},"categories":[1],"class_list":["post-1203","page","type-page","status-publish","hentry","category-non-classe"],"acf":{"photo_gallery":{"gallery":[[{"id":1257,"title":"Defunct Context - Ambivilance to important work, 2023_","caption":"George Mahashe, <i>Defunct Context - Ambivalence to important work <\/i>, 2023","full_image_url":"https:\/\/www.biennale-photo-mulhouse.com\/2026\/wp-content\/uploads\/sites\/7\/2026\/03\/Defunct-Context-Ambivilance-to-important-work-2023_-scaled.jpg","thumbnail_image_url":"https:\/\/www.biennale-photo-mulhouse.com\/2026\/wp-content\/uploads\/sites\/7\/2026\/03\/Defunct-Context-Ambivilance-to-important-work-2023_-scaled.jpg","large_srcset":"https:\/\/www.biennale-photo-mulhouse.com\/2026\/wp-content\/uploads\/sites\/7\/2026\/03\/Defunct-Context-Ambivilance-to-important-work-2023_-scaled.jpg 2560w, https:\/\/www.biennale-photo-mulhouse.com\/2026\/wp-content\/uploads\/sites\/7\/2026\/03\/Defunct-Context-Ambivilance-to-important-work-2023_-768x512.jpg 768w, https:\/\/www.biennale-photo-mulhouse.com\/2026\/wp-content\/uploads\/sites\/7\/2026\/03\/Defunct-Context-Ambivilance-to-important-work-2023_-1536x1024.jpg 1536w, https:\/\/www.biennale-photo-mulhouse.com\/2026\/wp-content\/uploads\/sites\/7\/2026\/03\/Defunct-Context-Ambivilance-to-important-work-2023_-2048x1366.jpg 2048w","medium_srcset":"https:\/\/www.biennale-photo-mulhouse.com\/2026\/wp-content\/uploads\/sites\/7\/2026\/03\/Defunct-Context-Ambivilance-to-important-work-2023_-scaled.jpg 2560w, https:\/\/www.biennale-photo-mulhouse.com\/2026\/wp-content\/uploads\/sites\/7\/2026\/03\/Defunct-Context-Ambivilance-to-important-work-2023_-768x512.jpg 768w, https:\/\/www.biennale-photo-mulhouse.com\/2026\/wp-content\/uploads\/sites\/7\/2026\/03\/Defunct-Context-Ambivilance-to-important-work-2023_-1536x1024.jpg 1536w, https:\/\/www.biennale-photo-mulhouse.com\/2026\/wp-content\/uploads\/sites\/7\/2026\/03\/Defunct-Context-Ambivilance-to-important-work-2023_-2048x1366.jpg 2048w","media_details":{"width":2560,"height":1707,"sizes":{"medium_large":{"file":"Defunct-Context-Ambivilance-to-important-work-2023_-768x512.jpg","width":768,"height":512,"mime-type":"image\/jpeg","filesize":98575,"source_url":"https:\/\/www.biennale-photo-mulhouse.com\/2026\/wp-content\/uploads\/sites\/7\/2026\/03\/Defunct-Context-Ambivilance-to-important-work-2023_-768x512.jpg"},"1536x1536":{"file":"Defunct-Context-Ambivilance-to-important-work-2023_-1536x1024.jpg","width":1536,"height":1024,"mime-type":"image\/jpeg","filesize":624179,"source_url":"https:\/\/www.biennale-photo-mulhouse.com\/2026\/wp-content\/uploads\/sites\/7\/2026\/03\/Defunct-Context-Ambivilance-to-important-work-2023_-1536x1024.jpg"},"2048x2048":{"file":"Defunct-Context-Ambivilance-to-important-work-2023_-2048x1366.jpg","width":2048,"height":1366,"mime-type":"image\/jpeg","filesize":1316146,"source_url":"https:\/\/www.biennale-photo-mulhouse.com\/2026\/wp-content\/uploads\/sites\/7\/2026\/03\/Defunct-Context-Ambivilance-to-important-work-2023_-2048x1366.jpg"}}},"alt_text":"","url":"","target":""}]]}},"yoast_head":"<!-- This site is optimized with the Yoast SEO plugin v21.9.1 - https:\/\/yoast.com\/wordpress\/plugins\/seo\/ -->\n<title>Settled - BPM 2026 - Biennale de la Photographie de Mulhouse 2026<\/title>\n<meta name=\"description\" content=\"L\u2019exposition Settled propose d\u2019utiliser les processus de s\u00e9dimentation comme m\u00e9taphore des modes de visibilit\u00e9 et d\u2019invisibilit\u00e9.\" \/>\n<meta name=\"robots\" content=\"index, follow, max-snippet:-1, max-image-preview:large, max-video-preview:-1\" \/>\n<link rel=\"canonical\" href=\"https:\/\/www.biennale-photo-mulhouse.com\/2026\/settled\/\" \/>\n<meta property=\"og:locale\" content=\"fr_FR\" \/>\n<meta property=\"og:type\" content=\"article\" \/>\n<meta property=\"og:title\" content=\"Settled - BPM 2026 - Biennale de la Photographie de Mulhouse 2026\" \/>\n<meta property=\"og:description\" content=\"L\u2019exposition Settled propose d\u2019utiliser les processus de s\u00e9dimentation comme m\u00e9taphore des modes de visibilit\u00e9 et d\u2019invisibilit\u00e9.\" \/>\n<meta property=\"og:url\" content=\"https:\/\/www.biennale-photo-mulhouse.com\/2026\/settled\/\" \/>\n<meta property=\"og:site_name\" content=\"BPM 2026 - Biennale de la Photographie de Mulhouse 2026\" \/>\n<meta property=\"article:publisher\" content=\"https:\/\/www.facebook.com\/BiennaleDeLaPhotographieDeMulhouse\" \/>\n<meta property=\"article:modified_time\" content=\"2026-05-06T08:16:34+00:00\" \/>\n<meta property=\"og:image\" content=\"https:\/\/www.biennale-photo-mulhouse.com\/2026\/wp-content\/uploads\/sites\/7\/2026\/03\/Jennifer-Douzenel-2023-Mirage-15.jpg\" \/>\n<meta name=\"twitter:card\" content=\"summary_large_image\" \/>\n<meta name=\"twitter:label1\" content=\"Dur\u00e9e de lecture estim\u00e9e\" \/>\n\t<meta name=\"twitter:data1\" content=\"7 minutes\" \/>\n<script type=\"application\/ld+json\" class=\"yoast-schema-graph\">{\"@context\":\"https:\/\/schema.org\",\"@graph\":[{\"@type\":\"WebPage\",\"@id\":\"https:\/\/www.biennale-photo-mulhouse.com\/2026\/settled\/\",\"url\":\"https:\/\/www.biennale-photo-mulhouse.com\/2026\/settled\/\",\"name\":\"Settled - BPM 2026 - Biennale de la Photographie de Mulhouse 2026\",\"isPartOf\":{\"@id\":\"https:\/\/www.biennale-photo-mulhouse.com\/2026\/#website\"},\"datePublished\":\"2026-03-26T13:55:35+00:00\",\"dateModified\":\"2026-05-06T08:16:34+00:00\",\"description\":\"L\u2019exposition Settled propose d\u2019utiliser les processus de s\u00e9dimentation comme m\u00e9taphore des modes de visibilit\u00e9 et d\u2019invisibilit\u00e9.\",\"breadcrumb\":{\"@id\":\"https:\/\/www.biennale-photo-mulhouse.com\/2026\/settled\/#breadcrumb\"},\"inLanguage\":\"fr-FR\",\"potentialAction\":[{\"@type\":\"ReadAction\",\"target\":[\"https:\/\/www.biennale-photo-mulhouse.com\/2026\/settled\/\"]}]},{\"@type\":\"BreadcrumbList\",\"@id\":\"https:\/\/www.biennale-photo-mulhouse.com\/2026\/settled\/#breadcrumb\",\"itemListElement\":[{\"@type\":\"ListItem\",\"position\":1,\"name\":\"Accueil\",\"item\":\"https:\/\/www.biennale-photo-mulhouse.com\/2026\/\"},{\"@type\":\"ListItem\",\"position\":2,\"name\":\"Settled\"}]},{\"@type\":\"WebSite\",\"@id\":\"https:\/\/www.biennale-photo-mulhouse.com\/2026\/#website\",\"url\":\"https:\/\/www.biennale-photo-mulhouse.com\/2026\/\",\"name\":\"Biennale de la Photographie de Mulhouse\",\"description\":\"\",\"potentialAction\":[{\"@type\":\"SearchAction\",\"target\":{\"@type\":\"EntryPoint\",\"urlTemplate\":\"https:\/\/www.biennale-photo-mulhouse.com\/2026\/?s={search_term_string}\"},\"query-input\":\"required name=search_term_string\"}],\"inLanguage\":\"fr-FR\"}]}<\/script>\n<!-- \/ Yoast SEO plugin. -->","yoast_head_json":{"title":"Settled - BPM 2026 - Biennale de la Photographie de Mulhouse 2026","description":"L\u2019exposition Settled propose d\u2019utiliser les processus de s\u00e9dimentation comme m\u00e9taphore des modes de visibilit\u00e9 et d\u2019invisibilit\u00e9.","robots":{"index":"index","follow":"follow","max-snippet":"max-snippet:-1","max-image-preview":"max-image-preview:large","max-video-preview":"max-video-preview:-1"},"canonical":"https:\/\/www.biennale-photo-mulhouse.com\/2026\/settled\/","og_locale":"fr_FR","og_type":"article","og_title":"Settled - BPM 2026 - Biennale de la Photographie de Mulhouse 2026","og_description":"L\u2019exposition Settled propose d\u2019utiliser les processus de s\u00e9dimentation comme m\u00e9taphore des modes de visibilit\u00e9 et d\u2019invisibilit\u00e9.","og_url":"https:\/\/www.biennale-photo-mulhouse.com\/2026\/settled\/","og_site_name":"BPM 2026 - Biennale de la Photographie de Mulhouse 2026","article_publisher":"https:\/\/www.facebook.com\/BiennaleDeLaPhotographieDeMulhouse","article_modified_time":"2026-05-06T08:16:34+00:00","og_image":[{"url":"https:\/\/www.biennale-photo-mulhouse.com\/2026\/wp-content\/uploads\/sites\/7\/2026\/03\/Jennifer-Douzenel-2023-Mirage-15.jpg"}],"twitter_card":"summary_large_image","twitter_misc":{"Dur\u00e9e de lecture estim\u00e9e":"7 minutes"},"schema":{"@context":"https:\/\/schema.org","@graph":[{"@type":"WebPage","@id":"https:\/\/www.biennale-photo-mulhouse.com\/2026\/settled\/","url":"https:\/\/www.biennale-photo-mulhouse.com\/2026\/settled\/","name":"Settled - BPM 2026 - Biennale de la Photographie de Mulhouse 2026","isPartOf":{"@id":"https:\/\/www.biennale-photo-mulhouse.com\/2026\/#website"},"datePublished":"2026-03-26T13:55:35+00:00","dateModified":"2026-05-06T08:16:34+00:00","description":"L\u2019exposition Settled propose d\u2019utiliser les processus de s\u00e9dimentation comme m\u00e9taphore des modes de visibilit\u00e9 et d\u2019invisibilit\u00e9.","breadcrumb":{"@id":"https:\/\/www.biennale-photo-mulhouse.com\/2026\/settled\/#breadcrumb"},"inLanguage":"fr-FR","potentialAction":[{"@type":"ReadAction","target":["https:\/\/www.biennale-photo-mulhouse.com\/2026\/settled\/"]}]},{"@type":"BreadcrumbList","@id":"https:\/\/www.biennale-photo-mulhouse.com\/2026\/settled\/#breadcrumb","itemListElement":[{"@type":"ListItem","position":1,"name":"Accueil","item":"https:\/\/www.biennale-photo-mulhouse.com\/2026\/"},{"@type":"ListItem","position":2,"name":"Settled"}]},{"@type":"WebSite","@id":"https:\/\/www.biennale-photo-mulhouse.com\/2026\/#website","url":"https:\/\/www.biennale-photo-mulhouse.com\/2026\/","name":"Biennale de la Photographie de Mulhouse","description":"","potentialAction":[{"@type":"SearchAction","target":{"@type":"EntryPoint","urlTemplate":"https:\/\/www.biennale-photo-mulhouse.com\/2026\/?s={search_term_string}"},"query-input":"required name=search_term_string"}],"inLanguage":"fr-FR"}]}},"_links":{"self":[{"href":"https:\/\/www.biennale-photo-mulhouse.com\/2026\/wp-json\/wp\/v2\/pages\/1203","targetHints":{"allow":["GET"]}}],"collection":[{"href":"https:\/\/www.biennale-photo-mulhouse.com\/2026\/wp-json\/wp\/v2\/pages"}],"about":[{"href":"https:\/\/www.biennale-photo-mulhouse.com\/2026\/wp-json\/wp\/v2\/types\/page"}],"author":[{"embeddable":true,"href":"https:\/\/www.biennale-photo-mulhouse.com\/2026\/wp-json\/wp\/v2\/users\/3"}],"replies":[{"embeddable":true,"href":"https:\/\/www.biennale-photo-mulhouse.com\/2026\/wp-json\/wp\/v2\/comments?post=1203"}],"version-history":[{"count":13,"href":"https:\/\/www.biennale-photo-mulhouse.com\/2026\/wp-json\/wp\/v2\/pages\/1203\/revisions"}],"predecessor-version":[{"id":1413,"href":"https:\/\/www.biennale-photo-mulhouse.com\/2026\/wp-json\/wp\/v2\/pages\/1203\/revisions\/1413"}],"wp:attachment":[{"href":"https:\/\/www.biennale-photo-mulhouse.com\/2026\/wp-json\/wp\/v2\/media?parent=1203"}],"wp:term":[{"taxonomy":"category","embeddable":true,"href":"https:\/\/www.biennale-photo-mulhouse.com\/2026\/wp-json\/wp\/v2\/categories?post=1203"}],"curies":[{"name":"wp","href":"https:\/\/api.w.org\/{rel}","templated":true}]}}