{"id":1120,"date":"2026-02-24T10:13:56","date_gmt":"2026-02-24T09:13:56","guid":{"rendered":"https:\/\/www.biennale-photo-mulhouse.com\/2026\/?page_id=1120"},"modified":"2026-04-01T15:52:49","modified_gmt":"2026-04-01T13:52:49","slug":"toutes-les-expositions","status":"publish","type":"page","link":"https:\/\/www.biennale-photo-mulhouse.com\/2026\/toutes-les-expositions\/","title":{"rendered":"Toutes les expositions"},"content":{"rendered":"<p><strong><span class=\"small\">FR\u2b62 <a href=\"https:\/\/www.biennale-photo-mulhouse.com\/2026en\/all-the-exhibitions\/\">EN<\/a><\/span><\/strong><\/p>\n<h1><span class=\"theme_color\">Toutes les expositions<\/span><\/h1>\n<h2 class=\"cancel_mt\">de la BPM 2026<\/h2>\n<p>Toutes les expositions de la BPM &#8211; Biennale de la Photographie de Mulhouse sont gratuites pour le public.<\/p>\n<p><img loading=\"lazy\" decoding=\"async\" class=\"alignnone size-full wp-image-1253\" src=\"https:\/\/www.biennale-photo-mulhouse.com\/2026\/wp-content\/uploads\/sites\/7\/2026\/03\/carte-A3-scaled.jpg\" alt=\"\" width=\"2560\" height=\"1570\" srcset=\"https:\/\/www.biennale-photo-mulhouse.com\/2026\/wp-content\/uploads\/sites\/7\/2026\/03\/carte-A3-scaled.jpg 2560w, https:\/\/www.biennale-photo-mulhouse.com\/2026\/wp-content\/uploads\/sites\/7\/2026\/03\/carte-A3-768x471.jpg 768w, https:\/\/www.biennale-photo-mulhouse.com\/2026\/wp-content\/uploads\/sites\/7\/2026\/03\/carte-A3-1536x942.jpg 1536w, https:\/\/www.biennale-photo-mulhouse.com\/2026\/wp-content\/uploads\/sites\/7\/2026\/03\/carte-A3-2048x1256.jpg 2048w\" sizes=\"auto, (max-width: 2560px) 100vw, 2560px\" \/><\/p>\n<p class=\"offsetted with_color_diamond\"><strong><span class=\"theme_color\"><em>1. <a href=\"https:\/\/www.biennale-photo-mulhouse.com\/2026\/sedimentations-une-constellation\/\">S\u00e9dimentation(s) &#8211; une constellation<\/a><\/em><\/span><\/strong><br \/>\n<strong><span class=\"small\">Mus\u00e9e des Beaux-Arts (4 Place Guillaume Tell, Mulhouse)<\/span><\/strong><br \/>\n<strong><span class=\"small\">5 juin &#8211; 20 septembre<br \/>\nTous les jours (sauf le mardi et les jours f\u00e9ri\u00e9s) de 10h \u00e0 13h et de 14h \u00e0 18h<\/span><\/strong><br \/>\nGa\u00eblle Delort, Marilia Destot, R\u0131fat G\u00f6belez, Bernard Guillot, Pauline Hisbacq, Sangyon Joo, Eugenie Shinkle, Roselyne Titaud et avec les photographies de la collection du Mus\u00e9e Nic\u00e9phore Ni\u00e9pce<br \/>\nCommissaire : Anne Immel\u00e9<\/p>\n<p class=\"offsetted with_color_diamond\"><strong><span class=\"theme_color\"><em>2. <a href=\"https:\/\/www.biennale-photo-mulhouse.com\/2026\/limits-of-control-jenia-fridlyand\/\">Limits of control<\/a><\/em><\/span><\/strong><br \/>\n<span class=\"small\"><strong>Mus\u00e9e des Beaux-Arts (4 Place Guillaume Tell, Mulhouse)<\/strong><\/span><br \/>\n<span class=\"small\"><strong>5 juin &#8211; 20 septembre<\/strong><\/span><br \/>\n<span class=\"small\"><strong>Tous les jours (sauf le mardi et les jours f\u00e9ri\u00e9s) de 10h \u00e0 13h et de 14h \u00e0 18h<\/strong><\/span><br \/>\nJenia Fridlyand<br \/>\nCommissaire : Nigel Baldacchino<\/p>\n<p class=\"offsetted with_color_diamond\"><em><span class=\"theme_color\"><strong>3. <a href=\"https:\/\/www.biennale-photo-mulhouse.com\/2026\/pep-x-bpm-sedimentations\/\">PEP x BPM, S\u00e9dimentation(s)<\/a><\/strong><\/span><\/em><br \/>\n<span class=\"small\"><strong>Biblioth\u00e8que Grand&rsquo;Rue (19 Grand\u2019Rue, Mulhouse)<br \/>\n<\/strong><\/span><span class=\"small\"><strong>5 juin &#8211; 4 juillet<br \/>\nDu mardi au vendredi de 10h \u00e0 12h et de 13h30 \u00e0 18h30, le samedi de 10h \u00e0 17h30<\/strong><\/span><br \/>\nSue-Elie Andrade D\u00e9, Elsa Beaumont, Marjolein Blom, Sarah Braeck, Ella Bryant, Yuki Furusawa, Chiara Goia, Jess Gough, Susann Carmen Jagodzinska, Zach Knott, Ruth Lauer Manenti, Artur Le\u00e3o, Jessica Lennan, Sergio Lovati, Anne Moca\u00ebr, Yvette Monahan, Fernande Petitdemange, Julie Rochereau, Angela Tozzi, Ali Uchida, Alyssa Warren, Theo Zeal<br \/>\nCommissaires : B\u00e9n\u00e9dicte Blondeau et Anne Immel\u00e9<\/p>\n<p class=\"offsetted with_color_diamond\"><strong><em><span class=\"theme_color\">4. <a href=\"https:\/\/www.biennale-photo-mulhouse.com\/2026\/which-way-the-wind-blows-tiago-casanova\/\">Which way the wind blows<\/a><\/span><\/em><\/strong><br \/>\n<span class=\"small\"><strong>Chapelle Saint-Jean (19B Grand\u2019Rue, Mulhouse)<\/strong><\/span><br \/>\n<span class=\"small\"><strong>6 juin &#8211; 5 juillet<br \/>\nSamedi et dimanche de 14h \u00e0 18h<\/strong><\/span><br \/>\nTiago Casanova<\/p>\n<p class=\"offsetted with_color_diamond\"><strong><span class=\"theme_color\"><em>5. <a href=\"https:\/\/www.biennale-photo-mulhouse.com\/2026\/settled\/\">Settled<\/a><\/em><\/span><\/strong><br \/>\n<strong><span class=\"small\">La Filature (20 All\u00e9e Nathan Katz, Mulhouse)<\/span><\/strong><br \/>\n<strong><span class=\"small\">16 mai &#8211; 11 juillet<br \/>\nDu mardi au samedi de 13h \u00e0 18h, le dimanche de 14h \u00e0 18h (fermeture les dimanches en juillet), et les soirs de spectacles<\/span><\/strong><br \/>\nAdji Dieye, Jennifer Douzenel, Eric Gyamfi, Kapwani Kiwanga, George Mahashe, Otobong Nkanga, Leonard Pongo<br \/>\nCommissaire : Ange-Fr\u00e9d\u00e9ric Koffi<br \/>\nCoproduction : La Filature, Sc\u00e8ne nationale de Mulhouse \/ Biennale de la Photographie de Mulhouse<\/p>\n<p class=\"offsetted with_color_diamond\"><strong><span class=\"theme_color\"><em>6. <a href=\"https:\/\/www.biennale-photo-mulhouse.com\/2026\/bruissements\/\">Bruissements<\/a><\/em><\/span><\/strong><br \/>\n<strong><span class=\"small\">La KunstTurm, Tour de l&rsquo;Europe (14e \u00e9tage), Mulhouse <\/span><\/strong><br \/>\n<strong><span class=\"small\">6 juin &#8211; 5 juillet<br \/>\nSamedi et dimanche de 14h \u00e0 18h<\/span><\/strong><br \/>\nRebecca Bowring, Eleonora Calvelli, Fran\u00e7ois Jonquet, Katya Lesiv, Natalie Malisse, Ulf Lundin, Margot Wallard<br \/>\nCommissaire : Magali Avezou<\/p>\n<p class=\"offsetted with_color_diamond\"><strong><span class=\"theme_color\"><em>7. <a href=\"https:\/\/www.biennale-photo-mulhouse.com\/2026\/am-lowentor-roselyne-titaud\/\">Am L\u00f6wentor<\/a><\/em><\/span><\/strong><br \/>\n<span class=\"small\"><strong>Hall d&rsquo;entr\u00e9e de la Tour de l&rsquo;Europe, Mulhouse (entr\u00e9e c\u00f4t\u00e9 station de tram)<\/strong><\/span><br \/>\n<span class=\"small\"><strong>5 juin &#8211; 5 juillet<\/strong><\/span><br \/>\nRoselyne Titaud<\/p>\n<p class=\"offsetted with_color_diamond\"><strong><span class=\"theme_color\"><em>8. <a href=\"https:\/\/www.biennale-photo-mulhouse.com\/2026\/si-on-mavait-dit-mes-vies-de-photographe-jean-claude-figenwald\/\">Si on m\u2019avait dit. Mes vies de photographe<\/a><\/em><\/span><\/strong><br \/>\n<strong><span class=\"small\">Le S\u00e9choir (25 Rue Josu\u00e9 Hofer, La Tuilerie, Mulhouse)<\/span><\/strong><br \/>\n<strong><span class=\"small\">6 juin &#8211; 5 juillet<br \/>\nSamedi et dimanche de 14h \u00e0 18h<\/span><\/strong><br \/>\nJean-Claude Figenwald<br \/>\nExposition r\u00e9alis\u00e9e avec Mulhouse Art Contemporain<\/p>\n<p class=\"offsetted with_color_diamond\"><a href=\"https:\/\/www.biennale-photo-mulhouse.com\/2026\/pablo-castilla-altiplano\/\"><em><span class=\"theme_color\"><strong>9. Altiplano<\/strong><\/span><\/em><\/a><br \/>\n<strong><span class=\"small\">Berges de l&rsquo;Ill\/Quai des Cigognes (\u00e0 c\u00f4t\u00e9 de la Maison des Berges), Mulhouse<\/span><\/strong><br \/>\n<strong><span class=\"small\">juin 2025 &#8211;\u00a0 \u0083 juillet 2026<\/span><\/strong><br \/>\nPablo Castilla<br \/>\nExposition r\u00e9alis\u00e9e avec Mulhouse Art Contemporain<\/p>\n<p class=\"offsetted with_color_diamond\"><em><strong><span class=\"theme_color\">10. <a href=\"https:\/\/www.biennale-photo-mulhouse.com\/2026\/point-cardinal-v\/\">Point Cardinal V<\/a><\/span><\/strong><\/em><br \/>\n<span class=\"small\"><strong>Le long du canal du Rhin, face au MISE et sur le parvis Adrien Zeller, devant la gare, Mulhouse<br \/>\n(Entr\u00e9e vers le quai du canal au croisement de l\u2019Avenue du G\u00e9n\u00e9ral Leclerc et de la rue des Bonnes Gens)<\/strong><\/span><br \/>\n<span class=\"small\"><strong>5 juin &#8211; 5 juillet\u00a0<\/strong><\/span><br \/>\nAvec et par les \u00e9tudiant\u00b7es des \u00c9coles Sup\u00e9rieures d\u2019Art du Grand Est et leurs professeur\u00b7es de photographie : Constance Nouvel, Delphine Gatinois, Andrea Keen, Laurent Montaron, Anne Immel\u00e9, Isabelle Le Minh<\/p>\n<p class=\"offsetted with_color_diamond\"><span class=\"theme_color\"><em><strong>11. <a href=\"https:\/\/www.biennale-photo-mulhouse.com\/2026\/perimetre-de-transformations-manuela-marques\/\">P\u00e9rim\u00e8tre de transformations<\/a><\/strong><\/em><\/span><br \/>\n<span class=\"small\"><strong>Centre Culturel Fran\u00e7ais Freiburg (M\u00fcnsterplatz 11, Freiburg im Breisgau, Allemagne)<\/strong><\/span><br \/>\n<span class=\"small\"><strong>8 mai -\u0083 4 septembre<br \/>\nle lundi de 10h \u00e0 17h15, du mardi au jeudi de 9h \u00e0 17h15, le samedi de 9h \u00e0 13h45<\/strong><\/span><br \/>\nManuela Marques<\/p>\n<p class=\"offsetted with_color_diamond\"><span class=\"theme_color\"><em><strong>12. <a href=\"https:\/\/www.biennale-photo-mulhouse.com\/2026\/sediments-de-memoire\/\">S\u00e9diments de m\u00e9moire<\/a><\/strong><\/em><\/span><br \/>\n<strong><span class=\"small\">St\u00e4dtische Galerie Freiburg, Morat-Hallen (L\u00f6rracher Str. 31, 79115 Freiburg im Breisgau, Allemagne)<\/span><\/strong><br \/>\n<strong><span class=\"small\">22 mai &#8211; 5 juillet\u00a0<br \/>\nJeudi et vendredi de 16h \u00e0 19h, samedi et dimanche de 11h \u00e0 17h, fermeture les jours f\u00e9ri\u00e9s (allemands)<\/span><\/strong><br \/>\nSandra Eades, Gisoo Kim, Lilly Lulay, Dalmonia Rognean, Wenke Seemann<br \/>\nCommissaires : Camille Rey et Eva Kallenberger<\/p>\n","protected":false},"excerpt":{"rendered":"<p>FR\u2b62 EN Toutes les expositions de la BPM 2026 Toutes les expositions de la BPM &#8211; Biennale de la Photographie de Mulhouse sont gratuites pour le public. 1. S\u00e9dimentation(s) &#8211; une constellation Mus\u00e9e des Beaux-Arts (4 Place Guillaume Tell, Mulhouse) 5 juin &#8211; 20 septembre Tous les jours (sauf le mardi et les jours f\u00e9ri\u00e9s) [&hellip;]<\/p>\n","protected":false},"author":3,"featured_media":0,"parent":0,"menu_order":0,"comment_status":"closed","ping_status":"closed","template":"","meta":{"footnotes":""},"categories":[1],"class_list":["post-1120","page","type-page","status-publish","hentry","category-non-classe"],"acf":{"photo_gallery":{"gallery":[[{"id":1126,"title":"Jonquetforage 092 VOID 2023","caption":"Fran\u00e7ois Jonquet, <i>Forage<\/i>, 2023","full_image_url":"https:\/\/www.biennale-photo-mulhouse.com\/2026\/wp-content\/uploads\/sites\/7\/2026\/02\/Jonquetforage-092-VOID-2023.jpg","thumbnail_image_url":"https:\/\/www.biennale-photo-mulhouse.com\/2026\/wp-content\/uploads\/sites\/7\/2026\/02\/Jonquetforage-092-VOID-2023.jpg","large_srcset":"https:\/\/www.biennale-photo-mulhouse.com\/2026\/wp-content\/uploads\/sites\/7\/2026\/02\/Jonquetforage-092-VOID-2023.jpg 876w, https:\/\/www.biennale-photo-mulhouse.com\/2026\/wp-content\/uploads\/sites\/7\/2026\/02\/Jonquetforage-092-VOID-2023-768x604.jpg 768w","medium_srcset":"https:\/\/www.biennale-photo-mulhouse.com\/2026\/wp-content\/uploads\/sites\/7\/2026\/02\/Jonquetforage-092-VOID-2023.jpg 876w, https:\/\/www.biennale-photo-mulhouse.com\/2026\/wp-content\/uploads\/sites\/7\/2026\/02\/Jonquetforage-092-VOID-2023-768x604.jpg 768w","media_details":{"width":876,"height":689,"sizes":{"medium_large":{"file":"Jonquetforage-092-VOID-2023-768x604.jpg","width":768,"height":604,"mime-type":"image\/jpeg","filesize":148816,"source_url":"https:\/\/www.biennale-photo-mulhouse.com\/2026\/wp-content\/uploads\/sites\/7\/2026\/02\/Jonquetforage-092-VOID-2023-768x604.jpg"}}},"alt_text":"","url":"","target":""}]]}},"yoast_head":"<!-- This site is optimized with the Yoast SEO plugin v21.9.1 - https:\/\/yoast.com\/wordpress\/plugins\/seo\/ -->\n<title>Toutes les expositions - BPM 2026 - Biennale de la Photographie de Mulhouse 2026<\/title>\n<meta name=\"description\" content=\"Toutes les expositions de la BPM - Biennale de la Photographie de Mulhouse sont gratuites pour le public.\" \/>\n<meta name=\"robots\" content=\"index, follow, max-snippet:-1, max-image-preview:large, max-video-preview:-1\" \/>\n<link rel=\"canonical\" href=\"https:\/\/www.biennale-photo-mulhouse.com\/2026\/toutes-les-expositions\/\" \/>\n<meta property=\"og:locale\" content=\"fr_FR\" \/>\n<meta property=\"og:type\" content=\"article\" \/>\n<meta property=\"og:title\" content=\"Toutes les expositions - BPM 2026 - Biennale de la Photographie de Mulhouse 2026\" \/>\n<meta property=\"og:description\" content=\"Toutes les expositions de la BPM - Biennale de la Photographie de Mulhouse sont gratuites pour le public.\" \/>\n<meta property=\"og:url\" content=\"https:\/\/www.biennale-photo-mulhouse.com\/2026\/toutes-les-expositions\/\" \/>\n<meta property=\"og:site_name\" content=\"BPM 2026 - Biennale de la Photographie de Mulhouse 2026\" \/>\n<meta property=\"article:publisher\" content=\"https:\/\/www.facebook.com\/BiennaleDeLaPhotographieDeMulhouse\" \/>\n<meta property=\"article:modified_time\" content=\"2026-04-01T13:52:49+00:00\" \/>\n<meta property=\"og:image\" content=\"https:\/\/www.biennale-photo-mulhouse.com\/2026\/wp-content\/uploads\/sites\/7\/2026\/03\/carte-A3-scaled.jpg\" \/>\n<meta name=\"twitter:card\" content=\"summary_large_image\" \/>\n<meta name=\"twitter:label1\" content=\"Dur\u00e9e de lecture estim\u00e9e\" \/>\n\t<meta name=\"twitter:data1\" content=\"4 minutes\" \/>\n<script type=\"application\/ld+json\" class=\"yoast-schema-graph\">{\"@context\":\"https:\/\/schema.org\",\"@graph\":[{\"@type\":\"WebPage\",\"@id\":\"https:\/\/www.biennale-photo-mulhouse.com\/2026\/toutes-les-expositions\/\",\"url\":\"https:\/\/www.biennale-photo-mulhouse.com\/2026\/toutes-les-expositions\/\",\"name\":\"Toutes les expositions - BPM 2026 - Biennale de la Photographie de Mulhouse 2026\",\"isPartOf\":{\"@id\":\"https:\/\/www.biennale-photo-mulhouse.com\/2026\/#website\"},\"datePublished\":\"2026-02-24T09:13:56+00:00\",\"dateModified\":\"2026-04-01T13:52:49+00:00\",\"description\":\"Toutes les expositions de la BPM - Biennale de la Photographie de Mulhouse sont gratuites pour le public.\",\"breadcrumb\":{\"@id\":\"https:\/\/www.biennale-photo-mulhouse.com\/2026\/toutes-les-expositions\/#breadcrumb\"},\"inLanguage\":\"fr-FR\",\"potentialAction\":[{\"@type\":\"ReadAction\",\"target\":[\"https:\/\/www.biennale-photo-mulhouse.com\/2026\/toutes-les-expositions\/\"]}]},{\"@type\":\"BreadcrumbList\",\"@id\":\"https:\/\/www.biennale-photo-mulhouse.com\/2026\/toutes-les-expositions\/#breadcrumb\",\"itemListElement\":[{\"@type\":\"ListItem\",\"position\":1,\"name\":\"Accueil\",\"item\":\"https:\/\/www.biennale-photo-mulhouse.com\/2026\/\"},{\"@type\":\"ListItem\",\"position\":2,\"name\":\"Toutes les expositions\"}]},{\"@type\":\"WebSite\",\"@id\":\"https:\/\/www.biennale-photo-mulhouse.com\/2026\/#website\",\"url\":\"https:\/\/www.biennale-photo-mulhouse.com\/2026\/\",\"name\":\"Biennale de la Photographie de Mulhouse\",\"description\":\"\",\"potentialAction\":[{\"@type\":\"SearchAction\",\"target\":{\"@type\":\"EntryPoint\",\"urlTemplate\":\"https:\/\/www.biennale-photo-mulhouse.com\/2026\/?s={search_term_string}\"},\"query-input\":\"required name=search_term_string\"}],\"inLanguage\":\"fr-FR\"}]}<\/script>\n<!-- \/ Yoast SEO plugin. -->","yoast_head_json":{"title":"Toutes les expositions - BPM 2026 - Biennale de la Photographie de Mulhouse 2026","description":"Toutes les expositions de la BPM - Biennale de la Photographie de Mulhouse sont gratuites pour le public.","robots":{"index":"index","follow":"follow","max-snippet":"max-snippet:-1","max-image-preview":"max-image-preview:large","max-video-preview":"max-video-preview:-1"},"canonical":"https:\/\/www.biennale-photo-mulhouse.com\/2026\/toutes-les-expositions\/","og_locale":"fr_FR","og_type":"article","og_title":"Toutes les expositions - BPM 2026 - Biennale de la Photographie de Mulhouse 2026","og_description":"Toutes les expositions de la BPM - Biennale de la Photographie de Mulhouse sont gratuites pour le public.","og_url":"https:\/\/www.biennale-photo-mulhouse.com\/2026\/toutes-les-expositions\/","og_site_name":"BPM 2026 - Biennale de la Photographie de Mulhouse 2026","article_publisher":"https:\/\/www.facebook.com\/BiennaleDeLaPhotographieDeMulhouse","article_modified_time":"2026-04-01T13:52:49+00:00","og_image":[{"url":"https:\/\/www.biennale-photo-mulhouse.com\/2026\/wp-content\/uploads\/sites\/7\/2026\/03\/carte-A3-scaled.jpg"}],"twitter_card":"summary_large_image","twitter_misc":{"Dur\u00e9e de lecture estim\u00e9e":"4 minutes"},"schema":{"@context":"https:\/\/schema.org","@graph":[{"@type":"WebPage","@id":"https:\/\/www.biennale-photo-mulhouse.com\/2026\/toutes-les-expositions\/","url":"https:\/\/www.biennale-photo-mulhouse.com\/2026\/toutes-les-expositions\/","name":"Toutes les expositions - BPM 2026 - Biennale de la Photographie de Mulhouse 2026","isPartOf":{"@id":"https:\/\/www.biennale-photo-mulhouse.com\/2026\/#website"},"datePublished":"2026-02-24T09:13:56+00:00","dateModified":"2026-04-01T13:52:49+00:00","description":"Toutes les expositions de la BPM - Biennale de la Photographie de Mulhouse sont gratuites pour le public.","breadcrumb":{"@id":"https:\/\/www.biennale-photo-mulhouse.com\/2026\/toutes-les-expositions\/#breadcrumb"},"inLanguage":"fr-FR","potentialAction":[{"@type":"ReadAction","target":["https:\/\/www.biennale-photo-mulhouse.com\/2026\/toutes-les-expositions\/"]}]},{"@type":"BreadcrumbList","@id":"https:\/\/www.biennale-photo-mulhouse.com\/2026\/toutes-les-expositions\/#breadcrumb","itemListElement":[{"@type":"ListItem","position":1,"name":"Accueil","item":"https:\/\/www.biennale-photo-mulhouse.com\/2026\/"},{"@type":"ListItem","position":2,"name":"Toutes les expositions"}]},{"@type":"WebSite","@id":"https:\/\/www.biennale-photo-mulhouse.com\/2026\/#website","url":"https:\/\/www.biennale-photo-mulhouse.com\/2026\/","name":"Biennale de la Photographie de Mulhouse","description":"","potentialAction":[{"@type":"SearchAction","target":{"@type":"EntryPoint","urlTemplate":"https:\/\/www.biennale-photo-mulhouse.com\/2026\/?s={search_term_string}"},"query-input":"required name=search_term_string"}],"inLanguage":"fr-FR"}]}},"_links":{"self":[{"href":"https:\/\/www.biennale-photo-mulhouse.com\/2026\/wp-json\/wp\/v2\/pages\/1120","targetHints":{"allow":["GET"]}}],"collection":[{"href":"https:\/\/www.biennale-photo-mulhouse.com\/2026\/wp-json\/wp\/v2\/pages"}],"about":[{"href":"https:\/\/www.biennale-photo-mulhouse.com\/2026\/wp-json\/wp\/v2\/types\/page"}],"author":[{"embeddable":true,"href":"https:\/\/www.biennale-photo-mulhouse.com\/2026\/wp-json\/wp\/v2\/users\/3"}],"replies":[{"embeddable":true,"href":"https:\/\/www.biennale-photo-mulhouse.com\/2026\/wp-json\/wp\/v2\/comments?post=1120"}],"version-history":[{"count":16,"href":"https:\/\/www.biennale-photo-mulhouse.com\/2026\/wp-json\/wp\/v2\/pages\/1120\/revisions"}],"predecessor-version":[{"id":1365,"href":"https:\/\/www.biennale-photo-mulhouse.com\/2026\/wp-json\/wp\/v2\/pages\/1120\/revisions\/1365"}],"wp:attachment":[{"href":"https:\/\/www.biennale-photo-mulhouse.com\/2026\/wp-json\/wp\/v2\/media?parent=1120"}],"wp:term":[{"taxonomy":"category","embeddable":true,"href":"https:\/\/www.biennale-photo-mulhouse.com\/2026\/wp-json\/wp\/v2\/categories?post=1120"}],"curies":[{"name":"wp","href":"https:\/\/api.w.org\/{rel}","templated":true}]}}