{"id":1095,"date":"2026-01-20T11:05:54","date_gmt":"2026-01-20T10:05:54","guid":{"rendered":"https:\/\/www.biennale-photo-mulhouse.com\/2026\/?page_id=1095"},"modified":"2026-03-30T12:16:55","modified_gmt":"2026-03-30T10:16:55","slug":"commissaires-dexposition","status":"publish","type":"page","link":"https:\/\/www.biennale-photo-mulhouse.com\/2026\/commissaires-dexposition\/","title":{"rendered":"Commissaires d&rsquo;exposition"},"content":{"rendered":"<p><span class=\"small\"><strong>FR \u2b62 <a href=\"https:\/\/www.biennale-photo-mulhouse.com\/2026en\/curators\/\">EN<\/a><\/strong><\/span><\/p>\n<h1><span class=\"theme_color\">Commissaires d&rsquo;exposition\u00a0<\/span><\/h1>\n<p>Sous la direction artistique d&rsquo;Anne Immel\u00e9, les expositions de l&rsquo;\u00e9dition 2026 de la BPM &#8211; Biennale de la Photographie de Mulhouse ont \u00e9t\u00e9 pens\u00e9es et organis\u00e9es par des commissaires d&rsquo;exposition associ\u00e9\u00b7es.<\/p>\n<p>Cette diversit\u00e9 de points de vue permet d&rsquo;envisager le th\u00e8me, <em>S\u00e9dimentation(s),<\/em> sous des angles multiples.\u00a0<\/p>\n<p class=\"offsetted with_arrow with_color_arrow\"><span class=\"theme_color\"><strong>D\u00e9couvrez leurs portraits !\u00a0<\/strong><\/span><\/p>\n<h2>Anne immel\u00e9<\/h2>\n<p><img loading=\"lazy\" decoding=\"async\" class=\"alignnone size-full wp-image-1102\" src=\"https:\/\/www.biennale-photo-mulhouse.com\/2026\/wp-content\/uploads\/sites\/7\/2026\/01\/portraits-commissaires6-scaled.jpg\" alt=\"\" width=\"2048\" height=\"2560\" srcset=\"https:\/\/www.biennale-photo-mulhouse.com\/2026\/wp-content\/uploads\/sites\/7\/2026\/01\/portraits-commissaires6-scaled.jpg 2048w, https:\/\/www.biennale-photo-mulhouse.com\/2026\/wp-content\/uploads\/sites\/7\/2026\/01\/portraits-commissaires6-768x960.jpg 768w, https:\/\/www.biennale-photo-mulhouse.com\/2026\/wp-content\/uploads\/sites\/7\/2026\/01\/portraits-commissaires6-1229x1536.jpg 1229w, https:\/\/www.biennale-photo-mulhouse.com\/2026\/wp-content\/uploads\/sites\/7\/2026\/01\/portraits-commissaires6-1638x2048.jpg 1638w\" sizes=\"auto, (max-width: 2048px) 100vw, 2048px\" \/><\/p>\n<p>Docteure en art, Anne Immel\u00e9 est photographe, professeure de photographie \u00e0 la HEAR et commissaire d\u2019exposition. Son travail explore les liens entre m\u00e9moire, territoire et hospitalit\u00e9 et ses images, \u00e0 la fois po\u00e9tiques et politiquement engag\u00e9es, interrogent les notions de refuge et de d\u00e9placement. Ses images sont r\u00e9guli\u00e8rement expos\u00e9es comme en 2025 \u00e0 la galerie Mad\u00e9, au sein du festival FLOW ou au Cri des Lumi\u00e8res. Elle est l\u2019auteure de plusieurs livres et d&rsquo;articles, notamment publi\u00e9s dans Art Press. Elle a fond\u00e9 la BPM &#8211; Biennale de la Photographie de Mulhouse pour laquelle elle travaille en tant que directrice artistique et commissaire de certaines expositions. Son travail de curatrice est souvent fond\u00e9 sur une compr\u00e9hension spatiale des lieux et sur l\u2019association des photographies entre elles.<\/p>\n<h2>magali avezou<\/h2>\n<p><img loading=\"lazy\" decoding=\"async\" class=\"alignnone size-full wp-image-1098\" src=\"https:\/\/www.biennale-photo-mulhouse.com\/2026\/wp-content\/uploads\/sites\/7\/2026\/01\/portraits-commissaires2-scaled.jpg\" alt=\"\" width=\"2048\" height=\"2560\" srcset=\"https:\/\/www.biennale-photo-mulhouse.com\/2026\/wp-content\/uploads\/sites\/7\/2026\/01\/portraits-commissaires2-scaled.jpg 2048w, https:\/\/www.biennale-photo-mulhouse.com\/2026\/wp-content\/uploads\/sites\/7\/2026\/01\/portraits-commissaires2-768x960.jpg 768w, https:\/\/www.biennale-photo-mulhouse.com\/2026\/wp-content\/uploads\/sites\/7\/2026\/01\/portraits-commissaires2-1229x1536.jpg 1229w, https:\/\/www.biennale-photo-mulhouse.com\/2026\/wp-content\/uploads\/sites\/7\/2026\/01\/portraits-commissaires2-1638x2048.jpg 1638w\" sizes=\"auto, (max-width: 2048px) 100vw, 2048px\" \/><\/p>\n<p>Magali Avezou est une curatrice sp\u00e9cialis\u00e9e en photographie. Elle s\u2019int\u00e9resse au statut de l\u2019image contemporaine, au livre comme media et con\u00e7oit des dispositifs curatoriaux et de m\u00e9diation hybrides. Elle a collabor\u00e9 avec Manifesta, Flowers Gallery, les Rencontres d\u2019Arles, et contribue \u00e0 des projets \u00e9ditoriaux dans leur conception et par l&rsquo;\u00e9criture. Elle est ma\u00eetre de conf\u00e9rences associ\u00e9e \u00e0 IED (Milan) et Sciences Po (Aix-en-Provence) et intervient r\u00e9guli\u00e8rement dans des \u00e9coles et universit\u00e9s europ\u00e9ennes. Magali Avezou est membre de C.E.A.<\/p>\n<h2>nigel baldacchino<\/h2>\n<p><img loading=\"lazy\" decoding=\"async\" class=\"alignnone size-full wp-image-1100\" src=\"https:\/\/www.biennale-photo-mulhouse.com\/2026\/wp-content\/uploads\/sites\/7\/2026\/01\/portraits-commissaires4-scaled.jpg\" alt=\"\" width=\"2048\" height=\"2560\" srcset=\"https:\/\/www.biennale-photo-mulhouse.com\/2026\/wp-content\/uploads\/sites\/7\/2026\/01\/portraits-commissaires4-scaled.jpg 2048w, https:\/\/www.biennale-photo-mulhouse.com\/2026\/wp-content\/uploads\/sites\/7\/2026\/01\/portraits-commissaires4-768x960.jpg 768w, https:\/\/www.biennale-photo-mulhouse.com\/2026\/wp-content\/uploads\/sites\/7\/2026\/01\/portraits-commissaires4-1229x1536.jpg 1229w, https:\/\/www.biennale-photo-mulhouse.com\/2026\/wp-content\/uploads\/sites\/7\/2026\/01\/portraits-commissaires4-1638x2048.jpg 1638w\" sizes=\"auto, (max-width: 2048px) 100vw, 2048px\" \/><\/p>\n<p>Nigel Baldacchino est un artiste et designer bas\u00e9 \u00e0 Malte dont la pratique couvre la photographie, le son, le texte et le design spatial. Avec Anne Immel\u00e9 et B\u00e9n\u00e9dicte Blondeau, il a cofond\u00e9 le projet d&rsquo;exposition itin\u00e9rante ax\u00e9 sur la photographie <em>those eyes &#8211; these eyes &#8211; they fade<\/em>, qui pr\u00e9sente des photographes dont le travail tend \u00e0 mettre en avant le regard plut\u00f4t que ce qui est regard\u00e9, et qui est souvent motiv\u00e9 par des r\u00e9flexions personnelles sur le fait d&rsquo;\u00eatre t\u00e9moin et d&rsquo;\u00eatre en relation avec son environnement imm\u00e9diat et \u00e9largi. Apr\u00e8s s&rsquo;\u00eatre occup\u00e9 de la conception de l&rsquo;exposition et de l&rsquo;\u00e9clairage du pavillon principal de la premi\u00e8re \u00e9dition de la MaltaBiennale, qui a r\u00e9uni plus de 70 artistes, Baldacchino a cofond\u00e9 <em>DAMS<\/em> avec Brian J. Farrugia, une entreprise de conception et de fabrication sp\u00e9cialis\u00e9e dans le mobilier sur mesure, l&rsquo;am\u00e9nagement et la conception d&rsquo;expositions. Ses photographies ont \u00e9t\u00e9 expos\u00e9es dans de nombreuses expositions collectives \u00e0 l&rsquo;\u00e9chelle internationale, et en 2025, il a pr\u00e9sent\u00e9 sa premi\u00e8re exposition solo,<em> Promise Litter<\/em>, au Datz Museum of Art.<\/p>\n<h2>b\u00e9n\u00e9dicte blondeau<\/h2>\n<p><img loading=\"lazy\" decoding=\"async\" class=\"alignnone size-full wp-image-1097\" src=\"https:\/\/www.biennale-photo-mulhouse.com\/2026\/wp-content\/uploads\/sites\/7\/2026\/01\/portraits-commissaires-scaled.jpg\" alt=\"\" width=\"2048\" height=\"2560\" srcset=\"https:\/\/www.biennale-photo-mulhouse.com\/2026\/wp-content\/uploads\/sites\/7\/2026\/01\/portraits-commissaires-scaled.jpg 2048w, https:\/\/www.biennale-photo-mulhouse.com\/2026\/wp-content\/uploads\/sites\/7\/2026\/01\/portraits-commissaires-768x960.jpg 768w, https:\/\/www.biennale-photo-mulhouse.com\/2026\/wp-content\/uploads\/sites\/7\/2026\/01\/portraits-commissaires-1229x1536.jpg 1229w, https:\/\/www.biennale-photo-mulhouse.com\/2026\/wp-content\/uploads\/sites\/7\/2026\/01\/portraits-commissaires-1638x2048.jpg 1638w\" sizes=\"auto, (max-width: 2048px) 100vw, 2048px\" \/><\/p>\n<p>N\u00e9e \u00e0 La Louvi\u00e8re, en Belgique, B\u00e9n\u00e9dicte Blondeau a \u00e9tudi\u00e9 la photographie \u00e0 Gand et \u00e0 Lisbonne, obtenant un master en communication appliqu\u00e9e \u00e0 l&rsquo;IHECS, \u00e0 Bruxelles. Elle a particip\u00e9 \u00e0 diverses expositions et conf\u00e9rences \u00e0 travers l&rsquo;Europe et son travail a \u00e9t\u00e9 publi\u00e9 dans de nombreux magazines \u00e0 l&rsquo;international. En 2019, son premier livre photo, <em>Ce qu\u2019il reste<\/em>, para\u00eet chez l\u2019\u00e9diteur portugais XYZ Books. Sa premi\u00e8re exposition monographique est pr\u00e9sent\u00e9e en 2021 au Photoforum Pasquart, en Suisse. XYZ Books publie ensuite <em>Ondes<\/em>, son deuxi\u00e8me livre photo, qui fait l\u2019objet de plusieurs expositions en Europe en 2024 et 2025. Parall\u00e8lement \u00e0 sa pratique photographique, B\u00e9n\u00e9dicte Blondeau a r\u00e9alis\u00e9 des films documentaires et est aujourd\u2019hui commissaire d\u2019expositions au sein de PEP &#8211; Photographic Exploration Project, qu\u2019elle fonde \u00e0 Berlin en 2019. Depuis sa cr\u00e9ation, PEP a d\u00e9ploy\u00e9 ses expositions \u00e0 Berlin, Bruxelles, Lisbonne, Mulhouse et dans les Ardennes, en collaboration avec diverses institutions partenaires.<\/p>\n<h2>ange-fr\u00e9d\u00e9ric koffi<\/h2>\n<p><img loading=\"lazy\" decoding=\"async\" class=\"alignnone size-full wp-image-1101\" src=\"https:\/\/www.biennale-photo-mulhouse.com\/2026\/wp-content\/uploads\/sites\/7\/2026\/01\/portraits-commissaires5-scaled.jpg\" alt=\"\" width=\"2048\" height=\"2560\" srcset=\"https:\/\/www.biennale-photo-mulhouse.com\/2026\/wp-content\/uploads\/sites\/7\/2026\/01\/portraits-commissaires5-scaled.jpg 2048w, https:\/\/www.biennale-photo-mulhouse.com\/2026\/wp-content\/uploads\/sites\/7\/2026\/01\/portraits-commissaires5-768x960.jpg 768w, https:\/\/www.biennale-photo-mulhouse.com\/2026\/wp-content\/uploads\/sites\/7\/2026\/01\/portraits-commissaires5-1229x1536.jpg 1229w, https:\/\/www.biennale-photo-mulhouse.com\/2026\/wp-content\/uploads\/sites\/7\/2026\/01\/portraits-commissaires5-1638x2048.jpg 1638w\" sizes=\"auto, (max-width: 2048px) 100vw, 2048px\" \/><\/p>\n<p>Ange-Fr\u00e9d\u00e9ric Koffi est n\u00e9 \u00e0 Korhogo, dans le nord de la C\u00f4te d\u2019Ivoire. Son travail explore les articulations complexes du mouvement, du voyage et de l\u2019errance dans l\u2019histoire et la pratique de la photographie. Il applique des r\u00e9flexions postcoloniales contemporaines \u00e0 travers diverses formes et dispositifs dans la sph\u00e8re publique pour g\u00e9n\u00e9rer un impact social. Sa pratique croise librement des disciplines aussi diverses que l\u2019histoire politique, l\u2019histoire des expositions, l\u2019anthropologie et le design. Dipl\u00f4m\u00e9 de la Sorbonne, de la Haute \u00c9cole des Arts du Rhin (HEAR), de l\u2019\u00c9cole Cantonale d\u2019Art de Lausanne (ECAL) et de l\u2019Universit\u00e9 de Western Cape (UWC), Ange-Fr\u00e9d\u00e9ric a \u00e9t\u00e9 laur\u00e9at du prix FOAM 2022 (Amsterdam) et nomm\u00e9 Art Critic \/ Curator Laureate 2026 par l\u2019ADIAF. Il a \u00e9t\u00e9 r\u00e9sident au Zeitz MOCAA (Cape Town) en 2022, r\u00e9sident Black Rock S\u00e9n\u00e9gal en 2024 et r\u00e9sident \u00e0 la Fondation Zinsou (Ouidah) en 2025. En 2025, il assure le commissariat de <em>FANON antinomies<\/em> \u00e0 Something Art Space (Abidjan). Ange-Fr\u00e9d\u00e9ric Koffi accompagne la BPM &#8211; Biennale de la Photographie de Mulhouse depuis 2016, notamment pour la programmation durant les Photobook days.<\/p>\n<h2>camille rey &amp; eva kallenberger<\/h2>\n<p><img loading=\"lazy\" decoding=\"async\" class=\"alignnone size-full wp-image-1099\" src=\"https:\/\/www.biennale-photo-mulhouse.com\/2026\/wp-content\/uploads\/sites\/7\/2026\/01\/portraits-commissaires3-scaled.jpg\" alt=\"\" width=\"2048\" height=\"2560\" srcset=\"https:\/\/www.biennale-photo-mulhouse.com\/2026\/wp-content\/uploads\/sites\/7\/2026\/01\/portraits-commissaires3-scaled.jpg 2048w, https:\/\/www.biennale-photo-mulhouse.com\/2026\/wp-content\/uploads\/sites\/7\/2026\/01\/portraits-commissaires3-768x960.jpg 768w, https:\/\/www.biennale-photo-mulhouse.com\/2026\/wp-content\/uploads\/sites\/7\/2026\/01\/portraits-commissaires3-1229x1536.jpg 1229w, https:\/\/www.biennale-photo-mulhouse.com\/2026\/wp-content\/uploads\/sites\/7\/2026\/01\/portraits-commissaires3-1638x2048.jpg 1638w\" sizes=\"auto, (max-width: 2048px) 100vw, 2048px\" \/><\/p>\n<p>Camille Rey, n\u00e9e en 2000 \u00e0 Paris, est une jeune curatrice franco-allemande form\u00e9e \u00e0 l\u2019\u00c9cole du Louvre et \u00e0 l\u2019Universit\u00e9 de Heidelberg, o\u00f9 elle obtient un master en Histoire de l\u2019art et Mus\u00e9ologie. Elle travaille actuellement au Museum f\u00fcr Neue Kunst \u00e0 Freiburg im Breisgau. Sp\u00e9cialis\u00e9e dans l\u2019art des marges, elle s\u2019int\u00e9resse particuli\u00e8rement \u00e0 l\u2019art asilaire et \u00e0 l\u2019art dit \u00ab na\u00eff \u00bb. Engag\u00e9e dans le dialogue culturel entre la France et l\u2019Allemagne, Camille Rey d\u00e9veloppe ce lien \u00e0 travers ses expositions (<em>Berlin Bouillancourt Baroque : Christopher von Gruben<\/em>, Biennale de Photographie de Mulhouse \u00e0 Freiburg en 2026), ses recherches (m\u00e9moire \u00e0 l\u2019\u00c9cole du Louvre sur la photographe allemande Gis\u00e8le Freund) et son travail (partenariat entre le Museum f\u00fcr Neue Kunst \u00e0 Freiburg et le Mus\u00e9e international d\u2019Art na\u00eff Anatole Jakovsky \u00e0 Nice).<\/p>\n<p>N\u00e9e en 2000, Eva Kallenberger travaille comme assistante curatoriale au Museum f\u00fcr Neue Kunst de Fribourg-en-Brisgau, en Allemagne. Elle a \u00e9tudi\u00e9 l&rsquo;histoire de l&rsquo;art et les th\u00e9ories et pratiques culturelles \u00e0 Karlsruhe et T\u00fcbingen, en se concentrant sur l&rsquo;art moderne et contemporain. Ses int\u00e9r\u00eats et ses recherches portent sur les pratiques de recyclage et de retravail dans l&rsquo;histoire de l&rsquo;art : par l&rsquo;ajout de nouvelles couches \u00e0 des images d&rsquo;archives, ou l&rsquo;utilisation des mat\u00e9riaux provenant d&rsquo;autres artistes, l&rsquo;addition de nouvelles textures et significations \u00e0 une \u0153uvre d\u00e9j\u00e0 existante.<\/p>\n","protected":false},"excerpt":{"rendered":"<p>FR \u2b62 EN Commissaires d&rsquo;exposition\u00a0 Sous la direction artistique d&rsquo;Anne Immel\u00e9, les expositions de l&rsquo;\u00e9dition 2026 de la BPM &#8211; Biennale de la Photographie de Mulhouse ont \u00e9t\u00e9 pens\u00e9es et organis\u00e9es par des commissaires d&rsquo;exposition associ\u00e9\u00b7es. Cette diversit\u00e9 de points de vue permet d&rsquo;envisager le th\u00e8me, S\u00e9dimentation(s), sous des angles multiples.\u00a0 D\u00e9couvrez leurs portraits !\u00a0 [&hellip;]<\/p>\n","protected":false},"author":3,"featured_media":0,"parent":0,"menu_order":0,"comment_status":"closed","ping_status":"closed","template":"","meta":{"footnotes":""},"categories":[1],"class_list":["post-1095","page","type-page","status-publish","hentry","category-non-classe"],"acf":{"photo_gallery":{"gallery":[[{"id":1096,"title":"03_2025_MariliaDestot_MEMORYSCAPES_Sedimentations_ed1-5_web","caption":"Marilia Destot, <i>S\u00e9dimentations<\/i> de la s\u00e9rie <i>Memoryscapes<\/i>, 2025 \u00a9 Courtesy galerie Sit Down.","full_image_url":"https:\/\/www.biennale-photo-mulhouse.com\/2026\/wp-content\/uploads\/sites\/7\/2026\/01\/03_2025_MariliaDestot_MEMORYSCAPES_Sedimentations_ed1-5_web.jpg","thumbnail_image_url":"https:\/\/www.biennale-photo-mulhouse.com\/2026\/wp-content\/uploads\/sites\/7\/2026\/01\/03_2025_MariliaDestot_MEMORYSCAPES_Sedimentations_ed1-5_web.jpg","large_srcset":"https:\/\/www.biennale-photo-mulhouse.com\/2026\/wp-content\/uploads\/sites\/7\/2026\/01\/03_2025_MariliaDestot_MEMORYSCAPES_Sedimentations_ed1-5_web.jpg 1665w, https:\/\/www.biennale-photo-mulhouse.com\/2026\/wp-content\/uploads\/sites\/7\/2026\/01\/03_2025_MariliaDestot_MEMORYSCAPES_Sedimentations_ed1-5_web-768x523.jpg 768w, https:\/\/www.biennale-photo-mulhouse.com\/2026\/wp-content\/uploads\/sites\/7\/2026\/01\/03_2025_MariliaDestot_MEMORYSCAPES_Sedimentations_ed1-5_web-1536x1046.jpg 1536w","medium_srcset":"https:\/\/www.biennale-photo-mulhouse.com\/2026\/wp-content\/uploads\/sites\/7\/2026\/01\/03_2025_MariliaDestot_MEMORYSCAPES_Sedimentations_ed1-5_web.jpg 1665w, https:\/\/www.biennale-photo-mulhouse.com\/2026\/wp-content\/uploads\/sites\/7\/2026\/01\/03_2025_MariliaDestot_MEMORYSCAPES_Sedimentations_ed1-5_web-768x523.jpg 768w, https:\/\/www.biennale-photo-mulhouse.com\/2026\/wp-content\/uploads\/sites\/7\/2026\/01\/03_2025_MariliaDestot_MEMORYSCAPES_Sedimentations_ed1-5_web-1536x1046.jpg 1536w","media_details":{"width":1665,"height":1134,"sizes":{"medium_large":{"file":"03_2025_MariliaDestot_MEMORYSCAPES_Sedimentations_ed1-5_web-768x523.jpg","width":768,"height":523,"mime-type":"image\/jpeg","filesize":96589,"source_url":"https:\/\/www.biennale-photo-mulhouse.com\/2026\/wp-content\/uploads\/sites\/7\/2026\/01\/03_2025_MariliaDestot_MEMORYSCAPES_Sedimentations_ed1-5_web-768x523.jpg"},"1536x1536":{"file":"03_2025_MariliaDestot_MEMORYSCAPES_Sedimentations_ed1-5_web-1536x1046.jpg","width":1536,"height":1046,"mime-type":"image\/jpeg","filesize":324554,"source_url":"https:\/\/www.biennale-photo-mulhouse.com\/2026\/wp-content\/uploads\/sites\/7\/2026\/01\/03_2025_MariliaDestot_MEMORYSCAPES_Sedimentations_ed1-5_web-1536x1046.jpg"}}},"alt_text":"","url":"","target":""}]]}},"yoast_head":"<!-- This site is optimized with the Yoast SEO plugin v21.9.1 - https:\/\/yoast.com\/wordpress\/plugins\/seo\/ -->\n<title>Commissaires d&#039;exposition - BPM 2026 - Biennale de la Photographie de Mulhouse 2026<\/title>\n<meta name=\"description\" content=\"Sous la direction artistique d&#039;Anne Immel\u00e9, les expositions de l&#039;\u00e9dition 2026 de la BPM ont \u00e9t\u00e9 pens\u00e9es et organis\u00e9es par des commissaires associ\u00e9\u00b7es.\" \/>\n<meta name=\"robots\" content=\"index, follow, max-snippet:-1, max-image-preview:large, max-video-preview:-1\" \/>\n<link rel=\"canonical\" href=\"https:\/\/www.biennale-photo-mulhouse.com\/2026\/commissaires-dexposition\/\" \/>\n<meta property=\"og:locale\" content=\"fr_FR\" \/>\n<meta property=\"og:type\" content=\"article\" \/>\n<meta property=\"og:title\" content=\"Commissaires d&#039;exposition - BPM 2026 - Biennale de la Photographie de Mulhouse 2026\" \/>\n<meta property=\"og:description\" content=\"Sous la direction artistique d&#039;Anne Immel\u00e9, les expositions de l&#039;\u00e9dition 2026 de la BPM ont \u00e9t\u00e9 pens\u00e9es et organis\u00e9es par des commissaires associ\u00e9\u00b7es.\" \/>\n<meta property=\"og:url\" content=\"https:\/\/www.biennale-photo-mulhouse.com\/2026\/commissaires-dexposition\/\" \/>\n<meta property=\"og:site_name\" content=\"BPM 2026 - Biennale de la Photographie de Mulhouse 2026\" \/>\n<meta property=\"article:publisher\" content=\"https:\/\/www.facebook.com\/BiennaleDeLaPhotographieDeMulhouse\" \/>\n<meta property=\"article:modified_time\" content=\"2026-03-30T10:16:55+00:00\" \/>\n<meta property=\"og:image\" content=\"https:\/\/www.biennale-photo-mulhouse.com\/2026\/wp-content\/uploads\/sites\/7\/2026\/01\/portraits-commissaires6-scaled.jpg\" \/>\n<meta name=\"twitter:card\" content=\"summary_large_image\" \/>\n<meta name=\"twitter:label1\" content=\"Dur\u00e9e de lecture estim\u00e9e\" \/>\n\t<meta name=\"twitter:data1\" content=\"7 minutes\" \/>\n<script type=\"application\/ld+json\" class=\"yoast-schema-graph\">{\"@context\":\"https:\/\/schema.org\",\"@graph\":[{\"@type\":\"WebPage\",\"@id\":\"https:\/\/www.biennale-photo-mulhouse.com\/2026\/commissaires-dexposition\/\",\"url\":\"https:\/\/www.biennale-photo-mulhouse.com\/2026\/commissaires-dexposition\/\",\"name\":\"Commissaires d'exposition - BPM 2026 - Biennale de la Photographie de Mulhouse 2026\",\"isPartOf\":{\"@id\":\"https:\/\/www.biennale-photo-mulhouse.com\/2026\/#website\"},\"datePublished\":\"2026-01-20T10:05:54+00:00\",\"dateModified\":\"2026-03-30T10:16:55+00:00\",\"description\":\"Sous la direction artistique d'Anne Immel\u00e9, les expositions de l'\u00e9dition 2026 de la BPM ont \u00e9t\u00e9 pens\u00e9es et organis\u00e9es par des commissaires associ\u00e9\u00b7es.\",\"breadcrumb\":{\"@id\":\"https:\/\/www.biennale-photo-mulhouse.com\/2026\/commissaires-dexposition\/#breadcrumb\"},\"inLanguage\":\"fr-FR\",\"potentialAction\":[{\"@type\":\"ReadAction\",\"target\":[\"https:\/\/www.biennale-photo-mulhouse.com\/2026\/commissaires-dexposition\/\"]}]},{\"@type\":\"BreadcrumbList\",\"@id\":\"https:\/\/www.biennale-photo-mulhouse.com\/2026\/commissaires-dexposition\/#breadcrumb\",\"itemListElement\":[{\"@type\":\"ListItem\",\"position\":1,\"name\":\"Accueil\",\"item\":\"https:\/\/www.biennale-photo-mulhouse.com\/2026\/\"},{\"@type\":\"ListItem\",\"position\":2,\"name\":\"Commissaires d&rsquo;exposition\"}]},{\"@type\":\"WebSite\",\"@id\":\"https:\/\/www.biennale-photo-mulhouse.com\/2026\/#website\",\"url\":\"https:\/\/www.biennale-photo-mulhouse.com\/2026\/\",\"name\":\"Biennale de la Photographie de Mulhouse\",\"description\":\"\",\"potentialAction\":[{\"@type\":\"SearchAction\",\"target\":{\"@type\":\"EntryPoint\",\"urlTemplate\":\"https:\/\/www.biennale-photo-mulhouse.com\/2026\/?s={search_term_string}\"},\"query-input\":\"required name=search_term_string\"}],\"inLanguage\":\"fr-FR\"}]}<\/script>\n<!-- \/ Yoast SEO plugin. -->","yoast_head_json":{"title":"Commissaires d'exposition - BPM 2026 - Biennale de la Photographie de Mulhouse 2026","description":"Sous la direction artistique d'Anne Immel\u00e9, les expositions de l'\u00e9dition 2026 de la BPM ont \u00e9t\u00e9 pens\u00e9es et organis\u00e9es par des commissaires associ\u00e9\u00b7es.","robots":{"index":"index","follow":"follow","max-snippet":"max-snippet:-1","max-image-preview":"max-image-preview:large","max-video-preview":"max-video-preview:-1"},"canonical":"https:\/\/www.biennale-photo-mulhouse.com\/2026\/commissaires-dexposition\/","og_locale":"fr_FR","og_type":"article","og_title":"Commissaires d'exposition - BPM 2026 - Biennale de la Photographie de Mulhouse 2026","og_description":"Sous la direction artistique d'Anne Immel\u00e9, les expositions de l'\u00e9dition 2026 de la BPM ont \u00e9t\u00e9 pens\u00e9es et organis\u00e9es par des commissaires associ\u00e9\u00b7es.","og_url":"https:\/\/www.biennale-photo-mulhouse.com\/2026\/commissaires-dexposition\/","og_site_name":"BPM 2026 - Biennale de la Photographie de Mulhouse 2026","article_publisher":"https:\/\/www.facebook.com\/BiennaleDeLaPhotographieDeMulhouse","article_modified_time":"2026-03-30T10:16:55+00:00","og_image":[{"url":"https:\/\/www.biennale-photo-mulhouse.com\/2026\/wp-content\/uploads\/sites\/7\/2026\/01\/portraits-commissaires6-scaled.jpg"}],"twitter_card":"summary_large_image","twitter_misc":{"Dur\u00e9e de lecture estim\u00e9e":"7 minutes"},"schema":{"@context":"https:\/\/schema.org","@graph":[{"@type":"WebPage","@id":"https:\/\/www.biennale-photo-mulhouse.com\/2026\/commissaires-dexposition\/","url":"https:\/\/www.biennale-photo-mulhouse.com\/2026\/commissaires-dexposition\/","name":"Commissaires d'exposition - BPM 2026 - Biennale de la Photographie de Mulhouse 2026","isPartOf":{"@id":"https:\/\/www.biennale-photo-mulhouse.com\/2026\/#website"},"datePublished":"2026-01-20T10:05:54+00:00","dateModified":"2026-03-30T10:16:55+00:00","description":"Sous la direction artistique d'Anne Immel\u00e9, les expositions de l'\u00e9dition 2026 de la BPM ont \u00e9t\u00e9 pens\u00e9es et organis\u00e9es par des commissaires associ\u00e9\u00b7es.","breadcrumb":{"@id":"https:\/\/www.biennale-photo-mulhouse.com\/2026\/commissaires-dexposition\/#breadcrumb"},"inLanguage":"fr-FR","potentialAction":[{"@type":"ReadAction","target":["https:\/\/www.biennale-photo-mulhouse.com\/2026\/commissaires-dexposition\/"]}]},{"@type":"BreadcrumbList","@id":"https:\/\/www.biennale-photo-mulhouse.com\/2026\/commissaires-dexposition\/#breadcrumb","itemListElement":[{"@type":"ListItem","position":1,"name":"Accueil","item":"https:\/\/www.biennale-photo-mulhouse.com\/2026\/"},{"@type":"ListItem","position":2,"name":"Commissaires d&rsquo;exposition"}]},{"@type":"WebSite","@id":"https:\/\/www.biennale-photo-mulhouse.com\/2026\/#website","url":"https:\/\/www.biennale-photo-mulhouse.com\/2026\/","name":"Biennale de la Photographie de Mulhouse","description":"","potentialAction":[{"@type":"SearchAction","target":{"@type":"EntryPoint","urlTemplate":"https:\/\/www.biennale-photo-mulhouse.com\/2026\/?s={search_term_string}"},"query-input":"required name=search_term_string"}],"inLanguage":"fr-FR"}]}},"_links":{"self":[{"href":"https:\/\/www.biennale-photo-mulhouse.com\/2026\/wp-json\/wp\/v2\/pages\/1095","targetHints":{"allow":["GET"]}}],"collection":[{"href":"https:\/\/www.biennale-photo-mulhouse.com\/2026\/wp-json\/wp\/v2\/pages"}],"about":[{"href":"https:\/\/www.biennale-photo-mulhouse.com\/2026\/wp-json\/wp\/v2\/types\/page"}],"author":[{"embeddable":true,"href":"https:\/\/www.biennale-photo-mulhouse.com\/2026\/wp-json\/wp\/v2\/users\/3"}],"replies":[{"embeddable":true,"href":"https:\/\/www.biennale-photo-mulhouse.com\/2026\/wp-json\/wp\/v2\/comments?post=1095"}],"version-history":[{"count":14,"href":"https:\/\/www.biennale-photo-mulhouse.com\/2026\/wp-json\/wp\/v2\/pages\/1095\/revisions"}],"predecessor-version":[{"id":1346,"href":"https:\/\/www.biennale-photo-mulhouse.com\/2026\/wp-json\/wp\/v2\/pages\/1095\/revisions\/1346"}],"wp:attachment":[{"href":"https:\/\/www.biennale-photo-mulhouse.com\/2026\/wp-json\/wp\/v2\/media?parent=1095"}],"wp:term":[{"taxonomy":"category","embeddable":true,"href":"https:\/\/www.biennale-photo-mulhouse.com\/2026\/wp-json\/wp\/v2\/categories?post=1095"}],"curies":[{"name":"wp","href":"https:\/\/api.w.org\/{rel}","templated":true}]}}