{"id":1086,"date":"2025-12-02T10:35:21","date_gmt":"2025-12-02T09:35:21","guid":{"rendered":"https:\/\/www.biennale-photo-mulhouse.com\/2026\/?page_id=1086"},"modified":"2026-04-08T14:27:18","modified_gmt":"2026-04-08T12:27:18","slug":"partenaires","status":"publish","type":"page","link":"https:\/\/www.biennale-photo-mulhouse.com\/2026\/partenaires\/","title":{"rendered":"Partenaires"},"content":{"rendered":"<p><strong><span class=\"small\">FR \u2b62 <a href=\"https:\/\/www.biennale-photo-mulhouse.com\/2026en\/partners\/\">EN<\/a><\/span><\/strong><\/p>\n<h1><span class=\"theme_color\">PARTENAIRES DE LA BPM<\/span><\/h1>\n<p>La Biennale de la Photographie de Mulhouse est un festival inscrit dans son territoire proche autant qu&rsquo;il est ouvert \u00e0 l&rsquo;international. Les partenariats nou\u00e9s au fil de ses \u00e9ditions t\u00e9moignent de son ancrage local par les multiples collaborations avec des acteurs mulhousiens ou r\u00e9gionaux. Le festival s&rsquo;int\u00e8gre \u00e9galement dans des dynamiques artistiques transnationales \u00e0 travers des coop\u00e9rations avec des partenaires \u00e9trangers.<\/p>\n<p><strong>La Biennale de la Photographie de Mulhouse est membre des r\u00e9seaux Plan d\u2019Est et L U X.<\/strong><\/p>\n<h2><span class=\"theme_color\">Pour l&rsquo;\u00e9dition 2026<\/span><\/h2>\n<h2><span class=\"small\">partenaires financiers PUBLICS<\/span><\/h2>\n<p class=\"offsetted\">\u2022 Ville de Mulhouse<br \/>\n\u2022 DRAC Grand Est<br \/>\n\u2022 R\u00e9gion Grand Est<br \/>\n\u2022 Collectivit\u00e9 Europ\u00e9enne d\u2019Alsace<\/p>\n<h2><span class=\"small\">entreprises M\u00e9c\u00e8nes<\/span><\/h2>\n<p class=\"offsetted\">\u2022 JCDecaux<br \/>\n\u2022 Pr\u00e9vel<\/p>\n<h2><span class=\"small\">Lieux et structures partenaires \u00e0 Mulhouse et Fribourg-en-Brisgau<\/span><\/h2>\n<p class=\"offsetted\">\u2022 Mus\u00e9e des Beaux-Arts de Mulhouse<br \/>\n\u2022 Les Biblioth\u00e8ques-M\u00e9diath\u00e8ques de Mulhouse<br \/>\n\u2022 La Filature, Sc\u00e8ne Nationale de Mulhouse<br \/>\n\u2022 Mulhouse Art Contemporain<br \/>\n\u2022 La KunstTurm<br \/>\n\u2022 Le S\u00e9choir<br \/>\n\u2022 Centre Culturel Fran\u00e7ais Freiburg <br \/>\n\u2022 Morat-Hallen, Ville de Fribourg-en-Brisgau<\/p>\n<h2><span class=\"small\">Pr\u00eateurs<\/span><\/h2>\n<p class=\"offsetted\">\u2022 Mus\u00e9e Nic\u00e9phore Ni\u00e9pce\u00a0<br \/>\n\u2022 Origini edizioni<br \/>\n\u2022 FRAC Lorraine<br \/>\n\u2022 Galerie Anne Barrault<br \/>\n\u2022 Galerie Sit Down<br \/>\n\u2022 Galerie Poggi<\/p>\n<h2><span class=\"small\">partenaires presse<\/span><\/h2>\n<p class=\"offsetted\">\u2022 NOVO<br \/>\n\u2022 de l&rsquo;air\u00a0<\/p>\n<h2><span class=\"small\">Autres Partenaires r\u00e9gionaux, nationaux et internationaux<\/span><\/h2>\n<p class=\"offsetted\">\u2022 PEP, Photographic Exploration Project<br \/>\n\u2022 Institut Culturel Italien de Strasbourg<br \/>\n\u2022 la HEAR &#8211; Haute \u00c9cole des Arts du Rhin<br \/>\n\u2022 l\u2019ESAL &#8211; \u00c9cole Sup\u00e9rieure d\u2019Art de Lorraine, Metz et Epinal<br \/>\n\u2022 l\u2019ENSAD &#8211; \u00c9cole Nationale Sup\u00e9rieure d\u2019Art et de Design de Nancy<br \/>\n\u2022 l\u2019ESAD &#8211; \u00c9cole Sup\u00e9rieure d\u2019Art et Design de Reims<br \/>\n\u2022 Direction g\u00e9n\u00e9rale des Arts du Portugal\u00a0<\/p>\n<p><img loading=\"lazy\" decoding=\"async\" class=\"alignnone size-full wp-image-1149\" src=\"https:\/\/www.biennale-photo-mulhouse.com\/2026\/wp-content\/uploads\/sites\/7\/2026\/02\/blog-logo-2026.png\" alt=\"\" width=\"1411\" height=\"216\" srcset=\"https:\/\/www.biennale-photo-mulhouse.com\/2026\/wp-content\/uploads\/sites\/7\/2026\/02\/blog-logo-2026.png 1411w, https:\/\/www.biennale-photo-mulhouse.com\/2026\/wp-content\/uploads\/sites\/7\/2026\/02\/blog-logo-2026-768x118.png 768w\" sizes=\"auto, (max-width: 1411px) 100vw, 1411px\" \/><\/p>\n","protected":false},"excerpt":{"rendered":"<p>FR \u2b62 EN PARTENAIRES DE LA BPM La Biennale de la Photographie de Mulhouse est un festival inscrit dans son territoire proche autant qu&rsquo;il est ouvert \u00e0 l&rsquo;international. Les partenariats nou\u00e9s au fil de ses \u00e9ditions t\u00e9moignent de son ancrage local par les multiples collaborations avec des acteurs mulhousiens ou r\u00e9gionaux. Le festival s&rsquo;int\u00e8gre \u00e9galement [&hellip;]<\/p>\n","protected":false},"author":3,"featured_media":0,"parent":0,"menu_order":0,"comment_status":"closed","ping_status":"closed","template":"","meta":{"footnotes":""},"categories":[1],"class_list":["post-1086","page","type-page","status-publish","hentry","category-non-classe"],"acf":{"photo_gallery":{"gallery":[[{"id":1028,"title":"Nigel-Baldacchino-Promise-litter-2","caption":"Nigel Baldacchino, <i> Promise Litter <\/i>","full_image_url":"https:\/\/www.biennale-photo-mulhouse.com\/2026\/wp-content\/uploads\/sites\/7\/2025\/09\/Nigel-Baldacchino-Promise-litter-2.jpg","thumbnail_image_url":"https:\/\/www.biennale-photo-mulhouse.com\/2026\/wp-content\/uploads\/sites\/7\/2025\/09\/Nigel-Baldacchino-Promise-litter-2.jpg","large_srcset":"https:\/\/www.biennale-photo-mulhouse.com\/2026\/wp-content\/uploads\/sites\/7\/2025\/09\/Nigel-Baldacchino-Promise-litter-2.jpg 938w, https:\/\/www.biennale-photo-mulhouse.com\/2026\/wp-content\/uploads\/sites\/7\/2025\/09\/Nigel-Baldacchino-Promise-litter-2-768x902.jpg 768w","medium_srcset":"https:\/\/www.biennale-photo-mulhouse.com\/2026\/wp-content\/uploads\/sites\/7\/2025\/09\/Nigel-Baldacchino-Promise-litter-2.jpg 938w, https:\/\/www.biennale-photo-mulhouse.com\/2026\/wp-content\/uploads\/sites\/7\/2025\/09\/Nigel-Baldacchino-Promise-litter-2-768x902.jpg 768w","media_details":{"width":938,"height":1102,"sizes":{"medium_large":{"file":"Nigel-Baldacchino-Promise-litter-2-768x902.jpg","width":768,"height":902,"mime-type":"image\/jpeg","filesize":248888,"source_url":"https:\/\/www.biennale-photo-mulhouse.com\/2026\/wp-content\/uploads\/sites\/7\/2025\/09\/Nigel-Baldacchino-Promise-litter-2-768x902.jpg"}}},"alt_text":"","url":"","target":""}]]}},"yoast_head":"<!-- This site is optimized with the Yoast SEO plugin v21.9.1 - https:\/\/yoast.com\/wordpress\/plugins\/seo\/ -->\n<title>Partenaires - BPM 2026 - Biennale de la Photographie de Mulhouse 2026<\/title>\n<meta name=\"description\" content=\"La Biennale de la Photographie de Mulhouse est un festival inscrit dans son territoire proche autant qu&#039;il est ouvert \u00e0 l&#039;international.\" \/>\n<meta name=\"robots\" content=\"index, follow, max-snippet:-1, max-image-preview:large, max-video-preview:-1\" \/>\n<link rel=\"canonical\" href=\"https:\/\/www.biennale-photo-mulhouse.com\/2026\/partenaires\/\" \/>\n<meta property=\"og:locale\" content=\"fr_FR\" \/>\n<meta property=\"og:type\" content=\"article\" \/>\n<meta property=\"og:title\" content=\"Partenaires - BPM 2026 - Biennale de la Photographie de Mulhouse 2026\" \/>\n<meta property=\"og:description\" content=\"La Biennale de la Photographie de Mulhouse est un festival inscrit dans son territoire proche autant qu&#039;il est ouvert \u00e0 l&#039;international.\" \/>\n<meta property=\"og:url\" content=\"https:\/\/www.biennale-photo-mulhouse.com\/2026\/partenaires\/\" \/>\n<meta property=\"og:site_name\" content=\"BPM 2026 - Biennale de la Photographie de Mulhouse 2026\" \/>\n<meta property=\"article:publisher\" content=\"https:\/\/www.facebook.com\/BiennaleDeLaPhotographieDeMulhouse\" \/>\n<meta property=\"article:modified_time\" content=\"2026-04-08T12:27:18+00:00\" \/>\n<meta property=\"og:image\" content=\"https:\/\/www.biennale-photo-mulhouse.com\/2026\/wp-content\/uploads\/sites\/7\/2026\/02\/blog-logo-2026.png\" \/>\n<meta name=\"twitter:card\" content=\"summary_large_image\" \/>\n<meta name=\"twitter:label1\" content=\"Dur\u00e9e de lecture estim\u00e9e\" \/>\n\t<meta name=\"twitter:data1\" content=\"2 minutes\" \/>\n<script type=\"application\/ld+json\" class=\"yoast-schema-graph\">{\"@context\":\"https:\/\/schema.org\",\"@graph\":[{\"@type\":\"WebPage\",\"@id\":\"https:\/\/www.biennale-photo-mulhouse.com\/2026\/partenaires\/\",\"url\":\"https:\/\/www.biennale-photo-mulhouse.com\/2026\/partenaires\/\",\"name\":\"Partenaires - BPM 2026 - Biennale de la Photographie de Mulhouse 2026\",\"isPartOf\":{\"@id\":\"https:\/\/www.biennale-photo-mulhouse.com\/2026\/#website\"},\"datePublished\":\"2025-12-02T09:35:21+00:00\",\"dateModified\":\"2026-04-08T12:27:18+00:00\",\"description\":\"La Biennale de la Photographie de Mulhouse est un festival inscrit dans son territoire proche autant qu'il est ouvert \u00e0 l'international.\",\"breadcrumb\":{\"@id\":\"https:\/\/www.biennale-photo-mulhouse.com\/2026\/partenaires\/#breadcrumb\"},\"inLanguage\":\"fr-FR\",\"potentialAction\":[{\"@type\":\"ReadAction\",\"target\":[\"https:\/\/www.biennale-photo-mulhouse.com\/2026\/partenaires\/\"]}]},{\"@type\":\"BreadcrumbList\",\"@id\":\"https:\/\/www.biennale-photo-mulhouse.com\/2026\/partenaires\/#breadcrumb\",\"itemListElement\":[{\"@type\":\"ListItem\",\"position\":1,\"name\":\"Accueil\",\"item\":\"https:\/\/www.biennale-photo-mulhouse.com\/2026\/\"},{\"@type\":\"ListItem\",\"position\":2,\"name\":\"Partenaires\"}]},{\"@type\":\"WebSite\",\"@id\":\"https:\/\/www.biennale-photo-mulhouse.com\/2026\/#website\",\"url\":\"https:\/\/www.biennale-photo-mulhouse.com\/2026\/\",\"name\":\"Biennale de la Photographie de Mulhouse\",\"description\":\"\",\"potentialAction\":[{\"@type\":\"SearchAction\",\"target\":{\"@type\":\"EntryPoint\",\"urlTemplate\":\"https:\/\/www.biennale-photo-mulhouse.com\/2026\/?s={search_term_string}\"},\"query-input\":\"required name=search_term_string\"}],\"inLanguage\":\"fr-FR\"}]}<\/script>\n<!-- \/ Yoast SEO plugin. -->","yoast_head_json":{"title":"Partenaires - BPM 2026 - Biennale de la Photographie de Mulhouse 2026","description":"La Biennale de la Photographie de Mulhouse est un festival inscrit dans son territoire proche autant qu'il est ouvert \u00e0 l'international.","robots":{"index":"index","follow":"follow","max-snippet":"max-snippet:-1","max-image-preview":"max-image-preview:large","max-video-preview":"max-video-preview:-1"},"canonical":"https:\/\/www.biennale-photo-mulhouse.com\/2026\/partenaires\/","og_locale":"fr_FR","og_type":"article","og_title":"Partenaires - BPM 2026 - Biennale de la Photographie de Mulhouse 2026","og_description":"La Biennale de la Photographie de Mulhouse est un festival inscrit dans son territoire proche autant qu'il est ouvert \u00e0 l'international.","og_url":"https:\/\/www.biennale-photo-mulhouse.com\/2026\/partenaires\/","og_site_name":"BPM 2026 - Biennale de la Photographie de Mulhouse 2026","article_publisher":"https:\/\/www.facebook.com\/BiennaleDeLaPhotographieDeMulhouse","article_modified_time":"2026-04-08T12:27:18+00:00","og_image":[{"url":"https:\/\/www.biennale-photo-mulhouse.com\/2026\/wp-content\/uploads\/sites\/7\/2026\/02\/blog-logo-2026.png"}],"twitter_card":"summary_large_image","twitter_misc":{"Dur\u00e9e de lecture estim\u00e9e":"2 minutes"},"schema":{"@context":"https:\/\/schema.org","@graph":[{"@type":"WebPage","@id":"https:\/\/www.biennale-photo-mulhouse.com\/2026\/partenaires\/","url":"https:\/\/www.biennale-photo-mulhouse.com\/2026\/partenaires\/","name":"Partenaires - BPM 2026 - Biennale de la Photographie de Mulhouse 2026","isPartOf":{"@id":"https:\/\/www.biennale-photo-mulhouse.com\/2026\/#website"},"datePublished":"2025-12-02T09:35:21+00:00","dateModified":"2026-04-08T12:27:18+00:00","description":"La Biennale de la Photographie de Mulhouse est un festival inscrit dans son territoire proche autant qu'il est ouvert \u00e0 l'international.","breadcrumb":{"@id":"https:\/\/www.biennale-photo-mulhouse.com\/2026\/partenaires\/#breadcrumb"},"inLanguage":"fr-FR","potentialAction":[{"@type":"ReadAction","target":["https:\/\/www.biennale-photo-mulhouse.com\/2026\/partenaires\/"]}]},{"@type":"BreadcrumbList","@id":"https:\/\/www.biennale-photo-mulhouse.com\/2026\/partenaires\/#breadcrumb","itemListElement":[{"@type":"ListItem","position":1,"name":"Accueil","item":"https:\/\/www.biennale-photo-mulhouse.com\/2026\/"},{"@type":"ListItem","position":2,"name":"Partenaires"}]},{"@type":"WebSite","@id":"https:\/\/www.biennale-photo-mulhouse.com\/2026\/#website","url":"https:\/\/www.biennale-photo-mulhouse.com\/2026\/","name":"Biennale de la Photographie de Mulhouse","description":"","potentialAction":[{"@type":"SearchAction","target":{"@type":"EntryPoint","urlTemplate":"https:\/\/www.biennale-photo-mulhouse.com\/2026\/?s={search_term_string}"},"query-input":"required name=search_term_string"}],"inLanguage":"fr-FR"}]}},"_links":{"self":[{"href":"https:\/\/www.biennale-photo-mulhouse.com\/2026\/wp-json\/wp\/v2\/pages\/1086","targetHints":{"allow":["GET"]}}],"collection":[{"href":"https:\/\/www.biennale-photo-mulhouse.com\/2026\/wp-json\/wp\/v2\/pages"}],"about":[{"href":"https:\/\/www.biennale-photo-mulhouse.com\/2026\/wp-json\/wp\/v2\/types\/page"}],"author":[{"embeddable":true,"href":"https:\/\/www.biennale-photo-mulhouse.com\/2026\/wp-json\/wp\/v2\/users\/3"}],"replies":[{"embeddable":true,"href":"https:\/\/www.biennale-photo-mulhouse.com\/2026\/wp-json\/wp\/v2\/comments?post=1086"}],"version-history":[{"count":11,"href":"https:\/\/www.biennale-photo-mulhouse.com\/2026\/wp-json\/wp\/v2\/pages\/1086\/revisions"}],"predecessor-version":[{"id":1369,"href":"https:\/\/www.biennale-photo-mulhouse.com\/2026\/wp-json\/wp\/v2\/pages\/1086\/revisions\/1369"}],"wp:attachment":[{"href":"https:\/\/www.biennale-photo-mulhouse.com\/2026\/wp-json\/wp\/v2\/media?parent=1086"}],"wp:term":[{"taxonomy":"category","embeddable":true,"href":"https:\/\/www.biennale-photo-mulhouse.com\/2026\/wp-json\/wp\/v2\/categories?post=1086"}],"curies":[{"name":"wp","href":"https:\/\/api.w.org\/{rel}","templated":true}]}}