{"id":761,"date":"2024-10-11T12:02:27","date_gmt":"2024-10-11T10:02:27","guid":{"rendered":"https:\/\/www.biennale-photo-mulhouse.com\/2024\/?page_id=761"},"modified":"2024-11-13T07:42:18","modified_gmt":"2024-11-13T06:42:18","slug":"reseau-lux-1","status":"publish","type":"page","link":"https:\/\/www.biennale-photo-mulhouse.com\/2024\/reseau-lux-1\/","title":{"rendered":"R\u00e9seau LUX #1"},"content":{"rendered":"<h1>Ange-Fr\u00e9d\u00e9ric Koffi<span class=\"theme_color\"><br \/>\nFirst proposition &#8211; Word, images &amp; myth, 2023 \u00a0<\/span><\/h1>\n<h1><span class=\"theme_color\">R\u00e9seau LUX #1<\/span><\/h1>\n<p>6 novembre &#8211; 8 d\u00e9cembre 2024 <br \/>\nEntr\u00e9e libre du mercredi au dimanche de 11h \u00e0 19h.<br \/>\nAdresse: 30-32, rue Louise-Emilie de la Tour d\u2019Auvergne, Paris 9<br \/>\n<strong>Vernissage jeudi 7 novembre \u00e0 partir de 18h<\/strong><\/p>\n<p><strong>Portefolio review samedi 16 novembre 14:30-16:30<br \/>\nConversation entre Ange-Fr\u00e9d\u00e9ric Koffi et Steve Bisson samedi 16 novembre \u00e0 17h <\/strong><\/p>\n<p>Du 6 novembre au 8 d\u00e9cembre, venez d\u00e9couvrir la toute premi\u00e8re \u00e9dition R\u00e9seau L U X #1.\u00a0<\/p>\n<p>La BPM est heureuse d\u2019y pr\u00e9senter [First proposition &#8211; Word images &amp; myth] d\u2019Ange-Fr\u00e9d\u00e9ric Koffi.\u00a0 Avec cet agencement d\u2019\u0153uvres, Ange-Fr\u00e9d\u00e9ric Koffi tisse des dialogues aux multiples stratifications. Ange-Fr\u00e9d\u00e9ric Koffi incite \u00e0 l&rsquo;interaction, encourageant les spectateurs \u00e0 naviguer dans les complexit\u00e9s des paysages terrestres. L&rsquo;\u00e9vocation coloniale et historique sert d&rsquo;enqu\u00eate \u00e9pist\u00e9mique et de contre-r\u00e9cit. \u00c0 travers une imagerie sp\u00e9culative, l&rsquo;artiste reconfigure la m\u00e9moire et les territoires qui lui sont associ\u00e9s, menant \u00e0 une r\u00e9flexion critique sur notre pass\u00e9 collectif, reformulant ainsi le lexique.<\/p>\n<p>Cr\u00e9\u00e9e en 2024, l\u2019association R\u00e9seau LUX est un r\u00e9seau professionnel national de festivals et foires qui \u0153uvrent \u00e0 la diffusion, la transmission et la valorisation de la photographie. L\u2019objectif du R\u00e9seau LUX est de f\u00e9d\u00e9rer de nombreuses manifestations aux programmations riches et vari\u00e9es autour d\u2019\u00e9nergies et d\u2019engagements partag\u00e9s.<\/p>\n<p>Le R\u00e9seau LUX organise la 1\u00e8re \u00e9dition d\u2019un \u00e9v\u00e8nement in\u00e9dit baptis\u00e9 <em><span class=\"theme_color\">R\u00e9seau LUX #1<\/span><\/em>. Les membres du R\u00e9seau LUX &#8211; soit 23 festivals et foires de photographie en France &#8211; se rassemblent \u00e0 Paris dans un lieu insolite et \u00e9ph\u00e9m\u00e8re: La Poste Rodier, ancien centre de distribution du courrier de 1200m2, au coeur du IXe arrondissement, propri\u00e9t\u00e9 de La Poste Immobilier, filiale immobili\u00e8re du groupe La Poste. Du mercredi 6 novembre au dimanche 8 d\u00e9cembre 2024, l\u2019ensemble des membres du R\u00e9seau LUX y proposent une exposition, une projection et\/ou un projet repr\u00e9sentatif de la ligne \u00e9ditoriale de leur \u00e9v\u00e9nement.<\/p>\n<p>La BPM &#8211; Biennale de la Photographie de Mulhouse, qui a accompagn\u00e9 la naissance du R\u00e9seau LUX, pr\u00e9sente dans le cadre de cette exposition collective le travail <span class=\"theme_color\"><em>First proposition &#8211; Word images &amp; myth<\/em><\/span> (2023) d\u2019Ange-Fr\u00e9d\u00e9ric Koffi.<\/p>\n<p><a href=\"https:\/\/reseau-lux.com\/\" target=\"_blank\" rel=\"noopener\"><span class=\"theme_color\">reseau-lux.com<\/span><\/a><\/p>\n<h2><img loading=\"lazy\" decoding=\"async\" class=\"alignnone size-full wp-image-762\" src=\"https:\/\/www.biennale-photo-mulhouse.com\/2024\/wp-content\/uploads\/sites\/6\/2024\/10\/Ange-Frederic-Koffi-First-proposition-word-image-myth-i-2023.jpeg\" alt=\"\" width=\"1200\" height=\"900\" srcset=\"https:\/\/www.biennale-photo-mulhouse.com\/2024\/wp-content\/uploads\/sites\/6\/2024\/10\/Ange-Frederic-Koffi-First-proposition-word-image-myth-i-2023.jpeg 1200w, https:\/\/www.biennale-photo-mulhouse.com\/2024\/wp-content\/uploads\/sites\/6\/2024\/10\/Ange-Frederic-Koffi-First-proposition-word-image-myth-i-2023-768x576.jpeg 768w\" sizes=\"auto, (max-width: 1200px) 100vw, 1200px\" \/><\/h2>\n<p class=\"img_caption\">Ange-Fre\u0301de\u0301ric Koffi, First proposition &#8211; word, image &amp; myth I, 2023<\/p>\n<h2>Ange-Fr\u00e9d\u00e9ric Koffi<br \/>\n<span class=\"theme_color\"><em>First proposition &#8211; Word, images &amp; myth<\/em>, 2023<\/span><\/h2>\n<p><strong>FR<\/strong> \u00a0: Cet ensemble d\u2019\u0153uvres tisse des dialogues aux multiples stratifications, cr\u00e9ant des tensions entre les diff\u00e9rentes surfaces de l\u2019impression et de l\u2019image. S\u2019inspirant des th\u00e9ories de Vil\u00e9m Flusser sur la photographie et l\u2019imagerie num\u00e9rique comme processus de traduction et d\u2019abstraction, Ange-Fr\u00e9d\u00e9ric Koffi r\u00e9alise des num\u00e9risations de livres, de transparents color\u00e9s, de papiers divers, de ses propres tirages photographiques, pour explorer les limites perceptuelles du savoir. Dans l\u2019une de ces \u0153uvres, la d\u00e9nomination fran\u00e7aise \u00ab mineure \u00bb d\u2019Ha\u00efti entre en collision avec la R\u00e9volution Ha\u00eftienne et le mythe radical qui l\u2019accompagne. Ces fragments, discr\u00e8tement suggestifs, sont recouverts d\u2019un enchev\u00eatrement sombre de feuilles de bananier, \u00e9voquant et pr\u00e9figurant la plantation. \u00c0 la p\u00e9riph\u00e9rie, le mythe et l\u2019instinct peuvent \u00e9merger comme des \u00e9pist\u00e9mologies alternatives au texte et \u00e0 la photographie, deux technologies historiques qui furent \u00e9galement des champs de bataille de la subjugation coloniale.<\/p>\n<p><span class=\"small\"><strong>La s\u00e9rie pr\u00e9sent\u00e9e a \u00e9t\u00e9 r\u00e9alis\u00e9e avec le soutien de la R\u00e9sidence Polyominos et la galerie Nosbaum Reding.<\/strong><\/span><\/p>\n<p><em>Ange-Fr\u00e9d\u00e9ric Koffi est n\u00e9 \u00e0 Korhogo, dans le nord de la C\u00f4te d\u2019Ivoire. Son travail explore les articulations complexes du mouvement, du voyage et de l\u2019errance dans l\u2019histoire et la pratique de la photographie. Il applique des r\u00e9flexions postcoloniales contemporaines \u00e0 travers diverses formes et dispositifs dans la sph\u00e8re publique pour g\u00e9n\u00e9rer un impact social. Sa pratique croise librement des disciplines aussi diverses que l\u2019histoire politique, l\u2019histoire des expositions, l\u2019anthropologie et le design. Dipl\u00f4m\u00e9 de la Sorbonne, de la Haute \u00c9cole des Arts du Rhin (HEAR), de l\u2019\u00c9cole Cantonale d\u2019Art de Lausanne (ECAL) et de l\u2019Universit\u00e9 de Western Cape (UWC), Ange-Fr\u00e9d\u00e9ric a \u00e9t\u00e9 laur\u00e9at du prix FOAM 2022 (Amsterdam), r\u00e9sident au Zeitz MOCAA (Cape Town) en 2O22 et r\u00e9sident Black Rock S\u00e9n\u00e9gal en 2024. Ange-Fr\u00e9d\u00e9ric Koffi accompagne la BPM &#8211; Biennale de la Photographie de Mulhouse depuis 2016, notamment pour la programmation durant les <\/em>Photobook days<em>.<\/em><\/p>\n<p><em><span class=\"theme_color\"><strong>ENG<\/strong> : This body of works creates stratified dialogues and tensions between the multiple surfaces of and in the print and image. Emerging from Vil\u00e9m Flusser\u2019s theorization of photography and digital imaging as processes of translation and abstraction, these digital scans-of books, coloured transparencies, various papers, and my photographic prints experiment with the perceptual boundaries of knowledge. In one, the French \u2019minor\u2019 naming of Haiti runs into the Revolution and its attendant radical mythos. The two quietly suggestive snippets are covered over by a dark tangle of banana leaves that recall and forebode the plantation. At the margins, myth and instinct can emerge as alternative epistemologies to text and photography which are historical technologies and battlegrounds of colonial subjugation.<\/span><\/em><\/p>\n<p><em><span class=\"theme_color\">Ange-Fr\u00e9d\u00e9ric Koffiwas born in Korhogo, in the north of C\u00f4te d\u2019Ivoire. His work explores the complex articulations of movement, travel and wandering in the history and practice of photography. He applies contemporary postcolonial reflections through various forms and devices in the public sphere to generate social impact. His practice freely crosses disciplines as diverse as political history, exhibition history, anthropology and design. A graduate of the Sorbonne, the Haute Ecole des Arts du Rhin (HEAR), the Ecole Cantonale d\u2019Art de Lausanne (ECAL) and the University of the Western Cape (UWC), Ange-Fr\u00e9d\u00e9ric was recently awarded the FOAM 2022 prize(Amsterdam) and is resident at Zeitz MOCAA(Cape Town) in 2O22 and Black Rock Senegal in2024.\u00a0<\/span><\/em><\/p>\n<p>&nbsp;<\/p>\n<p><img loading=\"lazy\" decoding=\"async\" class=\"alignnone size-full wp-image-766\" src=\"https:\/\/www.biennale-photo-mulhouse.com\/2024\/wp-content\/uploads\/sites\/6\/2024\/10\/Ange-Frederic-Koffi-First-proposition-word-image-myth-iv-2023-1--scaled.jpg\" alt=\"\" width=\"2560\" height=\"1920\" srcset=\"https:\/\/www.biennale-photo-mulhouse.com\/2024\/wp-content\/uploads\/sites\/6\/2024\/10\/Ange-Frederic-Koffi-First-proposition-word-image-myth-iv-2023-1--scaled.jpg 2560w, https:\/\/www.biennale-photo-mulhouse.com\/2024\/wp-content\/uploads\/sites\/6\/2024\/10\/Ange-Frederic-Koffi-First-proposition-word-image-myth-iv-2023-1--768x576.jpg 768w, https:\/\/www.biennale-photo-mulhouse.com\/2024\/wp-content\/uploads\/sites\/6\/2024\/10\/Ange-Frederic-Koffi-First-proposition-word-image-myth-iv-2023-1--1536x1152.jpg 1536w, https:\/\/www.biennale-photo-mulhouse.com\/2024\/wp-content\/uploads\/sites\/6\/2024\/10\/Ange-Frederic-Koffi-First-proposition-word-image-myth-iv-2023-1--2048x1536.jpg 2048w\" sizes=\"auto, (max-width: 2560px) 100vw, 2560px\" \/><\/p>\n<p class=\"img_caption\">Ange-Fre\u0301de\u0301ric Koffi, <em>First proposition &#8211; word, image &amp; myth IV<\/em>, 2023<\/p>\n<h2>Conversation entre Ange-Fr\u00e9d\u00e9ric Koffi et Steve Bisson<\/h2>\n<p class=\"cancel_mt\"><strong><span class=\"theme_color\">Samedi 16 novembre, 17h<br \/>\nLa Poste Rodier, Paris 9 <br \/>\n<\/span><\/strong><\/p>\n<p><strong>Introduction par Anne Immel\u00e9, directrice de la Biennale de la Photographie de Mulhouse<\/strong><\/p>\n<p>FR : Prenant pour point de d\u00e9part la pratique artistique d\u2019Ange-Fr\u00e9d\u00e9ric Koffi, la conversation abordera diff\u00e9rents th\u00e8mes dont l\u2019usage des enjeux coloniaux et historiques dans la construction d\u2019un contre-r\u00e9cit et la reconfiguration de la m\u00e9moire pour stimuler une r\u00e9flexion critique sur le pass\u00e9 collectif.<\/p>\n<p><em>Steve Bisson est un enseignant, un commissaire d\u2019exposition et un \u00e9diteur sp\u00e9cialis\u00e9 dans la recherche et la cr\u00e9ation d\u2019images. Il dirige le d\u00e9partement de photographie du Paris College of Art. \u00c0 Paris, il a cofond\u00e9 <\/em>Blurring the Lines<em>, un r\u00e9seau universitaire international qui encourage le talent et le dialogue dans le domaine de l\u2019\u00e9ducation. Au cours des quinze derni\u00e8res ann\u00e9es, il a contribu\u00e9 \u00e0 plusieurs expositions et festivals dans le monde entier, ainsi qu\u2019\u00e0 d\u2019innombrables livres et \u00e9crits. Il est \u00e9galement le r\u00e9dacteur en chef de <\/em>Urbanautica Institute<em>, plateforme sur l\u2019anthropologie visuelle et les paysages culturels, fondateur de la maison d\u2019\u00e9dition Penisola Edizioni et directeur artistique de Lab27 en Italie.\u00a0\u00a0Steve Bisson accompagne la BPM-Biennale de la Photographie de Mulhouse en tant que commissaire d\u2019exposition.<\/em><\/p>\n<p>ENG : <span class=\"theme_color\"><em>Taking Ange-Fr\u00e9d\u00e9ric Koffi&rsquo;s artistic practice as a starting point, the conversation will address various themes, including the use of colonial and historical issues in the construction of a counter-narrative and the reconfiguration of memory to stimulate critical reflection on the collective past.<\/em><\/span><\/p>\n<p><span class=\"theme_color\"><em>Steve Bisson is a teacher, curator and publisher specializing in image research and creation. He heads the photography department at the Paris College of Art. In Paris, he co-founded Blurring the Lines, an international academic network that fosters talent and dialogue in education. Over the past fifteen years, he has contributed to many exhibitions and festivals worldwide, as well as countless books and writings. He is also editor-in-chief of Urbanautica Institute, a platform on visual anthropology and cultural landscapes, founder of the publishing house Penisola Edizioni and artistic director of Lab27 in Italy. Steve Bisson is curator of the BPM-Biennale de la Photographie de Mulhouse.<\/em><\/span><\/p>\n<p>&nbsp;<\/p>\n<h2>LECTURE DE PORTEFOLIO<\/h2>\n<p class=\"cancel_mt\"><span class=\"theme_color\">Samedi 16 novembre, 14:30-16:30<\/span><br \/>\n<span class=\"theme_color\">La Poste Rodier, Paris 9<\/span><\/p>\n<p>INSCRIPTIONS pour les Lectures avec Anne Immel\u00e9 ici : COMPLET\u00a0<\/p>\n<p>INSCRIPTIONS pour les Lectures avec Ange Fr\u00e9d\u00e9ric Koffi \u00a0ici : <a href=\"https:\/\/framadate.org\/h7xKFYD1Y2S1tpBr\">https:\/\/framadate.org\/h7xKFYD1Y2S1tpBr<\/a><\/p>\n<p>&nbsp;<\/p>\n","protected":false},"excerpt":{"rendered":"<p>Ange-Fr\u00e9d\u00e9ric Koffi First proposition &#8211; Word, images &amp; myth, 2023 \u00a0 R\u00e9seau LUX #1 6 novembre &#8211; 8 d\u00e9cembre 2024 Entr\u00e9e libre du mercredi au dimanche de 11h \u00e0 19h. Adresse: 30-32, rue Louise-Emilie de la Tour d\u2019Auvergne, Paris 9 Vernissage jeudi 7 novembre \u00e0 partir de 18h Portefolio review samedi 16 novembre 14:30-16:30 Conversation [&hellip;]<\/p>\n","protected":false},"author":3,"featured_media":0,"parent":0,"menu_order":0,"comment_status":"closed","ping_status":"closed","template":"","meta":{"footnotes":""},"categories":[1],"class_list":["post-761","page","type-page","status-publish","hentry","category-non-classe"],"acf":{"photo_gallery":{"gallery":[[{"id":766,"title":"Ange-Fre\u0301de\u0301ric Koffi, <i>First proposition - word, image & myth IV <\/i>, 2023","caption":"Ange-Fre\u0301de\u0301ric Koffi, <i>First proposition - word, image & myth IV <\/i>, 2023","full_image_url":"https:\/\/www.biennale-photo-mulhouse.com\/2024\/wp-content\/uploads\/sites\/6\/2024\/10\/Ange-Frederic-Koffi-First-proposition-word-image-myth-iv-2023-1--scaled.jpg","thumbnail_image_url":"https:\/\/www.biennale-photo-mulhouse.com\/2024\/wp-content\/uploads\/sites\/6\/2024\/10\/Ange-Frederic-Koffi-First-proposition-word-image-myth-iv-2023-1--scaled.jpg","large_srcset":"https:\/\/www.biennale-photo-mulhouse.com\/2024\/wp-content\/uploads\/sites\/6\/2024\/10\/Ange-Frederic-Koffi-First-proposition-word-image-myth-iv-2023-1--scaled.jpg 2560w, https:\/\/www.biennale-photo-mulhouse.com\/2024\/wp-content\/uploads\/sites\/6\/2024\/10\/Ange-Frederic-Koffi-First-proposition-word-image-myth-iv-2023-1--768x576.jpg 768w, https:\/\/www.biennale-photo-mulhouse.com\/2024\/wp-content\/uploads\/sites\/6\/2024\/10\/Ange-Frederic-Koffi-First-proposition-word-image-myth-iv-2023-1--1536x1152.jpg 1536w, https:\/\/www.biennale-photo-mulhouse.com\/2024\/wp-content\/uploads\/sites\/6\/2024\/10\/Ange-Frederic-Koffi-First-proposition-word-image-myth-iv-2023-1--2048x1536.jpg 2048w","medium_srcset":"https:\/\/www.biennale-photo-mulhouse.com\/2024\/wp-content\/uploads\/sites\/6\/2024\/10\/Ange-Frederic-Koffi-First-proposition-word-image-myth-iv-2023-1--scaled.jpg 2560w, https:\/\/www.biennale-photo-mulhouse.com\/2024\/wp-content\/uploads\/sites\/6\/2024\/10\/Ange-Frederic-Koffi-First-proposition-word-image-myth-iv-2023-1--768x576.jpg 768w, https:\/\/www.biennale-photo-mulhouse.com\/2024\/wp-content\/uploads\/sites\/6\/2024\/10\/Ange-Frederic-Koffi-First-proposition-word-image-myth-iv-2023-1--1536x1152.jpg 1536w, https:\/\/www.biennale-photo-mulhouse.com\/2024\/wp-content\/uploads\/sites\/6\/2024\/10\/Ange-Frederic-Koffi-First-proposition-word-image-myth-iv-2023-1--2048x1536.jpg 2048w","media_details":{"width":2560,"height":1920,"sizes":{"medium_large":{"file":"Ange-Frederic-Koffi-First-proposition-word-image-myth-iv-2023-1--768x576.jpg","width":768,"height":576,"mime-type":"image\/jpeg","filesize":158844,"source_url":"https:\/\/www.biennale-photo-mulhouse.com\/2024\/wp-content\/uploads\/sites\/6\/2024\/10\/Ange-Frederic-Koffi-First-proposition-word-image-myth-iv-2023-1--768x576.jpg"},"1536x1536":{"file":"Ange-Frederic-Koffi-First-proposition-word-image-myth-iv-2023-1--1536x1152.jpg","width":1536,"height":1152,"mime-type":"image\/jpeg","filesize":554509,"source_url":"https:\/\/www.biennale-photo-mulhouse.com\/2024\/wp-content\/uploads\/sites\/6\/2024\/10\/Ange-Frederic-Koffi-First-proposition-word-image-myth-iv-2023-1--1536x1152.jpg"},"2048x2048":{"file":"Ange-Frederic-Koffi-First-proposition-word-image-myth-iv-2023-1--2048x1536.jpg","width":2048,"height":1536,"mime-type":"image\/jpeg","filesize":939129,"source_url":"https:\/\/www.biennale-photo-mulhouse.com\/2024\/wp-content\/uploads\/sites\/6\/2024\/10\/Ange-Frederic-Koffi-First-proposition-word-image-myth-iv-2023-1--2048x1536.jpg"}}},"alt_text":"","url":"","target":""}]]}},"yoast_head":"<!-- This site is optimized with the Yoast SEO plugin v21.9.1 - https:\/\/yoast.com\/wordpress\/plugins\/seo\/ -->\n<title>R\u00e9seau LUX #1 - BPM 2024 - Biennale de la Photographie de Mulhouse 2024<\/title>\n<meta name=\"description\" content=\"Le R\u00e9seau LUX organise la 1\u00e8re \u00e9dition d\u2019un \u00e9v\u00e8nement in\u00e9dit baptis\u00e9 R\u00e9seau LUX #1 qui rassemble 23 festivals et foires de photographie.\" \/>\n<meta name=\"robots\" content=\"index, follow, max-snippet:-1, max-image-preview:large, max-video-preview:-1\" \/>\n<link rel=\"canonical\" href=\"https:\/\/www.biennale-photo-mulhouse.com\/2024\/reseau-lux-1\/\" \/>\n<meta property=\"og:locale\" content=\"fr_FR\" \/>\n<meta property=\"og:type\" content=\"article\" \/>\n<meta property=\"og:title\" content=\"R\u00e9seau LUX #1 - BPM 2024 - Biennale de la Photographie de Mulhouse 2024\" \/>\n<meta property=\"og:description\" content=\"Le R\u00e9seau LUX organise la 1\u00e8re \u00e9dition d\u2019un \u00e9v\u00e8nement in\u00e9dit baptis\u00e9 R\u00e9seau LUX #1 qui rassemble 23 festivals et foires de photographie.\" \/>\n<meta property=\"og:url\" content=\"https:\/\/www.biennale-photo-mulhouse.com\/2024\/reseau-lux-1\/\" \/>\n<meta property=\"og:site_name\" content=\"BPM 2024 - Biennale de la Photographie de Mulhouse 2024\" \/>\n<meta property=\"article:publisher\" content=\"https:\/\/www.facebook.com\/BiennaleDeLaPhotographieDeMulhouse\" \/>\n<meta property=\"article:modified_time\" content=\"2024-11-13T06:42:18+00:00\" \/>\n<meta property=\"og:image\" content=\"https:\/\/www.biennale-photo-mulhouse.com\/2024\/wp-content\/uploads\/sites\/6\/2024\/10\/Ange-Frederic-Koffi-First-proposition-word-image-myth-i-2023.jpeg\" \/>\n<meta name=\"twitter:card\" content=\"summary_large_image\" \/>\n<meta name=\"twitter:label1\" content=\"Dur\u00e9e de lecture estim\u00e9e\" \/>\n\t<meta name=\"twitter:data1\" content=\"7 minutes\" \/>\n<script type=\"application\/ld+json\" class=\"yoast-schema-graph\">{\"@context\":\"https:\/\/schema.org\",\"@graph\":[{\"@type\":\"WebPage\",\"@id\":\"https:\/\/www.biennale-photo-mulhouse.com\/2024\/reseau-lux-1\/\",\"url\":\"https:\/\/www.biennale-photo-mulhouse.com\/2024\/reseau-lux-1\/\",\"name\":\"R\u00e9seau LUX #1 - BPM 2024 - Biennale de la Photographie de Mulhouse 2024\",\"isPartOf\":{\"@id\":\"https:\/\/www.biennale-photo-mulhouse.com\/2024\/#website\"},\"datePublished\":\"2024-10-11T10:02:27+00:00\",\"dateModified\":\"2024-11-13T06:42:18+00:00\",\"description\":\"Le R\u00e9seau LUX organise la 1\u00e8re \u00e9dition d\u2019un \u00e9v\u00e8nement in\u00e9dit baptis\u00e9 R\u00e9seau LUX #1 qui rassemble 23 festivals et foires de photographie.\",\"breadcrumb\":{\"@id\":\"https:\/\/www.biennale-photo-mulhouse.com\/2024\/reseau-lux-1\/#breadcrumb\"},\"inLanguage\":\"fr-FR\",\"potentialAction\":[{\"@type\":\"ReadAction\",\"target\":[\"https:\/\/www.biennale-photo-mulhouse.com\/2024\/reseau-lux-1\/\"]}]},{\"@type\":\"BreadcrumbList\",\"@id\":\"https:\/\/www.biennale-photo-mulhouse.com\/2024\/reseau-lux-1\/#breadcrumb\",\"itemListElement\":[{\"@type\":\"ListItem\",\"position\":1,\"name\":\"Accueil\",\"item\":\"https:\/\/www.biennale-photo-mulhouse.com\/2024\/\"},{\"@type\":\"ListItem\",\"position\":2,\"name\":\"R\u00e9seau LUX #1\"}]},{\"@type\":\"WebSite\",\"@id\":\"https:\/\/www.biennale-photo-mulhouse.com\/2024\/#website\",\"url\":\"https:\/\/www.biennale-photo-mulhouse.com\/2024\/\",\"name\":\"Biennale de la Photographie de Mulhouse\",\"description\":\"\",\"potentialAction\":[{\"@type\":\"SearchAction\",\"target\":{\"@type\":\"EntryPoint\",\"urlTemplate\":\"https:\/\/www.biennale-photo-mulhouse.com\/2024\/?s={search_term_string}\"},\"query-input\":\"required name=search_term_string\"}],\"inLanguage\":\"fr-FR\"}]}<\/script>\n<!-- \/ Yoast SEO plugin. -->","yoast_head_json":{"title":"R\u00e9seau LUX #1 - BPM 2024 - Biennale de la Photographie de Mulhouse 2024","description":"Le R\u00e9seau LUX organise la 1\u00e8re \u00e9dition d\u2019un \u00e9v\u00e8nement in\u00e9dit baptis\u00e9 R\u00e9seau LUX #1 qui rassemble 23 festivals et foires de photographie.","robots":{"index":"index","follow":"follow","max-snippet":"max-snippet:-1","max-image-preview":"max-image-preview:large","max-video-preview":"max-video-preview:-1"},"canonical":"https:\/\/www.biennale-photo-mulhouse.com\/2024\/reseau-lux-1\/","og_locale":"fr_FR","og_type":"article","og_title":"R\u00e9seau LUX #1 - BPM 2024 - Biennale de la Photographie de Mulhouse 2024","og_description":"Le R\u00e9seau LUX organise la 1\u00e8re \u00e9dition d\u2019un \u00e9v\u00e8nement in\u00e9dit baptis\u00e9 R\u00e9seau LUX #1 qui rassemble 23 festivals et foires de photographie.","og_url":"https:\/\/www.biennale-photo-mulhouse.com\/2024\/reseau-lux-1\/","og_site_name":"BPM 2024 - Biennale de la Photographie de Mulhouse 2024","article_publisher":"https:\/\/www.facebook.com\/BiennaleDeLaPhotographieDeMulhouse","article_modified_time":"2024-11-13T06:42:18+00:00","og_image":[{"url":"https:\/\/www.biennale-photo-mulhouse.com\/2024\/wp-content\/uploads\/sites\/6\/2024\/10\/Ange-Frederic-Koffi-First-proposition-word-image-myth-i-2023.jpeg"}],"twitter_card":"summary_large_image","twitter_misc":{"Dur\u00e9e de lecture estim\u00e9e":"7 minutes"},"schema":{"@context":"https:\/\/schema.org","@graph":[{"@type":"WebPage","@id":"https:\/\/www.biennale-photo-mulhouse.com\/2024\/reseau-lux-1\/","url":"https:\/\/www.biennale-photo-mulhouse.com\/2024\/reseau-lux-1\/","name":"R\u00e9seau LUX #1 - BPM 2024 - Biennale de la Photographie de Mulhouse 2024","isPartOf":{"@id":"https:\/\/www.biennale-photo-mulhouse.com\/2024\/#website"},"datePublished":"2024-10-11T10:02:27+00:00","dateModified":"2024-11-13T06:42:18+00:00","description":"Le R\u00e9seau LUX organise la 1\u00e8re \u00e9dition d\u2019un \u00e9v\u00e8nement in\u00e9dit baptis\u00e9 R\u00e9seau LUX #1 qui rassemble 23 festivals et foires de photographie.","breadcrumb":{"@id":"https:\/\/www.biennale-photo-mulhouse.com\/2024\/reseau-lux-1\/#breadcrumb"},"inLanguage":"fr-FR","potentialAction":[{"@type":"ReadAction","target":["https:\/\/www.biennale-photo-mulhouse.com\/2024\/reseau-lux-1\/"]}]},{"@type":"BreadcrumbList","@id":"https:\/\/www.biennale-photo-mulhouse.com\/2024\/reseau-lux-1\/#breadcrumb","itemListElement":[{"@type":"ListItem","position":1,"name":"Accueil","item":"https:\/\/www.biennale-photo-mulhouse.com\/2024\/"},{"@type":"ListItem","position":2,"name":"R\u00e9seau LUX #1"}]},{"@type":"WebSite","@id":"https:\/\/www.biennale-photo-mulhouse.com\/2024\/#website","url":"https:\/\/www.biennale-photo-mulhouse.com\/2024\/","name":"Biennale de la Photographie de Mulhouse","description":"","potentialAction":[{"@type":"SearchAction","target":{"@type":"EntryPoint","urlTemplate":"https:\/\/www.biennale-photo-mulhouse.com\/2024\/?s={search_term_string}"},"query-input":"required name=search_term_string"}],"inLanguage":"fr-FR"}]}},"_links":{"self":[{"href":"https:\/\/www.biennale-photo-mulhouse.com\/2024\/wp-json\/wp\/v2\/pages\/761","targetHints":{"allow":["GET"]}}],"collection":[{"href":"https:\/\/www.biennale-photo-mulhouse.com\/2024\/wp-json\/wp\/v2\/pages"}],"about":[{"href":"https:\/\/www.biennale-photo-mulhouse.com\/2024\/wp-json\/wp\/v2\/types\/page"}],"author":[{"embeddable":true,"href":"https:\/\/www.biennale-photo-mulhouse.com\/2024\/wp-json\/wp\/v2\/users\/3"}],"replies":[{"embeddable":true,"href":"https:\/\/www.biennale-photo-mulhouse.com\/2024\/wp-json\/wp\/v2\/comments?post=761"}],"version-history":[{"count":19,"href":"https:\/\/www.biennale-photo-mulhouse.com\/2024\/wp-json\/wp\/v2\/pages\/761\/revisions"}],"predecessor-version":[{"id":807,"href":"https:\/\/www.biennale-photo-mulhouse.com\/2024\/wp-json\/wp\/v2\/pages\/761\/revisions\/807"}],"wp:attachment":[{"href":"https:\/\/www.biennale-photo-mulhouse.com\/2024\/wp-json\/wp\/v2\/media?parent=761"}],"wp:term":[{"taxonomy":"category","embeddable":true,"href":"https:\/\/www.biennale-photo-mulhouse.com\/2024\/wp-json\/wp\/v2\/categories?post=761"}],"curies":[{"name":"wp","href":"https:\/\/api.w.org\/{rel}","templated":true}]}}