{"id":386,"date":"2024-06-03T12:28:57","date_gmt":"2024-06-03T10:28:57","guid":{"rendered":"https:\/\/www.biennale-photo-mulhouse.com\/2024\/?page_id=386"},"modified":"2024-07-12T13:55:54","modified_gmt":"2024-07-12T11:55:54","slug":"tom-spach-high-garden","status":"publish","type":"page","link":"https:\/\/www.biennale-photo-mulhouse.com\/2024\/tom-spach-high-garden\/","title":{"rendered":"Tom Spach, High Garden"},"content":{"rendered":"<p><span class=\"small\"><strong> FR\/ENG \u2193<\/strong><\/span><\/p>\n<h1><span class=\"theme_color\"><em>High Garden<\/em><\/span><\/h1>\n<h2>Tom Spach<\/h2>\n<p><strong>Centre Culturel Fran\u00e7ais de Fribourg, Fribourg-en-Brisgau (DE)<\/strong><\/p>\n<p>12 septembre &#8211; 25 octobre 2024<\/p>\n<p class=\"cancel_mt\"><span class=\"theme_color\"> vendredi 13 septembre jusqu\u2019\u00e0 21h<\/span><\/p>\n<p class=\"cancel_mt\"><span class=\"theme_color\">lundi, mardi, jeudi: 9h-17h15, mercredi: 10h-17h15, vendredi: 9h-13h45, samedi: voir dates sur <a href=\"http:\/\/www.ccf-fr.de\" target=\"_blank\" rel=\"noopener\">www.ccf-fr.de<\/a><br \/>\n<strong>Vernissage le 12 septembre \u00e0 19h<\/strong><\/span><\/p>\n<p>Contrairement \u00e0 la plupart des villes, o\u00f9 les ensembles les plus denses sont localis\u00e9s uniquement dans les centres urbains et ne repr\u00e9sentent qu\u2019une partie des constructions, \u00e0 Hong Kong la densit\u00e9 est partout, y compris en contact direct avec les milieux naturels attenants \u00e0 la ville. En effet, la m\u00e9galopole est\u00a0 r\u00e9guli\u00e8rement cit\u00e9e pour sa tr\u00e8s forte densit\u00e9 de population autant que de constructions mais elle prend n\u00e9anmoins place sur un territoire compos\u00e9 majoritairement de montagnes, for\u00eats et prairies riches en biodiversit\u00e9. <em><span class=\"theme_color\">High Garden<\/span> <\/em>approche la relation entre l\u2019urbain et le v\u00e9g\u00e9tal \u00e0 Hong Kong, en s\u2019attachant aux franges, aux interstices, depuis les d\u00e9dales des tours d\u2019immeubles jusqu\u2019aux for\u00eats tropicales environnantes. Le projet questionne notre mani\u00e8re de cohabiter en milieu urbain avec notre environnement naturel et la place de la nature en ville.<\/p>\n<p>N\u00e9 en 1987, Tom Spach est un photographe fran\u00e7ais vivant dans le massif des Vosges. Sa photographie s\u2019attache principalement aux territoires et \u00e0 leurs interfaces, une approche d\u00e9velopp\u00e9e \u00e0 travers sa formation d\u2019urbaniste. Sa s\u00e9rie <span class=\"theme_color\"><em>High Garden<\/em><\/span> a \u00e9t\u00e9 retenue parmi les finalistes du Prix Levallois 2020 et a fait l\u2019objet d\u2019un livre publi\u00e9 par Kehrer Verlag.<\/p>\n<p><strong>L\u2019exposition a \u00e9t\u00e9 r\u00e9alis\u00e9e sur une proposition de Florence Dancoisne, directrice du CCFF.<\/strong><\/p>\n<p><span class=\"theme_color\"><em>Unlike most cities, where the densest buildings are located only in the urban centers and represent only a fraction of the total, Hong Kong&rsquo;s density is everywhere, including in direct contact with the city&rsquo;s adjoining natural environments. Indeed, the megalopolis is often cited for its high population and building density, yet it is located on a territory composed mainly of mountains, forests and meadows rich in biodiversity. <\/em>High Garden<em> explores the relationship between the urban and the vegetation in Hong Kong, focusing on the edges, the interstices, from the maze of high-rise buildings to the surrounding tropical forests. The project questions the way we live together in an urban environment with our natural surroundings, and the place of nature in the city.<\/em><\/span><\/p>\n<p><span class=\"theme_color\"><em>Born in 1987, Tom Spach is a French photographer living in the Vosges mountains. His photography focuses on territories and their interfaces, an approach developed through his training as an urban planner. His <\/em>High Garden<em> series was shortlisted for the Prix Levallois 2020, and was the subject of a book published by Kehrer Verlag.<\/em><\/span><\/p>\n<p><strong><span class=\"theme_color\"><em>The exhibition was proposed by Florence Dancoisne, director of the CCFF.<\/em><\/span><\/strong><\/p>\n<p><a href=\"https:\/\/www.instagram.com\/tomspach\/\" target=\"_blank\" rel=\"noopener\">www.instagram.com\/tomspach\/<\/a><\/p>\n<p><a href=\"https:\/\/www.tomspach.com\/\" target=\"_blank\" rel=\"noopener\">www.tomspach.com\/<\/a><\/p>\n<p><img loading=\"lazy\" decoding=\"async\" class=\"alignnone size-full wp-image-388\" src=\"https:\/\/www.biennale-photo-mulhouse.com\/2024\/wp-content\/uploads\/sites\/6\/2024\/05\/1.jpg\" alt=\"\" width=\"2000\" height=\"1500\" srcset=\"https:\/\/www.biennale-photo-mulhouse.com\/2024\/wp-content\/uploads\/sites\/6\/2024\/05\/1.jpg 2000w, https:\/\/www.biennale-photo-mulhouse.com\/2024\/wp-content\/uploads\/sites\/6\/2024\/05\/1-768x576.jpg 768w, https:\/\/www.biennale-photo-mulhouse.com\/2024\/wp-content\/uploads\/sites\/6\/2024\/05\/1-1536x1152.jpg 1536w\" sizes=\"auto, (max-width: 2000px) 100vw, 2000px\" \/><\/p>\n<p class=\"img_caption\">Tom Spach, <em>High Garden<\/em>, 2019.<\/p>\n","protected":false},"excerpt":{"rendered":"<p>FR\/ENG \u2193 High Garden Tom Spach Centre Culturel Fran\u00e7ais de Fribourg, Fribourg-en-Brisgau (DE) 12 septembre &#8211; 25 octobre 2024 vendredi 13 septembre jusqu\u2019\u00e0 21h lundi, mardi, jeudi: 9h-17h15, mercredi: 10h-17h15, vendredi: 9h-13h45, samedi: voir dates sur www.ccf-fr.de Vernissage le 12 septembre \u00e0 19h Contrairement \u00e0 la plupart des villes, o\u00f9 les ensembles les plus denses [&hellip;]<\/p>\n","protected":false},"author":3,"featured_media":0,"parent":0,"menu_order":0,"comment_status":"closed","ping_status":"closed","template":"","meta":{"footnotes":""},"categories":[9],"class_list":["post-386","page","type-page","status-publish","hentry","category-expositions"],"acf":{"photo_gallery":{"gallery":[[{"id":387,"title":"Copie de 2","caption":"Tom Spach, <i>High Garden <\/i>, 2019.","full_image_url":"https:\/\/www.biennale-photo-mulhouse.com\/2024\/wp-content\/uploads\/sites\/6\/2024\/05\/Copie-de-2.jpg","thumbnail_image_url":"https:\/\/www.biennale-photo-mulhouse.com\/2024\/wp-content\/uploads\/sites\/6\/2024\/05\/Copie-de-2.jpg","large_srcset":"https:\/\/www.biennale-photo-mulhouse.com\/2024\/wp-content\/uploads\/sites\/6\/2024\/05\/Copie-de-2.jpg 2000w, https:\/\/www.biennale-photo-mulhouse.com\/2024\/wp-content\/uploads\/sites\/6\/2024\/05\/Copie-de-2-768x576.jpg 768w, https:\/\/www.biennale-photo-mulhouse.com\/2024\/wp-content\/uploads\/sites\/6\/2024\/05\/Copie-de-2-1536x1152.jpg 1536w","medium_srcset":"https:\/\/www.biennale-photo-mulhouse.com\/2024\/wp-content\/uploads\/sites\/6\/2024\/05\/Copie-de-2.jpg 2000w, https:\/\/www.biennale-photo-mulhouse.com\/2024\/wp-content\/uploads\/sites\/6\/2024\/05\/Copie-de-2-768x576.jpg 768w, https:\/\/www.biennale-photo-mulhouse.com\/2024\/wp-content\/uploads\/sites\/6\/2024\/05\/Copie-de-2-1536x1152.jpg 1536w","media_details":{"width":2000,"height":1500,"sizes":{"medium_large":{"file":"Copie-de-2-768x576.jpg","width":768,"height":576,"mime-type":"image\/jpeg","filesize":123053,"source_url":"https:\/\/www.biennale-photo-mulhouse.com\/2024\/wp-content\/uploads\/sites\/6\/2024\/05\/Copie-de-2-768x576.jpg"},"1536x1536":{"file":"Copie-de-2-1536x1152.jpg","width":1536,"height":1152,"mime-type":"image\/jpeg","filesize":467911,"source_url":"https:\/\/www.biennale-photo-mulhouse.com\/2024\/wp-content\/uploads\/sites\/6\/2024\/05\/Copie-de-2-1536x1152.jpg"}}},"alt_text":"","url":"","target":""}]]}},"yoast_head":"<!-- This site is optimized with the Yoast SEO plugin v21.9.1 - https:\/\/yoast.com\/wordpress\/plugins\/seo\/ -->\n<title>Tom Spach, High Garden - BPM 2024 - Biennale de la Photographie de Mulhouse 2024<\/title>\n<meta name=\"robots\" content=\"index, follow, max-snippet:-1, max-image-preview:large, max-video-preview:-1\" \/>\n<link rel=\"canonical\" href=\"https:\/\/www.biennale-photo-mulhouse.com\/2024\/tom-spach-high-garden\/\" \/>\n<meta property=\"og:locale\" content=\"fr_FR\" \/>\n<meta property=\"og:type\" content=\"article\" \/>\n<meta property=\"og:title\" content=\"Tom Spach, High Garden - BPM 2024 - Biennale de la Photographie de Mulhouse 2024\" \/>\n<meta property=\"og:description\" content=\"FR\/ENG \u2193 High Garden Tom Spach Centre Culturel Fran\u00e7ais de Fribourg, Fribourg-en-Brisgau (DE) 12 septembre &#8211; 25 octobre 2024 vendredi 13 septembre jusqu\u2019\u00e0 21h lundi, mardi, jeudi: 9h-17h15, mercredi: 10h-17h15, vendredi: 9h-13h45, samedi: voir dates sur www.ccf-fr.de Vernissage le 12 septembre \u00e0 19h Contrairement \u00e0 la plupart des villes, o\u00f9 les ensembles les plus denses [&hellip;]\" \/>\n<meta property=\"og:url\" content=\"https:\/\/www.biennale-photo-mulhouse.com\/2024\/tom-spach-high-garden\/\" \/>\n<meta property=\"og:site_name\" content=\"BPM 2024 - Biennale de la Photographie de Mulhouse 2024\" \/>\n<meta property=\"article:publisher\" content=\"https:\/\/www.facebook.com\/BiennaleDeLaPhotographieDeMulhouse\" \/>\n<meta property=\"article:modified_time\" content=\"2024-07-12T11:55:54+00:00\" \/>\n<meta property=\"og:image\" content=\"https:\/\/www.biennale-photo-mulhouse.com\/2024\/wp-content\/uploads\/sites\/6\/2024\/05\/1.jpg\" \/>\n<meta name=\"twitter:card\" content=\"summary_large_image\" \/>\n<meta name=\"twitter:label1\" content=\"Dur\u00e9e de lecture estim\u00e9e\" \/>\n\t<meta name=\"twitter:data1\" content=\"3 minutes\" \/>\n<script type=\"application\/ld+json\" class=\"yoast-schema-graph\">{\"@context\":\"https:\/\/schema.org\",\"@graph\":[{\"@type\":\"WebPage\",\"@id\":\"https:\/\/www.biennale-photo-mulhouse.com\/2024\/tom-spach-high-garden\/\",\"url\":\"https:\/\/www.biennale-photo-mulhouse.com\/2024\/tom-spach-high-garden\/\",\"name\":\"Tom Spach, High Garden - BPM 2024 - Biennale de la Photographie de Mulhouse 2024\",\"isPartOf\":{\"@id\":\"https:\/\/www.biennale-photo-mulhouse.com\/2024\/#website\"},\"datePublished\":\"2024-06-03T10:28:57+00:00\",\"dateModified\":\"2024-07-12T11:55:54+00:00\",\"breadcrumb\":{\"@id\":\"https:\/\/www.biennale-photo-mulhouse.com\/2024\/tom-spach-high-garden\/#breadcrumb\"},\"inLanguage\":\"fr-FR\",\"potentialAction\":[{\"@type\":\"ReadAction\",\"target\":[\"https:\/\/www.biennale-photo-mulhouse.com\/2024\/tom-spach-high-garden\/\"]}]},{\"@type\":\"BreadcrumbList\",\"@id\":\"https:\/\/www.biennale-photo-mulhouse.com\/2024\/tom-spach-high-garden\/#breadcrumb\",\"itemListElement\":[{\"@type\":\"ListItem\",\"position\":1,\"name\":\"Accueil\",\"item\":\"https:\/\/www.biennale-photo-mulhouse.com\/2024\/\"},{\"@type\":\"ListItem\",\"position\":2,\"name\":\"Tom Spach, High Garden\"}]},{\"@type\":\"WebSite\",\"@id\":\"https:\/\/www.biennale-photo-mulhouse.com\/2024\/#website\",\"url\":\"https:\/\/www.biennale-photo-mulhouse.com\/2024\/\",\"name\":\"Biennale de la Photographie de Mulhouse\",\"description\":\"\",\"potentialAction\":[{\"@type\":\"SearchAction\",\"target\":{\"@type\":\"EntryPoint\",\"urlTemplate\":\"https:\/\/www.biennale-photo-mulhouse.com\/2024\/?s={search_term_string}\"},\"query-input\":\"required name=search_term_string\"}],\"inLanguage\":\"fr-FR\"}]}<\/script>\n<!-- \/ Yoast SEO plugin. -->","yoast_head_json":{"title":"Tom Spach, High Garden - BPM 2024 - Biennale de la Photographie de Mulhouse 2024","robots":{"index":"index","follow":"follow","max-snippet":"max-snippet:-1","max-image-preview":"max-image-preview:large","max-video-preview":"max-video-preview:-1"},"canonical":"https:\/\/www.biennale-photo-mulhouse.com\/2024\/tom-spach-high-garden\/","og_locale":"fr_FR","og_type":"article","og_title":"Tom Spach, High Garden - BPM 2024 - Biennale de la Photographie de Mulhouse 2024","og_description":"FR\/ENG \u2193 High Garden Tom Spach Centre Culturel Fran\u00e7ais de Fribourg, Fribourg-en-Brisgau (DE) 12 septembre &#8211; 25 octobre 2024 vendredi 13 septembre jusqu\u2019\u00e0 21h lundi, mardi, jeudi: 9h-17h15, mercredi: 10h-17h15, vendredi: 9h-13h45, samedi: voir dates sur www.ccf-fr.de Vernissage le 12 septembre \u00e0 19h Contrairement \u00e0 la plupart des villes, o\u00f9 les ensembles les plus denses [&hellip;]","og_url":"https:\/\/www.biennale-photo-mulhouse.com\/2024\/tom-spach-high-garden\/","og_site_name":"BPM 2024 - Biennale de la Photographie de Mulhouse 2024","article_publisher":"https:\/\/www.facebook.com\/BiennaleDeLaPhotographieDeMulhouse","article_modified_time":"2024-07-12T11:55:54+00:00","og_image":[{"url":"https:\/\/www.biennale-photo-mulhouse.com\/2024\/wp-content\/uploads\/sites\/6\/2024\/05\/1.jpg"}],"twitter_card":"summary_large_image","twitter_misc":{"Dur\u00e9e de lecture estim\u00e9e":"3 minutes"},"schema":{"@context":"https:\/\/schema.org","@graph":[{"@type":"WebPage","@id":"https:\/\/www.biennale-photo-mulhouse.com\/2024\/tom-spach-high-garden\/","url":"https:\/\/www.biennale-photo-mulhouse.com\/2024\/tom-spach-high-garden\/","name":"Tom Spach, High Garden - BPM 2024 - Biennale de la Photographie de Mulhouse 2024","isPartOf":{"@id":"https:\/\/www.biennale-photo-mulhouse.com\/2024\/#website"},"datePublished":"2024-06-03T10:28:57+00:00","dateModified":"2024-07-12T11:55:54+00:00","breadcrumb":{"@id":"https:\/\/www.biennale-photo-mulhouse.com\/2024\/tom-spach-high-garden\/#breadcrumb"},"inLanguage":"fr-FR","potentialAction":[{"@type":"ReadAction","target":["https:\/\/www.biennale-photo-mulhouse.com\/2024\/tom-spach-high-garden\/"]}]},{"@type":"BreadcrumbList","@id":"https:\/\/www.biennale-photo-mulhouse.com\/2024\/tom-spach-high-garden\/#breadcrumb","itemListElement":[{"@type":"ListItem","position":1,"name":"Accueil","item":"https:\/\/www.biennale-photo-mulhouse.com\/2024\/"},{"@type":"ListItem","position":2,"name":"Tom Spach, High Garden"}]},{"@type":"WebSite","@id":"https:\/\/www.biennale-photo-mulhouse.com\/2024\/#website","url":"https:\/\/www.biennale-photo-mulhouse.com\/2024\/","name":"Biennale de la Photographie de Mulhouse","description":"","potentialAction":[{"@type":"SearchAction","target":{"@type":"EntryPoint","urlTemplate":"https:\/\/www.biennale-photo-mulhouse.com\/2024\/?s={search_term_string}"},"query-input":"required name=search_term_string"}],"inLanguage":"fr-FR"}]}},"_links":{"self":[{"href":"https:\/\/www.biennale-photo-mulhouse.com\/2024\/wp-json\/wp\/v2\/pages\/386","targetHints":{"allow":["GET"]}}],"collection":[{"href":"https:\/\/www.biennale-photo-mulhouse.com\/2024\/wp-json\/wp\/v2\/pages"}],"about":[{"href":"https:\/\/www.biennale-photo-mulhouse.com\/2024\/wp-json\/wp\/v2\/types\/page"}],"author":[{"embeddable":true,"href":"https:\/\/www.biennale-photo-mulhouse.com\/2024\/wp-json\/wp\/v2\/users\/3"}],"replies":[{"embeddable":true,"href":"https:\/\/www.biennale-photo-mulhouse.com\/2024\/wp-json\/wp\/v2\/comments?post=386"}],"version-history":[{"count":7,"href":"https:\/\/www.biennale-photo-mulhouse.com\/2024\/wp-json\/wp\/v2\/pages\/386\/revisions"}],"predecessor-version":[{"id":622,"href":"https:\/\/www.biennale-photo-mulhouse.com\/2024\/wp-json\/wp\/v2\/pages\/386\/revisions\/622"}],"wp:attachment":[{"href":"https:\/\/www.biennale-photo-mulhouse.com\/2024\/wp-json\/wp\/v2\/media?parent=386"}],"wp:term":[{"taxonomy":"category","embeddable":true,"href":"https:\/\/www.biennale-photo-mulhouse.com\/2024\/wp-json\/wp\/v2\/categories?post=386"}],"curies":[{"name":"wp","href":"https:\/\/api.w.org\/{rel}","templated":true}]}}