{"id":356,"date":"2024-06-03T12:25:24","date_gmt":"2024-06-03T10:25:24","guid":{"rendered":"https:\/\/www.biennale-photo-mulhouse.com\/2024\/?page_id=356"},"modified":"2024-09-04T16:20:44","modified_gmt":"2024-09-04T14:20:44","slug":"laurence-kubski-big-fish","status":"publish","type":"page","link":"https:\/\/www.biennale-photo-mulhouse.com\/2024\/laurence-kubski-big-fish\/","title":{"rendered":"Laurence Kubski, Big Fish"},"content":{"rendered":"<p><strong><span class=\"small\"> FR\/ENG \u2193<\/span><\/strong><\/p>\n<h1><span class=\"theme_color\"><em>Big Fish<\/em><\/span><\/h1>\n<h2>Laurence Kubski<\/h2>\n<p><strong>La KunsTURM, Tour de l\u2019Europe (22e \u00e9tage), Mulhouse<\/strong><\/p>\n<p><span class=\"theme_color\">14 septembre &#8211; 13 octobre 2024<\/span><\/p>\n<p class=\"cancel_mt\"><span class=\"theme_color\">samedi et dimanche : 14h-19h, les autres jours sur rendez-vous<br \/>\n<strong>Visite inaugurale le 15 septembre \u00e0 partir de 11h<\/strong><br \/>\n<\/span><\/p>\n<p>Pour son travail documentaire <span class=\"theme_color\"><em>Big Fish<\/em><\/span>, Laurence Kubski s\u2019est plong\u00e9e dans l\u2019univers des poissons d\u2019aquarium. Commun\u00e9ment appel\u00e9s poissons d\u2019ornement et d\u00e9nombr\u00e9s \u00e0 plus de trois millions en Suisse, la majorit\u00e9 des poissons d\u2019eau de mer est captur\u00e9e directement dans la nature. Apr\u00e8s de nombreuses recherches sur ces univers marins cr\u00e9\u00e9s artificiellement par l\u2019\u00eatre humain et mis en sc\u00e8ne de mani\u00e8re complexe, l\u2019artiste a retrouv\u00e9 la trace de chaque acteur du secteur : des magasins locaux aux grossistes les plus importants du monde en passant par les v\u00e9t\u00e9rinaires qui contr\u00f4lent les importations \u00e0 la fronti\u00e8re, jusqu\u2019\u00e0 des p\u00eacheurs en Indon\u00e9sie, le plus grand pays exportateur au monde.<\/p>\n<p>L\u2019installation photographique qui r\u00e9sulte de ses recherches est compos\u00e9e d\u2019images qui emm\u00e8nent le public dans les coulisses de cette industrie complexe. Elle questionne le paradoxe intrins\u00e8que de ces environnements marins reproduits en miniature et de mani\u00e8re sophistiqu\u00e9e au profit d\u2019un plaisir esth\u00e9tique. Bien qu\u2019elle g\u00e9n\u00e8re une source de revenus souvent importante pour les habitant\u00b7e\u00b7s des pays en d\u00e9veloppement et implique un certain savoir-faire, cette industrie autorise la manipulation d\u2019\u00eatres vivants et perturbe tout un \u00e9cosyst\u00e8me. Un paradoxe dans lequel l\u2019artiste nous immerge.<\/p>\n<p>Laurence Kubski (1986) est une photographe suisse bas\u00e9e \u00e0 Lausanne. Elle a obtenu un Bachelor en communication visuelle et un Master en direction artistique \u00e0 l\u2019ECAL, Lausanne. Son travail photographique artistique gravite autour des interactions entre les humains et les animaux dans diff\u00e9rentes cultures. Laur\u00e9ate des Prix suisses de design et de l\u2019Enqu\u00eate photographique fribourgeoise en 2023, elle a \u00e9t\u00e9 finaliste du Festival international de mode, de photographie et d\u2019accessoires \u00e0 Hy\u00e8res en 2020 et 2024, nomin\u00e9e pour les prix Voies Off Festival \u00e0 Arles en 2018, et a re\u00e7u le premier prix vfg des jeunes talents en photographie en 2017. Son travail a entre autres \u00e9t\u00e9 publi\u00e9 dans National Geographic Traveler Chine et Fisheye magazine, et fait partie de la collection de Fotostftung Schweiz. <span class=\"theme_color\"><em>Crickets<\/em><\/span>, sa premi\u00e8re monographie a \u00e9t\u00e9 publi\u00e9e par Simonett &amp; Baer en 2020.<\/p>\n<p><strong>Cette exposition est pr\u00e9sent\u00e9e en partenariat avec les <a href=\"https:\/\/bielerfototage.ch\/fr\/\" target=\"_blank\" rel=\"noopener\">Journ\u00e9es Photographiques de Bienne<\/a>, qui l\u2019ont accueillie lors de son \u00e9dition 2024. Un commissariat de Sarah Girard, directrice.<\/strong><\/p>\n<p><strong>Situ\u00e9e dans l\u2019embl\u00e9matique Tour de l\u2019Europe, La KunsTURM est un nouveau lieu d\u00e9di\u00e9 \u00e0 l\u2019art contemporain.<\/strong><\/p>\n<p><span class=\"theme_color\"><em> For her documentary work <\/em>Big Fish<em>, Laurence Kubski immersed herself in the world of aquarium fish. Often called ornamental fish, of which there are more than three million in Switzerland, most saltwater fish are caught directly in their natural habitat. After extensive research on the artificial marine environments created by humans and displayed in complex ways, Kubski tracked down the various players in the sector, from local shops to the biggest wholesalers in the world, and along the way the veterinarians who control importation at the border, to fishers in Indonesia, the world\u2019s biggest exporting country.<\/em><\/span><\/p>\n<p><span class=\"theme_color\"><em>The photo installation resulting from her research is made up of images that lead viewers through the corridors of this complex industry. She looks at the intrinsic paradox of these marine environments that are reproduced in miniature in sophisticated ways for the sake of aesthetic pleasure. While this industry is an important source of revenue for people in developing countries and requires knowledge and expertise, it is also essentially about manipulating living beings and disturbing ecosystems. This is the paradox into which we are plunged by Kubski\u2019s work.<\/em><\/span><\/p>\n<p><span class=\"theme_color\"><em>Laurence Kubski is a Swiss photographer born in 1986. She studied at ECAL\/University of Art and Design Lausanne (MA in Art Direction &amp; BA in Graphic Design) and currently lives and works in Lausanne.\u00a0 \u200b Her artistic work is centred on the way people interact with animals in different cultures. She has received the Swiss Young Talent Award for Photography in 2017, been nominated for the Voies Off Festival Awards in Arles in 2018, finalist of the Hy\u00e8res photography competition at Villa Noailles in 2020 and 2024, laureate of the Swiss Design Awards and Enqu\u00eate photographique fribourgeoise in 2023.\u00a0 \u200b Her work has been shown at the Copenhagen Photo Festival and during les Rencontres de la Photographie d\u2019Arles in 2018, while her graphic work received the 100 Beste Plakate accolade in 2019. Her first monographic book, <\/em>Crickets<em>, has been published by Simonett &amp; Baer in 2020.<\/em><\/span><\/p>\n<p><em><span class=\"theme_color\"><strong>This exhibition is presented in partnership with the Bienne festival of photography, which hosted it at its 2024 edition. Curated by Sarah Girard, Director.<\/strong><\/span><\/em><\/p>\n<p><em><span class=\"theme_color\"><strong>Located in the emblematic Europe Tower, KunsTURM is a new venue dedicated to contemporary art.<\/strong><\/span><\/em><\/p>\n<p><a href=\"http:\/\/www.instagram.com\/laurencekubski\/\" target=\"_blank\" rel=\"noopener\">www.instagram.com\/laurencekubski\/<\/a><\/p>\n<p><a href=\"https:\/\/www.laurence-kubski.com\/\" target=\"_blank\" rel=\"noopener\">www.laurence-kubski.com\/<\/a><\/p>\n<p><img loading=\"lazy\" decoding=\"async\" class=\"alignnone size-full wp-image-359\" src=\"https:\/\/www.biennale-photo-mulhouse.com\/2024\/wp-content\/uploads\/sites\/6\/2024\/05\/KUBSKI_Laurence_BigFish_03-presse_LD.jpg\" alt=\"\" width=\"1333\" height=\"2000\" srcset=\"https:\/\/www.biennale-photo-mulhouse.com\/2024\/wp-content\/uploads\/sites\/6\/2024\/05\/KUBSKI_Laurence_BigFish_03-presse_LD.jpg 1333w, https:\/\/www.biennale-photo-mulhouse.com\/2024\/wp-content\/uploads\/sites\/6\/2024\/05\/KUBSKI_Laurence_BigFish_03-presse_LD-768x1152.jpg 768w, https:\/\/www.biennale-photo-mulhouse.com\/2024\/wp-content\/uploads\/sites\/6\/2024\/05\/KUBSKI_Laurence_BigFish_03-presse_LD-1024x1536.jpg 1024w\" sizes=\"auto, (max-width: 1333px) 100vw, 1333px\" \/><\/p>\n<p class=\"img_caption\">Laurence Kubski, <em>Big Fish, Indonesian fisherman<\/em>.<\/p>\n","protected":false},"excerpt":{"rendered":"<p>FR\/ENG \u2193 Big Fish Laurence Kubski La KunsTURM, Tour de l\u2019Europe (22e \u00e9tage), Mulhouse 14 septembre &#8211; 13 octobre 2024 samedi et dimanche : 14h-19h, les autres jours sur rendez-vous Visite inaugurale le 15 septembre \u00e0 partir de 11h Pour son travail documentaire Big Fish, Laurence Kubski s\u2019est plong\u00e9e dans l\u2019univers des poissons d\u2019aquarium. Commun\u00e9ment [&hellip;]<\/p>\n","protected":false},"author":3,"featured_media":0,"parent":0,"menu_order":0,"comment_status":"closed","ping_status":"closed","template":"","meta":{"footnotes":""},"categories":[9],"class_list":["post-356","page","type-page","status-publish","hentry","category-expositions"],"acf":{"photo_gallery":{"gallery":[[{"id":357,"title":"Copie de KUBSKI_Laurence_BigFish_02-presse_LD","caption":"Laurence Kubski, <i>Big Fish, French jellyfish farm <\/i>.","full_image_url":"https:\/\/www.biennale-photo-mulhouse.com\/2024\/wp-content\/uploads\/sites\/6\/2024\/05\/Copie-de-KUBSKI_Laurence_BigFish_02-presse_LD.jpg","thumbnail_image_url":"https:\/\/www.biennale-photo-mulhouse.com\/2024\/wp-content\/uploads\/sites\/6\/2024\/05\/Copie-de-KUBSKI_Laurence_BigFish_02-presse_LD.jpg","large_srcset":"https:\/\/www.biennale-photo-mulhouse.com\/2024\/wp-content\/uploads\/sites\/6\/2024\/05\/Copie-de-KUBSKI_Laurence_BigFish_02-presse_LD.jpg 1333w, https:\/\/www.biennale-photo-mulhouse.com\/2024\/wp-content\/uploads\/sites\/6\/2024\/05\/Copie-de-KUBSKI_Laurence_BigFish_02-presse_LD-768x1152.jpg 768w, https:\/\/www.biennale-photo-mulhouse.com\/2024\/wp-content\/uploads\/sites\/6\/2024\/05\/Copie-de-KUBSKI_Laurence_BigFish_02-presse_LD-1024x1536.jpg 1024w","medium_srcset":"https:\/\/www.biennale-photo-mulhouse.com\/2024\/wp-content\/uploads\/sites\/6\/2024\/05\/Copie-de-KUBSKI_Laurence_BigFish_02-presse_LD.jpg 1333w, https:\/\/www.biennale-photo-mulhouse.com\/2024\/wp-content\/uploads\/sites\/6\/2024\/05\/Copie-de-KUBSKI_Laurence_BigFish_02-presse_LD-768x1152.jpg 768w, https:\/\/www.biennale-photo-mulhouse.com\/2024\/wp-content\/uploads\/sites\/6\/2024\/05\/Copie-de-KUBSKI_Laurence_BigFish_02-presse_LD-1024x1536.jpg 1024w","media_details":{"width":1333,"height":2000,"sizes":{"medium_large":{"file":"Copie-de-KUBSKI_Laurence_BigFish_02-presse_LD-768x1152.jpg","width":768,"height":1152,"mime-type":"image\/jpeg","filesize":206964,"source_url":"https:\/\/www.biennale-photo-mulhouse.com\/2024\/wp-content\/uploads\/sites\/6\/2024\/05\/Copie-de-KUBSKI_Laurence_BigFish_02-presse_LD-768x1152.jpg"},"1536x1536":{"file":"Copie-de-KUBSKI_Laurence_BigFish_02-presse_LD-1024x1536.jpg","width":1024,"height":1536,"mime-type":"image\/jpeg","filesize":330809,"source_url":"https:\/\/www.biennale-photo-mulhouse.com\/2024\/wp-content\/uploads\/sites\/6\/2024\/05\/Copie-de-KUBSKI_Laurence_BigFish_02-presse_LD-1024x1536.jpg"}}},"alt_text":"","url":"","target":""}]]}},"yoast_head":"<!-- This site is optimized with the Yoast SEO plugin v21.9.1 - https:\/\/yoast.com\/wordpress\/plugins\/seo\/ -->\n<title>Laurence Kubski, Big Fish - BPM 2024 - Biennale de la Photographie de Mulhouse 2024<\/title>\n<meta name=\"description\" content=\"Pour son travail documentaire Big Fish, Laurence Kubski s\u2019est plong\u00e9e dans l\u2019univers des poissons d\u2019aquarium.\" \/>\n<meta name=\"robots\" content=\"index, follow, max-snippet:-1, max-image-preview:large, max-video-preview:-1\" \/>\n<link rel=\"canonical\" href=\"https:\/\/www.biennale-photo-mulhouse.com\/2024\/laurence-kubski-big-fish\/\" \/>\n<meta property=\"og:locale\" content=\"fr_FR\" \/>\n<meta property=\"og:type\" content=\"article\" \/>\n<meta property=\"og:title\" content=\"Laurence Kubski, Big Fish - BPM 2024 - Biennale de la Photographie de Mulhouse 2024\" \/>\n<meta property=\"og:description\" content=\"Pour son travail documentaire Big Fish, Laurence Kubski s\u2019est plong\u00e9e dans l\u2019univers des poissons d\u2019aquarium.\" \/>\n<meta property=\"og:url\" content=\"https:\/\/www.biennale-photo-mulhouse.com\/2024\/laurence-kubski-big-fish\/\" \/>\n<meta property=\"og:site_name\" content=\"BPM 2024 - Biennale de la Photographie de Mulhouse 2024\" \/>\n<meta property=\"article:publisher\" content=\"https:\/\/www.facebook.com\/BiennaleDeLaPhotographieDeMulhouse\" \/>\n<meta property=\"article:modified_time\" content=\"2024-09-04T14:20:44+00:00\" \/>\n<meta property=\"og:image\" content=\"https:\/\/www.biennale-photo-mulhouse.com\/2024\/wp-content\/uploads\/sites\/6\/2024\/05\/KUBSKI_Laurence_BigFish_03-presse_LD.jpg\" \/>\n<meta name=\"twitter:card\" content=\"summary_large_image\" \/>\n<meta name=\"twitter:label1\" content=\"Dur\u00e9e de lecture estim\u00e9e\" \/>\n\t<meta name=\"twitter:data1\" content=\"5 minutes\" \/>\n<script type=\"application\/ld+json\" class=\"yoast-schema-graph\">{\"@context\":\"https:\/\/schema.org\",\"@graph\":[{\"@type\":\"WebPage\",\"@id\":\"https:\/\/www.biennale-photo-mulhouse.com\/2024\/laurence-kubski-big-fish\/\",\"url\":\"https:\/\/www.biennale-photo-mulhouse.com\/2024\/laurence-kubski-big-fish\/\",\"name\":\"Laurence Kubski, Big Fish - BPM 2024 - Biennale de la Photographie de Mulhouse 2024\",\"isPartOf\":{\"@id\":\"https:\/\/www.biennale-photo-mulhouse.com\/2024\/#website\"},\"datePublished\":\"2024-06-03T10:25:24+00:00\",\"dateModified\":\"2024-09-04T14:20:44+00:00\",\"description\":\"Pour son travail documentaire Big Fish, Laurence Kubski s\u2019est plong\u00e9e dans l\u2019univers des poissons d\u2019aquarium.\",\"breadcrumb\":{\"@id\":\"https:\/\/www.biennale-photo-mulhouse.com\/2024\/laurence-kubski-big-fish\/#breadcrumb\"},\"inLanguage\":\"fr-FR\",\"potentialAction\":[{\"@type\":\"ReadAction\",\"target\":[\"https:\/\/www.biennale-photo-mulhouse.com\/2024\/laurence-kubski-big-fish\/\"]}]},{\"@type\":\"BreadcrumbList\",\"@id\":\"https:\/\/www.biennale-photo-mulhouse.com\/2024\/laurence-kubski-big-fish\/#breadcrumb\",\"itemListElement\":[{\"@type\":\"ListItem\",\"position\":1,\"name\":\"Accueil\",\"item\":\"https:\/\/www.biennale-photo-mulhouse.com\/2024\/\"},{\"@type\":\"ListItem\",\"position\":2,\"name\":\"Laurence Kubski, Big Fish\"}]},{\"@type\":\"WebSite\",\"@id\":\"https:\/\/www.biennale-photo-mulhouse.com\/2024\/#website\",\"url\":\"https:\/\/www.biennale-photo-mulhouse.com\/2024\/\",\"name\":\"Biennale de la Photographie de Mulhouse\",\"description\":\"\",\"potentialAction\":[{\"@type\":\"SearchAction\",\"target\":{\"@type\":\"EntryPoint\",\"urlTemplate\":\"https:\/\/www.biennale-photo-mulhouse.com\/2024\/?s={search_term_string}\"},\"query-input\":\"required name=search_term_string\"}],\"inLanguage\":\"fr-FR\"}]}<\/script>\n<!-- \/ Yoast SEO plugin. -->","yoast_head_json":{"title":"Laurence Kubski, Big Fish - BPM 2024 - Biennale de la Photographie de Mulhouse 2024","description":"Pour son travail documentaire Big Fish, Laurence Kubski s\u2019est plong\u00e9e dans l\u2019univers des poissons d\u2019aquarium.","robots":{"index":"index","follow":"follow","max-snippet":"max-snippet:-1","max-image-preview":"max-image-preview:large","max-video-preview":"max-video-preview:-1"},"canonical":"https:\/\/www.biennale-photo-mulhouse.com\/2024\/laurence-kubski-big-fish\/","og_locale":"fr_FR","og_type":"article","og_title":"Laurence Kubski, Big Fish - BPM 2024 - Biennale de la Photographie de Mulhouse 2024","og_description":"Pour son travail documentaire Big Fish, Laurence Kubski s\u2019est plong\u00e9e dans l\u2019univers des poissons d\u2019aquarium.","og_url":"https:\/\/www.biennale-photo-mulhouse.com\/2024\/laurence-kubski-big-fish\/","og_site_name":"BPM 2024 - Biennale de la Photographie de Mulhouse 2024","article_publisher":"https:\/\/www.facebook.com\/BiennaleDeLaPhotographieDeMulhouse","article_modified_time":"2024-09-04T14:20:44+00:00","og_image":[{"url":"https:\/\/www.biennale-photo-mulhouse.com\/2024\/wp-content\/uploads\/sites\/6\/2024\/05\/KUBSKI_Laurence_BigFish_03-presse_LD.jpg"}],"twitter_card":"summary_large_image","twitter_misc":{"Dur\u00e9e de lecture estim\u00e9e":"5 minutes"},"schema":{"@context":"https:\/\/schema.org","@graph":[{"@type":"WebPage","@id":"https:\/\/www.biennale-photo-mulhouse.com\/2024\/laurence-kubski-big-fish\/","url":"https:\/\/www.biennale-photo-mulhouse.com\/2024\/laurence-kubski-big-fish\/","name":"Laurence Kubski, Big Fish - BPM 2024 - Biennale de la Photographie de Mulhouse 2024","isPartOf":{"@id":"https:\/\/www.biennale-photo-mulhouse.com\/2024\/#website"},"datePublished":"2024-06-03T10:25:24+00:00","dateModified":"2024-09-04T14:20:44+00:00","description":"Pour son travail documentaire Big Fish, Laurence Kubski s\u2019est plong\u00e9e dans l\u2019univers des poissons d\u2019aquarium.","breadcrumb":{"@id":"https:\/\/www.biennale-photo-mulhouse.com\/2024\/laurence-kubski-big-fish\/#breadcrumb"},"inLanguage":"fr-FR","potentialAction":[{"@type":"ReadAction","target":["https:\/\/www.biennale-photo-mulhouse.com\/2024\/laurence-kubski-big-fish\/"]}]},{"@type":"BreadcrumbList","@id":"https:\/\/www.biennale-photo-mulhouse.com\/2024\/laurence-kubski-big-fish\/#breadcrumb","itemListElement":[{"@type":"ListItem","position":1,"name":"Accueil","item":"https:\/\/www.biennale-photo-mulhouse.com\/2024\/"},{"@type":"ListItem","position":2,"name":"Laurence Kubski, Big Fish"}]},{"@type":"WebSite","@id":"https:\/\/www.biennale-photo-mulhouse.com\/2024\/#website","url":"https:\/\/www.biennale-photo-mulhouse.com\/2024\/","name":"Biennale de la Photographie de Mulhouse","description":"","potentialAction":[{"@type":"SearchAction","target":{"@type":"EntryPoint","urlTemplate":"https:\/\/www.biennale-photo-mulhouse.com\/2024\/?s={search_term_string}"},"query-input":"required name=search_term_string"}],"inLanguage":"fr-FR"}]}},"_links":{"self":[{"href":"https:\/\/www.biennale-photo-mulhouse.com\/2024\/wp-json\/wp\/v2\/pages\/356","targetHints":{"allow":["GET"]}}],"collection":[{"href":"https:\/\/www.biennale-photo-mulhouse.com\/2024\/wp-json\/wp\/v2\/pages"}],"about":[{"href":"https:\/\/www.biennale-photo-mulhouse.com\/2024\/wp-json\/wp\/v2\/types\/page"}],"author":[{"embeddable":true,"href":"https:\/\/www.biennale-photo-mulhouse.com\/2024\/wp-json\/wp\/v2\/users\/3"}],"replies":[{"embeddable":true,"href":"https:\/\/www.biennale-photo-mulhouse.com\/2024\/wp-json\/wp\/v2\/comments?post=356"}],"version-history":[{"count":9,"href":"https:\/\/www.biennale-photo-mulhouse.com\/2024\/wp-json\/wp\/v2\/pages\/356\/revisions"}],"predecessor-version":[{"id":726,"href":"https:\/\/www.biennale-photo-mulhouse.com\/2024\/wp-json\/wp\/v2\/pages\/356\/revisions\/726"}],"wp:attachment":[{"href":"https:\/\/www.biennale-photo-mulhouse.com\/2024\/wp-json\/wp\/v2\/media?parent=356"}],"wp:term":[{"taxonomy":"category","embeddable":true,"href":"https:\/\/www.biennale-photo-mulhouse.com\/2024\/wp-json\/wp\/v2\/categories?post=356"}],"curies":[{"name":"wp","href":"https:\/\/api.w.org\/{rel}","templated":true}]}}