{"id":341,"date":"2024-06-03T12:26:08","date_gmt":"2024-06-03T10:26:08","guid":{"rendered":"https:\/\/www.biennale-photo-mulhouse.com\/2024\/?page_id=341"},"modified":"2024-11-19T13:52:24","modified_gmt":"2024-11-19T12:52:24","slug":"paul-wolff-exposition-leica-photographie-mulhouse","status":"publish","type":"page","link":"https:\/\/www.biennale-photo-mulhouse.com\/2024\/paul-wolff-exposition-leica-photographie-mulhouse\/","title":{"rendered":"Paul Wolff : l\u2019exp\u00e9rience photographique, l\u2019image \u00e9dit\u00e9e"},"content":{"rendered":"<p><strong><span class=\"small\"> FR\/ENG \u2193<\/span><\/strong><\/p>\n<h1><span class=\"theme_color\"><em>Paul Wolff : l\u2019exp\u00e9rience photographique, l\u2019image \u00e9dit\u00e9e<\/em><\/span><\/h1>\n<p><strong>Biblioth\u00e8que Grand\u2019Rue, Mulhouse<\/strong><\/p>\n<p class=\"cancel_mt\"><span class=\"theme_color\">14 septembre &#8211; 30 novembre 2024<\/span><\/p>\n<p><strong>EXPOSITION PROLONG\u00c9E JUSQU&rsquo;AU 4 JANVIER 2025<\/strong><\/p>\n<p class=\"cancel_mt\"><span class=\"theme_color\">du mardi au vendredi : 10h &#8211; 12h \/ 13h30 &#8211; 18h30, samedi : 10h &#8211; 17h30<br \/>\n<strong>Visite inaugurale le 14 septembre \u00e0 17h30<\/strong> <br \/>\nSamedi 21 septembre, 10h30-12h : visite ludique de l&rsquo;exposition et r\u00e9alisation de photocollages<\/span><br \/>\n<span class=\"theme_color\">Samedi 21 septembre, 16h-17h15 : visite comment\u00e9e de l&rsquo;exposition par le commissaire<br \/>\nMardi 22 octobre, 14h30 : visite comment\u00e9e de l&rsquo;exposition par le commissaire<br \/>\nVendredi 25 octobre, 18h : conf\u00e9rence-rencontre avec Manfred Heiting, sp\u00e9cialiste de l\u2019histoire de la photographie et collectionneur des livres de Paul Wolff<br \/>\n<\/span><\/p>\n<p>Commissaire\/<em><span class=\"theme_color\">curator<\/span><\/em> : Micha\u00ebl Guggenbuhl<\/p>\n<p>Cette exposition pr\u00e9sent\u00e9e \u00e0 Mulhouse, ville natale de Paul Wolff, s\u2019inscrit dans le sillage de l\u2019exposition <a href=\"https:\/\/www.editions-hazan.fr\/livre\/dr-paul-wolff-lhomme-au-leica-9782754113533\/\" target=\"_blank\" rel=\"noopener\"><span class=\"theme_color\"><em>Paul Wolff. L\u2019homme au Leica<\/em><\/span><\/a> (Pavillon Populaire, lieu d\u2019art photographique de la Ville de Montpellier, du 17 janvier au 14 avril 2024), premi\u00e8re r\u00e9trospective en France consacr\u00e9e au photographe, sous le commissariat de Gilles Mora. Puisant notamment dans les quelques quatre cent documents du fonds Paul Wolff &#8211; donation Manfred Heiting conserv\u00e9s \u00e0 la Biblioth\u00e8que municipale de Mulhouse (dont une cinquantaine \u00e9tait pr\u00e9sent\u00e9e \u00e0 Montpellier), l\u2019exposition mulhousienne explore les liens intimes existant entre les exp\u00e9rimentations photographiques constantes de Paul Wolff (\u00ab Nouvelle vision \u00bb, utilisation du petit format photographique, tirages et impression couleur autour de 1940, etc.) et son \u0153uvre \u00e9ditoriale foisonnante (entre livres d\u2019auteur publi\u00e9s, livres d\u2019entreprise et reportages industriels, brochures touristiques ou publicitaires, revues g\u00e9n\u00e9ralistes ou sp\u00e9cialis\u00e9es, etc.), couvrant des domaines aussi vari\u00e9s que le vivant, les villes, le travail, le tourisme et le sport.<\/p>\n<p>Paul Wolff, n\u00e9 \u00e0 Mulhouse en 1887 et dipl\u00f4m\u00e9 de la facult\u00e9 de m\u00e9decine de Strasbourg, est l\u2019un des photographes allemands les plus significatifs, sur le plan culturel et historique, de la premi\u00e8re moiti\u00e9 du XXe si\u00e8cle. Ses premiers travaux photographiques connus, d\u00e8s avant la Premi\u00e8re Guerre mondiale, sont consacr\u00e9s \u00e0 l\u2019Alsace (<span class=\"theme_color\"><em>Alt Strassburg\/ Le Vieux Strasbourg; Les Vosges<\/em><\/span>), mais c\u2019est en tant que pionnier et actif promoteur du Leica, et gr\u00e2ce \u00e0 l\u2019agence photographique \u201cDr Paul Wolff &amp; Tritschler\u201d fond\u00e9e \u00e0 Francfort qu\u2019il va conqu\u00e9rir une renomm\u00e9e internationale dans les ann\u00e9es 1930, symbolis\u00e9e par les multiples \u00e9ditions \u00e0 travers le monde de son ouvrage <span class=\"theme_color\"><em>Meine Erfahrungen mir der Leica \/ Mes exp\u00e9riences avec le Leica<\/em><\/span>, r\u00e9f\u00e9rence incontournable et v\u00e9ritable best-seller.<\/p>\n<p><strong>Cette exposition a \u00e9t\u00e9 r\u00e9alis\u00e9e en partenariat avec le Pavillon populaire et la Ville de Montpellier et avec le soutien de Barrisol.<\/strong><\/p>\n<h2><span class=\"theme_color\"><em>PAUL WOLFF: THE PHOTOGRAPHIC EXPERIENCE,THE EDITED IMAGE<\/em><\/span><\/h2>\n<p><span class=\"theme_color\"><em>This exhibition, presented in Mulhouse, Paul Wolff&rsquo;s birthplace, follows on from the exhibition <\/em>Paul Wolff. L&rsquo;homme au Leica<em> (Pavillon Populaire, lieu d&rsquo;art photographique de la Ville de Montpellier, January 17 to April 14, 2024), the first retrospective in France devoted to the photographer, curated by Gilles Mora. Drawing in particular on some four hundred documents from the Paul Wolff collection &#8211; donated by Manfred Heiting and held at the City Library of Mulhouse (around fifty of which were presented in Montpellier), the Mulhouse exhibition explores the intimate links between Paul Wolff&rsquo;s constant photographic experimentation (\u00a0\u00bb New Vision \u00ab\u00a0, use of the small photographic format, color prints and printing around 1940, etc.) and his prolific editorial work (including books by published authors, company books and industrial reports, tourist and advertising brochures, general and specialist magazines, etc.), covering fields as varied as life, cities, work, tourism and sport.<\/em><\/span><\/p>\n<p><em><span class=\"theme_color\">Paul Wolff, born in Mulhouse in 1887 and a graduate of Strasbourg&rsquo;s Faculty of Medicine, is one of the most culturally and historically significant German photographers of the first half of the 20th century. His earliest known photographic works, dating from before the First World War, are devoted to Alsace (<\/span><\/em><span class=\"theme_color\">Alt Strassburg<\/span><em><span class=\"theme_color\">), but it was as a pioneer and active promoter of the Leica, and thanks to the photographic agency \u00ab\u00a0Dr Paul Wolff &amp; Tritschler\u00a0\u00bb founded in Frankfurt, that he gained international renown in the 1930s, symbolized by the multiple editions worldwide of his book <\/span><\/em><span class=\"theme_color\">Meine Erfahrungen mir der Leica<\/span><em><span class=\"theme_color\"> , an essential reference and a veritable bestseller.<\/span><\/em><\/p>\n<p><em><strong><span class=\"theme_color\">This exhibition has been produced in partnership with the Pavillon Populaire and the City of Montpellier, with the support of Barrisol.<\/span><\/strong><\/em><\/p>\n<p>&nbsp;<\/p>\n<p><img loading=\"lazy\" decoding=\"async\" class=\"alignnone size-full wp-image-343\" src=\"https:\/\/www.biennale-photo-mulhouse.com\/2024\/wp-content\/uploads\/sites\/6\/2024\/05\/Paul-Wolff-Formen-des-Lebens-1933.-Bibliotheque-municipale-de-Mulhouse.-Fonds-Paul-Wolff-Donation-Manfred-Heiting-scaled.jpg\" alt=\"\" width=\"1887\" height=\"2560\" srcset=\"https:\/\/www.biennale-photo-mulhouse.com\/2024\/wp-content\/uploads\/sites\/6\/2024\/05\/Paul-Wolff-Formen-des-Lebens-1933.-Bibliotheque-municipale-de-Mulhouse.-Fonds-Paul-Wolff-Donation-Manfred-Heiting-scaled.jpg 1887w, https:\/\/www.biennale-photo-mulhouse.com\/2024\/wp-content\/uploads\/sites\/6\/2024\/05\/Paul-Wolff-Formen-des-Lebens-1933.-Bibliotheque-municipale-de-Mulhouse.-Fonds-Paul-Wolff-Donation-Manfred-Heiting-768x1042.jpg 768w, https:\/\/www.biennale-photo-mulhouse.com\/2024\/wp-content\/uploads\/sites\/6\/2024\/05\/Paul-Wolff-Formen-des-Lebens-1933.-Bibliotheque-municipale-de-Mulhouse.-Fonds-Paul-Wolff-Donation-Manfred-Heiting-1132x1536.jpg 1132w, https:\/\/www.biennale-photo-mulhouse.com\/2024\/wp-content\/uploads\/sites\/6\/2024\/05\/Paul-Wolff-Formen-des-Lebens-1933.-Bibliotheque-municipale-de-Mulhouse.-Fonds-Paul-Wolff-Donation-Manfred-Heiting-1510x2048.jpg 1510w\" sizes=\"auto, (max-width: 1887px) 100vw, 1887px\" \/><\/p>\n<p class=\"img_caption\">Paul Wolff, <em>Formen des Lebens<\/em>, 1933. Biblioth\u00e8que municipale de Mulhouse. Fonds Paul Wolff &#8211; Donation Manfred Heiting.<\/p>\n<p><img loading=\"lazy\" decoding=\"async\" class=\"alignnone size-full wp-image-633\" src=\"https:\/\/www.biennale-photo-mulhouse.com\/2024\/wp-content\/uploads\/sites\/6\/2024\/07\/002-scaled.jpg\" alt=\"\" width=\"1838\" height=\"2560\" srcset=\"https:\/\/www.biennale-photo-mulhouse.com\/2024\/wp-content\/uploads\/sites\/6\/2024\/07\/002-scaled.jpg 1838w, https:\/\/www.biennale-photo-mulhouse.com\/2024\/wp-content\/uploads\/sites\/6\/2024\/07\/002-768x1070.jpg 768w, https:\/\/www.biennale-photo-mulhouse.com\/2024\/wp-content\/uploads\/sites\/6\/2024\/07\/002-1103x1536.jpg 1103w, https:\/\/www.biennale-photo-mulhouse.com\/2024\/wp-content\/uploads\/sites\/6\/2024\/07\/002-1470x2048.jpg 1470w\" sizes=\"auto, (max-width: 1838px) 100vw, 1838px\" \/><\/p>\n<p class=\"img_caption\">Paul Wolff, <em>Ile de Wangerooge<\/em>, 1935, \u00c9preuve moderne, Collection Christian Brandst\u00e4tter \u00a9 Dr. Paul Wolff &amp; Tritschler, Historisches Bildarchiv, D-77654 Offenburg<\/p>\n","protected":false},"excerpt":{"rendered":"<p>FR\/ENG \u2193 Paul Wolff : l\u2019exp\u00e9rience photographique, l\u2019image \u00e9dit\u00e9e Biblioth\u00e8que Grand\u2019Rue, Mulhouse 14 septembre &#8211; 30 novembre 2024 EXPOSITION PROLONG\u00c9E JUSQU&rsquo;AU 4 JANVIER 2025 du mardi au vendredi : 10h &#8211; 12h \/ 13h30 &#8211; 18h30, samedi : 10h &#8211; 17h30 Visite inaugurale le 14 septembre \u00e0 17h30 Samedi 21 septembre, 10h30-12h : visite ludique [&hellip;]<\/p>\n","protected":false},"author":3,"featured_media":0,"parent":0,"menu_order":0,"comment_status":"closed","ping_status":"closed","template":"","meta":{"footnotes":""},"categories":[9],"class_list":["post-341","page","type-page","status-publish","hentry","category-expositions"],"acf":{"photo_gallery":{"gallery":[[{"id":342,"title":"formeslebenwolff","caption":"Paul Wolff, <i>Formen des Lebens <\/i>,1933. Crassula Perfoliata & Echinopsis\n","full_image_url":"https:\/\/www.biennale-photo-mulhouse.com\/2024\/wp-content\/uploads\/sites\/6\/2024\/05\/formeslebenwolff-scaled.jpg","thumbnail_image_url":"https:\/\/www.biennale-photo-mulhouse.com\/2024\/wp-content\/uploads\/sites\/6\/2024\/05\/formeslebenwolff-scaled.jpg","large_srcset":"https:\/\/www.biennale-photo-mulhouse.com\/2024\/wp-content\/uploads\/sites\/6\/2024\/05\/formeslebenwolff-scaled.jpg 2560w, https:\/\/www.biennale-photo-mulhouse.com\/2024\/wp-content\/uploads\/sites\/6\/2024\/05\/formeslebenwolff-768x482.jpg 768w, https:\/\/www.biennale-photo-mulhouse.com\/2024\/wp-content\/uploads\/sites\/6\/2024\/05\/formeslebenwolff-1536x965.jpg 1536w, https:\/\/www.biennale-photo-mulhouse.com\/2024\/wp-content\/uploads\/sites\/6\/2024\/05\/formeslebenwolff-2048x1287.jpg 2048w","medium_srcset":"https:\/\/www.biennale-photo-mulhouse.com\/2024\/wp-content\/uploads\/sites\/6\/2024\/05\/formeslebenwolff-scaled.jpg 2560w, https:\/\/www.biennale-photo-mulhouse.com\/2024\/wp-content\/uploads\/sites\/6\/2024\/05\/formeslebenwolff-768x482.jpg 768w, https:\/\/www.biennale-photo-mulhouse.com\/2024\/wp-content\/uploads\/sites\/6\/2024\/05\/formeslebenwolff-1536x965.jpg 1536w, https:\/\/www.biennale-photo-mulhouse.com\/2024\/wp-content\/uploads\/sites\/6\/2024\/05\/formeslebenwolff-2048x1287.jpg 2048w","media_details":{"width":2560,"height":1608,"sizes":{"medium_large":{"file":"formeslebenwolff-768x482.jpg","width":768,"height":482,"mime-type":"image\/jpeg","filesize":52281,"source_url":"https:\/\/www.biennale-photo-mulhouse.com\/2024\/wp-content\/uploads\/sites\/6\/2024\/05\/formeslebenwolff-768x482.jpg"},"1536x1536":{"file":"formeslebenwolff-1536x965.jpg","width":1536,"height":965,"mime-type":"image\/jpeg","filesize":189476,"source_url":"https:\/\/www.biennale-photo-mulhouse.com\/2024\/wp-content\/uploads\/sites\/6\/2024\/05\/formeslebenwolff-1536x965.jpg"},"2048x2048":{"file":"formeslebenwolff-2048x1287.jpg","width":2048,"height":1287,"mime-type":"image\/jpeg","filesize":329523,"source_url":"https:\/\/www.biennale-photo-mulhouse.com\/2024\/wp-content\/uploads\/sites\/6\/2024\/05\/formeslebenwolff-2048x1287.jpg"}}},"alt_text":"","url":"","target":""}]]}},"yoast_head":"<!-- This site is optimized with the Yoast SEO plugin v21.9.1 - https:\/\/yoast.com\/wordpress\/plugins\/seo\/ -->\n<title>Paul Wolff : l\u2019exp\u00e9rience photographique, l\u2019image \u00e9dit\u00e9e - BPM 2024 - Biennale de la Photographie de Mulhouse 2024<\/title>\n<meta name=\"description\" content=\"Paul Wolff, n\u00e9 \u00e0 Mulhouse en 1887, est l\u2019un des photographes allemands les plus significatifs de la premi\u00e8re moiti\u00e9 du XXe si\u00e8cle\" \/>\n<meta name=\"robots\" content=\"index, follow, max-snippet:-1, max-image-preview:large, max-video-preview:-1\" \/>\n<link rel=\"canonical\" href=\"https:\/\/www.biennale-photo-mulhouse.com\/2024\/paul-wolff-exposition-leica-photographie-mulhouse\/\" \/>\n<meta property=\"og:locale\" content=\"fr_FR\" \/>\n<meta property=\"og:type\" content=\"article\" \/>\n<meta property=\"og:title\" content=\"Paul Wolff : l\u2019exp\u00e9rience photographique, l\u2019image \u00e9dit\u00e9e - BPM 2024 - Biennale de la Photographie de Mulhouse 2024\" \/>\n<meta property=\"og:description\" content=\"Paul Wolff, n\u00e9 \u00e0 Mulhouse en 1887, est l\u2019un des photographes allemands les plus significatifs de la premi\u00e8re moiti\u00e9 du XXe si\u00e8cle\" \/>\n<meta property=\"og:url\" content=\"https:\/\/www.biennale-photo-mulhouse.com\/2024\/paul-wolff-exposition-leica-photographie-mulhouse\/\" \/>\n<meta property=\"og:site_name\" content=\"BPM 2024 - Biennale de la Photographie de Mulhouse 2024\" \/>\n<meta property=\"article:publisher\" content=\"https:\/\/www.facebook.com\/BiennaleDeLaPhotographieDeMulhouse\" \/>\n<meta property=\"article:modified_time\" content=\"2024-11-19T12:52:24+00:00\" \/>\n<meta property=\"og:image\" content=\"https:\/\/www.biennale-photo-mulhouse.com\/2024\/wp-content\/uploads\/sites\/6\/2024\/05\/Paul-Wolff-Formen-des-Lebens-1933.-Bibliotheque-municipale-de-Mulhouse.-Fonds-Paul-Wolff-Donation-Manfred-Heiting-scaled.jpg\" \/>\n<meta name=\"twitter:card\" content=\"summary_large_image\" \/>\n<meta name=\"twitter:label1\" content=\"Dur\u00e9e de lecture estim\u00e9e\" \/>\n\t<meta name=\"twitter:data1\" content=\"5 minutes\" \/>\n<script type=\"application\/ld+json\" class=\"yoast-schema-graph\">{\"@context\":\"https:\/\/schema.org\",\"@graph\":[{\"@type\":\"WebPage\",\"@id\":\"https:\/\/www.biennale-photo-mulhouse.com\/2024\/paul-wolff-exposition-leica-photographie-mulhouse\/\",\"url\":\"https:\/\/www.biennale-photo-mulhouse.com\/2024\/paul-wolff-exposition-leica-photographie-mulhouse\/\",\"name\":\"Paul Wolff : l\u2019exp\u00e9rience photographique, l\u2019image \u00e9dit\u00e9e - BPM 2024 - Biennale de la Photographie de Mulhouse 2024\",\"isPartOf\":{\"@id\":\"https:\/\/www.biennale-photo-mulhouse.com\/2024\/#website\"},\"datePublished\":\"2024-06-03T10:26:08+00:00\",\"dateModified\":\"2024-11-19T12:52:24+00:00\",\"description\":\"Paul Wolff, n\u00e9 \u00e0 Mulhouse en 1887, est l\u2019un des photographes allemands les plus significatifs de la premi\u00e8re moiti\u00e9 du XXe si\u00e8cle\",\"breadcrumb\":{\"@id\":\"https:\/\/www.biennale-photo-mulhouse.com\/2024\/paul-wolff-exposition-leica-photographie-mulhouse\/#breadcrumb\"},\"inLanguage\":\"fr-FR\",\"potentialAction\":[{\"@type\":\"ReadAction\",\"target\":[\"https:\/\/www.biennale-photo-mulhouse.com\/2024\/paul-wolff-exposition-leica-photographie-mulhouse\/\"]}]},{\"@type\":\"BreadcrumbList\",\"@id\":\"https:\/\/www.biennale-photo-mulhouse.com\/2024\/paul-wolff-exposition-leica-photographie-mulhouse\/#breadcrumb\",\"itemListElement\":[{\"@type\":\"ListItem\",\"position\":1,\"name\":\"Accueil\",\"item\":\"https:\/\/www.biennale-photo-mulhouse.com\/2024\/\"},{\"@type\":\"ListItem\",\"position\":2,\"name\":\"Paul Wolff : l\u2019exp\u00e9rience photographique, l\u2019image \u00e9dit\u00e9e\"}]},{\"@type\":\"WebSite\",\"@id\":\"https:\/\/www.biennale-photo-mulhouse.com\/2024\/#website\",\"url\":\"https:\/\/www.biennale-photo-mulhouse.com\/2024\/\",\"name\":\"Biennale de la Photographie de Mulhouse\",\"description\":\"\",\"potentialAction\":[{\"@type\":\"SearchAction\",\"target\":{\"@type\":\"EntryPoint\",\"urlTemplate\":\"https:\/\/www.biennale-photo-mulhouse.com\/2024\/?s={search_term_string}\"},\"query-input\":\"required name=search_term_string\"}],\"inLanguage\":\"fr-FR\"}]}<\/script>\n<!-- \/ Yoast SEO plugin. -->","yoast_head_json":{"title":"Paul Wolff : l\u2019exp\u00e9rience photographique, l\u2019image \u00e9dit\u00e9e - BPM 2024 - Biennale de la Photographie de Mulhouse 2024","description":"Paul Wolff, n\u00e9 \u00e0 Mulhouse en 1887, est l\u2019un des photographes allemands les plus significatifs de la premi\u00e8re moiti\u00e9 du XXe si\u00e8cle","robots":{"index":"index","follow":"follow","max-snippet":"max-snippet:-1","max-image-preview":"max-image-preview:large","max-video-preview":"max-video-preview:-1"},"canonical":"https:\/\/www.biennale-photo-mulhouse.com\/2024\/paul-wolff-exposition-leica-photographie-mulhouse\/","og_locale":"fr_FR","og_type":"article","og_title":"Paul Wolff : l\u2019exp\u00e9rience photographique, l\u2019image \u00e9dit\u00e9e - BPM 2024 - Biennale de la Photographie de Mulhouse 2024","og_description":"Paul Wolff, n\u00e9 \u00e0 Mulhouse en 1887, est l\u2019un des photographes allemands les plus significatifs de la premi\u00e8re moiti\u00e9 du XXe si\u00e8cle","og_url":"https:\/\/www.biennale-photo-mulhouse.com\/2024\/paul-wolff-exposition-leica-photographie-mulhouse\/","og_site_name":"BPM 2024 - Biennale de la Photographie de Mulhouse 2024","article_publisher":"https:\/\/www.facebook.com\/BiennaleDeLaPhotographieDeMulhouse","article_modified_time":"2024-11-19T12:52:24+00:00","og_image":[{"url":"https:\/\/www.biennale-photo-mulhouse.com\/2024\/wp-content\/uploads\/sites\/6\/2024\/05\/Paul-Wolff-Formen-des-Lebens-1933.-Bibliotheque-municipale-de-Mulhouse.-Fonds-Paul-Wolff-Donation-Manfred-Heiting-scaled.jpg"}],"twitter_card":"summary_large_image","twitter_misc":{"Dur\u00e9e de lecture estim\u00e9e":"5 minutes"},"schema":{"@context":"https:\/\/schema.org","@graph":[{"@type":"WebPage","@id":"https:\/\/www.biennale-photo-mulhouse.com\/2024\/paul-wolff-exposition-leica-photographie-mulhouse\/","url":"https:\/\/www.biennale-photo-mulhouse.com\/2024\/paul-wolff-exposition-leica-photographie-mulhouse\/","name":"Paul Wolff : l\u2019exp\u00e9rience photographique, l\u2019image \u00e9dit\u00e9e - BPM 2024 - Biennale de la Photographie de Mulhouse 2024","isPartOf":{"@id":"https:\/\/www.biennale-photo-mulhouse.com\/2024\/#website"},"datePublished":"2024-06-03T10:26:08+00:00","dateModified":"2024-11-19T12:52:24+00:00","description":"Paul Wolff, n\u00e9 \u00e0 Mulhouse en 1887, est l\u2019un des photographes allemands les plus significatifs de la premi\u00e8re moiti\u00e9 du XXe si\u00e8cle","breadcrumb":{"@id":"https:\/\/www.biennale-photo-mulhouse.com\/2024\/paul-wolff-exposition-leica-photographie-mulhouse\/#breadcrumb"},"inLanguage":"fr-FR","potentialAction":[{"@type":"ReadAction","target":["https:\/\/www.biennale-photo-mulhouse.com\/2024\/paul-wolff-exposition-leica-photographie-mulhouse\/"]}]},{"@type":"BreadcrumbList","@id":"https:\/\/www.biennale-photo-mulhouse.com\/2024\/paul-wolff-exposition-leica-photographie-mulhouse\/#breadcrumb","itemListElement":[{"@type":"ListItem","position":1,"name":"Accueil","item":"https:\/\/www.biennale-photo-mulhouse.com\/2024\/"},{"@type":"ListItem","position":2,"name":"Paul Wolff : l\u2019exp\u00e9rience photographique, l\u2019image \u00e9dit\u00e9e"}]},{"@type":"WebSite","@id":"https:\/\/www.biennale-photo-mulhouse.com\/2024\/#website","url":"https:\/\/www.biennale-photo-mulhouse.com\/2024\/","name":"Biennale de la Photographie de Mulhouse","description":"","potentialAction":[{"@type":"SearchAction","target":{"@type":"EntryPoint","urlTemplate":"https:\/\/www.biennale-photo-mulhouse.com\/2024\/?s={search_term_string}"},"query-input":"required name=search_term_string"}],"inLanguage":"fr-FR"}]}},"_links":{"self":[{"href":"https:\/\/www.biennale-photo-mulhouse.com\/2024\/wp-json\/wp\/v2\/pages\/341","targetHints":{"allow":["GET"]}}],"collection":[{"href":"https:\/\/www.biennale-photo-mulhouse.com\/2024\/wp-json\/wp\/v2\/pages"}],"about":[{"href":"https:\/\/www.biennale-photo-mulhouse.com\/2024\/wp-json\/wp\/v2\/types\/page"}],"author":[{"embeddable":true,"href":"https:\/\/www.biennale-photo-mulhouse.com\/2024\/wp-json\/wp\/v2\/users\/3"}],"replies":[{"embeddable":true,"href":"https:\/\/www.biennale-photo-mulhouse.com\/2024\/wp-json\/wp\/v2\/comments?post=341"}],"version-history":[{"count":13,"href":"https:\/\/www.biennale-photo-mulhouse.com\/2024\/wp-json\/wp\/v2\/pages\/341\/revisions"}],"predecessor-version":[{"id":811,"href":"https:\/\/www.biennale-photo-mulhouse.com\/2024\/wp-json\/wp\/v2\/pages\/341\/revisions\/811"}],"wp:attachment":[{"href":"https:\/\/www.biennale-photo-mulhouse.com\/2024\/wp-json\/wp\/v2\/media?parent=341"}],"wp:term":[{"taxonomy":"category","embeddable":true,"href":"https:\/\/www.biennale-photo-mulhouse.com\/2024\/wp-json\/wp\/v2\/categories?post=341"}],"curies":[{"name":"wp","href":"https:\/\/api.w.org\/{rel}","templated":true}]}}