{"id":232,"date":"2024-06-07T14:32:11","date_gmt":"2024-06-07T12:32:11","guid":{"rendered":"https:\/\/www.biennale-photo-mulhouse.com\/2024\/?page_id=232"},"modified":"2024-11-19T13:49:19","modified_gmt":"2024-11-19T12:49:19","slug":"lieux-dates-horaires-festival-mulhouse-paul-wolff-musee-beaux-arts","status":"publish","type":"page","link":"https:\/\/www.biennale-photo-mulhouse.com\/2024\/lieux-dates-horaires-festival-mulhouse-paul-wolff-musee-beaux-arts\/","title":{"rendered":"Lieux, dates et horaires des expositions"},"content":{"rendered":"<h1>Lieux, dates et horaires des expositions<\/h1>\n<p><strong>Toutes les expositions sont gratuites pour le public.<br \/>\n<span class=\"theme_color\"><em>All exhibitions are free.<\/em><\/span><br \/>\n<\/strong><\/p>\n<p><img loading=\"lazy\" decoding=\"async\" class=\"alignnone size-full wp-image-510\" src=\"https:\/\/www.biennale-photo-mulhouse.com\/2024\/wp-content\/uploads\/sites\/6\/2024\/06\/carte-BPM-2024-scaled.jpg\" alt=\"\" width=\"2560\" height=\"1637\" srcset=\"https:\/\/www.biennale-photo-mulhouse.com\/2024\/wp-content\/uploads\/sites\/6\/2024\/06\/carte-BPM-2024-scaled.jpg 2560w, https:\/\/www.biennale-photo-mulhouse.com\/2024\/wp-content\/uploads\/sites\/6\/2024\/06\/carte-BPM-2024-768x491.jpg 768w, https:\/\/www.biennale-photo-mulhouse.com\/2024\/wp-content\/uploads\/sites\/6\/2024\/06\/carte-BPM-2024-1536x982.jpg 1536w, https:\/\/www.biennale-photo-mulhouse.com\/2024\/wp-content\/uploads\/sites\/6\/2024\/06\/carte-BPM-2024-2048x1309.jpg 2048w\" sizes=\"auto, (max-width: 2560px) 100vw, 2560px\" \/><\/p>\n<h2><span class=\"theme_color\">1. Mus\u00e9e des Beaux-Arts, Mulhouse<\/span><\/h2>\n<p class=\"cancel_mt\"><span class=\"theme_color small\">4 Place Guillaume Tell, Mulhouse\u00a0<\/span><\/p>\n<p class=\"cancel_mt\"><a href=\"https:\/\/www.biennale-photo-mulhouse.com\/2024\/those-eyes-these-eyes-they-fade\/\" target=\"_blank\" rel=\"noopener\"><span class=\"big\"><em>those eyes &#8211; these eyes -they fade<\/em><\/span><\/a><br \/>\nB\u00e9n\u00e9dicte Blondeau, Nigel Baldacchino, Bernard Plossu, Raymond Meeks, Awoiska van der Molen<br \/>\nCommissaire : Anne Immel\u00e9<\/p>\n<p>du 13 septembre 2024 au 5 janvier 2025<\/p>\n<p class=\"cancel_mt\">Ouvert tous les jours (sauf le mardi et les jours f\u00e9ri\u00e9s): 13h-18h30<\/p>\n<p class=\"cancel_mt\">Pendant le march\u00e9 de No\u00ebl : 13h-19h<br \/>\nRenseignements : 03 89 33 78 11<\/p>\n<h2><span class=\"theme_color\">2. Biblioth\u00e8que Grand\u2019Rue, Mulhouse<\/span>\u00a0<\/h2>\n<p class=\"cancel_mt\"><span class=\"small theme_color\">19 Grand&rsquo;Rue, Mulhouse<\/span><\/p>\n<p class=\"cancel_mt\"><a href=\"https:\/\/www.biennale-photo-mulhouse.com\/2024\/paul-wolff-lexperience-photographique-limage-editee\/\" target=\"_blank\" rel=\"noopener\"><span class=\"big\"><em>Paul Wolff : l\u2019exp\u00e9rience photographique, l\u2019image \u00e9dit\u00e9e<\/em><\/span><\/a><br \/>\nCommissaire : Micha\u00ebl Guggenbuhl<\/p>\n<p>du 14 septembre au 30 novembre 2024<\/p>\n<p><strong>EXPOSITION PROLONG\u00c9E JUSQU&rsquo;AU 4 JANVIER 2025<\/strong><\/p>\n<p class=\"cancel_mt\">du mardi au vendredi : 10h-12h \/ 13h30-18h30, samedi : 10h-17h30<br \/>\nRenseignements : 03 69 77 67 17<\/p>\n<h2><span class=\"theme_color\">3. Chapelle Saint-Jean, Mulhouse\u00a0<\/span><\/h2>\n<p class=\"cancel_mt\"><span class=\"theme_color small\">19 Grand&rsquo;Rue, Mulhouse<\/span><\/p>\n<p class=\"cancel_mt\"><a href=\"https:\/\/www.biennale-photo-mulhouse.com\/2024\/monuments-et-immortelles\/\" target=\"_blank\" rel=\"noopener\"><span class=\"big\"><em>Monuments et immortelles<\/em><\/span><\/a><br \/>\nAndrej Polukord, L\u00e9a Habourdin<br \/>\nCommissaire : Sonia Voss<br \/>\nEn coproduction avec Mulhouse Art Contemporain dans le cadre de la Saison de la Lituanie en France 2024<\/p>\n<p class=\"cancel_mt\">du 14 septembre au 13 octobre 2024<\/p>\n<p class=\"cancel_mt\">samedi et dimanche : 14h-19h, les autres jours sur rendez-vous<br \/>\nRenseignements : 06 99 73 81 80<\/p>\n<h2><span class=\"theme_color\">4. La Filature, Mulhouse\u00a0<\/span><\/h2>\n<p class=\"cancel_mt\"><span class=\"small theme_color\">20 All\u00e9e Nathan Katz, Mulhouse<\/span><\/p>\n<p class=\"cancel_mt\"><a href=\"https:\/\/www.biennale-photo-mulhouse.com\/2024\/ritual-inhabitual-oro-verde\/\" target=\"_blank\" rel=\"noopener\"><span class=\"big\"><em>Oro Verde<\/em><\/span><\/a><br \/>\nRitual Inhabitual (Florencia Grisanti et Tito Gonzalez G\u00e1rcia)<br \/>\nCommissaire : Sergio Valenzuela-Escobedo<\/p>\n<p>du 3 juin au 15 septembre 2024<\/p>\n<p class=\"cancel_mt\">du mardi au samedi : 13h-18h, dimanche : 14h-18h, et les soirs de spectacles<br \/>\nRenseignements : 03 89 36 28 28<\/p>\n<h2><span class=\"theme_color\">5. La Kunsturm, Tour de l\u2019Europe (14e \u00e9tage), Mulhouse<\/span><\/h2>\n<p class=\"cancel_mt\"><span class=\"small theme_color\">3 Boulevard de l&rsquo;Europe, Mulhouse<\/span><\/p>\n<p class=\"cancel_mt\"><a href=\"https:\/\/www.biennale-photo-mulhouse.com\/2024\/bpm-x-pep-impossible-worlds\/\" target=\"_blank\" rel=\"noopener\"><span class=\"big\">PEP : <em>(Im)possible Worlds<\/em><\/span>\u00a0<\/a><\/p>\n<p>du 14 septembre au 13 octobre 2024<\/p>\n<p class=\"cancel_mt\">samedi et dimanche : 14h-19h, les autres jours sur rendez-vous<br \/>\nRenseignements : 06 99 73 81 80<\/p>\n<h2><span class=\"theme_color\">6. La Kunsturm, Tour de l\u2019Europe (22e \u00e9tage), Mulhouse<\/span><\/h2>\n<p class=\"cancel_mt\"><span class=\"small theme_color\">3 Boulevard de l&rsquo;Europe, Mulhouse<\/span><\/p>\n<p class=\"cancel_mt\"><a href=\"https:\/\/www.biennale-photo-mulhouse.com\/2024\/laurence-kubski-big-fish\/\" target=\"_blank\" rel=\"noopener\"><em><span class=\"big\">Big Fish<\/span><\/em><\/a><br \/>\nLaurence Kubski<br \/>\nCommissaire : Sarah Girard, une exposition des Journ\u00e9es Photographiques de Bienne<\/p>\n<p>du 14 septembre au 13 octobre 2024 <br \/>\nsamedi et dimanche : 14h-19h, les autres jours sur rendez-vous<br \/>\nRenseignements : 06 99 73 81 80<\/p>\n<h2><span class=\"theme_color\">7. Berges de l\u2019Ill\/ Quai des Cigognes, Mulhouse\u00a0<\/span><\/h2>\n<p class=\"cancel_mt\"><span class=\"small theme_color\">\u00e0 cot\u00e9 de la Maison des Berges (45 Quai des Cigognes, Mulhouse)<\/span><\/p>\n<p class=\"cancel_mt\"><em><span class=\"big\"><a href=\"https:\/\/www.biennale-photo-mulhouse.com\/2024\/10-ans-10-photographes\/\" target=\"_blank\" rel=\"noopener\">10 ans \/ 10 photographes<\/a><br \/>\n<\/span><\/em>Janine B\u00e4chle, Geert Goiris, Matthew Genitempo, Pascal Amoyel, Rebecca Topakian, Paul Gaffney, Michel Fran\u00e7ois, Nathalie Wolff &amp; Matthias Bumiller, C\u00e9line Clanet, Christophe Bourguedieu<br \/>\nCommissaire : Anne Immel\u00e9<em><span class=\"big\"><br \/>\n<\/span><\/em><\/p>\n<p>\u00a0du 7 octobre 2023 au 13 novembre 2024<\/p>\n<p class=\"cancel_mt\">24\/24h<br \/>\nRenseignements : 06 99 73 81 80<\/p>\n<h2><span class=\"theme_color\">8. Le long du Canal du Rhin (face au MISE) et sur le<br \/>\nparvis Adrien Zeller (\u00c0 cot\u00e9 de la gare), Mulhouse\u00a0<\/span><\/h2>\n<p class=\"cancel_mt\"><a href=\"https:\/\/www.biennale-photo-mulhouse.com\/2024\/point-cardinal-iv\/\" target=\"_blank\" rel=\"noopener\"><em><span class=\"big\">Point Cardinal IV<\/span> <\/em><\/a><br \/>\nAvec et par les \u00e9tudiant\u00b7es des \u00c9coles sup\u00e9rieures d\u2019art du Grand Est et leurs professeures de photographie<\/p>\n<p>du 13 septembre au 13 octobre 2024 <br \/>\n24\/24h<br \/>\nRenseignements : 06 99 73 81 80<\/p>\n<h2><span class=\"theme_color\">9. Espace public, Hombourg <br \/>\n<\/span><\/h2>\n<p class=\"cancel_mt\"><span class=\"theme_color small\">6 rue du Canal d\u2019Alsace ; Rue du 151\u00e8me RI<\/span><\/p>\n<p class=\"cancel_mt\"><a href=\"https:\/\/www.biennale-photo-mulhouse.com\/2024\/ingrid-weyland-topographies-of-fragility\/\" target=\"_blank\" rel=\"noopener\"><em><span class=\"big\">Topographies of fragility<\/span><\/em><\/a><br \/>\nIngrid Weyland<br \/>\nUne proposition de Morgane Paillard, directrice du festival ALT+1000<\/p>\n<p>du 13 septembre 2024 \u00e0 l&rsquo;\u00e9t\u00e9 2025<br \/>\n24\/24h<br \/>\nRenseignements : 06 99 73 81 80<\/p>\n<h2><span class=\"theme_color\">10. Le long de la Thur, au pied du Rangen, Thann<\/span><\/h2>\n<p class=\"cancel_mt\"><span class=\"small theme_color\">Rue du vignoble, Thann<\/span><\/p>\n<p class=\"cancel_mt\"><a href=\"https:\/\/www.biennale-photo-mulhouse.com\/2024\/terri-weifenbach-cloud-physics\/\" target=\"_blank\" rel=\"noopener\"><span class=\"big\"><em>Cloud Physics<\/em><\/span><\/a><br \/>\nTerri Weifenbach<br \/>\nCommissaire : Steve Bisson<\/p>\n<p>du 8 juin au 13 octobre<\/p>\n<p class=\"cancel_mt\">24\/24h<br \/>\nRenseignements : 03 89 38 53 00<\/p>\n<h2><span class=\"theme_color\">11. h\u00f4tel de ville, Thann<\/span><\/h2>\n<p class=\"cancel_mt\"><span class=\"small theme_color\">1 Place Joffre, Thann<\/span><\/p>\n<p class=\"cancel_mt\"><a href=\"https:\/\/www.biennale-photo-mulhouse.com\/2024\/vanessa-cowling-fixing-the-shadows\/\" target=\"_blank\" rel=\"noopener\"><em><span class=\"big\">Fixing the Shadows<\/span><\/em><\/a><br \/>\nVanessa Cowling<br \/>\nCommissaire : Steve Bisson<\/p>\n<p>du 8 juin au 14 septembre 2024<br \/>\nlundi, mardi, jeudi et vendredi : 9h-12h \/ 14h-17h30<br \/>\nRenseignements : 03 89 38 53 00<\/p>\n<h2><span class=\"theme_color\">12. DELPHI_<span class=\"no-uppercase\">space<\/span>, Fribourg-en-brisgau (DE)<\/span><\/h2>\n<p class=\"cancel_mt\"><span class=\"small theme_color\">Brombergstra\u00dfe 17c, Freiburg im Breisgau, Allemagne<\/span><\/p>\n<p class=\"cancel_mt\"><a href=\"https:\/\/www.biennale-photo-mulhouse.com\/2024\/troubled-surface-surface-troublee\/\" target=\"_blank\" rel=\"noopener\"><span class=\"big\"><em>Troubled surface \/ Surface troubl\u00e9e<\/em> <\/span><\/a><br \/>\nGabriel Goller, Karin Jobst<\/p>\n<p>du 7 septembre au 13 octobre 2024 <br \/>\nvendredi et samedi : 17h-20h, dimanche : 15h-18h<br \/>\nCommissaire : Hanna Weber<br \/>\nRenseignements : info@delphi-space.com<\/p>\n<h2><span class=\"theme_color\">13. Centre Culturel Fran\u00e7ais de Fribourg, Fribourg-en-Brisgau (DE)<\/span><\/h2>\n<p class=\"cancel_mt\"><span class=\"theme_color small\">M\u00fcnsterplatz 11, Freiburg im Breisgau, Allemagne<\/span><\/p>\n<p class=\"cancel_mt\"><a href=\"https:\/\/www.biennale-photo-mulhouse.com\/2024\/tom-spach-high-garden\/\" target=\"_blank\" rel=\"noopener\"><span class=\"big\"><em>High Garden<\/em> <\/span><\/a><br \/>\nTom Spach<br \/>\nUne proposition de Florence Dancoisne, directrice du CCFF<\/p>\n<p>du 12 septembre au 25 octobre 2024<br \/>\nlundi, mardi, jeudi : 9h-17h15, mercredi : 10h-17.15, vendredi : 9h-13.45, samedi: voir dates sur le site web <a href=\"http:\/\/www.ccf-fr.de\" target=\"_blank\" rel=\"noopener\">www.ccf-fr.de<\/a> <br \/>\nvendredi 13 septembre jusqu\u2019\u00e0 21h<br \/>\nRenseignements : +49 761 207390<\/p>\n<p>&nbsp;<\/p>\n<p>Retrouvez \u00e9galement l&rsquo;exposition <span class=\"theme_color\"><em>Dans la Dentsche<\/em><\/span> de Justine Siret et Th\u00e9o Leteissier dans le hall de la Tour de l&rsquo;Europe jusqu&rsquo;au 13 octobre.<\/p>\n","protected":false},"excerpt":{"rendered":"<p>Lieux, dates et horaires des expositions Toutes les expositions sont gratuites pour le public. All exhibitions are free. 1. Mus\u00e9e des Beaux-Arts, Mulhouse 4 Place Guillaume Tell, Mulhouse\u00a0 those eyes &#8211; these eyes -they fade B\u00e9n\u00e9dicte Blondeau, Nigel Baldacchino, Bernard Plossu, Raymond Meeks, Awoiska van der Molen Commissaire : Anne Immel\u00e9 du 13 septembre 2024 [&hellip;]<\/p>\n","protected":false},"author":3,"featured_media":0,"parent":0,"menu_order":0,"comment_status":"closed","ping_status":"closed","template":"","meta":{"footnotes":""},"categories":[1],"class_list":["post-232","page","type-page","status-publish","hentry","category-non-classe"],"acf":{"photo_gallery":{"gallery":[[{"id":278,"title":"Oliveira_09","caption":"Maria Oliveira, <i>Bone Foam <\/i>.","full_image_url":"https:\/\/www.biennale-photo-mulhouse.com\/2024\/wp-content\/uploads\/sites\/6\/2024\/05\/Oliveira_09.jpg","thumbnail_image_url":"https:\/\/www.biennale-photo-mulhouse.com\/2024\/wp-content\/uploads\/sites\/6\/2024\/05\/Oliveira_09.jpg","large_srcset":"https:\/\/www.biennale-photo-mulhouse.com\/2024\/wp-content\/uploads\/sites\/6\/2024\/05\/Oliveira_09.jpg 2000w, https:\/\/www.biennale-photo-mulhouse.com\/2024\/wp-content\/uploads\/sites\/6\/2024\/05\/Oliveira_09-768x576.jpg 768w, https:\/\/www.biennale-photo-mulhouse.com\/2024\/wp-content\/uploads\/sites\/6\/2024\/05\/Oliveira_09-1536x1152.jpg 1536w","medium_srcset":"https:\/\/www.biennale-photo-mulhouse.com\/2024\/wp-content\/uploads\/sites\/6\/2024\/05\/Oliveira_09.jpg 2000w, https:\/\/www.biennale-photo-mulhouse.com\/2024\/wp-content\/uploads\/sites\/6\/2024\/05\/Oliveira_09-768x576.jpg 768w, https:\/\/www.biennale-photo-mulhouse.com\/2024\/wp-content\/uploads\/sites\/6\/2024\/05\/Oliveira_09-1536x1152.jpg 1536w","media_details":{"width":2000,"height":1500,"sizes":{"medium_large":{"file":"Oliveira_09-768x576.jpg","width":768,"height":576,"mime-type":"image\/jpeg","filesize":76860,"source_url":"https:\/\/www.biennale-photo-mulhouse.com\/2024\/wp-content\/uploads\/sites\/6\/2024\/05\/Oliveira_09-768x576.jpg"},"1536x1536":{"file":"Oliveira_09-1536x1152.jpg","width":1536,"height":1152,"mime-type":"image\/jpeg","filesize":219680,"source_url":"https:\/\/www.biennale-photo-mulhouse.com\/2024\/wp-content\/uploads\/sites\/6\/2024\/05\/Oliveira_09-1536x1152.jpg"}}},"alt_text":"","url":"","target":""}]]}},"yoast_head":"<!-- This site is optimized with the Yoast SEO plugin v21.9.1 - https:\/\/yoast.com\/wordpress\/plugins\/seo\/ -->\n<title>Lieux, dates et horaires des expositions - BPM 2024 - Biennale de la Photographie de Mulhouse 2024<\/title>\n<meta name=\"description\" content=\"La 6e \u00e9dition de la Biennale de la Photographie de Mulhouse pr\u00e9sente treize expositions gratuites pour le public.\" \/>\n<meta name=\"robots\" content=\"index, follow, max-snippet:-1, max-image-preview:large, max-video-preview:-1\" \/>\n<link rel=\"canonical\" href=\"https:\/\/www.biennale-photo-mulhouse.com\/2024\/lieux-dates-horaires-festival-mulhouse-paul-wolff-musee-beaux-arts\/\" \/>\n<meta property=\"og:locale\" content=\"fr_FR\" \/>\n<meta property=\"og:type\" content=\"article\" \/>\n<meta property=\"og:title\" content=\"Lieux, dates et horaires des expositions - BPM 2024 - Biennale de la Photographie de Mulhouse 2024\" \/>\n<meta property=\"og:description\" content=\"La 6e \u00e9dition de la Biennale de la Photographie de Mulhouse pr\u00e9sente treize expositions gratuites pour le public.\" \/>\n<meta property=\"og:url\" content=\"https:\/\/www.biennale-photo-mulhouse.com\/2024\/lieux-dates-horaires-festival-mulhouse-paul-wolff-musee-beaux-arts\/\" \/>\n<meta property=\"og:site_name\" content=\"BPM 2024 - Biennale de la Photographie de Mulhouse 2024\" \/>\n<meta property=\"article:publisher\" content=\"https:\/\/www.facebook.com\/BiennaleDeLaPhotographieDeMulhouse\" \/>\n<meta property=\"article:modified_time\" content=\"2024-11-19T12:49:19+00:00\" \/>\n<meta property=\"og:image\" content=\"https:\/\/www.biennale-photo-mulhouse.com\/2024\/wp-content\/uploads\/sites\/6\/2024\/06\/carte-BPM-2024-scaled.jpg\" \/>\n<meta name=\"twitter:card\" content=\"summary_large_image\" \/>\n<meta name=\"twitter:label1\" content=\"Dur\u00e9e de lecture estim\u00e9e\" \/>\n\t<meta name=\"twitter:data1\" content=\"4 minutes\" \/>\n<script type=\"application\/ld+json\" class=\"yoast-schema-graph\">{\"@context\":\"https:\/\/schema.org\",\"@graph\":[{\"@type\":\"WebPage\",\"@id\":\"https:\/\/www.biennale-photo-mulhouse.com\/2024\/lieux-dates-horaires-festival-mulhouse-paul-wolff-musee-beaux-arts\/\",\"url\":\"https:\/\/www.biennale-photo-mulhouse.com\/2024\/lieux-dates-horaires-festival-mulhouse-paul-wolff-musee-beaux-arts\/\",\"name\":\"Lieux, dates et horaires des expositions - BPM 2024 - Biennale de la Photographie de Mulhouse 2024\",\"isPartOf\":{\"@id\":\"https:\/\/www.biennale-photo-mulhouse.com\/2024\/#website\"},\"datePublished\":\"2024-06-07T12:32:11+00:00\",\"dateModified\":\"2024-11-19T12:49:19+00:00\",\"description\":\"La 6e \u00e9dition de la Biennale de la Photographie de Mulhouse pr\u00e9sente treize expositions gratuites pour le public.\",\"breadcrumb\":{\"@id\":\"https:\/\/www.biennale-photo-mulhouse.com\/2024\/lieux-dates-horaires-festival-mulhouse-paul-wolff-musee-beaux-arts\/#breadcrumb\"},\"inLanguage\":\"fr-FR\",\"potentialAction\":[{\"@type\":\"ReadAction\",\"target\":[\"https:\/\/www.biennale-photo-mulhouse.com\/2024\/lieux-dates-horaires-festival-mulhouse-paul-wolff-musee-beaux-arts\/\"]}]},{\"@type\":\"BreadcrumbList\",\"@id\":\"https:\/\/www.biennale-photo-mulhouse.com\/2024\/lieux-dates-horaires-festival-mulhouse-paul-wolff-musee-beaux-arts\/#breadcrumb\",\"itemListElement\":[{\"@type\":\"ListItem\",\"position\":1,\"name\":\"Accueil\",\"item\":\"https:\/\/www.biennale-photo-mulhouse.com\/2024\/\"},{\"@type\":\"ListItem\",\"position\":2,\"name\":\"Lieux, dates et horaires des expositions\"}]},{\"@type\":\"WebSite\",\"@id\":\"https:\/\/www.biennale-photo-mulhouse.com\/2024\/#website\",\"url\":\"https:\/\/www.biennale-photo-mulhouse.com\/2024\/\",\"name\":\"Biennale de la Photographie de Mulhouse\",\"description\":\"\",\"potentialAction\":[{\"@type\":\"SearchAction\",\"target\":{\"@type\":\"EntryPoint\",\"urlTemplate\":\"https:\/\/www.biennale-photo-mulhouse.com\/2024\/?s={search_term_string}\"},\"query-input\":\"required name=search_term_string\"}],\"inLanguage\":\"fr-FR\"}]}<\/script>\n<!-- \/ Yoast SEO plugin. -->","yoast_head_json":{"title":"Lieux, dates et horaires des expositions - BPM 2024 - Biennale de la Photographie de Mulhouse 2024","description":"La 6e \u00e9dition de la Biennale de la Photographie de Mulhouse pr\u00e9sente treize expositions gratuites pour le public.","robots":{"index":"index","follow":"follow","max-snippet":"max-snippet:-1","max-image-preview":"max-image-preview:large","max-video-preview":"max-video-preview:-1"},"canonical":"https:\/\/www.biennale-photo-mulhouse.com\/2024\/lieux-dates-horaires-festival-mulhouse-paul-wolff-musee-beaux-arts\/","og_locale":"fr_FR","og_type":"article","og_title":"Lieux, dates et horaires des expositions - BPM 2024 - Biennale de la Photographie de Mulhouse 2024","og_description":"La 6e \u00e9dition de la Biennale de la Photographie de Mulhouse pr\u00e9sente treize expositions gratuites pour le public.","og_url":"https:\/\/www.biennale-photo-mulhouse.com\/2024\/lieux-dates-horaires-festival-mulhouse-paul-wolff-musee-beaux-arts\/","og_site_name":"BPM 2024 - Biennale de la Photographie de Mulhouse 2024","article_publisher":"https:\/\/www.facebook.com\/BiennaleDeLaPhotographieDeMulhouse","article_modified_time":"2024-11-19T12:49:19+00:00","og_image":[{"url":"https:\/\/www.biennale-photo-mulhouse.com\/2024\/wp-content\/uploads\/sites\/6\/2024\/06\/carte-BPM-2024-scaled.jpg"}],"twitter_card":"summary_large_image","twitter_misc":{"Dur\u00e9e de lecture estim\u00e9e":"4 minutes"},"schema":{"@context":"https:\/\/schema.org","@graph":[{"@type":"WebPage","@id":"https:\/\/www.biennale-photo-mulhouse.com\/2024\/lieux-dates-horaires-festival-mulhouse-paul-wolff-musee-beaux-arts\/","url":"https:\/\/www.biennale-photo-mulhouse.com\/2024\/lieux-dates-horaires-festival-mulhouse-paul-wolff-musee-beaux-arts\/","name":"Lieux, dates et horaires des expositions - BPM 2024 - Biennale de la Photographie de Mulhouse 2024","isPartOf":{"@id":"https:\/\/www.biennale-photo-mulhouse.com\/2024\/#website"},"datePublished":"2024-06-07T12:32:11+00:00","dateModified":"2024-11-19T12:49:19+00:00","description":"La 6e \u00e9dition de la Biennale de la Photographie de Mulhouse pr\u00e9sente treize expositions gratuites pour le public.","breadcrumb":{"@id":"https:\/\/www.biennale-photo-mulhouse.com\/2024\/lieux-dates-horaires-festival-mulhouse-paul-wolff-musee-beaux-arts\/#breadcrumb"},"inLanguage":"fr-FR","potentialAction":[{"@type":"ReadAction","target":["https:\/\/www.biennale-photo-mulhouse.com\/2024\/lieux-dates-horaires-festival-mulhouse-paul-wolff-musee-beaux-arts\/"]}]},{"@type":"BreadcrumbList","@id":"https:\/\/www.biennale-photo-mulhouse.com\/2024\/lieux-dates-horaires-festival-mulhouse-paul-wolff-musee-beaux-arts\/#breadcrumb","itemListElement":[{"@type":"ListItem","position":1,"name":"Accueil","item":"https:\/\/www.biennale-photo-mulhouse.com\/2024\/"},{"@type":"ListItem","position":2,"name":"Lieux, dates et horaires des expositions"}]},{"@type":"WebSite","@id":"https:\/\/www.biennale-photo-mulhouse.com\/2024\/#website","url":"https:\/\/www.biennale-photo-mulhouse.com\/2024\/","name":"Biennale de la Photographie de Mulhouse","description":"","potentialAction":[{"@type":"SearchAction","target":{"@type":"EntryPoint","urlTemplate":"https:\/\/www.biennale-photo-mulhouse.com\/2024\/?s={search_term_string}"},"query-input":"required name=search_term_string"}],"inLanguage":"fr-FR"}]}},"_links":{"self":[{"href":"https:\/\/www.biennale-photo-mulhouse.com\/2024\/wp-json\/wp\/v2\/pages\/232","targetHints":{"allow":["GET"]}}],"collection":[{"href":"https:\/\/www.biennale-photo-mulhouse.com\/2024\/wp-json\/wp\/v2\/pages"}],"about":[{"href":"https:\/\/www.biennale-photo-mulhouse.com\/2024\/wp-json\/wp\/v2\/types\/page"}],"author":[{"embeddable":true,"href":"https:\/\/www.biennale-photo-mulhouse.com\/2024\/wp-json\/wp\/v2\/users\/3"}],"replies":[{"embeddable":true,"href":"https:\/\/www.biennale-photo-mulhouse.com\/2024\/wp-json\/wp\/v2\/comments?post=232"}],"version-history":[{"count":31,"href":"https:\/\/www.biennale-photo-mulhouse.com\/2024\/wp-json\/wp\/v2\/pages\/232\/revisions"}],"predecessor-version":[{"id":809,"href":"https:\/\/www.biennale-photo-mulhouse.com\/2024\/wp-json\/wp\/v2\/pages\/232\/revisions\/809"}],"wp:attachment":[{"href":"https:\/\/www.biennale-photo-mulhouse.com\/2024\/wp-json\/wp\/v2\/media?parent=232"}],"wp:term":[{"taxonomy":"category","embeddable":true,"href":"https:\/\/www.biennale-photo-mulhouse.com\/2024\/wp-json\/wp\/v2\/categories?post=232"}],"curies":[{"name":"wp","href":"https:\/\/api.w.org\/{rel}","templated":true}]}}