{"id":135,"date":"2024-04-06T09:22:59","date_gmt":"2024-04-06T07:22:59","guid":{"rendered":"https:\/\/www.biennale-photo-mulhouse.com\/2024\/?page_id=135"},"modified":"2024-07-01T10:49:27","modified_gmt":"2024-07-01T08:49:27","slug":"journee-douverture-a-thann","status":"publish","type":"page","link":"https:\/\/www.biennale-photo-mulhouse.com\/2024\/journee-douverture-a-thann\/","title":{"rendered":"Journ\u00e9e inaugurale \u00e0 Thann"},"content":{"rendered":"<h1><span class=\"theme_color\">Journ\u00e9e inaugurale \u00e0 Thann<\/span><\/h1>\n<p class=\"cancel_mt\"><strong><span class=\"small\">\u00a0FR\/ENG \u2193<\/span><\/strong><\/p>\n<h2>8 juin<\/h2>\n<p>Par leur d\u00e9marrage anticip\u00e9, les expositions thannoises b\u00e9n\u00e9ficieront d\u2019une journ\u00e9e inaugurale d\u00e9di\u00e9e.<\/p>\n<p><strong><span class=\"title_font uppercase theme_color\">Programme :<\/span><\/strong><\/p>\n<p class=\"offsetted\"><strong>15h<\/strong>, Berges de la Thur : Visite de l\u2019exposition <a href=\"https:\/\/www.biennale-photo-mulhouse.com\/2024\/terri-weifenbach-cloud-physics\/\"><span class=\"theme_color\"><em>Cloud Physics<\/em><\/span><\/a> en pr\u00e9sence de Terri Weifenbach et de Steve Bisson<\/p>\n<p class=\"offsetted\"><strong>17h<\/strong>, H\u00f4tel de ville : Visite de l\u2019exposition <a href=\"https:\/\/www.biennale-photo-mulhouse.com\/2024\/vanessa-cowling-fixing-the-shadows\/\"><span class=\"theme_color\"><em>Fixing the Shadows<\/em><\/span><\/a> en pr\u00e9sence de Vanessa Cowling et de Steve Bisson<\/p>\n<p class=\"offsetted\"><strong>18h<\/strong>, Librairie Bisey : Rencontre-discussion \u201cEn pleine nature\u201d entre Terri Weifenbach et Vanessa Cowling, anim\u00e9e par Steve Bisson<\/p>\n<p class=\"offsetted\"><em>Refl\u00e9tant une formule qui a rendu c\u00e9l\u00e8bre le d\u00e9sir des impressionnistes d\u2019\u00eatre dehors pour peindre afin de s\u2019immerger dans la lumi\u00e8re et dans la pleine observation de la r\u00e9alit\u00e9, le th\u00e8me de la rencontre nous invite \u00e0 r\u00e9fl\u00e9chir sur notre relation avec la nature. Rompre avec la division entre culture et nature ou percevoir la vie comme une seule entit\u00e9, est-ce vraiment le r\u00eave d\u2019un monde impossible ?<\/em><\/p>\n<hr \/>\n<h2>La vision de Steve Bisson, commissaire invit\u00e9<\/h2>\n<p>Ma proposition pour la commune de Thann, dans le cadre de la 6e \u00e9dition de la BPM, prend la forme d\u2019un dialogue public et en plein air. Le b\u00e2timent le plus repr\u00e9sentatif des citoyens et citoyennes, l\u2019H\u00f4tel de ville, et la piste cyclable qui relie l\u2019ancien centre historique \u00e0 la nouvelle urbanisation plus en aval de la vall\u00e9e, sont les points cardinaux d\u2019un itin\u00e9raire qui unit la g\u00e9ographie pass\u00e9e et future de cette commune alsacienne. Ce pr\u00e9sent est alors une exp\u00e9rience conviviale qui valorise une vision cyclique du temps, dans laquelle hier et demain se rencontrent aujourd\u2019hui.<\/p>\n<p>L\u2019exposition de <strong>Terri Weifenbach<\/strong> est une promenade ponctu\u00e9e d\u2019images qui innervent le paysage d\u2019une nouvelle vie et de nouvelles couleurs. Les \u0153uvres s\u2019ins\u00e8rent de mani\u00e8re presque symbiotique dans le lieu et mettent en valeur ses diff\u00e9rents visages qui alternent. Les clich\u00e9s se font d\u2019abord l\u2019\u00e9cho des rives de la rivi\u00e8re \u2014 qui coule encore comme un destin entropique et in\u00e9luctable qui avance \u2014 puis des flancs des collines o\u00f9 pendant des si\u00e8cles, comme dans un tableau, il s\u2019est manifest\u00e9 l\u2019histoire des habitant\u00b7es, leur lien \u00e9troit avec la terre et le ciel, d\u2019o\u00f9 vient toute eau. Les photographies, tir\u00e9es du projet <a href=\"https:\/\/exb.fr\/fr\/sciences\/486-cloud-physics.html\"><em><span class=\"theme_color\">Cloud Physics<\/span><\/em><\/a>, sont un hymne au chant atmosph\u00e9rique et \u00e0 la m\u00e9t\u00e9orologie qui \u00e9tudie ses expressions et ses caprices, dont d\u00e9pendent souvent le sort de la vie. Dans cette multiplicit\u00e9 de points d\u2019observation se trouve une synth\u00e8se de la condition humaine, prenant place sur un gramme de poussi\u00e8re perdu dans un univers toujours en expansion.<\/p>\n<p>L\u2019installation de <strong>Vanessa Cowling<\/strong> est une sculpture visuelle qui interf\u00e8re avec le b\u00e2timent de la Mairie tout en favorisant sa perm\u00e9abilit\u00e9. C\u2019est un message qui exalte la transparence et la durabilit\u00e9 comme vertus d\u2019une bonne conduite politique. La pratique de l\u2019artiste sud-africaine est fond\u00e9e par ses recherches sur l\u2019utilisation de mat\u00e9riaux non nocifs pour la sant\u00e9 humaine et l\u2019environnement, et incarne donc un authentique sens des responsabilit\u00e9s envers les prochaines g\u00e9n\u00e9rations qui fouleront ces terres. Dans les images de Vanessa Cowling s\u2019expriment les feuilles, les racines, les branches qui accueillent la lumi\u00e8re et l\u2019\u00e9nergie solaire, les laissent passer, r\u00e9duisent la distance entre celles et ceux qui sont \u00e0 l\u2019int\u00e9rieur et \u00e0 l\u2019ext\u00e9rieur du b\u00e2timent. L\u2019installation invite \u00e0 une perspective phytocentrique, dans laquelle la nature n\u2019est pas exclusivement au service de l\u2019humain mais dans une osmose continue avec lui. La bonne gouvernance des territoires d\u00e9pend d\u2019une conscience de la mesure de nos actions. Plus qu\u2019une exposition, le public est face \u00e0 une cartographie mentale.<\/p>\n<p><img loading=\"lazy\" decoding=\"async\" class=\"alignnone size-full wp-image-208\" src=\"https:\/\/www.biennale-photo-mulhouse.com\/2024\/wp-content\/uploads\/sites\/6\/2024\/04\/Steve-Alessandro-Mallamaci_bw.jpg\" alt=\"\" width=\"1066\" height=\"1599\" srcset=\"https:\/\/www.biennale-photo-mulhouse.com\/2024\/wp-content\/uploads\/sites\/6\/2024\/04\/Steve-Alessandro-Mallamaci_bw.jpg 1066w, https:\/\/www.biennale-photo-mulhouse.com\/2024\/wp-content\/uploads\/sites\/6\/2024\/04\/Steve-Alessandro-Mallamaci_bw-768x1152.jpg 768w, https:\/\/www.biennale-photo-mulhouse.com\/2024\/wp-content\/uploads\/sites\/6\/2024\/04\/Steve-Alessandro-Mallamaci_bw-1024x1536.jpg 1024w\" sizes=\"auto, (max-width: 1066px) 100vw, 1066px\" \/><\/p>\n<p class=\"img_caption\">Portrait de Steve Bisson par Alessandro Mallamaci<\/p>\n<h2><em><span class=\"uppercase theme_color\">Guest curator Steve Bisson&rsquo;s vision<\/span><\/em><\/h2>\n<p><span class=\"theme_color\"><em>My proposal for the town of Thann, as part of the 6th edition of the BPM, takes the form of a public, open-air dialogue. The building most representative of Thann&rsquo;s citizens, the town hall, and the bicycle path linking the old historic center to the new urbanization further down the valley, are the cardinal points of an itinerary that unites the past and future geography of this Alsatian town. The present is a convivial experience that promotes a cyclical vision of time, in which yesterday and tomorrow meet today.<\/em><\/span><\/p>\n<p><span class=\"theme_color\"><em><strong>Terri Weifenbach<\/strong>&lsquo;s exhibition is a walk punctuated by images that infuse the landscape with new life and colors. The works are inserted almost symbiotically into the site, highlighting its various alternating faces. The photographs first echo the banks of the river &#8211; which still flows like an entropic, ineluctable destiny moving forward &#8211; then the hillsides where, for centuries, as in a painting, the history of the inhabitants has manifested itself, their close ties with the earth and sky, from which all water comes. The photographs, taken from the <\/em>Cloud Physics<em> project, are a hymn to atmospheric singing and to the meteorology that studies its expressions and whims, on which the fate of life often depends. In this multiplicity of vantage points lies a synthesis of the human condition, taking its place on a gram of dust lost in an ever-expanding universe.<\/em><\/span><\/p>\n<p><span class=\"theme_color\"><em><strong>Vanessa Cowling<\/strong>&lsquo;s installation is a visual sculpture that interferes with the Town Hall building while promoting its permeability. It is a message that exalts transparency and sustainability as virtues of good political conduct. The South African artist&rsquo;s practice is founded on her research into the use of materials that are not harmful to human health or the environment, and thus embodies a genuine sense of responsibility towards the next generations who will walk these lands. Vanessa Cowling&rsquo;s images express the leaves, roots and branches that welcome light and solar energy, letting them pass through and reducing the distance between those inside and outside the building. The installation invites a phytocentric perspective, in which nature is not exclusively at the service of humans, but in continuous osmosis with them. Good governance of territories depends on an awareness of the extent of our actions. More than an exhibition, the public is faced with a mental cartography.<\/em><\/span><\/p>\n<p>&nbsp;<\/p>\n<p><img loading=\"lazy\" decoding=\"async\" class=\"alignnone size-full wp-image-498\" src=\"https:\/\/www.biennale-photo-mulhouse.com\/2024\/wp-content\/uploads\/sites\/6\/2024\/06\/IMG_20240608_154517-scaled.jpg\" alt=\"\" width=\"2560\" height=\"1920\" srcset=\"https:\/\/www.biennale-photo-mulhouse.com\/2024\/wp-content\/uploads\/sites\/6\/2024\/06\/IMG_20240608_154517-scaled.jpg 2560w, https:\/\/www.biennale-photo-mulhouse.com\/2024\/wp-content\/uploads\/sites\/6\/2024\/06\/IMG_20240608_154517-768x576.jpg 768w, https:\/\/www.biennale-photo-mulhouse.com\/2024\/wp-content\/uploads\/sites\/6\/2024\/06\/IMG_20240608_154517-1536x1152.jpg 1536w, https:\/\/www.biennale-photo-mulhouse.com\/2024\/wp-content\/uploads\/sites\/6\/2024\/06\/IMG_20240608_154517-2048x1536.jpg 2048w\" sizes=\"auto, (max-width: 2560px) 100vw, 2560px\" \/><\/p>\n<p class=\"img_caption\">Visite inaugurale de <em>Cloud Physics<\/em> par Terri Weifenbach, 8 juin 2024, Thann<\/p>\n<p><img loading=\"lazy\" decoding=\"async\" class=\"alignnone size-full wp-image-499\" src=\"https:\/\/www.biennale-photo-mulhouse.com\/2024\/wp-content\/uploads\/sites\/6\/2024\/06\/IMG-20240610-WA0059.jpg\" alt=\"\" width=\"900\" height=\"1260\" srcset=\"https:\/\/www.biennale-photo-mulhouse.com\/2024\/wp-content\/uploads\/sites\/6\/2024\/06\/IMG-20240610-WA0059.jpg 900w, https:\/\/www.biennale-photo-mulhouse.com\/2024\/wp-content\/uploads\/sites\/6\/2024\/06\/IMG-20240610-WA0059-768x1075.jpg 768w\" sizes=\"auto, (max-width: 900px) 100vw, 900px\" \/><\/p>\n<p class=\"img_caption\">Pr\u00e9sentation par Vanessa Cowling de son installation <em>Fixing the Shadows<\/em>, 8 juin 2024, Thann<\/p>\n","protected":false},"excerpt":{"rendered":"<p>Journ\u00e9e inaugurale \u00e0 Thann \u00a0FR\/ENG \u2193 8 juin Par leur d\u00e9marrage anticip\u00e9, les expositions thannoises b\u00e9n\u00e9ficieront d\u2019une journ\u00e9e inaugurale d\u00e9di\u00e9e. Programme : 15h, Berges de la Thur : Visite de l\u2019exposition Cloud Physics en pr\u00e9sence de Terri Weifenbach et de Steve Bisson 17h, H\u00f4tel de ville : Visite de l\u2019exposition Fixing the Shadows en pr\u00e9sence [&hellip;]<\/p>\n","protected":false},"author":3,"featured_media":0,"parent":0,"menu_order":0,"comment_status":"closed","ping_status":"closed","template":"","meta":{"footnotes":""},"categories":[7],"class_list":["post-135","page","type-page","status-publish","hentry","category-journees-inaugurales"],"acf":{"photo_gallery":{"gallery":[[{"id":53,"title":"Terri Weifenbach, July 7, 2019","caption":"Terri Weifenbach, July 7, 2019.","full_image_url":"https:\/\/www.biennale-photo-mulhouse.com\/2024\/wp-content\/uploads\/sites\/6\/2024\/02\/Terri-Weifenbach-July-7-2019.jpg","thumbnail_image_url":"https:\/\/www.biennale-photo-mulhouse.com\/2024\/wp-content\/uploads\/sites\/6\/2024\/02\/Terri-Weifenbach-July-7-2019.jpg","large_srcset":"https:\/\/www.biennale-photo-mulhouse.com\/2024\/wp-content\/uploads\/sites\/6\/2024\/02\/Terri-Weifenbach-July-7-2019.jpg 2520w, https:\/\/www.biennale-photo-mulhouse.com\/2024\/wp-content\/uploads\/sites\/6\/2024\/02\/Terri-Weifenbach-July-7-2019-768x512.jpg 768w, https:\/\/www.biennale-photo-mulhouse.com\/2024\/wp-content\/uploads\/sites\/6\/2024\/02\/Terri-Weifenbach-July-7-2019-1536x1025.jpg 1536w, https:\/\/www.biennale-photo-mulhouse.com\/2024\/wp-content\/uploads\/sites\/6\/2024\/02\/Terri-Weifenbach-July-7-2019-2048x1366.jpg 2048w","medium_srcset":"https:\/\/www.biennale-photo-mulhouse.com\/2024\/wp-content\/uploads\/sites\/6\/2024\/02\/Terri-Weifenbach-July-7-2019.jpg 2520w, https:\/\/www.biennale-photo-mulhouse.com\/2024\/wp-content\/uploads\/sites\/6\/2024\/02\/Terri-Weifenbach-July-7-2019-768x512.jpg 768w, https:\/\/www.biennale-photo-mulhouse.com\/2024\/wp-content\/uploads\/sites\/6\/2024\/02\/Terri-Weifenbach-July-7-2019-1536x1025.jpg 1536w, https:\/\/www.biennale-photo-mulhouse.com\/2024\/wp-content\/uploads\/sites\/6\/2024\/02\/Terri-Weifenbach-July-7-2019-2048x1366.jpg 2048w","media_details":{"width":2520,"height":1681,"sizes":{"medium_large":{"file":"Terri-Weifenbach-July-7-2019-768x512.jpg","width":768,"height":512,"mime-type":"image\/jpeg","filesize":101166,"source_url":"https:\/\/www.biennale-photo-mulhouse.com\/2024\/wp-content\/uploads\/sites\/6\/2024\/02\/Terri-Weifenbach-July-7-2019-768x512.jpg"},"1536x1536":{"file":"Terri-Weifenbach-July-7-2019-1536x1025.jpg","width":1536,"height":1025,"mime-type":"image\/jpeg","filesize":402637,"source_url":"https:\/\/www.biennale-photo-mulhouse.com\/2024\/wp-content\/uploads\/sites\/6\/2024\/02\/Terri-Weifenbach-July-7-2019-1536x1025.jpg"},"2048x2048":{"file":"Terri-Weifenbach-July-7-2019-2048x1366.jpg","width":2048,"height":1366,"mime-type":"image\/jpeg","filesize":722147,"source_url":"https:\/\/www.biennale-photo-mulhouse.com\/2024\/wp-content\/uploads\/sites\/6\/2024\/02\/Terri-Weifenbach-July-7-2019-2048x1366.jpg"}}},"alt_text":"","url":"","target":""}]]}},"yoast_head":"<!-- This site is optimized with the Yoast SEO plugin v21.9.1 - https:\/\/yoast.com\/wordpress\/plugins\/seo\/ -->\n<title>Journ\u00e9e inaugurale \u00e0 Thann - BPM 2024 - Biennale de la Photographie de Mulhouse 2024<\/title>\n<meta name=\"description\" content=\"Par leur d\u00e9marrage anticip\u00e9, les expositions de la BPM 2024 \u00e0 Thann b\u00e9n\u00e9ficieront d\u2019une journ\u00e9e d\u2019ouverture d\u00e9di\u00e9e le 8 juin.\" \/>\n<meta name=\"robots\" content=\"index, follow, max-snippet:-1, max-image-preview:large, max-video-preview:-1\" \/>\n<link rel=\"canonical\" href=\"https:\/\/www.biennale-photo-mulhouse.com\/2024\/journee-douverture-a-thann\/\" \/>\n<meta property=\"og:locale\" content=\"fr_FR\" \/>\n<meta property=\"og:type\" content=\"article\" \/>\n<meta property=\"og:title\" content=\"Journ\u00e9e inaugurale \u00e0 Thann - BPM 2024 - Biennale de la Photographie de Mulhouse 2024\" \/>\n<meta property=\"og:description\" content=\"Par leur d\u00e9marrage anticip\u00e9, les expositions de la BPM 2024 \u00e0 Thann b\u00e9n\u00e9ficieront d\u2019une journ\u00e9e d\u2019ouverture d\u00e9di\u00e9e le 8 juin.\" \/>\n<meta property=\"og:url\" content=\"https:\/\/www.biennale-photo-mulhouse.com\/2024\/journee-douverture-a-thann\/\" \/>\n<meta property=\"og:site_name\" content=\"BPM 2024 - Biennale de la Photographie de Mulhouse 2024\" \/>\n<meta property=\"article:publisher\" content=\"https:\/\/www.facebook.com\/BiennaleDeLaPhotographieDeMulhouse\" \/>\n<meta property=\"article:modified_time\" content=\"2024-07-01T08:49:27+00:00\" \/>\n<meta property=\"og:image\" content=\"https:\/\/www.biennale-photo-mulhouse.com\/2024\/wp-content\/uploads\/sites\/6\/2024\/04\/Steve-Alessandro-Mallamaci_bw.jpg\" \/>\n<meta name=\"twitter:card\" content=\"summary_large_image\" \/>\n<meta name=\"twitter:label1\" content=\"Dur\u00e9e de lecture estim\u00e9e\" \/>\n\t<meta name=\"twitter:data1\" content=\"6 minutes\" \/>\n<script type=\"application\/ld+json\" class=\"yoast-schema-graph\">{\"@context\":\"https:\/\/schema.org\",\"@graph\":[{\"@type\":\"WebPage\",\"@id\":\"https:\/\/www.biennale-photo-mulhouse.com\/2024\/journee-douverture-a-thann\/\",\"url\":\"https:\/\/www.biennale-photo-mulhouse.com\/2024\/journee-douverture-a-thann\/\",\"name\":\"Journ\u00e9e inaugurale \u00e0 Thann - BPM 2024 - Biennale de la Photographie de Mulhouse 2024\",\"isPartOf\":{\"@id\":\"https:\/\/www.biennale-photo-mulhouse.com\/2024\/#website\"},\"datePublished\":\"2024-04-06T07:22:59+00:00\",\"dateModified\":\"2024-07-01T08:49:27+00:00\",\"description\":\"Par leur d\u00e9marrage anticip\u00e9, les expositions de la BPM 2024 \u00e0 Thann b\u00e9n\u00e9ficieront d\u2019une journ\u00e9e d\u2019ouverture d\u00e9di\u00e9e le 8 juin.\",\"breadcrumb\":{\"@id\":\"https:\/\/www.biennale-photo-mulhouse.com\/2024\/journee-douverture-a-thann\/#breadcrumb\"},\"inLanguage\":\"fr-FR\",\"potentialAction\":[{\"@type\":\"ReadAction\",\"target\":[\"https:\/\/www.biennale-photo-mulhouse.com\/2024\/journee-douverture-a-thann\/\"]}]},{\"@type\":\"BreadcrumbList\",\"@id\":\"https:\/\/www.biennale-photo-mulhouse.com\/2024\/journee-douverture-a-thann\/#breadcrumb\",\"itemListElement\":[{\"@type\":\"ListItem\",\"position\":1,\"name\":\"Accueil\",\"item\":\"https:\/\/www.biennale-photo-mulhouse.com\/2024\/\"},{\"@type\":\"ListItem\",\"position\":2,\"name\":\"Journ\u00e9e inaugurale \u00e0 Thann\"}]},{\"@type\":\"WebSite\",\"@id\":\"https:\/\/www.biennale-photo-mulhouse.com\/2024\/#website\",\"url\":\"https:\/\/www.biennale-photo-mulhouse.com\/2024\/\",\"name\":\"Biennale de la Photographie de Mulhouse\",\"description\":\"\",\"potentialAction\":[{\"@type\":\"SearchAction\",\"target\":{\"@type\":\"EntryPoint\",\"urlTemplate\":\"https:\/\/www.biennale-photo-mulhouse.com\/2024\/?s={search_term_string}\"},\"query-input\":\"required name=search_term_string\"}],\"inLanguage\":\"fr-FR\"}]}<\/script>\n<!-- \/ Yoast SEO plugin. -->","yoast_head_json":{"title":"Journ\u00e9e inaugurale \u00e0 Thann - BPM 2024 - Biennale de la Photographie de Mulhouse 2024","description":"Par leur d\u00e9marrage anticip\u00e9, les expositions de la BPM 2024 \u00e0 Thann b\u00e9n\u00e9ficieront d\u2019une journ\u00e9e d\u2019ouverture d\u00e9di\u00e9e le 8 juin.","robots":{"index":"index","follow":"follow","max-snippet":"max-snippet:-1","max-image-preview":"max-image-preview:large","max-video-preview":"max-video-preview:-1"},"canonical":"https:\/\/www.biennale-photo-mulhouse.com\/2024\/journee-douverture-a-thann\/","og_locale":"fr_FR","og_type":"article","og_title":"Journ\u00e9e inaugurale \u00e0 Thann - BPM 2024 - Biennale de la Photographie de Mulhouse 2024","og_description":"Par leur d\u00e9marrage anticip\u00e9, les expositions de la BPM 2024 \u00e0 Thann b\u00e9n\u00e9ficieront d\u2019une journ\u00e9e d\u2019ouverture d\u00e9di\u00e9e le 8 juin.","og_url":"https:\/\/www.biennale-photo-mulhouse.com\/2024\/journee-douverture-a-thann\/","og_site_name":"BPM 2024 - Biennale de la Photographie de Mulhouse 2024","article_publisher":"https:\/\/www.facebook.com\/BiennaleDeLaPhotographieDeMulhouse","article_modified_time":"2024-07-01T08:49:27+00:00","og_image":[{"url":"https:\/\/www.biennale-photo-mulhouse.com\/2024\/wp-content\/uploads\/sites\/6\/2024\/04\/Steve-Alessandro-Mallamaci_bw.jpg"}],"twitter_card":"summary_large_image","twitter_misc":{"Dur\u00e9e de lecture estim\u00e9e":"6 minutes"},"schema":{"@context":"https:\/\/schema.org","@graph":[{"@type":"WebPage","@id":"https:\/\/www.biennale-photo-mulhouse.com\/2024\/journee-douverture-a-thann\/","url":"https:\/\/www.biennale-photo-mulhouse.com\/2024\/journee-douverture-a-thann\/","name":"Journ\u00e9e inaugurale \u00e0 Thann - BPM 2024 - Biennale de la Photographie de Mulhouse 2024","isPartOf":{"@id":"https:\/\/www.biennale-photo-mulhouse.com\/2024\/#website"},"datePublished":"2024-04-06T07:22:59+00:00","dateModified":"2024-07-01T08:49:27+00:00","description":"Par leur d\u00e9marrage anticip\u00e9, les expositions de la BPM 2024 \u00e0 Thann b\u00e9n\u00e9ficieront d\u2019une journ\u00e9e d\u2019ouverture d\u00e9di\u00e9e le 8 juin.","breadcrumb":{"@id":"https:\/\/www.biennale-photo-mulhouse.com\/2024\/journee-douverture-a-thann\/#breadcrumb"},"inLanguage":"fr-FR","potentialAction":[{"@type":"ReadAction","target":["https:\/\/www.biennale-photo-mulhouse.com\/2024\/journee-douverture-a-thann\/"]}]},{"@type":"BreadcrumbList","@id":"https:\/\/www.biennale-photo-mulhouse.com\/2024\/journee-douverture-a-thann\/#breadcrumb","itemListElement":[{"@type":"ListItem","position":1,"name":"Accueil","item":"https:\/\/www.biennale-photo-mulhouse.com\/2024\/"},{"@type":"ListItem","position":2,"name":"Journ\u00e9e inaugurale \u00e0 Thann"}]},{"@type":"WebSite","@id":"https:\/\/www.biennale-photo-mulhouse.com\/2024\/#website","url":"https:\/\/www.biennale-photo-mulhouse.com\/2024\/","name":"Biennale de la Photographie de Mulhouse","description":"","potentialAction":[{"@type":"SearchAction","target":{"@type":"EntryPoint","urlTemplate":"https:\/\/www.biennale-photo-mulhouse.com\/2024\/?s={search_term_string}"},"query-input":"required name=search_term_string"}],"inLanguage":"fr-FR"}]}},"_links":{"self":[{"href":"https:\/\/www.biennale-photo-mulhouse.com\/2024\/wp-json\/wp\/v2\/pages\/135","targetHints":{"allow":["GET"]}}],"collection":[{"href":"https:\/\/www.biennale-photo-mulhouse.com\/2024\/wp-json\/wp\/v2\/pages"}],"about":[{"href":"https:\/\/www.biennale-photo-mulhouse.com\/2024\/wp-json\/wp\/v2\/types\/page"}],"author":[{"embeddable":true,"href":"https:\/\/www.biennale-photo-mulhouse.com\/2024\/wp-json\/wp\/v2\/users\/3"}],"replies":[{"embeddable":true,"href":"https:\/\/www.biennale-photo-mulhouse.com\/2024\/wp-json\/wp\/v2\/comments?post=135"}],"version-history":[{"count":19,"href":"https:\/\/www.biennale-photo-mulhouse.com\/2024\/wp-json\/wp\/v2\/pages\/135\/revisions"}],"predecessor-version":[{"id":552,"href":"https:\/\/www.biennale-photo-mulhouse.com\/2024\/wp-json\/wp\/v2\/pages\/135\/revisions\/552"}],"wp:attachment":[{"href":"https:\/\/www.biennale-photo-mulhouse.com\/2024\/wp-json\/wp\/v2\/media?parent=135"}],"wp:term":[{"taxonomy":"category","embeddable":true,"href":"https:\/\/www.biennale-photo-mulhouse.com\/2024\/wp-json\/wp\/v2\/categories?post=135"}],"curies":[{"name":"wp","href":"https:\/\/api.w.org\/{rel}","templated":true}]}}