{"id":132,"date":"2024-04-02T19:21:19","date_gmt":"2024-04-02T17:21:19","guid":{"rendered":"https:\/\/www.biennale-photo-mulhouse.com\/2024\/?page_id=132"},"modified":"2024-10-24T11:11:42","modified_gmt":"2024-10-24T09:11:42","slug":"espace-presse","status":"publish","type":"page","link":"https:\/\/www.biennale-photo-mulhouse.com\/2024\/espace-presse\/","title":{"rendered":"Espace presse"},"content":{"rendered":"<h2>COmmuniqu\u00e9 de presse r\u00e9seau lux #1<\/h2>\n<p><a class=\"btn pdf\" href=\"https:\/\/www.biennale-photo-mulhouse.com\/2024\/wp-content\/uploads\/sites\/6\/2024\/10\/communique-BPM-lux-1024.pdf\">BPM x R\u00e9seau LUX #1<\/a><\/p>\n<h2>COMMUNIQU\u00c9S et dossierS de presse de la BPM 2024<\/h2>\n<p><a class=\"btn pdf\" href=\"https:\/\/www.biennale-photo-mulhouse.com\/2024\/wp-content\/uploads\/sites\/6\/2024\/08\/communique-BPM-2024.pdf\">Communiqu\u00e9 de presse BPM 2024<\/a> \u00a0\u00a0 <a class=\"btn pdf\" href=\"https:\/\/www.biennale-photo-mulhouse.com\/2024\/wp-content\/uploads\/sites\/6\/2024\/08\/DP-BPM-2024__.pdf\">DP BPM 2024<\/a><\/p>\n<p><a class=\"btn pdf\" href=\"https:\/\/www.biennale-photo-mulhouse.com\/2024\/wp-content\/uploads\/sites\/6\/2024\/07\/press-release-2024-MBP.pdf\">PRESS RELEASE 2024 MBP<\/a> \u00a0 <a class=\"btn pdf\" href=\"https:\/\/www.biennale-photo-mulhouse.com\/2024\/wp-content\/uploads\/sites\/6\/2024\/08\/Press-kit-MBP-2024__.pdf\">PRESS KIT MBP 2024<\/a><\/p>\n<h2>Communiqu\u00e9 et dossier de presse de la BPM 2024 \u00e0 Thann<\/h2>\n<p><a class=\"btn pdf\" href=\"https:\/\/www.biennale-photo-mulhouse.com\/2024\/wp-content\/uploads\/sites\/6\/2024\/04\/CP-BPM-2024-THANN-1.pdf\">CP BPM 2024 THANN<\/a> \u00a0 \u00a0 <a class=\"btn pdf\" href=\"https:\/\/www.biennale-photo-mulhouse.com\/2024\/wp-content\/uploads\/sites\/6\/2024\/04\/DP-BPM-2024-THANN-2.pdf\">DP BPM 2024 THANN<\/a><br \/>\n\u00a0<\/p>\n<p>&nbsp;<\/p>\n<hr \/>\n<p><span class=\"title_font\">Contact presse :<\/span><\/p>\n<p>Ma\u00efta St\u00e9b\u00e9<\/p>\n<p><a href=\"mailto:biennale.photo.mulhouse.presse@gmail.com\">biennale.photo.mulhouse.presse@gmail.com<\/a><\/p>\n<p><span class=\"theme_color\"><strong>Visuels disponibles sur demande<\/strong><\/span><\/p>\n","protected":false},"excerpt":{"rendered":"<p>COmmuniqu\u00e9 de presse r\u00e9seau lux #1 BPM x R\u00e9seau LUX #1 COMMUNIQU\u00c9S et dossierS de presse de la BPM 2024 Communiqu\u00e9 de presse BPM 2024 \u00a0\u00a0 DP BPM 2024 PRESS RELEASE 2024 MBP \u00a0 PRESS KIT MBP 2024 Communiqu\u00e9 et dossier de presse de la BPM 2024 \u00e0 Thann CP BPM 2024 THANN \u00a0 \u00a0 [&hellip;]<\/p>\n","protected":false},"author":3,"featured_media":0,"parent":0,"menu_order":0,"comment_status":"closed","ping_status":"closed","template":"","meta":{"footnotes":""},"categories":[5],"class_list":["post-132","page","type-page","status-publish","hentry","category-a-propos"],"acf":{"photo_gallery":{"gallery":[[{"id":194,"title":"4","caption":"Ritual Inhabitual, <i>Oro Verde<\/i>. ","full_image_url":"https:\/\/www.biennale-photo-mulhouse.com\/2024\/wp-content\/uploads\/sites\/6\/2024\/04\/4-scaled.jpg","thumbnail_image_url":"https:\/\/www.biennale-photo-mulhouse.com\/2024\/wp-content\/uploads\/sites\/6\/2024\/04\/4-scaled.jpg","large_srcset":"https:\/\/www.biennale-photo-mulhouse.com\/2024\/wp-content\/uploads\/sites\/6\/2024\/04\/4-scaled.jpg 2560w, https:\/\/www.biennale-photo-mulhouse.com\/2024\/wp-content\/uploads\/sites\/6\/2024\/04\/4-768x613.jpg 768w, https:\/\/www.biennale-photo-mulhouse.com\/2024\/wp-content\/uploads\/sites\/6\/2024\/04\/4-1536x1226.jpg 1536w, https:\/\/www.biennale-photo-mulhouse.com\/2024\/wp-content\/uploads\/sites\/6\/2024\/04\/4-2048x1635.jpg 2048w","medium_srcset":"https:\/\/www.biennale-photo-mulhouse.com\/2024\/wp-content\/uploads\/sites\/6\/2024\/04\/4-scaled.jpg 2560w, https:\/\/www.biennale-photo-mulhouse.com\/2024\/wp-content\/uploads\/sites\/6\/2024\/04\/4-768x613.jpg 768w, https:\/\/www.biennale-photo-mulhouse.com\/2024\/wp-content\/uploads\/sites\/6\/2024\/04\/4-1536x1226.jpg 1536w, https:\/\/www.biennale-photo-mulhouse.com\/2024\/wp-content\/uploads\/sites\/6\/2024\/04\/4-2048x1635.jpg 2048w","media_details":{"width":2560,"height":2044,"sizes":{"medium_large":{"file":"4-768x613.jpg","width":768,"height":613,"mime-type":"image\/jpeg","filesize":183458,"source_url":"https:\/\/www.biennale-photo-mulhouse.com\/2024\/wp-content\/uploads\/sites\/6\/2024\/04\/4-768x613.jpg"},"1536x1536":{"file":"4-1536x1226.jpg","width":1536,"height":1226,"mime-type":"image\/jpeg","filesize":647329,"source_url":"https:\/\/www.biennale-photo-mulhouse.com\/2024\/wp-content\/uploads\/sites\/6\/2024\/04\/4-1536x1226.jpg"},"2048x2048":{"file":"4-2048x1635.jpg","width":2048,"height":1635,"mime-type":"image\/jpeg","filesize":1107234,"source_url":"https:\/\/www.biennale-photo-mulhouse.com\/2024\/wp-content\/uploads\/sites\/6\/2024\/04\/4-2048x1635.jpg"}}},"alt_text":"","url":"","target":""}]]}},"yoast_head":"<!-- This site is optimized with the Yoast SEO plugin v21.9.1 - https:\/\/yoast.com\/wordpress\/plugins\/seo\/ -->\n<title>Espace presse - BPM 2024 - Biennale de la Photographie de Mulhouse 2024<\/title>\n<meta name=\"description\" content=\"Contact presse : biennale.photo.mulhouse.presse@gmail.com\" \/>\n<meta name=\"robots\" content=\"index, follow, max-snippet:-1, max-image-preview:large, max-video-preview:-1\" \/>\n<link rel=\"canonical\" href=\"https:\/\/www.biennale-photo-mulhouse.com\/2024\/espace-presse\/\" \/>\n<meta property=\"og:locale\" content=\"fr_FR\" \/>\n<meta property=\"og:type\" content=\"article\" \/>\n<meta property=\"og:title\" content=\"Espace presse - BPM 2024 - Biennale de la Photographie de Mulhouse 2024\" \/>\n<meta property=\"og:description\" content=\"Contact presse : biennale.photo.mulhouse.presse@gmail.com\" \/>\n<meta property=\"og:url\" content=\"https:\/\/www.biennale-photo-mulhouse.com\/2024\/espace-presse\/\" \/>\n<meta property=\"og:site_name\" content=\"BPM 2024 - Biennale de la Photographie de Mulhouse 2024\" \/>\n<meta property=\"article:publisher\" content=\"https:\/\/www.facebook.com\/BiennaleDeLaPhotographieDeMulhouse\" \/>\n<meta property=\"article:modified_time\" content=\"2024-10-24T09:11:42+00:00\" \/>\n<meta name=\"twitter:card\" content=\"summary_large_image\" \/>\n<meta name=\"twitter:label1\" content=\"Dur\u00e9e de lecture estim\u00e9e\" \/>\n\t<meta name=\"twitter:data1\" content=\"1 minute\" \/>\n<script type=\"application\/ld+json\" class=\"yoast-schema-graph\">{\"@context\":\"https:\/\/schema.org\",\"@graph\":[{\"@type\":\"WebPage\",\"@id\":\"https:\/\/www.biennale-photo-mulhouse.com\/2024\/espace-presse\/\",\"url\":\"https:\/\/www.biennale-photo-mulhouse.com\/2024\/espace-presse\/\",\"name\":\"Espace presse - BPM 2024 - Biennale de la Photographie de Mulhouse 2024\",\"isPartOf\":{\"@id\":\"https:\/\/www.biennale-photo-mulhouse.com\/2024\/#website\"},\"datePublished\":\"2024-04-02T17:21:19+00:00\",\"dateModified\":\"2024-10-24T09:11:42+00:00\",\"description\":\"Contact presse : biennale.photo.mulhouse.presse@gmail.com\",\"breadcrumb\":{\"@id\":\"https:\/\/www.biennale-photo-mulhouse.com\/2024\/espace-presse\/#breadcrumb\"},\"inLanguage\":\"fr-FR\",\"potentialAction\":[{\"@type\":\"ReadAction\",\"target\":[\"https:\/\/www.biennale-photo-mulhouse.com\/2024\/espace-presse\/\"]}]},{\"@type\":\"BreadcrumbList\",\"@id\":\"https:\/\/www.biennale-photo-mulhouse.com\/2024\/espace-presse\/#breadcrumb\",\"itemListElement\":[{\"@type\":\"ListItem\",\"position\":1,\"name\":\"Accueil\",\"item\":\"https:\/\/www.biennale-photo-mulhouse.com\/2024\/\"},{\"@type\":\"ListItem\",\"position\":2,\"name\":\"Espace presse\"}]},{\"@type\":\"WebSite\",\"@id\":\"https:\/\/www.biennale-photo-mulhouse.com\/2024\/#website\",\"url\":\"https:\/\/www.biennale-photo-mulhouse.com\/2024\/\",\"name\":\"Biennale de la Photographie de Mulhouse\",\"description\":\"\",\"potentialAction\":[{\"@type\":\"SearchAction\",\"target\":{\"@type\":\"EntryPoint\",\"urlTemplate\":\"https:\/\/www.biennale-photo-mulhouse.com\/2024\/?s={search_term_string}\"},\"query-input\":\"required name=search_term_string\"}],\"inLanguage\":\"fr-FR\"}]}<\/script>\n<!-- \/ Yoast SEO plugin. -->","yoast_head_json":{"title":"Espace presse - BPM 2024 - Biennale de la Photographie de Mulhouse 2024","description":"Contact presse : biennale.photo.mulhouse.presse@gmail.com","robots":{"index":"index","follow":"follow","max-snippet":"max-snippet:-1","max-image-preview":"max-image-preview:large","max-video-preview":"max-video-preview:-1"},"canonical":"https:\/\/www.biennale-photo-mulhouse.com\/2024\/espace-presse\/","og_locale":"fr_FR","og_type":"article","og_title":"Espace presse - BPM 2024 - Biennale de la Photographie de Mulhouse 2024","og_description":"Contact presse : biennale.photo.mulhouse.presse@gmail.com","og_url":"https:\/\/www.biennale-photo-mulhouse.com\/2024\/espace-presse\/","og_site_name":"BPM 2024 - Biennale de la Photographie de Mulhouse 2024","article_publisher":"https:\/\/www.facebook.com\/BiennaleDeLaPhotographieDeMulhouse","article_modified_time":"2024-10-24T09:11:42+00:00","twitter_card":"summary_large_image","twitter_misc":{"Dur\u00e9e de lecture estim\u00e9e":"1 minute"},"schema":{"@context":"https:\/\/schema.org","@graph":[{"@type":"WebPage","@id":"https:\/\/www.biennale-photo-mulhouse.com\/2024\/espace-presse\/","url":"https:\/\/www.biennale-photo-mulhouse.com\/2024\/espace-presse\/","name":"Espace presse - BPM 2024 - Biennale de la Photographie de Mulhouse 2024","isPartOf":{"@id":"https:\/\/www.biennale-photo-mulhouse.com\/2024\/#website"},"datePublished":"2024-04-02T17:21:19+00:00","dateModified":"2024-10-24T09:11:42+00:00","description":"Contact presse : biennale.photo.mulhouse.presse@gmail.com","breadcrumb":{"@id":"https:\/\/www.biennale-photo-mulhouse.com\/2024\/espace-presse\/#breadcrumb"},"inLanguage":"fr-FR","potentialAction":[{"@type":"ReadAction","target":["https:\/\/www.biennale-photo-mulhouse.com\/2024\/espace-presse\/"]}]},{"@type":"BreadcrumbList","@id":"https:\/\/www.biennale-photo-mulhouse.com\/2024\/espace-presse\/#breadcrumb","itemListElement":[{"@type":"ListItem","position":1,"name":"Accueil","item":"https:\/\/www.biennale-photo-mulhouse.com\/2024\/"},{"@type":"ListItem","position":2,"name":"Espace presse"}]},{"@type":"WebSite","@id":"https:\/\/www.biennale-photo-mulhouse.com\/2024\/#website","url":"https:\/\/www.biennale-photo-mulhouse.com\/2024\/","name":"Biennale de la Photographie de Mulhouse","description":"","potentialAction":[{"@type":"SearchAction","target":{"@type":"EntryPoint","urlTemplate":"https:\/\/www.biennale-photo-mulhouse.com\/2024\/?s={search_term_string}"},"query-input":"required name=search_term_string"}],"inLanguage":"fr-FR"}]}},"_links":{"self":[{"href":"https:\/\/www.biennale-photo-mulhouse.com\/2024\/wp-json\/wp\/v2\/pages\/132","targetHints":{"allow":["GET"]}}],"collection":[{"href":"https:\/\/www.biennale-photo-mulhouse.com\/2024\/wp-json\/wp\/v2\/pages"}],"about":[{"href":"https:\/\/www.biennale-photo-mulhouse.com\/2024\/wp-json\/wp\/v2\/types\/page"}],"author":[{"embeddable":true,"href":"https:\/\/www.biennale-photo-mulhouse.com\/2024\/wp-json\/wp\/v2\/users\/3"}],"replies":[{"embeddable":true,"href":"https:\/\/www.biennale-photo-mulhouse.com\/2024\/wp-json\/wp\/v2\/comments?post=132"}],"version-history":[{"count":34,"href":"https:\/\/www.biennale-photo-mulhouse.com\/2024\/wp-json\/wp\/v2\/pages\/132\/revisions"}],"predecessor-version":[{"id":798,"href":"https:\/\/www.biennale-photo-mulhouse.com\/2024\/wp-json\/wp\/v2\/pages\/132\/revisions\/798"}],"wp:attachment":[{"href":"https:\/\/www.biennale-photo-mulhouse.com\/2024\/wp-json\/wp\/v2\/media?parent=132"}],"wp:term":[{"taxonomy":"category","embeddable":true,"href":"https:\/\/www.biennale-photo-mulhouse.com\/2024\/wp-json\/wp\/v2\/categories?post=132"}],"curies":[{"name":"wp","href":"https:\/\/api.w.org\/{rel}","templated":true}]}}