{"id":130,"date":"2024-06-03T16:00:08","date_gmt":"2024-06-03T14:00:08","guid":{"rendered":"https:\/\/www.biennale-photo-mulhouse.com\/2024\/?page_id=130"},"modified":"2024-08-12T10:21:14","modified_gmt":"2024-08-12T08:21:14","slug":"partenaires","status":"publish","type":"page","link":"https:\/\/www.biennale-photo-mulhouse.com\/2024\/partenaires\/","title":{"rendered":"Partenaires"},"content":{"rendered":"<h1><span class=\"theme_color\">PARTENAIRES DE LA BPM<\/span><\/h1>\n<h2>Financeurs<\/h2>\n<p>\u2022 Ville de Mulhouse<br \/>\n\u2022 DRAC Grand Est<br \/>\n\u2022 R\u00e9gion Grand Est<br \/>\n\u2022 Collectivit\u00e9 Europ\u00e9enne d\u2019Alsace<br \/>\n\u2022 Ville de Thann<br \/>\n\u2022 Commune de Hombourg<\/p>\n<h2>M\u00e9c\u00e8nes<\/h2>\n<p>\u2022 Neuflize OBC<br \/>\n\u2022 Barrisol<br \/>\n\u2022 JCDecaux<br \/>\n\u2022 TetraScreen<\/p>\n<h2>Lieux et structures partenaires \u00e0 Mulhouse<\/h2>\n<p>\u2022 Mus\u00e9e des Beaux-Arts de Mulhouse<br \/>\n\u2022 Mulhouse Art Contemporain<br \/>\n\u2022 Les Biblioth\u00e8ques-M\u00e9diath\u00e8ques de Mulhouse<br \/>\n\u2022 La Filature, Sc\u00e8ne Nationale de Mulhouse<br \/>\n\u2022 La KunsTURM<br \/>\n\u2022 VLTE (Vive La Tour de l\u2019Europe)<br \/>\n\u2022 NOVO<br \/>\n\u2022 le R\u00e9verb\u00e8re<br \/>\n\u2022 Vitarue<br \/>\n\u2022 Librairie 47\u00b0 Nord<\/p>\n<h2>Lieux partenaires \u00e0 Fribourg-en-Brisgau<\/h2>\n<p>\u2022 CCFF<br \/>\n\u2022 DELPHI_space<\/p>\n<h2>Partenaires dans le Grand Est<\/h2>\n<p>\u2022 Cri des lumi\u00e8res<br \/>\n\u2022 la HEAR &#8211; Haute \u00c9cole des Arts du Rhin<br \/>\n\u2022 l\u2019ESAL &#8211; \u00c9cole Sup\u00e9rieure d\u2019Art de Lorraine, Metz et Epinal<br \/>\n\u2022 l\u2019ENSA &#8211; \u00c9cole Nationale Sup\u00e9rieure d\u2019Art de Nancy<br \/>\n\u2022 l\u2019ESAD &#8211; \u00c9cole Sup\u00e9rieure d\u2019Art et Design de Reims<br \/>\n\u2022 Atelier Repaire Culturel<br \/>\n\u2022 Librairie Bisey \u00e0 Thann<br \/>\n\u2022 VLTE (Vive La Tour de l\u2019Europe)<\/p>\n<h2>Nouveaux partenaires 2024<\/h2>\n<p>\u2022 Journ\u00e9es Photographiques de Bienne<br \/>\n\u2022 PEP, Photographic Exploration Project<br \/>\n\u2022 Saison de la Lituanie en France<br \/>\n\u2022 Lithuanian Photographers Association<br \/>\n\u2022 Ville de Montpellier<br \/>\n\u2022 Alt + 1000<br \/>\n\u2022 Malta.biennale.art<\/p>\n<p><strong>La Biennale de la Photographie est membre des r\u00e9seaux Plan d\u2019Est et L U X.<\/strong><\/p>\n<p>&nbsp;<\/p>\n<p><img loading=\"lazy\" decoding=\"async\" class=\"alignnone size-full wp-image-631\" src=\"https:\/\/www.biennale-photo-mulhouse.com\/2024\/wp-content\/uploads\/sites\/6\/2024\/07\/bloc-logo-novo2.jpg\" alt=\"\" width=\"2291\" height=\"579\" srcset=\"https:\/\/www.biennale-photo-mulhouse.com\/2024\/wp-content\/uploads\/sites\/6\/2024\/07\/bloc-logo-novo2.jpg 2291w, https:\/\/www.biennale-photo-mulhouse.com\/2024\/wp-content\/uploads\/sites\/6\/2024\/07\/bloc-logo-novo2-768x194.jpg 768w, https:\/\/www.biennale-photo-mulhouse.com\/2024\/wp-content\/uploads\/sites\/6\/2024\/07\/bloc-logo-novo2-1536x388.jpg 1536w, https:\/\/www.biennale-photo-mulhouse.com\/2024\/wp-content\/uploads\/sites\/6\/2024\/07\/bloc-logo-novo2-2048x518.jpg 2048w\" sizes=\"auto, (max-width: 2291px) 100vw, 2291px\" \/><\/p>\n","protected":false},"excerpt":{"rendered":"<p>PARTENAIRES DE LA BPM Financeurs \u2022 Ville de Mulhouse \u2022 DRAC Grand Est \u2022 R\u00e9gion Grand Est \u2022 Collectivit\u00e9 Europ\u00e9enne d\u2019Alsace \u2022 Ville de Thann \u2022 Commune de Hombourg M\u00e9c\u00e8nes \u2022 Neuflize OBC \u2022 Barrisol \u2022 JCDecaux \u2022 TetraScreen Lieux et structures partenaires \u00e0 Mulhouse \u2022 Mus\u00e9e des Beaux-Arts de Mulhouse \u2022 Mulhouse Art Contemporain [&hellip;]<\/p>\n","protected":false},"author":3,"featured_media":0,"parent":0,"menu_order":0,"comment_status":"closed","ping_status":"closed","template":"","meta":{"footnotes":""},"categories":[1],"class_list":["post-130","page","type-page","status-publish","hentry","category-non-classe"],"acf":{"photo_gallery":{"gallery":[[{"id":384,"title":"# 0253_ OCEAN Transatlantik Seaway _ Karin Jobst","caption":"Karin Jobst, <i>OCEAN Transatlantik Seaway <\/i>, 2012-2024. ","full_image_url":"https:\/\/www.biennale-photo-mulhouse.com\/2024\/wp-content\/uploads\/sites\/6\/2024\/05\/0253_-OCEAN-Transatlantik-Seaway-_-Karin-Jobst.jpg","thumbnail_image_url":"https:\/\/www.biennale-photo-mulhouse.com\/2024\/wp-content\/uploads\/sites\/6\/2024\/05\/0253_-OCEAN-Transatlantik-Seaway-_-Karin-Jobst.jpg","large_srcset":"https:\/\/www.biennale-photo-mulhouse.com\/2024\/wp-content\/uploads\/sites\/6\/2024\/05\/0253_-OCEAN-Transatlantik-Seaway-_-Karin-Jobst.jpg 1772w, https:\/\/www.biennale-photo-mulhouse.com\/2024\/wp-content\/uploads\/sites\/6\/2024\/05\/0253_-OCEAN-Transatlantik-Seaway-_-Karin-Jobst-768x945.jpg 768w, https:\/\/www.biennale-photo-mulhouse.com\/2024\/wp-content\/uploads\/sites\/6\/2024\/05\/0253_-OCEAN-Transatlantik-Seaway-_-Karin-Jobst-1248x1536.jpg 1248w, https:\/\/www.biennale-photo-mulhouse.com\/2024\/wp-content\/uploads\/sites\/6\/2024\/05\/0253_-OCEAN-Transatlantik-Seaway-_-Karin-Jobst-1664x2048.jpg 1664w","medium_srcset":"https:\/\/www.biennale-photo-mulhouse.com\/2024\/wp-content\/uploads\/sites\/6\/2024\/05\/0253_-OCEAN-Transatlantik-Seaway-_-Karin-Jobst.jpg 1772w, https:\/\/www.biennale-photo-mulhouse.com\/2024\/wp-content\/uploads\/sites\/6\/2024\/05\/0253_-OCEAN-Transatlantik-Seaway-_-Karin-Jobst-768x945.jpg 768w, https:\/\/www.biennale-photo-mulhouse.com\/2024\/wp-content\/uploads\/sites\/6\/2024\/05\/0253_-OCEAN-Transatlantik-Seaway-_-Karin-Jobst-1248x1536.jpg 1248w, https:\/\/www.biennale-photo-mulhouse.com\/2024\/wp-content\/uploads\/sites\/6\/2024\/05\/0253_-OCEAN-Transatlantik-Seaway-_-Karin-Jobst-1664x2048.jpg 1664w","media_details":{"width":1772,"height":2181,"sizes":{"medium_large":{"file":"0253_-OCEAN-Transatlantik-Seaway-_-Karin-Jobst-768x945.jpg","width":768,"height":945,"mime-type":"image\/jpeg","filesize":123724,"source_url":"https:\/\/www.biennale-photo-mulhouse.com\/2024\/wp-content\/uploads\/sites\/6\/2024\/05\/0253_-OCEAN-Transatlantik-Seaway-_-Karin-Jobst-768x945.jpg"},"1536x1536":{"file":"0253_-OCEAN-Transatlantik-Seaway-_-Karin-Jobst-1248x1536.jpg","width":1248,"height":1536,"mime-type":"image\/jpeg","filesize":421767,"source_url":"https:\/\/www.biennale-photo-mulhouse.com\/2024\/wp-content\/uploads\/sites\/6\/2024\/05\/0253_-OCEAN-Transatlantik-Seaway-_-Karin-Jobst-1248x1536.jpg"},"2048x2048":{"file":"0253_-OCEAN-Transatlantik-Seaway-_-Karin-Jobst-1664x2048.jpg","width":1664,"height":2048,"mime-type":"image\/jpeg","filesize":802334,"source_url":"https:\/\/www.biennale-photo-mulhouse.com\/2024\/wp-content\/uploads\/sites\/6\/2024\/05\/0253_-OCEAN-Transatlantik-Seaway-_-Karin-Jobst-1664x2048.jpg"}}},"alt_text":"","url":"","target":""}]]}},"yoast_head":"<!-- This site is optimized with the Yoast SEO plugin v21.9.1 - https:\/\/yoast.com\/wordpress\/plugins\/seo\/ -->\n<title>Partenaires - BPM 2024 - Biennale de la Photographie de Mulhouse 2024<\/title>\n<meta name=\"robots\" content=\"index, follow, max-snippet:-1, max-image-preview:large, max-video-preview:-1\" \/>\n<link rel=\"canonical\" href=\"https:\/\/www.biennale-photo-mulhouse.com\/2024\/partenaires\/\" \/>\n<meta property=\"og:locale\" content=\"fr_FR\" \/>\n<meta property=\"og:type\" content=\"article\" \/>\n<meta property=\"og:title\" content=\"Partenaires - BPM 2024 - Biennale de la Photographie de Mulhouse 2024\" \/>\n<meta property=\"og:description\" content=\"PARTENAIRES DE LA BPM Financeurs \u2022 Ville de Mulhouse \u2022 DRAC Grand Est \u2022 R\u00e9gion Grand Est \u2022 Collectivit\u00e9 Europ\u00e9enne d\u2019Alsace \u2022 Ville de Thann \u2022 Commune de Hombourg M\u00e9c\u00e8nes \u2022 Neuflize OBC \u2022 Barrisol \u2022 JCDecaux \u2022 TetraScreen Lieux et structures partenaires \u00e0 Mulhouse \u2022 Mus\u00e9e des Beaux-Arts de Mulhouse \u2022 Mulhouse Art Contemporain [&hellip;]\" \/>\n<meta property=\"og:url\" content=\"https:\/\/www.biennale-photo-mulhouse.com\/2024\/partenaires\/\" \/>\n<meta property=\"og:site_name\" content=\"BPM 2024 - Biennale de la Photographie de Mulhouse 2024\" \/>\n<meta property=\"article:publisher\" content=\"https:\/\/www.facebook.com\/BiennaleDeLaPhotographieDeMulhouse\" \/>\n<meta property=\"article:modified_time\" content=\"2024-08-12T08:21:14+00:00\" \/>\n<meta property=\"og:image\" content=\"https:\/\/www.biennale-photo-mulhouse.com\/2024\/wp-content\/uploads\/sites\/6\/2024\/07\/bloc-logo-novo2.jpg\" \/>\n<meta name=\"twitter:card\" content=\"summary_large_image\" \/>\n<meta name=\"twitter:label1\" content=\"Dur\u00e9e de lecture estim\u00e9e\" \/>\n\t<meta name=\"twitter:data1\" content=\"2 minutes\" \/>\n<script type=\"application\/ld+json\" class=\"yoast-schema-graph\">{\"@context\":\"https:\/\/schema.org\",\"@graph\":[{\"@type\":\"WebPage\",\"@id\":\"https:\/\/www.biennale-photo-mulhouse.com\/2024\/partenaires\/\",\"url\":\"https:\/\/www.biennale-photo-mulhouse.com\/2024\/partenaires\/\",\"name\":\"Partenaires - BPM 2024 - Biennale de la Photographie de Mulhouse 2024\",\"isPartOf\":{\"@id\":\"https:\/\/www.biennale-photo-mulhouse.com\/2024\/#website\"},\"datePublished\":\"2024-06-03T14:00:08+00:00\",\"dateModified\":\"2024-08-12T08:21:14+00:00\",\"breadcrumb\":{\"@id\":\"https:\/\/www.biennale-photo-mulhouse.com\/2024\/partenaires\/#breadcrumb\"},\"inLanguage\":\"fr-FR\",\"potentialAction\":[{\"@type\":\"ReadAction\",\"target\":[\"https:\/\/www.biennale-photo-mulhouse.com\/2024\/partenaires\/\"]}]},{\"@type\":\"BreadcrumbList\",\"@id\":\"https:\/\/www.biennale-photo-mulhouse.com\/2024\/partenaires\/#breadcrumb\",\"itemListElement\":[{\"@type\":\"ListItem\",\"position\":1,\"name\":\"Accueil\",\"item\":\"https:\/\/www.biennale-photo-mulhouse.com\/2024\/\"},{\"@type\":\"ListItem\",\"position\":2,\"name\":\"Partenaires\"}]},{\"@type\":\"WebSite\",\"@id\":\"https:\/\/www.biennale-photo-mulhouse.com\/2024\/#website\",\"url\":\"https:\/\/www.biennale-photo-mulhouse.com\/2024\/\",\"name\":\"Biennale de la Photographie de Mulhouse\",\"description\":\"\",\"potentialAction\":[{\"@type\":\"SearchAction\",\"target\":{\"@type\":\"EntryPoint\",\"urlTemplate\":\"https:\/\/www.biennale-photo-mulhouse.com\/2024\/?s={search_term_string}\"},\"query-input\":\"required name=search_term_string\"}],\"inLanguage\":\"fr-FR\"}]}<\/script>\n<!-- \/ Yoast SEO plugin. -->","yoast_head_json":{"title":"Partenaires - BPM 2024 - Biennale de la Photographie de Mulhouse 2024","robots":{"index":"index","follow":"follow","max-snippet":"max-snippet:-1","max-image-preview":"max-image-preview:large","max-video-preview":"max-video-preview:-1"},"canonical":"https:\/\/www.biennale-photo-mulhouse.com\/2024\/partenaires\/","og_locale":"fr_FR","og_type":"article","og_title":"Partenaires - BPM 2024 - Biennale de la Photographie de Mulhouse 2024","og_description":"PARTENAIRES DE LA BPM Financeurs \u2022 Ville de Mulhouse \u2022 DRAC Grand Est \u2022 R\u00e9gion Grand Est \u2022 Collectivit\u00e9 Europ\u00e9enne d\u2019Alsace \u2022 Ville de Thann \u2022 Commune de Hombourg M\u00e9c\u00e8nes \u2022 Neuflize OBC \u2022 Barrisol \u2022 JCDecaux \u2022 TetraScreen Lieux et structures partenaires \u00e0 Mulhouse \u2022 Mus\u00e9e des Beaux-Arts de Mulhouse \u2022 Mulhouse Art Contemporain [&hellip;]","og_url":"https:\/\/www.biennale-photo-mulhouse.com\/2024\/partenaires\/","og_site_name":"BPM 2024 - Biennale de la Photographie de Mulhouse 2024","article_publisher":"https:\/\/www.facebook.com\/BiennaleDeLaPhotographieDeMulhouse","article_modified_time":"2024-08-12T08:21:14+00:00","og_image":[{"url":"https:\/\/www.biennale-photo-mulhouse.com\/2024\/wp-content\/uploads\/sites\/6\/2024\/07\/bloc-logo-novo2.jpg"}],"twitter_card":"summary_large_image","twitter_misc":{"Dur\u00e9e de lecture estim\u00e9e":"2 minutes"},"schema":{"@context":"https:\/\/schema.org","@graph":[{"@type":"WebPage","@id":"https:\/\/www.biennale-photo-mulhouse.com\/2024\/partenaires\/","url":"https:\/\/www.biennale-photo-mulhouse.com\/2024\/partenaires\/","name":"Partenaires - BPM 2024 - Biennale de la Photographie de Mulhouse 2024","isPartOf":{"@id":"https:\/\/www.biennale-photo-mulhouse.com\/2024\/#website"},"datePublished":"2024-06-03T14:00:08+00:00","dateModified":"2024-08-12T08:21:14+00:00","breadcrumb":{"@id":"https:\/\/www.biennale-photo-mulhouse.com\/2024\/partenaires\/#breadcrumb"},"inLanguage":"fr-FR","potentialAction":[{"@type":"ReadAction","target":["https:\/\/www.biennale-photo-mulhouse.com\/2024\/partenaires\/"]}]},{"@type":"BreadcrumbList","@id":"https:\/\/www.biennale-photo-mulhouse.com\/2024\/partenaires\/#breadcrumb","itemListElement":[{"@type":"ListItem","position":1,"name":"Accueil","item":"https:\/\/www.biennale-photo-mulhouse.com\/2024\/"},{"@type":"ListItem","position":2,"name":"Partenaires"}]},{"@type":"WebSite","@id":"https:\/\/www.biennale-photo-mulhouse.com\/2024\/#website","url":"https:\/\/www.biennale-photo-mulhouse.com\/2024\/","name":"Biennale de la Photographie de Mulhouse","description":"","potentialAction":[{"@type":"SearchAction","target":{"@type":"EntryPoint","urlTemplate":"https:\/\/www.biennale-photo-mulhouse.com\/2024\/?s={search_term_string}"},"query-input":"required name=search_term_string"}],"inLanguage":"fr-FR"}]}},"_links":{"self":[{"href":"https:\/\/www.biennale-photo-mulhouse.com\/2024\/wp-json\/wp\/v2\/pages\/130","targetHints":{"allow":["GET"]}}],"collection":[{"href":"https:\/\/www.biennale-photo-mulhouse.com\/2024\/wp-json\/wp\/v2\/pages"}],"about":[{"href":"https:\/\/www.biennale-photo-mulhouse.com\/2024\/wp-json\/wp\/v2\/types\/page"}],"author":[{"embeddable":true,"href":"https:\/\/www.biennale-photo-mulhouse.com\/2024\/wp-json\/wp\/v2\/users\/3"}],"replies":[{"embeddable":true,"href":"https:\/\/www.biennale-photo-mulhouse.com\/2024\/wp-json\/wp\/v2\/comments?post=130"}],"version-history":[{"count":13,"href":"https:\/\/www.biennale-photo-mulhouse.com\/2024\/wp-json\/wp\/v2\/pages\/130\/revisions"}],"predecessor-version":[{"id":679,"href":"https:\/\/www.biennale-photo-mulhouse.com\/2024\/wp-json\/wp\/v2\/pages\/130\/revisions\/679"}],"wp:attachment":[{"href":"https:\/\/www.biennale-photo-mulhouse.com\/2024\/wp-json\/wp\/v2\/media?parent=130"}],"wp:term":[{"taxonomy":"category","embeddable":true,"href":"https:\/\/www.biennale-photo-mulhouse.com\/2024\/wp-json\/wp\/v2\/categories?post=130"}],"curies":[{"name":"wp","href":"https:\/\/api.w.org\/{rel}","templated":true}]}}