{"id":101,"date":"2024-02-18T11:17:38","date_gmt":"2024-02-18T10:17:38","guid":{"rendered":"https:\/\/www.biennale-photo-mulhouse.com\/2024\/?page_id=101"},"modified":"2024-11-19T13:59:19","modified_gmt":"2024-11-19T12:59:19","slug":"bpm-pep-impossible-worlds-photo-mulhouse","status":"publish","type":"page","link":"https:\/\/www.biennale-photo-mulhouse.com\/2024\/bpm-pep-impossible-worlds-photo-mulhouse\/","title":{"rendered":"BPM x PEP &#8211; (Im)possible Worlds"},"content":{"rendered":"<p><strong><span class=\"small\"> FR\/ENG<br \/>\n<\/span><\/strong><\/p>\n<h1><span class=\"theme_color\"><em>(IM)POSSIBLE WORLDS<br \/>\n<\/em><\/span><\/h1>\n<p><strong>La KunsTURM, Tour de l&rsquo;Europe (14\u00e8me \u00e9tage), Mulhouse<\/strong><\/p>\n<p class=\"cancel_mt\"><span class=\"theme_color\">15 septembre &#8211; 13 octobre<\/span><\/p>\n<p class=\"cancel_mt\"><span class=\"theme_color\">samedi et dimanche : 14h-19h, les autres jours sur rendez-vous<br \/>\n<strong>Visite inaugurale le 15 septembre \u00e0 partir de 11h<\/strong><br \/>\n<\/span><\/p>\n<p>Jury et commissaires\/<span class=\"theme_color\"><em>j<\/em><em>ury and curators<\/em><\/span> : B\u00e9n\u00e9dicte Blondeau, Anne Immel\u00e9, Svenja L\u00fcdemann, Mark L\u00fcdemann<\/p>\n<p>Artistes s\u00e9lectionn\u00e9\u00b7es\/<span class=\"theme_color\"><em>selected artists<\/em><\/span> : Guillaume Amat, Filippo Barbero, Ole Brodersen, Matthew Bruce, Panos Charalampidis and Mary Chairetaki, Odysseas Chloridis,Tamas Cseke, Mauro Curti, Karolina Dudek, Daniel L. Fleitas, Yingying Gao, Uta Genilke, Robin Germany, Yann Haeberlin, Alix Haefner, Vincent Jondeau, Helen Jones, Ina K\u00f6nigs, Cinzia Laliscia, Felix Lampe, Lisa Mazenauer, Kim Llerena, Julien Mauve, Giaime Meloni, Maria Oliveira, Stefano Parrini, Pedro Rodrigues, Paula Pedrosa, Jason Pinckard, Paula Punkstina, Martha Roschmann, Aur\u00e9lie Scouarnec, Fiona Segad\u00e3es Da Silva, Katya Selezneva, Ashutosh Shaktan, Marten Slothouwer, Maximiliano Tineo, Diana Tishchenko, Marinos Tsagkarakis, Armelle Tulunda, Valentin Joseph Valette, Alkistis Voutsara, Polly White<\/p>\n<p>Dans le cadre d&rsquo;un appel \u00e0 participation international lanc\u00e9 avec <a href=\"https:\/\/www.pep.photography\/\" target=\"_blank\" rel=\"noopener\">PEP &#8211; photographic exploration project<\/a>, des artistes ont \u00e9t\u00e9 invit\u00e9\u00b7es \u00e0 partager leur vision de l&rsquo;\u00e8re post-industrielle et des d\u00e9fis auxquels nous devrons faire face, ainsi qu&rsquo;\u00e0 explorer l&rsquo;essence des mondes naturels \u00e0 pr\u00e9server ou \u00e0 r\u00e9inventer. Les photographies d&rsquo;une quarantaine d&rsquo;artistes ont \u00e9t\u00e9 s\u00e9lectionn\u00e9es pour composer cette exposition collective.<\/p>\n<p><span class=\"theme_color\"><em>(Im)possible Worlds<\/em> <\/span>propose une approche po\u00e9tique de notre plan\u00e8te \u00e0 l&rsquo;\u00e8re de l&rsquo;Anthropoc\u00e8ne et explore les diff\u00e9rentes questions qu&rsquo;elle soul\u00e8ve. Quel est l&rsquo;impact de l&rsquo;activit\u00e9 humaine sur l&rsquo;environnement et le climat ? Avons-nous atteint un point de non-retour ou pouvons-nous envisager des alternatives viables pour l&rsquo;avenir ? Quelle est notre relation avec la nature, le cosmos et ses \u00e9l\u00e9ments ? Quel est le r\u00f4le de l&rsquo;humain en tant qu&rsquo;esp\u00e8ce sur cette plan\u00e8te ?<\/p>\n<p><strong>Situ\u00e9e dans l\u2019embl\u00e9matique Tour de l\u2019Europe, la KunsTURM est un nouveau lieu d\u00e9di\u00e9 \u00e0 l\u2019art contemporain.<\/strong><\/p>\n<p><span class=\"theme_color\"><em>Through an international open call with <a href=\"https:\/\/www.pep.photography\/\" target=\"_blank\" rel=\"noopener\">PEP &#8211; photographic exploration project<\/a>, artists were invited to share their visions on our post-industrial era and the challenges that we will have to face, as well as to explore the essence of natural worlds to be preserved or reinvented. Photographs by some forty artists have been selected for this group show.<\/em><\/span><\/p>\n<p><span class=\"theme_color\">(Im)possible Worlds<\/span><em><span class=\"theme_color\"> present a poetic approach to our planet in the age of the Anthropocene and explore the different questions that it raises. What is the impact of human activity on the environment and climate? Have we reached a point of no return, or can we envision viable alternatives for the future? What is our relationship with nature, the cosmos and its elements ? What is the role of humans as a species on this planet? <br \/>\n<\/span><\/em><\/p>\n<p><span class=\"theme_color\"><strong><em>Located in the emblematic Europe Tower, KunsTURM is a new venue dedicated to contemporary art.<\/em><\/strong><\/span><\/p>\n<p>&nbsp;<\/p>\n<p><img loading=\"lazy\" decoding=\"async\" class=\"alignnone size-full wp-image-259\" src=\"https:\/\/www.biennale-photo-mulhouse.com\/2024\/wp-content\/uploads\/sites\/6\/2024\/04\/impossible-worlds.png\" alt=\"\" width=\"863\" height=\"845\" srcset=\"https:\/\/www.biennale-photo-mulhouse.com\/2024\/wp-content\/uploads\/sites\/6\/2024\/04\/impossible-worlds.png 863w, https:\/\/www.biennale-photo-mulhouse.com\/2024\/wp-content\/uploads\/sites\/6\/2024\/04\/impossible-worlds-768x752.png 768w\" sizes=\"auto, (max-width: 863px) 100vw, 863px\" \/><\/p>\n<p class=\"img_caption\">\u00a9 Ina K\u00f6nigs, <em>Undine<\/em><\/p>\n<p><img loading=\"lazy\" decoding=\"async\" class=\"alignnone size-full wp-image-277\" src=\"https:\/\/www.biennale-photo-mulhouse.com\/2024\/wp-content\/uploads\/sites\/6\/2024\/05\/Mauve_10-1.jpg\" alt=\"\" width=\"2000\" height=\"1334\" srcset=\"https:\/\/www.biennale-photo-mulhouse.com\/2024\/wp-content\/uploads\/sites\/6\/2024\/05\/Mauve_10-1.jpg 2000w, https:\/\/www.biennale-photo-mulhouse.com\/2024\/wp-content\/uploads\/sites\/6\/2024\/05\/Mauve_10-1-768x512.jpg 768w, https:\/\/www.biennale-photo-mulhouse.com\/2024\/wp-content\/uploads\/sites\/6\/2024\/05\/Mauve_10-1-1536x1025.jpg 1536w\" sizes=\"auto, (max-width: 2000px) 100vw, 2000px\" \/><\/p>\n<p class=\"img_caption\">Julien Mauve, <em>L&rsquo;\u00eele aux libellules, <\/em>2016-2018.<\/p>\n<p><img loading=\"lazy\" decoding=\"async\" class=\"alignnone size-full wp-image-276\" src=\"https:\/\/www.biennale-photo-mulhouse.com\/2024\/wp-content\/uploads\/sites\/6\/2024\/05\/LisaMazenauer_07.jpg\" alt=\"\" width=\"800\" height=\"571\" srcset=\"https:\/\/www.biennale-photo-mulhouse.com\/2024\/wp-content\/uploads\/sites\/6\/2024\/05\/LisaMazenauer_07.jpg 800w, https:\/\/www.biennale-photo-mulhouse.com\/2024\/wp-content\/uploads\/sites\/6\/2024\/05\/LisaMazenauer_07-768x548.jpg 768w\" sizes=\"auto, (max-width: 800px) 100vw, 800px\" \/><\/p>\n<p class=\"img_caption\">Lisa Mazenauer, <em>Swiss Gold Entropy<\/em>.<\/p>\n<p><img loading=\"lazy\" decoding=\"async\" class=\"alignnone size-full wp-image-278\" src=\"https:\/\/www.biennale-photo-mulhouse.com\/2024\/wp-content\/uploads\/sites\/6\/2024\/05\/Oliveira_09.jpg\" alt=\"\" width=\"2000\" height=\"1500\" srcset=\"https:\/\/www.biennale-photo-mulhouse.com\/2024\/wp-content\/uploads\/sites\/6\/2024\/05\/Oliveira_09.jpg 2000w, https:\/\/www.biennale-photo-mulhouse.com\/2024\/wp-content\/uploads\/sites\/6\/2024\/05\/Oliveira_09-768x576.jpg 768w, https:\/\/www.biennale-photo-mulhouse.com\/2024\/wp-content\/uploads\/sites\/6\/2024\/05\/Oliveira_09-1536x1152.jpg 1536w\" sizes=\"auto, (max-width: 2000px) 100vw, 2000px\" \/><\/p>\n<p class=\"img_caption\">Maria Oliveira, <em>Bone Foam, <\/em>2022 &#8211; en cours.<\/p>\n","protected":false},"excerpt":{"rendered":"<p>FR\/ENG (IM)POSSIBLE WORLDS La KunsTURM, Tour de l&rsquo;Europe (14\u00e8me \u00e9tage), Mulhouse 15 septembre &#8211; 13 octobre samedi et dimanche : 14h-19h, les autres jours sur rendez-vous Visite inaugurale le 15 septembre \u00e0 partir de 11h Jury et commissaires\/jury and curators : B\u00e9n\u00e9dicte Blondeau, Anne Immel\u00e9, Svenja L\u00fcdemann, Mark L\u00fcdemann Artistes s\u00e9lectionn\u00e9\u00b7es\/selected artists : Guillaume Amat, [&hellip;]<\/p>\n","protected":false},"author":3,"featured_media":0,"parent":0,"menu_order":0,"comment_status":"closed","ping_status":"closed","template":"","meta":{"footnotes":""},"categories":[1],"class_list":["post-101","page","type-page","status-publish","hentry","category-non-classe"],"acf":{"photo_gallery":{"gallery":[[{"id":279,"title":"Pinckard_07","caption":"Jason Pinckard, <i>Progeny<\/i>","full_image_url":"https:\/\/www.biennale-photo-mulhouse.com\/2024\/wp-content\/uploads\/sites\/6\/2024\/05\/Pinckard_07.jpg","thumbnail_image_url":"https:\/\/www.biennale-photo-mulhouse.com\/2024\/wp-content\/uploads\/sites\/6\/2024\/05\/Pinckard_07.jpg","large_srcset":"https:\/\/www.biennale-photo-mulhouse.com\/2024\/wp-content\/uploads\/sites\/6\/2024\/05\/Pinckard_07.jpg 1800w, https:\/\/www.biennale-photo-mulhouse.com\/2024\/wp-content\/uploads\/sites\/6\/2024\/05\/Pinckard_07-768x512.jpg 768w, https:\/\/www.biennale-photo-mulhouse.com\/2024\/wp-content\/uploads\/sites\/6\/2024\/05\/Pinckard_07-1536x1024.jpg 1536w","medium_srcset":"https:\/\/www.biennale-photo-mulhouse.com\/2024\/wp-content\/uploads\/sites\/6\/2024\/05\/Pinckard_07.jpg 1800w, https:\/\/www.biennale-photo-mulhouse.com\/2024\/wp-content\/uploads\/sites\/6\/2024\/05\/Pinckard_07-768x512.jpg 768w, https:\/\/www.biennale-photo-mulhouse.com\/2024\/wp-content\/uploads\/sites\/6\/2024\/05\/Pinckard_07-1536x1024.jpg 1536w","media_details":{"width":1800,"height":1200,"sizes":{"medium_large":{"file":"Pinckard_07-768x512.jpg","width":768,"height":512,"mime-type":"image\/jpeg","filesize":98953,"source_url":"https:\/\/www.biennale-photo-mulhouse.com\/2024\/wp-content\/uploads\/sites\/6\/2024\/05\/Pinckard_07-768x512.jpg"},"1536x1536":{"file":"Pinckard_07-1536x1024.jpg","width":1536,"height":1024,"mime-type":"image\/jpeg","filesize":298924,"source_url":"https:\/\/www.biennale-photo-mulhouse.com\/2024\/wp-content\/uploads\/sites\/6\/2024\/05\/Pinckard_07-1536x1024.jpg"}}},"alt_text":"","url":"","target":""}]]}},"yoast_head":"<!-- This site is optimized with the Yoast SEO plugin v21.9.1 - https:\/\/yoast.com\/wordpress\/plugins\/seo\/ -->\n<title>BPM x PEP - (Im)possible Worlds - BPM 2024 - Biennale de la Photographie de Mulhouse 2024<\/title>\n<meta name=\"description\" content=\"Dans le cadre d&#039;un appel \u00e0 participation international, des artistes ont \u00e9t\u00e9 invit\u00e9\u00b7es \u00e0 partager leur vision de l&#039;\u00e8re post-industrielle.\" \/>\n<meta name=\"robots\" content=\"index, follow, max-snippet:-1, max-image-preview:large, max-video-preview:-1\" \/>\n<link rel=\"canonical\" href=\"https:\/\/www.biennale-photo-mulhouse.com\/2024\/bpm-pep-impossible-worlds-photo-mulhouse\/\" \/>\n<meta property=\"og:locale\" content=\"fr_FR\" \/>\n<meta property=\"og:type\" content=\"article\" \/>\n<meta property=\"og:title\" content=\"BPM x PEP - (Im)possible Worlds - BPM 2024 - Biennale de la Photographie de Mulhouse 2024\" \/>\n<meta property=\"og:description\" content=\"Dans le cadre d&#039;un appel \u00e0 participation international, des artistes ont \u00e9t\u00e9 invit\u00e9\u00b7es \u00e0 partager leur vision de l&#039;\u00e8re post-industrielle.\" \/>\n<meta property=\"og:url\" content=\"https:\/\/www.biennale-photo-mulhouse.com\/2024\/bpm-pep-impossible-worlds-photo-mulhouse\/\" \/>\n<meta property=\"og:site_name\" content=\"BPM 2024 - Biennale de la Photographie de Mulhouse 2024\" \/>\n<meta property=\"article:publisher\" content=\"https:\/\/www.facebook.com\/BiennaleDeLaPhotographieDeMulhouse\" \/>\n<meta property=\"article:modified_time\" content=\"2024-11-19T12:59:19+00:00\" \/>\n<meta property=\"og:image\" content=\"https:\/\/www.biennale-photo-mulhouse.com\/2024\/wp-content\/uploads\/sites\/6\/2024\/04\/impossible-worlds.png\" \/>\n<meta name=\"twitter:card\" content=\"summary_large_image\" \/>\n<meta name=\"twitter:label1\" content=\"Dur\u00e9e de lecture estim\u00e9e\" \/>\n\t<meta name=\"twitter:data1\" content=\"4 minutes\" \/>\n<script type=\"application\/ld+json\" class=\"yoast-schema-graph\">{\"@context\":\"https:\/\/schema.org\",\"@graph\":[{\"@type\":\"WebPage\",\"@id\":\"https:\/\/www.biennale-photo-mulhouse.com\/2024\/bpm-pep-impossible-worlds-photo-mulhouse\/\",\"url\":\"https:\/\/www.biennale-photo-mulhouse.com\/2024\/bpm-pep-impossible-worlds-photo-mulhouse\/\",\"name\":\"BPM x PEP - (Im)possible Worlds - BPM 2024 - Biennale de la Photographie de Mulhouse 2024\",\"isPartOf\":{\"@id\":\"https:\/\/www.biennale-photo-mulhouse.com\/2024\/#website\"},\"datePublished\":\"2024-02-18T10:17:38+00:00\",\"dateModified\":\"2024-11-19T12:59:19+00:00\",\"description\":\"Dans le cadre d'un appel \u00e0 participation international, des artistes ont \u00e9t\u00e9 invit\u00e9\u00b7es \u00e0 partager leur vision de l'\u00e8re post-industrielle.\",\"breadcrumb\":{\"@id\":\"https:\/\/www.biennale-photo-mulhouse.com\/2024\/bpm-pep-impossible-worlds-photo-mulhouse\/#breadcrumb\"},\"inLanguage\":\"fr-FR\",\"potentialAction\":[{\"@type\":\"ReadAction\",\"target\":[\"https:\/\/www.biennale-photo-mulhouse.com\/2024\/bpm-pep-impossible-worlds-photo-mulhouse\/\"]}]},{\"@type\":\"BreadcrumbList\",\"@id\":\"https:\/\/www.biennale-photo-mulhouse.com\/2024\/bpm-pep-impossible-worlds-photo-mulhouse\/#breadcrumb\",\"itemListElement\":[{\"@type\":\"ListItem\",\"position\":1,\"name\":\"Accueil\",\"item\":\"https:\/\/www.biennale-photo-mulhouse.com\/2024\/\"},{\"@type\":\"ListItem\",\"position\":2,\"name\":\"BPM x PEP &#8211; (Im)possible Worlds\"}]},{\"@type\":\"WebSite\",\"@id\":\"https:\/\/www.biennale-photo-mulhouse.com\/2024\/#website\",\"url\":\"https:\/\/www.biennale-photo-mulhouse.com\/2024\/\",\"name\":\"Biennale de la Photographie de Mulhouse\",\"description\":\"\",\"potentialAction\":[{\"@type\":\"SearchAction\",\"target\":{\"@type\":\"EntryPoint\",\"urlTemplate\":\"https:\/\/www.biennale-photo-mulhouse.com\/2024\/?s={search_term_string}\"},\"query-input\":\"required name=search_term_string\"}],\"inLanguage\":\"fr-FR\"}]}<\/script>\n<!-- \/ Yoast SEO plugin. -->","yoast_head_json":{"title":"BPM x PEP - (Im)possible Worlds - BPM 2024 - Biennale de la Photographie de Mulhouse 2024","description":"Dans le cadre d'un appel \u00e0 participation international, des artistes ont \u00e9t\u00e9 invit\u00e9\u00b7es \u00e0 partager leur vision de l'\u00e8re post-industrielle.","robots":{"index":"index","follow":"follow","max-snippet":"max-snippet:-1","max-image-preview":"max-image-preview:large","max-video-preview":"max-video-preview:-1"},"canonical":"https:\/\/www.biennale-photo-mulhouse.com\/2024\/bpm-pep-impossible-worlds-photo-mulhouse\/","og_locale":"fr_FR","og_type":"article","og_title":"BPM x PEP - (Im)possible Worlds - BPM 2024 - Biennale de la Photographie de Mulhouse 2024","og_description":"Dans le cadre d'un appel \u00e0 participation international, des artistes ont \u00e9t\u00e9 invit\u00e9\u00b7es \u00e0 partager leur vision de l'\u00e8re post-industrielle.","og_url":"https:\/\/www.biennale-photo-mulhouse.com\/2024\/bpm-pep-impossible-worlds-photo-mulhouse\/","og_site_name":"BPM 2024 - Biennale de la Photographie de Mulhouse 2024","article_publisher":"https:\/\/www.facebook.com\/BiennaleDeLaPhotographieDeMulhouse","article_modified_time":"2024-11-19T12:59:19+00:00","og_image":[{"url":"https:\/\/www.biennale-photo-mulhouse.com\/2024\/wp-content\/uploads\/sites\/6\/2024\/04\/impossible-worlds.png"}],"twitter_card":"summary_large_image","twitter_misc":{"Dur\u00e9e de lecture estim\u00e9e":"4 minutes"},"schema":{"@context":"https:\/\/schema.org","@graph":[{"@type":"WebPage","@id":"https:\/\/www.biennale-photo-mulhouse.com\/2024\/bpm-pep-impossible-worlds-photo-mulhouse\/","url":"https:\/\/www.biennale-photo-mulhouse.com\/2024\/bpm-pep-impossible-worlds-photo-mulhouse\/","name":"BPM x PEP - (Im)possible Worlds - BPM 2024 - Biennale de la Photographie de Mulhouse 2024","isPartOf":{"@id":"https:\/\/www.biennale-photo-mulhouse.com\/2024\/#website"},"datePublished":"2024-02-18T10:17:38+00:00","dateModified":"2024-11-19T12:59:19+00:00","description":"Dans le cadre d'un appel \u00e0 participation international, des artistes ont \u00e9t\u00e9 invit\u00e9\u00b7es \u00e0 partager leur vision de l'\u00e8re post-industrielle.","breadcrumb":{"@id":"https:\/\/www.biennale-photo-mulhouse.com\/2024\/bpm-pep-impossible-worlds-photo-mulhouse\/#breadcrumb"},"inLanguage":"fr-FR","potentialAction":[{"@type":"ReadAction","target":["https:\/\/www.biennale-photo-mulhouse.com\/2024\/bpm-pep-impossible-worlds-photo-mulhouse\/"]}]},{"@type":"BreadcrumbList","@id":"https:\/\/www.biennale-photo-mulhouse.com\/2024\/bpm-pep-impossible-worlds-photo-mulhouse\/#breadcrumb","itemListElement":[{"@type":"ListItem","position":1,"name":"Accueil","item":"https:\/\/www.biennale-photo-mulhouse.com\/2024\/"},{"@type":"ListItem","position":2,"name":"BPM x PEP &#8211; (Im)possible Worlds"}]},{"@type":"WebSite","@id":"https:\/\/www.biennale-photo-mulhouse.com\/2024\/#website","url":"https:\/\/www.biennale-photo-mulhouse.com\/2024\/","name":"Biennale de la Photographie de Mulhouse","description":"","potentialAction":[{"@type":"SearchAction","target":{"@type":"EntryPoint","urlTemplate":"https:\/\/www.biennale-photo-mulhouse.com\/2024\/?s={search_term_string}"},"query-input":"required name=search_term_string"}],"inLanguage":"fr-FR"}]}},"_links":{"self":[{"href":"https:\/\/www.biennale-photo-mulhouse.com\/2024\/wp-json\/wp\/v2\/pages\/101","targetHints":{"allow":["GET"]}}],"collection":[{"href":"https:\/\/www.biennale-photo-mulhouse.com\/2024\/wp-json\/wp\/v2\/pages"}],"about":[{"href":"https:\/\/www.biennale-photo-mulhouse.com\/2024\/wp-json\/wp\/v2\/types\/page"}],"author":[{"embeddable":true,"href":"https:\/\/www.biennale-photo-mulhouse.com\/2024\/wp-json\/wp\/v2\/users\/3"}],"replies":[{"embeddable":true,"href":"https:\/\/www.biennale-photo-mulhouse.com\/2024\/wp-json\/wp\/v2\/comments?post=101"}],"version-history":[{"count":29,"href":"https:\/\/www.biennale-photo-mulhouse.com\/2024\/wp-json\/wp\/v2\/pages\/101\/revisions"}],"predecessor-version":[{"id":737,"href":"https:\/\/www.biennale-photo-mulhouse.com\/2024\/wp-json\/wp\/v2\/pages\/101\/revisions\/737"}],"wp:attachment":[{"href":"https:\/\/www.biennale-photo-mulhouse.com\/2024\/wp-json\/wp\/v2\/media?parent=101"}],"wp:term":[{"taxonomy":"category","embeddable":true,"href":"https:\/\/www.biennale-photo-mulhouse.com\/2024\/wp-json\/wp\/v2\/categories?post=101"}],"curies":[{"name":"wp","href":"https:\/\/api.w.org\/{rel}","templated":true}]}}